{"id":70570,"date":"2019-11-04T16:50:01","date_gmt":"2019-11-04T14:50:01","guid":{"rendered":"https:\/\/www.pelastusopisto.fi\/koulutuskalenteri\/"},"modified":"2024-04-04T15:54:37","modified_gmt":"2024-04-04T12:54:37","slug":"utbildningskalender","status":"publish","type":"page","link":"https:\/\/www.pelastusopisto.fi\/sv\/utbildningskalender\/","title":{"rendered":"Kurs- och utbildningskalender"},"content":{"rendered":"\n<section id=\"gmcaf9b99\" class=\"wp-block-gutentor-m3 alignfull section-gmcaf9b99 gutentor-module gutentor-container-cover has-image-bg has-custom-bg g-valign-b-mobile g-valign-b-tablet g-valign-b-desktop inner-banner-section paakuva\"><div class=\"grid-container gutentor-rm-ct-space-d gutentor-rm-ct-space-t gutentor-rm-ct-space\">\n<section id=\"gma7543b3\" class=\"wp-block-gutentor-m4 alignfull section-gma7543b3 gutentor-module gutentor-advanced-columns has-color-bg has-custom-bg headercolumn\"><div class=\"grid-container\"><div class=\"grid-row\">\n<div id=\"col-gmc620b4\" class=\"wp-block-gutentor-m4-col col-gmc620b4 gutentor-single-column  grid-lg-12 grid-md-12 grid-12\"><div id=\"section-gmc620b4\" class=\"section-gmc620b4 gutentor-col-wrap\">\n<div id=\"section-g5df06b\" class=\"wp-block-gutentor-e1 section-g5df06b gutentor-element gutentor-element-advanced-text gutentor-adv-text-enabled-width header\"><div class=\"gutentor-text-wrap\"><h1 class=\"gutentor-text\"><strong>Kurs- och utbildningskalender<\/strong><\/h1><\/div><\/div>\n<\/div><\/div>\n<\/div><\/div><\/section>\n<\/div><\/section>\n\n\n\n<p><\/p>\n\n\n\n<section id=\"gm6c407eb\" class=\"wp-block-gutentor-m3 alignfull section-gm6c407eb gutentor-module gutentor-container-cover murut-ja-teksti\"><div class=\"grid-container gutentor-rm-ct-space-d gutentor-rm-ct-space-t gutentor-rm-ct-space\">\n<section id=\"gmcf616ea\" class=\"wp-block-gutentor-m4 section-gmcf616ea gutentor-module gutentor-advanced-columns\"><div class=\"grid-container\"><div class=\"grid-row\">\n<div id=\"col-gm7bf26f\" class=\"wp-block-gutentor-m4-col col-gm7bf26f gutentor-single-column  grid-lg-12 grid-md-12 grid-12\"><div id=\"section-gm7bf26f\" class=\"section-gm7bf26f gutentor-col-wrap\">\n<section id=\"g3fd0b9\" class=\"wp-block-gutentor-m9 section-g3fd0b9 gutentor-module gutentor-module-form-wrapper\"><div class=\"grid-container gutentor-rm-ct-space-d gutentor-rm-ct-space-t gutentor-rm-ct-space\">\n<div class=\"breadcrumb_section\"><ul id=\"breadcrumbs\" class=\"breadcrumbs\"><li class=\"item-home\"><a class=\"bread-link bread-home\" href=\"https:\/\/www.pelastusopisto.fi\/sv\/\"\n                title=\"Framsida\">Framsida<\/a><\/li><li class=\"separator separator-home\">  <\/li><\/ul><\/div>\n<\/div><\/section>\n\n\n\n<div id=\"section-gd455e9\" class=\"wp-block-gutentor-e0 section-gd455e9 gutentor-element gutentor-element-advanced-text\"><div class=\"gutentor-text-wrap\"><p class=\"gutentor-text\">R\u00e4ddningsinsitutet erbjuder m\u00e5ngsidiga kurser och fortbildningar inom olika \u00e4mnesomr\u00e5den.<br>Bekanta dig med v\u00e5rt kursutbud genom att v\u00e4lja \u00e4mnesomr\u00e5de.<\/p><\/div><\/div>\n<\/div><\/div>\n<\/div><\/div><\/section>\n<\/div><\/section>\n\n\n<b>T\u00e4h\u00e4n tulostuu kurssikalenteri<\/b><div id=\"kalenteri_otsikko\" style=\"display:none\"><\/div><div id=\"kalenteri_tyyppi\" style=\"display:none\">0<\/div><div id=\"kalenteri_taso\" style=\"display:none\">1<\/div><div id=\"kalenteri_luokka\" style=\"display:none\"><\/div><div id=\"kalenteri_piilota_vanhat\" style=\"display:none\">0<\/div><div id=\"kalenteri_oppaat\" style=\"display:none\">kaikki<\/div><div id=\"kalenteri_jarjestys\" style=\"display:none\">nimi<\/div><div class=\"lds-ring\"><div><\/div><div><\/div><div><\/div><div><\/div><\/div><div id=\"kurssikalenteri-kurssilistaus-ajax-main\"><\/div>\n\n\n<p><\/p>\n","protected":false},"excerpt":{"rendered":"","protected":false},"author":1,"featured_media":28309,"parent":0,"menu_order":0,"comment_status":"closed","ping_status":"closed","template":"","meta":{"_acf_changed":false,"_genesis_hide_title":false,"_genesis_hide_breadcrumbs":false,"_genesis_hide_singular_image":false,"_genesis_hide_footer_widgets":false,"_genesis_custom_body_class":"","_genesis_custom_post_class":"","_genesis_layout":"","footnotes":""},"class_list":{"0":"post-70570","1":"page","2":"type-page","3":"status-publish","4":"has-post-thumbnail","6":"entry"},"acf":[],"yoast_head":"<!-- This site is optimized with the Yoast SEO plugin v27.4 - https:\/\/yoast.com\/product\/yoast-seo-wordpress\/ -->\n<title>Kurs- och utbildningskalender - Pelastusopisto<\/title>\n<meta name=\"description\" content=\"R\u00e4ddningsinsitutet erbjuder m\u00e5ngsidiga kurser och fortbildningar inom olika \u00e4mnesomr\u00e5den. Bekanta dig med v\u00e5rt kursutbud genom att v\u00e4lja \u00e4mnesomr\u00e5de.\" \/>\n<meta name=\"robots\" content=\"index, follow, max-snippet:-1, max-image-preview:large, max-video-preview:-1\" \/>\n<link rel=\"canonical\" href=\"https:\/\/www.pelastusopisto.fi\/sv\/utbildningskalender\/\" \/>\n<meta property=\"og:locale\" content=\"sv_SE\" \/>\n<meta property=\"og:type\" content=\"article\" \/>\n<meta property=\"og:title\" content=\"Kurs- och utbildningskalender - Pelastusopisto\" \/>\n<meta property=\"og:description\" content=\"R\u00e4ddningsinsitutet erbjuder m\u00e5ngsidiga kurser och fortbildningar inom olika \u00e4mnesomr\u00e5den. Bekanta dig med v\u00e5rt kursutbud genom att v\u00e4lja \u00e4mnesomr\u00e5de.\" \/>\n<meta property=\"og:url\" content=\"https:\/\/www.pelastusopisto.fi\/sv\/utbildningskalender\/\" \/>\n<meta property=\"og:site_name\" content=\"Pelastusopisto\" \/>\n<meta property=\"article:publisher\" content=\"https:\/\/www.facebook.com\/Pelastusopisto\/\" \/>\n<meta property=\"article:modified_time\" content=\"2024-04-04T12:54:37+00:00\" \/>\n<meta property=\"og:image\" content=\"https:\/\/www.pelastusopisto.fi\/wp-content\/uploads\/Kurssitarjonta_etusivu-1.jpg\" \/>\n\t<meta property=\"og:image:width\" content=\"1641\" \/>\n\t<meta property=\"og:image:height\" content=\"201\" \/>\n\t<meta property=\"og:image:type\" content=\"image\/jpeg\" \/>\n<meta name=\"twitter:card\" content=\"summary_large_image\" \/>\n<meta name=\"twitter:site\" content=\"@Pelastusopisto\" \/>\n<meta name=\"twitter:label1\" content=\"Ber\u00e4knad l\u00e4stid\" \/>\n\t<meta name=\"twitter:data1\" content=\"1 minut\" \/>\n<script type=\"application\/ld+json\" class=\"yoast-schema-graph\">{\"@context\":\"https:\\\/\\\/schema.org\",\"@graph\":[{\"@type\":\"WebPage\",\"@id\":\"https:\\\/\\\/www.pelastusopisto.fi\\\/sv\\\/utbildningskalender\\\/\",\"url\":\"https:\\\/\\\/www.pelastusopisto.fi\\\/sv\\\/utbildningskalender\\\/\",\"name\":\"Kurs- och utbildningskalender - Pelastusopisto\",\"isPartOf\":{\"@id\":\"https:\\\/\\\/www.pelastusopisto.fi\\\/sv\\\/#website\"},\"primaryImageOfPage\":{\"@id\":\"https:\\\/\\\/www.pelastusopisto.fi\\\/sv\\\/utbildningskalender\\\/#primaryimage\"},\"image\":{\"@id\":\"https:\\\/\\\/www.pelastusopisto.fi\\\/sv\\\/utbildningskalender\\\/#primaryimage\"},\"thumbnailUrl\":\"https:\\\/\\\/www.pelastusopisto.fi\\\/wp-content\\\/uploads\\\/Kurssitarjonta_etusivu-1.jpg\",\"datePublished\":\"2019-11-04T14:50:01+00:00\",\"dateModified\":\"2024-04-04T12:54:37+00:00\",\"description\":\"R\u00e4ddningsinsitutet erbjuder m\u00e5ngsidiga kurser och fortbildningar inom olika \u00e4mnesomr\u00e5den. Bekanta dig med v\u00e5rt kursutbud genom att v\u00e4lja \u00e4mnesomr\u00e5de.\",\"breadcrumb\":{\"@id\":\"https:\\\/\\\/www.pelastusopisto.fi\\\/sv\\\/utbildningskalender\\\/#breadcrumb\"},\"inLanguage\":\"sv-SE\",\"potentialAction\":[{\"@type\":\"ReadAction\",\"target\":[\"https:\\\/\\\/www.pelastusopisto.fi\\\/sv\\\/utbildningskalender\\\/\"]}]},{\"@type\":\"ImageObject\",\"inLanguage\":\"sv-SE\",\"@id\":\"https:\\\/\\\/www.pelastusopisto.fi\\\/sv\\\/utbildningskalender\\\/#primaryimage\",\"url\":\"https:\\\/\\\/www.pelastusopisto.fi\\\/wp-content\\\/uploads\\\/Kurssitarjonta_etusivu-1.jpg\",\"contentUrl\":\"https:\\\/\\\/www.pelastusopisto.fi\\\/wp-content\\\/uploads\\\/Kurssitarjonta_etusivu-1.jpg\",\"width\":1641,\"height\":201},{\"@type\":\"BreadcrumbList\",\"@id\":\"https:\\\/\\\/www.pelastusopisto.fi\\\/sv\\\/utbildningskalender\\\/#breadcrumb\",\"itemListElement\":[{\"@type\":\"ListItem\",\"position\":1,\"name\":\"Home\",\"item\":\"https:\\\/\\\/www.pelastusopisto.fi\\\/sv\\\/\"},{\"@type\":\"ListItem\",\"position\":2,\"name\":\"Kurs- och utbildningskalender\"}]},{\"@type\":\"WebSite\",\"@id\":\"https:\\\/\\\/www.pelastusopisto.fi\\\/sv\\\/#website\",\"url\":\"https:\\\/\\\/www.pelastusopisto.fi\\\/sv\\\/\",\"name\":\"Pelastusopisto\",\"description\":\"\",\"publisher\":{\"@id\":\"https:\\\/\\\/www.pelastusopisto.fi\\\/sv\\\/#organization\"},\"potentialAction\":[{\"@type\":\"SearchAction\",\"target\":{\"@type\":\"EntryPoint\",\"urlTemplate\":\"https:\\\/\\\/www.pelastusopisto.fi\\\/sv\\\/?s={search_term_string}\"},\"query-input\":{\"@type\":\"PropertyValueSpecification\",\"valueRequired\":true,\"valueName\":\"search_term_string\"}}],\"inLanguage\":\"sv-SE\"},{\"@type\":\"Organization\",\"@id\":\"https:\\\/\\\/www.pelastusopisto.fi\\\/sv\\\/#organization\",\"name\":\"Pelastusopisto\",\"url\":\"https:\\\/\\\/www.pelastusopisto.fi\\\/sv\\\/\",\"logo\":{\"@type\":\"ImageObject\",\"inLanguage\":\"sv-SE\",\"@id\":\"https:\\\/\\\/www.pelastusopisto.fi\\\/sv\\\/#\\\/schema\\\/logo\\\/image\\\/\",\"url\":\"https:\\\/\\\/www.pelastusopisto.fi\\\/wp-content\\\/uploads\\\/pelastusopisto-logo-net.png\",\"contentUrl\":\"https:\\\/\\\/www.pelastusopisto.fi\\\/wp-content\\\/uploads\\\/pelastusopisto-logo-net.png\",\"width\":387,\"height\":71,\"caption\":\"Pelastusopisto\"},\"image\":{\"@id\":\"https:\\\/\\\/www.pelastusopisto.fi\\\/sv\\\/#\\\/schema\\\/logo\\\/image\\\/\"},\"sameAs\":[\"https:\\\/\\\/www.facebook.com\\\/Pelastusopisto\\\/\",\"https:\\\/\\\/x.com\\\/Pelastusopisto\",\"https:\\\/\\\/www.instagram.com\\\/pelastusopisto\\\/\",\"https:\\\/\\\/fi.linkedin.com\\\/school\\\/pelastusopisto\\\/\",\"https:\\\/\\\/www.youtube.com\\\/channel\\\/UCQjXYneFsnDYnJtZBfr9Ajg\"]}]}<\/script>\n<!-- \/ Yoast SEO plugin. -->","yoast_head_json":{"title":"Kurs- och utbildningskalender - Pelastusopisto","description":"R\u00e4ddningsinsitutet erbjuder m\u00e5ngsidiga kurser och fortbildningar inom olika \u00e4mnesomr\u00e5den. Bekanta dig med v\u00e5rt kursutbud genom att v\u00e4lja \u00e4mnesomr\u00e5de.","robots":{"index":"index","follow":"follow","max-snippet":"max-snippet:-1","max-image-preview":"max-image-preview:large","max-video-preview":"max-video-preview:-1"},"canonical":"https:\/\/www.pelastusopisto.fi\/sv\/utbildningskalender\/","og_locale":"sv_SE","og_type":"article","og_title":"Kurs- och utbildningskalender - Pelastusopisto","og_description":"R\u00e4ddningsinsitutet erbjuder m\u00e5ngsidiga kurser och fortbildningar inom olika \u00e4mnesomr\u00e5den. Bekanta dig med v\u00e5rt kursutbud genom att v\u00e4lja \u00e4mnesomr\u00e5de.","og_url":"https:\/\/www.pelastusopisto.fi\/sv\/utbildningskalender\/","og_site_name":"Pelastusopisto","article_publisher":"https:\/\/www.facebook.com\/Pelastusopisto\/","article_modified_time":"2024-04-04T12:54:37+00:00","og_image":[{"width":1641,"height":201,"url":"https:\/\/www.pelastusopisto.fi\/wp-content\/uploads\/Kurssitarjonta_etusivu-1.jpg","type":"image\/jpeg"}],"twitter_card":"summary_large_image","twitter_site":"@Pelastusopisto","twitter_misc":{"Ber\u00e4knad l\u00e4stid":"1 minut"},"schema":{"@context":"https:\/\/schema.org","@graph":[{"@type":"WebPage","@id":"https:\/\/www.pelastusopisto.fi\/sv\/utbildningskalender\/","url":"https:\/\/www.pelastusopisto.fi\/sv\/utbildningskalender\/","name":"Kurs- och utbildningskalender - Pelastusopisto","isPartOf":{"@id":"https:\/\/www.pelastusopisto.fi\/sv\/#website"},"primaryImageOfPage":{"@id":"https:\/\/www.pelastusopisto.fi\/sv\/utbildningskalender\/#primaryimage"},"image":{"@id":"https:\/\/www.pelastusopisto.fi\/sv\/utbildningskalender\/#primaryimage"},"thumbnailUrl":"https:\/\/www.pelastusopisto.fi\/wp-content\/uploads\/Kurssitarjonta_etusivu-1.jpg","datePublished":"2019-11-04T14:50:01+00:00","dateModified":"2024-04-04T12:54:37+00:00","description":"R\u00e4ddningsinsitutet erbjuder m\u00e5ngsidiga kurser och fortbildningar inom olika \u00e4mnesomr\u00e5den. Bekanta dig med v\u00e5rt kursutbud genom att v\u00e4lja \u00e4mnesomr\u00e5de.","breadcrumb":{"@id":"https:\/\/www.pelastusopisto.fi\/sv\/utbildningskalender\/#breadcrumb"},"inLanguage":"sv-SE","potentialAction":[{"@type":"ReadAction","target":["https:\/\/www.pelastusopisto.fi\/sv\/utbildningskalender\/"]}]},{"@type":"ImageObject","inLanguage":"sv-SE","@id":"https:\/\/www.pelastusopisto.fi\/sv\/utbildningskalender\/#primaryimage","url":"https:\/\/www.pelastusopisto.fi\/wp-content\/uploads\/Kurssitarjonta_etusivu-1.jpg","contentUrl":"https:\/\/www.pelastusopisto.fi\/wp-content\/uploads\/Kurssitarjonta_etusivu-1.jpg","width":1641,"height":201},{"@type":"BreadcrumbList","@id":"https:\/\/www.pelastusopisto.fi\/sv\/utbildningskalender\/#breadcrumb","itemListElement":[{"@type":"ListItem","position":1,"name":"Home","item":"https:\/\/www.pelastusopisto.fi\/sv\/"},{"@type":"ListItem","position":2,"name":"Kurs- och utbildningskalender"}]},{"@type":"WebSite","@id":"https:\/\/www.pelastusopisto.fi\/sv\/#website","url":"https:\/\/www.pelastusopisto.fi\/sv\/","name":"Pelastusopisto","description":"","publisher":{"@id":"https:\/\/www.pelastusopisto.fi\/sv\/#organization"},"potentialAction":[{"@type":"SearchAction","target":{"@type":"EntryPoint","urlTemplate":"https:\/\/www.pelastusopisto.fi\/sv\/?s={search_term_string}"},"query-input":{"@type":"PropertyValueSpecification","valueRequired":true,"valueName":"search_term_string"}}],"inLanguage":"sv-SE"},{"@type":"Organization","@id":"https:\/\/www.pelastusopisto.fi\/sv\/#organization","name":"Pelastusopisto","url":"https:\/\/www.pelastusopisto.fi\/sv\/","logo":{"@type":"ImageObject","inLanguage":"sv-SE","@id":"https:\/\/www.pelastusopisto.fi\/sv\/#\/schema\/logo\/image\/","url":"https:\/\/www.pelastusopisto.fi\/wp-content\/uploads\/pelastusopisto-logo-net.png","contentUrl":"https:\/\/www.pelastusopisto.fi\/wp-content\/uploads\/pelastusopisto-logo-net.png","width":387,"height":71,"caption":"Pelastusopisto"},"image":{"@id":"https:\/\/www.pelastusopisto.fi\/sv\/#\/schema\/logo\/image\/"},"sameAs":["https:\/\/www.facebook.com\/Pelastusopisto\/","https:\/\/x.com\/Pelastusopisto","https:\/\/www.instagram.com\/pelastusopisto\/","https:\/\/fi.linkedin.com\/school\/pelastusopisto\/","https:\/\/www.youtube.com\/channel\/UCQjXYneFsnDYnJtZBfr9Ajg"]}]}},"featured_image_src":"https:\/\/www.pelastusopisto.fi\/wp-content\/uploads\/Kurssitarjonta_etusivu-1-600x201.jpg","featured_image_src_square":"https:\/\/www.pelastusopisto.fi\/wp-content\/uploads\/Kurssitarjonta_etusivu-1-600x201.jpg","_links":{"self":[{"href":"https:\/\/www.pelastusopisto.fi\/sv\/wp-json\/wp\/v2\/pages\/70570","targetHints":{"allow":["GET"]}}],"collection":[{"href":"https:\/\/www.pelastusopisto.fi\/sv\/wp-json\/wp\/v2\/pages"}],"about":[{"href":"https:\/\/www.pelastusopisto.fi\/sv\/wp-json\/wp\/v2\/types\/page"}],"author":[{"embeddable":true,"href":"https:\/\/www.pelastusopisto.fi\/sv\/wp-json\/wp\/v2\/users\/1"}],"replies":[{"embeddable":true,"href":"https:\/\/www.pelastusopisto.fi\/sv\/wp-json\/wp\/v2\/comments?post=70570"}],"version-history":[{"count":3,"href":"https:\/\/www.pelastusopisto.fi\/sv\/wp-json\/wp\/v2\/pages\/70570\/revisions"}],"predecessor-version":[{"id":70578,"href":"https:\/\/www.pelastusopisto.fi\/sv\/wp-json\/wp\/v2\/pages\/70570\/revisions\/70578"}],"wp:featuredmedia":[{"embeddable":true,"href":"https:\/\/www.pelastusopisto.fi\/sv\/wp-json\/wp\/v2\/media\/28309"}],"wp:attachment":[{"href":"https:\/\/www.pelastusopisto.fi\/sv\/wp-json\/wp\/v2\/media?parent=70570"}],"curies":[{"name":"wp","href":"https:\/\/api.w.org\/{rel}","templated":true}]}}