{"id":66361,"date":"2020-09-23T16:19:56","date_gmt":"2020-09-23T13:19:56","guid":{"rendered":"https:\/\/www.pelastusopisto.fi\/saavutettavuus\/"},"modified":"2025-10-30T12:14:58","modified_gmt":"2025-10-30T10:14:58","slug":"tillganglighetsutlatande","status":"publish","type":"page","link":"https:\/\/www.pelastusopisto.fi\/sv\/tillganglighetsutlatande\/","title":{"rendered":"Tillg\u00e4nglighetsutl\u00e5tande"},"content":{"rendered":"\n<section id=\"gm008977e\" class=\"wp-block-gutentor-m3 alignfull section-gm008977e gutentor-module gutentor-container-cover has-image-bg has-custom-bg g-valign-b-mobile g-valign-b-tablet g-valign-b-desktop inner-banner-section paakuva\"><div class=\"grid-container gutentor-rm-ct-space-d gutentor-rm-ct-space-t gutentor-rm-ct-space\">\n<section id=\"gma4f457c\" class=\"wp-block-gutentor-m4 alignfull section-gma4f457c gutentor-module gutentor-advanced-columns has-color-bg has-custom-bg headercolumn\"><div class=\"grid-container\"><div class=\"grid-row\">\n<div id=\"col-gme3a6d9\" class=\"wp-block-gutentor-m4-col col-gme3a6d9 gutentor-single-column  grid-lg-12 grid-md-12 grid-12\"><div id=\"section-gme3a6d9\" class=\"section-gme3a6d9 gutentor-col-wrap\">\n<div id=\"section-gb5b481\" class=\"wp-block-gutentor-e1 section-gb5b481 gutentor-element gutentor-element-advanced-text gutentor-adv-text-enabled-width header\"><div class=\"gutentor-text-wrap\"><h1 class=\"gutentor-text\">Tillg\u00e4nglighetsutl\u00e5tande<\/h1><\/div><\/div>\n<\/div><\/div>\n<\/div><\/div><\/section>\n<\/div><\/section>\n\n\n\n<section id=\"gma2d1d6b\" class=\"wp-block-gutentor-m3 alignfull section-gma2d1d6b gutentor-module gutentor-container-cover murut-ja-teksti\"><div class=\"grid-container gutentor-rm-ct-space-d gutentor-rm-ct-space-t gutentor-rm-ct-space\">\n<section id=\"gm55736ed\" class=\"wp-block-gutentor-m4 section-gm55736ed gutentor-module gutentor-advanced-columns\"><div class=\"grid-container\"><div class=\"grid-row\">\n<div id=\"col-gmc3bdc9\" class=\"wp-block-gutentor-m4-col col-gmc3bdc9 gutentor-single-column  grid-lg-12 grid-md-12 grid-12\"><div id=\"section-gmc3bdc9\" class=\"section-gmc3bdc9 gutentor-col-wrap\">\n<section id=\"g1a6d45\" class=\"wp-block-gutentor-m9 section-g1a6d45 gutentor-module gutentor-module-form-wrapper\"><div class=\"grid-container gutentor-rm-ct-space-d gutentor-rm-ct-space-t gutentor-rm-ct-space\">\n<div class=\"breadcrumb_section\"><ul id=\"breadcrumbs\" class=\"breadcrumbs\"><li class=\"item-home\"><a class=\"bread-link bread-home\" href=\"https:\/\/www.pelastusopisto.fi\/sv\/\"\n                title=\"Framsida\">Framsida<\/a><\/li><li class=\"separator separator-home\">  <\/li><\/ul><\/div>\n<\/div><\/section>\n<\/div><\/div>\n<\/div><\/div><\/section>\n<\/div><\/section>\n\n\n\n<section id=\"gme439ebb\" class=\"wp-block-gutentor-m3 alignfull section-gme439ebb gutentor-module gutentor-container-cover has-color-bg has-custom-bg teksti-valkea\"><div class=\"grid-container\">\n<section id=\"gm2741029\" class=\"wp-block-gutentor-m4 section-gm2741029 gutentor-module gutentor-advanced-columns\"><div class=\"grid-container\"><div class=\"grid-row\">\n<div id=\"col-gmec5024\" class=\"wp-block-gutentor-m4-col col-gmec5024 gutentor-single-column  grid-lg-12 grid-md-12 grid-12\"><div id=\"section-gmec5024\" class=\"section-gmec5024 gutentor-col-wrap\">\n<div id=\"section-g8bf2b2\" class=\"wp-block-gutentor-e1 section-g8bf2b2 gutentor-element gutentor-element-advanced-text\"><div class=\"gutentor-text-wrap\"><h2 class=\"gutentor-text\">Tillg\u00e4nglighetsutl\u00e5tande, www.pelastusopisto.fi<\/h2><\/div><\/div>\n\n\n\n<div id=\"section-g63f5e9\" class=\"wp-block-gutentor-e0 section-g63f5e9 gutentor-element gutentor-element-advanced-text\"><div class=\"gutentor-text-wrap\"><p class=\"gutentor-text\">Detta tillg\u00e4nglighetsutl\u00e5tande g\u00e4ller webbplatsen pelastusopisto.fi. Utl\u00e5tandet har uppr\u00e4ttats den 15.01.2021 och uppdaterats den 29.10.2025. Tj\u00e4nsten omfattas av lagen om tillhandah\u00e5llande av digitala tj\u00e4nster. <br><br>Tillg\u00e4ngligheten p\u00e5 webbplatsen har utv\u00e4rderats av R\u00e4ddningsinstitutet utan extern granskning. En tillg\u00e4nglighetsrevision av delar av webbplatsen genomf\u00f6rdes av en extern leverant\u00f6r 4\/2024. De senaste tillg\u00e4nglighetskontrollerna har genomf\u00f6rts i oktober 2025.<\/p><\/div><\/div>\n<\/div><\/div>\n<\/div><\/div><\/section>\n<\/div><\/section>\n\n\n\n<section id=\"gma5de86b\" class=\"wp-block-gutentor-m3 alignfull section-gma5de86b gutentor-module gutentor-container-cover has-color-bg has-custom-bg teksti-valkea\"><div class=\"grid-container\">\n<section id=\"gm238ef39\" class=\"wp-block-gutentor-m4 section-gm238ef39 gutentor-module gutentor-advanced-columns\"><div class=\"grid-container\"><div class=\"grid-row\">\n<div id=\"col-gm0b7d11\" class=\"wp-block-gutentor-m4-col col-gm0b7d11 gutentor-single-column  grid-lg-12 grid-md-12 grid-12\"><div id=\"section-gm0b7d11\" class=\"section-gm0b7d11 gutentor-col-wrap\">\n<div id=\"section-g5422ec\" class=\"wp-block-gutentor-e1 section-g5422ec gutentor-element gutentor-element-advanced-text\"><div class=\"gutentor-text-wrap\"><h2 class=\"gutentor-text\">Den digitala tj\u00e4nstens tillg\u00e4nglighet<\/h2><\/div><\/div>\n\n\n\n<div id=\"section-g962f48\" class=\"wp-block-gutentor-e0 section-g962f48 gutentor-element gutentor-element-advanced-text\"><div class=\"gutentor-text-wrap\"><p class=\"gutentor-text\">Webbplatsen uppfyller delvis tillg\u00e4nglighetskraven. Nedan listas de brister som har observerats. Bristerna beror p\u00e5 oproportionell b\u00f6rda.<\/p><\/div><\/div>\n<\/div><\/div>\n<\/div><\/div><\/section>\n<\/div><\/section>\n\n\n\n<section id=\"gm1f98270\" class=\"wp-block-gutentor-m3 alignfull section-gm1f98270 gutentor-module gutentor-container-cover has-color-bg has-custom-bg teksti-valkea\"><div class=\"grid-container\">\n<section id=\"gme05c62d\" class=\"wp-block-gutentor-m4 section-gme05c62d gutentor-module gutentor-advanced-columns\"><div class=\"grid-container\"><div class=\"grid-row\">\n<div id=\"col-gm9a2e84\" class=\"wp-block-gutentor-m4-col col-gm9a2e84 gutentor-single-column  grid-lg-12 grid-md-12 grid-12\"><div id=\"section-gm9a2e84\" class=\"section-gm9a2e84 gutentor-col-wrap\">\n<div id=\"section-g73abed\" class=\"wp-block-gutentor-e1 section-g73abed gutentor-element gutentor-element-advanced-text\"><div class=\"gutentor-text-wrap\"><h2 class=\"gutentor-text\">Orsak till att tillg\u00e4nglighetskraven inte uppfylls<\/h2><\/div><\/div>\n\n\n\n<ul class=\"wp-block-list\">\n<li>I vissa anv\u00e4ndargr\u00e4nssnittskomponenter kan kontrasten mellan text, knappar och bakgrund vara f\u00f6r svag. (WCAG 1.4.3, WCAG 1.4.12)<\/li>\n\n\n\n<li>Webbplatsen inneh\u00e5ller l\u00e4nkar till material (t.ex. PDF-filer) som delvis kan ha brister i tillg\u00e4ngligheten. (WCAG 1.1.1, WCAG 1.3.1)<\/li>\n\n\n\n<li>I vissa illustrationer kan kontrasten i det icke-textuella inneh\u00e5llet vara otillr\u00e4cklig. (WCAG 1.4.11)<\/li>\n\n\n\n<li>Webbplatsen inneh\u00e5ller delvis fackspr\u00e5k som inte n\u00f6dv\u00e4ndigtvis \u00e4r begripligt f\u00f6r alla anv\u00e4ndare. (WCAG 3.1.3)<\/li>\n<\/ul>\n<\/div><\/div>\n<\/div><\/div><\/section>\n<\/div><\/section>\n\n\n\n<section id=\"gmcfa7e10\" class=\"wp-block-gutentor-m3 alignfull section-gmcfa7e10 gutentor-module gutentor-container-cover has-color-bg has-custom-bg teksti-valkea\"><div class=\"grid-container\">\n<section id=\"gm393664b\" class=\"wp-block-gutentor-m4 section-gm393664b gutentor-module gutentor-advanced-columns saavutettavuusseloste\"><div class=\"grid-container\"><div class=\"grid-row\">\n<div id=\"col-gmd93b37\" class=\"wp-block-gutentor-m4-col col-gmd93b37 gutentor-single-column  grid-lg-12 grid-md-12 grid-12\"><div id=\"section-gmd93b37\" class=\"section-gmd93b37 gutentor-col-wrap\">\n<h3 class=\"wp-block-heading\">Material som producerats av andra akt\u00f6rer<\/h3>\n\n\n\n<p>Vi har en lagstadgad skyldighet att publicera vissa dokument f\u00f6r uppf\u00f6ljning och planering p\u00e5 webbplatsen. Vi ansvarar inte f\u00f6r tillg\u00e4ngligheten i material som producerats av andra akt\u00f6rer.<\/p>\n\n\n\n<h3 class=\"wp-block-heading\">System som producerats av andra akt\u00f6rer<\/h3>\n\n\n\n<p>Webbtj\u00e4nsten inneh\u00e5ller l\u00e4nkar till inneh\u00e5ll som kommer fr\u00e5n andra system och vars tillg\u00e4nglighetsbrister uppst\u00e5r i det ursprungliga systemet. S\u00e5dana system \u00e4r t.ex. det elektroniska ans\u00f6kningssystemet, anm\u00e4lningsfunktionerna i kurskalendern och samt inb\u00e4ddning av ett Instagram-fl\u00f6de fr\u00e5n sociala medier.<\/p>\n<\/div><\/div>\n<\/div><\/div><\/section>\n<\/div><\/section>\n\n\n\n<section id=\"gmcf824ae\" class=\"wp-block-gutentor-m3 alignfull section-gmcf824ae gutentor-module gutentor-container-cover has-color-bg has-custom-bg teksti-valkea\"><div class=\"grid-container\">\n<section id=\"gmf439db1\" class=\"wp-block-gutentor-m4 section-gmf439db1 gutentor-module gutentor-advanced-columns\"><div class=\"grid-container\"><div class=\"grid-row\">\n<div id=\"col-gm837c06\" class=\"wp-block-gutentor-m4-col col-gm837c06 gutentor-single-column  grid-lg-12 grid-md-12 grid-12\"><div id=\"section-gm837c06\" class=\"section-gm837c06 gutentor-col-wrap\">\n<div id=\"section-gddeeeb\" class=\"wp-block-gutentor-e1 section-gddeeeb gutentor-element gutentor-element-advanced-text\"><div class=\"gutentor-text-wrap\"><h2 class=\"gutentor-text\">Respons och kontaktuppgifter<\/h2><\/div><\/div>\n\n\n\n<div id=\"section-g6404bd\" class=\"wp-block-gutentor-e0 section-g6404bd gutentor-element gutentor-element-advanced-text\"><div class=\"gutentor-text-wrap\"><p class=\"gutentor-text\">Har du m\u00e4rkt n\u00e5gon tillg\u00e4nglighetsbrist i v\u00e5r digitala tj\u00e4nst? V\u00e4nligen meddela oss s\u00e5 g\u00f6r vi v\u00e5rt b\u00e4sta f\u00f6r att \u00e5tg\u00e4rda bristen. Respons om tillg\u00e4ngligheten p\u00e5 webbplatsen kan l\u00e4mnas per e-post till adressen <strong>saavutettavuus@pelastusopisto.fi<\/strong>.<\/p><\/div><\/div>\n\n\n\n<div id=\"section-g597f50\" class=\"wp-block-gutentor-e1 section-g597f50 gutentor-element gutentor-element-advanced-text\"><div class=\"gutentor-text-wrap\"><h3 class=\"gutentor-text\">Tillsynsmyndighet<\/h3><\/div><\/div>\n\n\n\n<div id=\"section-g51c1fa\" class=\"wp-block-gutentor-e1 section-g51c1fa gutentor-element gutentor-element-advanced-text\"><div class=\"gutentor-text-wrap\"><p class=\"gutentor-text\">Om du uppt\u00e4cker tillg\u00e4nglighetsproblem p\u00e5 webbplatsen ska du f\u00f6rst ge respons till oss, dvs. webbplatsens administrat\u00f6r. Det kan ta 14 dagar att f\u00e5 svar. Om du inte \u00e4r n\u00f6jd med det svar du f\u00e5tt eller om du inte f\u00e5r n\u00e5got svar alls inom tv\u00e5 veckor, kan du l\u00e4mna in en anm\u00e4lan till Transport- och kommunikationsverket Traficom. P\u00e5 webbplatsen Saavutettavuusvaatimukset.fi finns detaljerade anvisningar om hur anm\u00e4lan g\u00f6rs och hur \u00e4rendet behandlas.<br><br><strong>Tillsynsmyndighetens kontaktuppgifter<\/strong><br>Transport- och kommunikationsverket Traficom<br>Enheten f\u00f6r tillsyn \u00f6ver digital tillg\u00e4nglighet<br><a href=\"https:\/\/saavutettavuusvaatimukset.fi\/sv\" target=\"_blank\" rel=\"noreferrer noopener\">www.tillganglighetskrav.fi<\/a><br>tillganglighet(at)traficom.fi<br>telefonnummer v\u00e4xeln 029 534 5000<\/p><\/div><\/div>\n<\/div><\/div>\n<\/div><\/div><\/section>\n<\/div><\/section>\n","protected":false},"excerpt":{"rendered":"","protected":false},"author":65,"featured_media":43998,"parent":0,"menu_order":0,"comment_status":"closed","ping_status":"closed","template":"","meta":{"_acf_changed":false,"_genesis_hide_title":false,"_genesis_hide_breadcrumbs":false,"_genesis_hide_singular_image":false,"_genesis_hide_footer_widgets":false,"_genesis_custom_body_class":"","_genesis_custom_post_class":"","_genesis_layout":"","footnotes":""},"class_list":{"0":"post-66361","1":"page","2":"type-page","3":"status-publish","4":"has-post-thumbnail","6":"entry"},"acf":[],"yoast_head":"<!-- This site is optimized with the Yoast SEO plugin v27.4 - https:\/\/yoast.com\/product\/yoast-seo-wordpress\/ -->\n<title>Tillg\u00e4nglighetsutl\u00e5tande - R\u00e4ddningsinstitutet<\/title>\n<meta name=\"description\" content=\"Observerade du en brist i tillg\u00e4ngligheten i v\u00e5r digitala tj\u00e4nst? Ber\u00e4tta det f\u00f6r oss s\u00e5 g\u00f6r vi v\u00e5rt b\u00e4sta f\u00f6r att \u00e5tg\u00e4rda bristen. Respons om webbplatsens tillg\u00e4nglighet kan ges per e-post till adressen saavutettavuus@pelastusopisto.fi.\" \/>\n<meta name=\"robots\" content=\"index, follow, max-snippet:-1, max-image-preview:large, max-video-preview:-1\" \/>\n<link rel=\"canonical\" href=\"https:\/\/www.pelastusopisto.fi\/sv\/tillganglighetsutlatande\/\" \/>\n<meta property=\"og:locale\" content=\"sv_SE\" \/>\n<meta property=\"og:type\" content=\"article\" \/>\n<meta property=\"og:title\" content=\"Tillg\u00e4nglighetsutl\u00e5tande - R\u00e4ddningsinstitutet\" \/>\n<meta property=\"og:description\" content=\"Observerade du en brist i tillg\u00e4ngligheten i v\u00e5r digitala tj\u00e4nst? Ber\u00e4tta det f\u00f6r oss s\u00e5 g\u00f6r vi v\u00e5rt b\u00e4sta f\u00f6r att \u00e5tg\u00e4rda bristen. Respons om webbplatsens tillg\u00e4nglighet kan ges per e-post till adressen saavutettavuus@pelastusopisto.fi.\" \/>\n<meta property=\"og:url\" content=\"https:\/\/www.pelastusopisto.fi\/sv\/tillganglighetsutlatande\/\" \/>\n<meta property=\"og:site_name\" content=\"Pelastusopisto\" \/>\n<meta property=\"article:publisher\" content=\"https:\/\/www.facebook.com\/Pelastusopisto\/\" \/>\n<meta property=\"article:modified_time\" content=\"2025-10-30T10:14:58+00:00\" \/>\n<meta property=\"og:image\" content=\"https:\/\/www.pelastusopisto.fi\/wp-content\/uploads\/placeholder.png\" \/>\n\t<meta property=\"og:image:width\" content=\"900\" \/>\n\t<meta property=\"og:image:height\" content=\"600\" \/>\n\t<meta property=\"og:image:type\" content=\"image\/png\" \/>\n<meta name=\"twitter:card\" content=\"summary_large_image\" \/>\n<meta name=\"twitter:site\" content=\"@Pelastusopisto\" \/>\n<meta name=\"twitter:label1\" content=\"Ber\u00e4knad l\u00e4stid\" \/>\n\t<meta name=\"twitter:data1\" content=\"3 minuter\" \/>\n<script type=\"application\/ld+json\" class=\"yoast-schema-graph\">{\"@context\":\"https:\\\/\\\/schema.org\",\"@graph\":[{\"@type\":\"WebPage\",\"@id\":\"https:\\\/\\\/www.pelastusopisto.fi\\\/sv\\\/tillganglighetsutlatande\\\/\",\"url\":\"https:\\\/\\\/www.pelastusopisto.fi\\\/sv\\\/tillganglighetsutlatande\\\/\",\"name\":\"Tillg\u00e4nglighetsutl\u00e5tande - R\u00e4ddningsinstitutet\",\"isPartOf\":{\"@id\":\"https:\\\/\\\/www.pelastusopisto.fi\\\/sv\\\/#website\"},\"primaryImageOfPage\":{\"@id\":\"https:\\\/\\\/www.pelastusopisto.fi\\\/sv\\\/tillganglighetsutlatande\\\/#primaryimage\"},\"image\":{\"@id\":\"https:\\\/\\\/www.pelastusopisto.fi\\\/sv\\\/tillganglighetsutlatande\\\/#primaryimage\"},\"thumbnailUrl\":\"https:\\\/\\\/www.pelastusopisto.fi\\\/wp-content\\\/uploads\\\/placeholder.png\",\"datePublished\":\"2020-09-23T13:19:56+00:00\",\"dateModified\":\"2025-10-30T10:14:58+00:00\",\"description\":\"Observerade du en brist i tillg\u00e4ngligheten i v\u00e5r digitala tj\u00e4nst? Ber\u00e4tta det f\u00f6r oss s\u00e5 g\u00f6r vi v\u00e5rt b\u00e4sta f\u00f6r att \u00e5tg\u00e4rda bristen. Respons om webbplatsens tillg\u00e4nglighet kan ges per e-post till adressen saavutettavuus@pelastusopisto.fi.\",\"breadcrumb\":{\"@id\":\"https:\\\/\\\/www.pelastusopisto.fi\\\/sv\\\/tillganglighetsutlatande\\\/#breadcrumb\"},\"inLanguage\":\"sv-SE\",\"potentialAction\":[{\"@type\":\"ReadAction\",\"target\":[\"https:\\\/\\\/www.pelastusopisto.fi\\\/sv\\\/tillganglighetsutlatande\\\/\"]}]},{\"@type\":\"ImageObject\",\"inLanguage\":\"sv-SE\",\"@id\":\"https:\\\/\\\/www.pelastusopisto.fi\\\/sv\\\/tillganglighetsutlatande\\\/#primaryimage\",\"url\":\"https:\\\/\\\/www.pelastusopisto.fi\\\/wp-content\\\/uploads\\\/placeholder.png\",\"contentUrl\":\"https:\\\/\\\/www.pelastusopisto.fi\\\/wp-content\\\/uploads\\\/placeholder.png\",\"width\":900,\"height\":600},{\"@type\":\"BreadcrumbList\",\"@id\":\"https:\\\/\\\/www.pelastusopisto.fi\\\/sv\\\/tillganglighetsutlatande\\\/#breadcrumb\",\"itemListElement\":[{\"@type\":\"ListItem\",\"position\":1,\"name\":\"Home\",\"item\":\"https:\\\/\\\/www.pelastusopisto.fi\\\/sv\\\/\"},{\"@type\":\"ListItem\",\"position\":2,\"name\":\"Tillg\u00e4nglighetsutl\u00e5tande\"}]},{\"@type\":\"WebSite\",\"@id\":\"https:\\\/\\\/www.pelastusopisto.fi\\\/sv\\\/#website\",\"url\":\"https:\\\/\\\/www.pelastusopisto.fi\\\/sv\\\/\",\"name\":\"Pelastusopisto\",\"description\":\"\",\"publisher\":{\"@id\":\"https:\\\/\\\/www.pelastusopisto.fi\\\/sv\\\/#organization\"},\"potentialAction\":[{\"@type\":\"SearchAction\",\"target\":{\"@type\":\"EntryPoint\",\"urlTemplate\":\"https:\\\/\\\/www.pelastusopisto.fi\\\/sv\\\/?s={search_term_string}\"},\"query-input\":{\"@type\":\"PropertyValueSpecification\",\"valueRequired\":true,\"valueName\":\"search_term_string\"}}],\"inLanguage\":\"sv-SE\"},{\"@type\":\"Organization\",\"@id\":\"https:\\\/\\\/www.pelastusopisto.fi\\\/sv\\\/#organization\",\"name\":\"Pelastusopisto\",\"url\":\"https:\\\/\\\/www.pelastusopisto.fi\\\/sv\\\/\",\"logo\":{\"@type\":\"ImageObject\",\"inLanguage\":\"sv-SE\",\"@id\":\"https:\\\/\\\/www.pelastusopisto.fi\\\/sv\\\/#\\\/schema\\\/logo\\\/image\\\/\",\"url\":\"https:\\\/\\\/www.pelastusopisto.fi\\\/wp-content\\\/uploads\\\/pelastusopisto-logo-net.png\",\"contentUrl\":\"https:\\\/\\\/www.pelastusopisto.fi\\\/wp-content\\\/uploads\\\/pelastusopisto-logo-net.png\",\"width\":387,\"height\":71,\"caption\":\"Pelastusopisto\"},\"image\":{\"@id\":\"https:\\\/\\\/www.pelastusopisto.fi\\\/sv\\\/#\\\/schema\\\/logo\\\/image\\\/\"},\"sameAs\":[\"https:\\\/\\\/www.facebook.com\\\/Pelastusopisto\\\/\",\"https:\\\/\\\/x.com\\\/Pelastusopisto\",\"https:\\\/\\\/www.instagram.com\\\/pelastusopisto\\\/\",\"https:\\\/\\\/fi.linkedin.com\\\/school\\\/pelastusopisto\\\/\",\"https:\\\/\\\/www.youtube.com\\\/channel\\\/UCQjXYneFsnDYnJtZBfr9Ajg\"]}]}<\/script>\n<!-- \/ Yoast SEO plugin. -->","yoast_head_json":{"title":"Tillg\u00e4nglighetsutl\u00e5tande - R\u00e4ddningsinstitutet","description":"Observerade du en brist i tillg\u00e4ngligheten i v\u00e5r digitala tj\u00e4nst? Ber\u00e4tta det f\u00f6r oss s\u00e5 g\u00f6r vi v\u00e5rt b\u00e4sta f\u00f6r att \u00e5tg\u00e4rda bristen. Respons om webbplatsens tillg\u00e4nglighet kan ges per e-post till adressen saavutettavuus@pelastusopisto.fi.","robots":{"index":"index","follow":"follow","max-snippet":"max-snippet:-1","max-image-preview":"max-image-preview:large","max-video-preview":"max-video-preview:-1"},"canonical":"https:\/\/www.pelastusopisto.fi\/sv\/tillganglighetsutlatande\/","og_locale":"sv_SE","og_type":"article","og_title":"Tillg\u00e4nglighetsutl\u00e5tande - R\u00e4ddningsinstitutet","og_description":"Observerade du en brist i tillg\u00e4ngligheten i v\u00e5r digitala tj\u00e4nst? Ber\u00e4tta det f\u00f6r oss s\u00e5 g\u00f6r vi v\u00e5rt b\u00e4sta f\u00f6r att \u00e5tg\u00e4rda bristen. Respons om webbplatsens tillg\u00e4nglighet kan ges per e-post till adressen saavutettavuus@pelastusopisto.fi.","og_url":"https:\/\/www.pelastusopisto.fi\/sv\/tillganglighetsutlatande\/","og_site_name":"Pelastusopisto","article_publisher":"https:\/\/www.facebook.com\/Pelastusopisto\/","article_modified_time":"2025-10-30T10:14:58+00:00","og_image":[{"width":900,"height":600,"url":"https:\/\/www.pelastusopisto.fi\/wp-content\/uploads\/placeholder.png","type":"image\/png"}],"twitter_card":"summary_large_image","twitter_site":"@Pelastusopisto","twitter_misc":{"Ber\u00e4knad l\u00e4stid":"3 minuter"},"schema":{"@context":"https:\/\/schema.org","@graph":[{"@type":"WebPage","@id":"https:\/\/www.pelastusopisto.fi\/sv\/tillganglighetsutlatande\/","url":"https:\/\/www.pelastusopisto.fi\/sv\/tillganglighetsutlatande\/","name":"Tillg\u00e4nglighetsutl\u00e5tande - R\u00e4ddningsinstitutet","isPartOf":{"@id":"https:\/\/www.pelastusopisto.fi\/sv\/#website"},"primaryImageOfPage":{"@id":"https:\/\/www.pelastusopisto.fi\/sv\/tillganglighetsutlatande\/#primaryimage"},"image":{"@id":"https:\/\/www.pelastusopisto.fi\/sv\/tillganglighetsutlatande\/#primaryimage"},"thumbnailUrl":"https:\/\/www.pelastusopisto.fi\/wp-content\/uploads\/placeholder.png","datePublished":"2020-09-23T13:19:56+00:00","dateModified":"2025-10-30T10:14:58+00:00","description":"Observerade du en brist i tillg\u00e4ngligheten i v\u00e5r digitala tj\u00e4nst? Ber\u00e4tta det f\u00f6r oss s\u00e5 g\u00f6r vi v\u00e5rt b\u00e4sta f\u00f6r att \u00e5tg\u00e4rda bristen. Respons om webbplatsens tillg\u00e4nglighet kan ges per e-post till adressen saavutettavuus@pelastusopisto.fi.","breadcrumb":{"@id":"https:\/\/www.pelastusopisto.fi\/sv\/tillganglighetsutlatande\/#breadcrumb"},"inLanguage":"sv-SE","potentialAction":[{"@type":"ReadAction","target":["https:\/\/www.pelastusopisto.fi\/sv\/tillganglighetsutlatande\/"]}]},{"@type":"ImageObject","inLanguage":"sv-SE","@id":"https:\/\/www.pelastusopisto.fi\/sv\/tillganglighetsutlatande\/#primaryimage","url":"https:\/\/www.pelastusopisto.fi\/wp-content\/uploads\/placeholder.png","contentUrl":"https:\/\/www.pelastusopisto.fi\/wp-content\/uploads\/placeholder.png","width":900,"height":600},{"@type":"BreadcrumbList","@id":"https:\/\/www.pelastusopisto.fi\/sv\/tillganglighetsutlatande\/#breadcrumb","itemListElement":[{"@type":"ListItem","position":1,"name":"Home","item":"https:\/\/www.pelastusopisto.fi\/sv\/"},{"@type":"ListItem","position":2,"name":"Tillg\u00e4nglighetsutl\u00e5tande"}]},{"@type":"WebSite","@id":"https:\/\/www.pelastusopisto.fi\/sv\/#website","url":"https:\/\/www.pelastusopisto.fi\/sv\/","name":"Pelastusopisto","description":"","publisher":{"@id":"https:\/\/www.pelastusopisto.fi\/sv\/#organization"},"potentialAction":[{"@type":"SearchAction","target":{"@type":"EntryPoint","urlTemplate":"https:\/\/www.pelastusopisto.fi\/sv\/?s={search_term_string}"},"query-input":{"@type":"PropertyValueSpecification","valueRequired":true,"valueName":"search_term_string"}}],"inLanguage":"sv-SE"},{"@type":"Organization","@id":"https:\/\/www.pelastusopisto.fi\/sv\/#organization","name":"Pelastusopisto","url":"https:\/\/www.pelastusopisto.fi\/sv\/","logo":{"@type":"ImageObject","inLanguage":"sv-SE","@id":"https:\/\/www.pelastusopisto.fi\/sv\/#\/schema\/logo\/image\/","url":"https:\/\/www.pelastusopisto.fi\/wp-content\/uploads\/pelastusopisto-logo-net.png","contentUrl":"https:\/\/www.pelastusopisto.fi\/wp-content\/uploads\/pelastusopisto-logo-net.png","width":387,"height":71,"caption":"Pelastusopisto"},"image":{"@id":"https:\/\/www.pelastusopisto.fi\/sv\/#\/schema\/logo\/image\/"},"sameAs":["https:\/\/www.facebook.com\/Pelastusopisto\/","https:\/\/x.com\/Pelastusopisto","https:\/\/www.instagram.com\/pelastusopisto\/","https:\/\/fi.linkedin.com\/school\/pelastusopisto\/","https:\/\/www.youtube.com\/channel\/UCQjXYneFsnDYnJtZBfr9Ajg"]}]}},"featured_image_src":"https:\/\/www.pelastusopisto.fi\/wp-content\/uploads\/placeholder-600x400.png","featured_image_src_square":"https:\/\/www.pelastusopisto.fi\/wp-content\/uploads\/placeholder-600x600.png","_links":{"self":[{"href":"https:\/\/www.pelastusopisto.fi\/sv\/wp-json\/wp\/v2\/pages\/66361","targetHints":{"allow":["GET"]}}],"collection":[{"href":"https:\/\/www.pelastusopisto.fi\/sv\/wp-json\/wp\/v2\/pages"}],"about":[{"href":"https:\/\/www.pelastusopisto.fi\/sv\/wp-json\/wp\/v2\/types\/page"}],"author":[{"embeddable":true,"href":"https:\/\/www.pelastusopisto.fi\/sv\/wp-json\/wp\/v2\/users\/65"}],"replies":[{"embeddable":true,"href":"https:\/\/www.pelastusopisto.fi\/sv\/wp-json\/wp\/v2\/comments?post=66361"}],"version-history":[{"count":6,"href":"https:\/\/www.pelastusopisto.fi\/sv\/wp-json\/wp\/v2\/pages\/66361\/revisions"}],"predecessor-version":[{"id":81223,"href":"https:\/\/www.pelastusopisto.fi\/sv\/wp-json\/wp\/v2\/pages\/66361\/revisions\/81223"}],"wp:featuredmedia":[{"embeddable":true,"href":"https:\/\/www.pelastusopisto.fi\/sv\/wp-json\/wp\/v2\/media\/43998"}],"wp:attachment":[{"href":"https:\/\/www.pelastusopisto.fi\/sv\/wp-json\/wp\/v2\/media?parent=66361"}],"curies":[{"name":"wp","href":"https:\/\/api.w.org\/{rel}","templated":true}]}}