{"id":66350,"date":"2022-09-21T13:43:50","date_gmt":"2022-09-21T10:43:50","guid":{"rendered":"https:\/\/www.pelastusopisto.fi\/kontaktuppgifter\/pelastusopiston-turvaposti\/"},"modified":"2024-02-23T10:52:36","modified_gmt":"2024-02-23T08:52:36","slug":"raddningsinstitutets-krypterade-e-post","status":"publish","type":"page","link":"https:\/\/www.pelastusopisto.fi\/sv\/kontaktuppgifter\/raddningsinstitutets-krypterade-e-post\/","title":{"rendered":"R\u00e4ddningsinstitutets krypterade e-post"},"content":{"rendered":"\n<section id=\"gm340ae66\" class=\"wp-block-gutentor-m3 alignfull section-gm340ae66 gutentor-module gutentor-container-cover has-image-bg has-custom-bg g-valign-b-mobile g-valign-b-tablet g-valign-b-desktop inner-banner-section\"><div class=\"grid-container gutentor-rm-ct-space-d gutentor-rm-ct-space-t gutentor-rm-ct-space\">\n<section id=\"gm3876834\" class=\"wp-block-gutentor-m4 alignfull section-gm3876834 gutentor-module gutentor-advanced-columns has-color-bg has-custom-bg headercolumn\"><div class=\"grid-container\"><div class=\"grid-row\">\n<div id=\"col-gm958939\" class=\"wp-block-gutentor-m4-col col-gm958939 gutentor-single-column  grid-lg-12 grid-md-12 grid-12\"><div id=\"section-gm958939\" class=\"section-gm958939 gutentor-col-wrap\">\n<div id=\"section-g11bd38\" class=\"wp-block-gutentor-e1 section-g11bd38 gutentor-element gutentor-element-advanced-text gutentor-adv-text-enabled-width header\"><div class=\"gutentor-text-wrap\"><h1 class=\"gutentor-text\">R\u00e4ddningsinstitutets krypterade e-post<\/h1><\/div><\/div>\n<\/div><\/div>\n<\/div><\/div><\/section>\n<\/div><\/section>\n\n\n\n<section id=\"gm1145433\" class=\"wp-block-gutentor-m3 alignfull section-gm1145433 gutentor-module gutentor-container-cover has-color-bg has-custom-bg\"><div class=\"grid-container\">\n<section id=\"gmd912786\" class=\"wp-block-gutentor-m4 section-gmd912786 gutentor-module gutentor-advanced-columns has-color-bg has-custom-bg\"><div class=\"grid-container\"><div class=\"grid-row\">\n<div id=\"col-gm44b901\" class=\"wp-block-gutentor-m4-col col-gm44b901 gutentor-single-column  grid-lg-12 grid-md-12 grid-12\"><div id=\"section-gm44b901\" class=\"section-gm44b901 gutentor-col-wrap\">\n<section id=\"g637113\" class=\"wp-block-gutentor-m9 section-g637113 gutentor-module gutentor-module-form-wrapper\"><div class=\"grid-container gutentor-rm-ct-space-d gutentor-rm-ct-space-t gutentor-rm-ct-space\">\n<div class=\"breadcrumb_section\"><ul id=\"breadcrumbs\" class=\"breadcrumbs\"><li class=\"item-home\"><a class=\"bread-link bread-home\" href=\"https:\/\/www.pelastusopisto.fi\/sv\/\"\n                title=\"Framsida\">Framsida<\/a><\/li><li class=\"separator separator-home\">  <\/li><\/ul><\/div>\n<\/div><\/section>\n\n\n\n<div id=\"section-gd0bfbe\" class=\"wp-block-gutentor-e0 section-gd0bfbe gutentor-element gutentor-element-advanced-text\"><div class=\"gutentor-text-wrap\"><p class=\"gutentor-text\">R\u00e4ddningsinstitutet anv\u00e4nder programmet Deltagon Sec@GW f\u00f6r att skydda e-postens konfidentialitet. F\u00f6r att ta emot meddelanden beh\u00f6ver inga program installeras p\u00e5 arbetsstationerna.&nbsp; Programmet konverterar e-postmeddelandet till ett format som kan l\u00e4sas med webbl\u00e4saren, sparar det skyddade meddelandet tillf\u00e4lligt och skickar en skyddad l\u00e4nk som g\u00f6r det m\u00f6jligt att l\u00e4sa det egentliga meddelandet till mottagaren.<\/p><\/div><\/div>\n\n\n\n<div id=\"section-g2bca16\" class=\"wp-block-gutentor-e6 section-g2bca16 gutentor-element gutentor-element-image text-align-left-desktop text-align-center-tablet text-align-center-mobile\"><div class=\"gutentor-element-image-box\"><div class=\"gutentor-image-thumb\"><img decoding=\"async\" class=\"normal-image\" src=\"https:\/\/www.pelastusopisto.fi\/wp-content\/uploads\/turvaposti-Pelastusopisto-kuva.jpg\" alt=\"Pelastusopiston turvaposti, luottamuksellinen viesti -tunnus\" \/><\/div><\/div><\/div>\n<\/div><\/div>\n<\/div><\/div><\/section>\n<\/div><\/section>\n\n\n\n<section id=\"gm0f8422d\" class=\"wp-block-gutentor-m3 alignfull section-gm0f8422d gutentor-module gutentor-container-cover has-color-bg has-custom-bg\"><div class=\"grid-container\">\n<section id=\"gmbfbdc56\" class=\"wp-block-gutentor-m4 section-gmbfbdc56 gutentor-module gutentor-advanced-columns\"><div class=\"grid-container\"><div class=\"grid-row\">\n<div id=\"col-gm222c93\" class=\"wp-block-gutentor-m4-col col-gm222c93 gutentor-single-column  grid-lg-12 grid-md-12 grid-12\"><div id=\"section-gm222c93\" class=\"section-gm222c93 gutentor-col-wrap\">\n<div id=\"section-g7d9ac6\" class=\"wp-block-gutentor-e1 section-g7d9ac6 gutentor-element gutentor-element-advanced-text\"><div class=\"gutentor-text-wrap\"><h2 class=\"gutentor-text\">Att skicka krypterad e-post till R\u00e4ddningsinstitutet<\/h2><\/div><\/div>\n\n\n\n<div id=\"section-g1b315e\" class=\"wp-block-gutentor-e0 section-g1b315e gutentor-element gutentor-element-advanced-text\"><div class=\"gutentor-text-wrap\"><p class=\"gutentor-text\">Med krypterad e-post kan du skicka ett meddelande konfidentiellt till R\u00e4ddningsinstitutet. Krypterad e-post \u00e4r avsedd f\u00f6r situationer d\u00e4r sj\u00e4lva meddelandet eller dess bilagor inneh\u00e5ller sekretessbelagda uppgifter eller personuppgifter (t.ex. personbeteckning).<\/p><\/div><\/div>\n\n\n\n<div id=\"section-g812c61\" class=\"wp-block-gutentor-e2 section-g812c61 gutentor-element gutentor-element-button\"><span class=\"gutentor-button-wrap\"><a class=\"gutentor-button gutentor-block-button gutentor-icon-before\" href=\"https:\/\/turvaposti.pelastusopisto.fi.\/\" target=\"_blank\" rel=\"noopener noreferrer\"><i class=\"gutentor-button-icon fas fa-chevron-right\"><\/i><span><strong><strong>Skicka krypterad e-post till R\u00e4ddningsinstitutet<\/strong><\/strong><\/span><\/a><\/span><\/div>\n<\/div><\/div>\n<\/div><\/div><\/section>\n<\/div><\/section>\n\n\n\n<section id=\"gmab37800\" class=\"wp-block-gutentor-m3 alignfull section-gmab37800 gutentor-module gutentor-container-cover has-color-bg has-custom-bg\"><div class=\"grid-container\">\n<section id=\"gma524eeb\" class=\"wp-block-gutentor-m4 section-gma524eeb gutentor-module gutentor-advanced-columns\"><div class=\"grid-container\"><div class=\"grid-row\">\n<div id=\"col-gmaaf987\" class=\"wp-block-gutentor-m4-col col-gmaaf987 gutentor-single-column  grid-lg-12 grid-md-12 grid-12\"><div id=\"section-gmaaf987\" class=\"section-gmaaf987 gutentor-col-wrap\">\n<div id=\"section-geadabe\" class=\"wp-block-gutentor-e1 section-geadabe gutentor-element gutentor-element-advanced-text\"><div class=\"gutentor-text-wrap\"><h3 class=\"gutentor-text\">Registrering<\/h3><\/div><\/div>\n\n\n\n<div id=\"section-gf87eae\" class=\"wp-block-gutentor-e0 section-gf87eae gutentor-element gutentor-element-advanced-text\"><div class=\"gutentor-text-wrap\"><p class=\"gutentor-text\">F\u00f6r att skicka meddelanden m\u00e5ste du registrera dig i tj\u00e4nsten. Skriv in din e-postadress i f\u00e4ltet <strong>Avs\u00e4ndare <\/strong>och klicka p\u00e5 <strong>Forts\u00e4tt<\/strong>. Registrera din e-postadress med knappen <strong>Registrera dig<\/strong>. Du kan avsluta sessionen utan att registrera dig med knappen <strong>Avsluta<\/strong>.<\/p><\/div><\/div>\n\n\n\n<div id=\"section-g3e0c94\" class=\"wp-block-gutentor-e1 section-g3e0c94 gutentor-element gutentor-element-advanced-text\"><div class=\"gutentor-text-wrap\"><h3 class=\"gutentor-text\">Bekr\u00e4fta din e-postadress<\/h3><\/div><\/div>\n\n\n\n<div id=\"section-ge3f6a4\" class=\"wp-block-gutentor-e1 section-ge3f6a4 gutentor-element gutentor-element-advanced-text\"><div class=\"gutentor-text-wrap\"><p class=\"gutentor-text\">Efter registreringen f\u00e5r du ett bekr\u00e4ftelsemeddelande till den registrerade e-postadressen med en l\u00e4nk till R\u00e4ddningsinstitutets sida f\u00f6r krypterad e-post. L\u00e4nken finns i slutet av bekr\u00e4ftelsemeddelandet.<\/p><\/div><\/div>\n\n\n\n<div id=\"section-gd6a8a2\" class=\"wp-block-gutentor-e1 section-gd6a8a2 gutentor-element gutentor-element-advanced-text\"><div class=\"gutentor-text-wrap\"><h3 class=\"gutentor-text\">Att skriva ett meddelande<\/h3><\/div><\/div>\n\n\n\n<div id=\"section-g187f6a\" class=\"wp-block-gutentor-e1 section-g187f6a gutentor-element gutentor-element-advanced-text\"><div class=\"gutentor-text-wrap\"><p class=\"gutentor-text\">Du kan skicka ett meddelande till R\u00e4ddningsinstitutets personal (fornamn.efternamn@pelastusopisto.fi) eller v\u00e4lja R\u00e4ddningsinstitutets tj\u00e4nste-e-postadress i mottagarmenyn. Du kan bifoga bilagor till meddelandet: bl\u00e4ddra fram \u00f6nskad fil och klicka p\u00e5 knappen <strong>Bifoga<\/strong>.<br><br>F\u00f6rmedlingen av ett skickat meddelande bekr\u00e4ftas och det skickade meddelandet med bilagor kan sparas p\u00e5 den egna datorn eller skrivas ut.<\/p><\/div><\/div>\n<\/div><\/div>\n<\/div><\/div><\/section>\n<\/div><\/section>\n\n\n\n<section id=\"gm8cc0841\" class=\"wp-block-gutentor-m3 alignfull section-gm8cc0841 gutentor-module gutentor-container-cover has-color-bg has-custom-bg\"><div class=\"grid-container\">\n<section id=\"gm9b7906c\" class=\"wp-block-gutentor-m4 section-gm9b7906c gutentor-module gutentor-advanced-columns\"><div class=\"grid-container\"><div class=\"grid-row\">\n<div id=\"col-gmd0301b\" class=\"wp-block-gutentor-m4-col col-gmd0301b gutentor-single-column  grid-lg-12 grid-md-12 grid-12\"><div id=\"section-gmd0301b\" class=\"section-gmd0301b gutentor-col-wrap\">\n<div id=\"section-gd4a298\" class=\"wp-block-gutentor-e1 section-gd4a298 gutentor-element gutentor-element-advanced-text\"><div class=\"gutentor-text-wrap\"><h2 class=\"gutentor-text\">Att l\u00e4sa krypterad e-post<\/h2><\/div><\/div>\n\n\n\n<div id=\"section-gf4179f\" class=\"wp-block-gutentor-e1 section-gf4179f gutentor-element gutentor-element-advanced-text\"><div class=\"gutentor-text-wrap\"><h3 class=\"gutentor-text\">Meddelande<\/h3><\/div><\/div>\n\n\n\n<div id=\"section-gc25b1e\" class=\"wp-block-gutentor-e1 section-gc25b1e gutentor-element gutentor-element-advanced-text\"><div class=\"gutentor-text-wrap\"><p class=\"gutentor-text\">N\u00e4r du har f\u00e5tt ett konfidentiellt e-postmeddelande f\u00e5r du ett meddelande till din e-post. Det egentliga meddelandet \u00f6ppnas med en skyddad webbl\u00e4sarf\u00f6rbindelse genom att du klickar p\u00e5 l\u00e4nken i meddelandet.<\/p><\/div><\/div>\n\n\n\n<div id=\"section-gb8886c\" class=\"wp-block-gutentor-e1 section-gb8886c gutentor-element gutentor-element-advanced-text\"><div class=\"gutentor-text-wrap\"><h3 class=\"gutentor-text\">Bilagor till meddelandet<\/h3><\/div><\/div>\n\n\n\n<div id=\"section-g55a4ec\" class=\"wp-block-gutentor-e1 section-g55a4ec gutentor-element gutentor-element-advanced-text\"><div class=\"gutentor-text-wrap\"><p class=\"gutentor-text\">Om meddelandet inneh\u00e5ller en bilaga visas filnamnet p\u00e5 raden Bilagor.<\/p><\/div><\/div>\n\n\n\n<div id=\"section-g8f6f51\" class=\"wp-block-gutentor-e1 section-g8f6f51 gutentor-element gutentor-element-advanced-text\"><div class=\"gutentor-text-wrap\"><h3 class=\"gutentor-text\">Spara meddelande<\/h3><\/div><\/div>\n\n\n\n<div id=\"section-gffc867\" class=\"wp-block-gutentor-e1 section-gffc867 gutentor-element gutentor-element-advanced-text\"><div class=\"gutentor-text-wrap\"><p class=\"gutentor-text\">F\u00f6r att du ska kunna l\u00e4sa ett krypterat e-postmeddelande p\u00e5 nytt ska du antingen spara meddelandet och dess bilagor fr\u00e5n den krypterade e-posten eller s\u00e5 ska du ange ett l\u00f6senord f\u00f6r den krypterade e-posten i samband med utloggningen. Spara meddelandet i txt-, html-, zip-, krypterad zip-fils- eller S\/MIME krypterat eml-format. Om du sparar meddelandet som en krypterad zip-fil, ange \u00f6nskat l\u00f6senord i f\u00e4ltet &#8221;Password\/L\u00f6senord&#8221;. Meddelandet kan sparas som S\/MIME-krypterat endast om du anv\u00e4nder dig av S\/MIME-certifikatet.<\/p><\/div><\/div>\n\n\n\n<div id=\"section-g565f05\" class=\"wp-block-gutentor-e1 section-g565f05 gutentor-element gutentor-element-advanced-text\"><div class=\"gutentor-text-wrap\"><h3 class=\"gutentor-text\">Svara p\u00e5 meddelande<\/h3><\/div><\/div>\n\n\n\n<div id=\"section-g518e8a\" class=\"wp-block-gutentor-e1 section-g518e8a gutentor-element gutentor-element-advanced-text\"><div class=\"gutentor-text-wrap\"><p class=\"gutentor-text\">N\u00e4r du svarar p\u00e5 meddelandet (Svara\/Svara alla) skickas meddelandet krypterat.<\/p><\/div><\/div>\n\n\n\n<div id=\"section-g59554e\" class=\"wp-block-gutentor-e1 section-g59554e gutentor-element gutentor-element-advanced-text\"><div class=\"gutentor-text-wrap\"><h3 class=\"gutentor-text\">Logga ut<\/h3><\/div><\/div>\n\n\n\n<div id=\"section-ga071de\" class=\"wp-block-gutentor-e1 section-ga071de gutentor-element gutentor-element-advanced-text\"><div class=\"gutentor-text-wrap\"><p class=\"gutentor-text\">Du kan spara meddelandet p\u00e5 servern under en begr\u00e4nsad tid. F\u00f6r att \u00f6ppna meddelandet p\u00e5 nytt kr\u00e4vs identifiering som \u00e4r m\u00f6jlig med hj\u00e4lp av kakor eller l\u00f6senord. Om du v\u00e4ljer att spara med l\u00f6senord, skriv in \u00f6nskat l\u00f6senord i de angivna f\u00e4lten. Klicka p\u00e5 <strong>OK <\/strong>f\u00f6r att bekr\u00e4fta ditt val eller knappen <strong>Tillbaka <\/strong>f\u00f6r att g\u00e5 tillbaka till meddelandet.<\/p><\/div><\/div>\n\n\n\n<div id=\"section-gcb6661\" class=\"wp-block-gutentor-e1 section-gcb6661 gutentor-element gutentor-element-advanced-text\"><div class=\"gutentor-text-wrap\"><h3 class=\"gutentor-text\">N\u00e4rmare anvisningar f\u00f6r krypterad e-post<\/h3><\/div><\/div>\n\n\n\n<p>N\u00e4rmare anvisningar hittar du genom att klicka p\u00e5 fr\u00e5getecknet uppe till h\u00f6ger i tj\u00e4nsten f\u00f6r krypterad e-post. Anvisningarna \u00e4ndras beroende p\u00e5 i vilket skede av s\u00e4ndandet av krypterad e-post du \u00e4r.<\/p>\n<\/div><\/div>\n<\/div><\/div><\/section>\n<\/div><\/section>\n","protected":false},"excerpt":{"rendered":"","protected":false},"author":1,"featured_media":43998,"parent":58948,"menu_order":0,"comment_status":"closed","ping_status":"closed","template":"","meta":{"_acf_changed":false,"_genesis_hide_title":false,"_genesis_hide_breadcrumbs":false,"_genesis_hide_singular_image":false,"_genesis_hide_footer_widgets":false,"_genesis_custom_body_class":"","_genesis_custom_post_class":"","_genesis_layout":"","footnotes":""},"class_list":{"0":"post-66350","1":"page","2":"type-page","3":"status-publish","4":"has-post-thumbnail","6":"entry"},"acf":[],"yoast_head":"<!-- This site is optimized with the Yoast SEO plugin v27.5 - https:\/\/yoast.com\/product\/yoast-seo-wordpress\/ -->\n<title>R\u00e4ddningsinstitutets krypterade e-post - R\u00e4ddningsinstitutet<\/title>\n<meta name=\"description\" content=\"Med krypterad e-post kan du skicka ett meddelande konfidentiellt till R\u00e4ddningsinstitutet. Krypterad e-post \u00e4r avsedd f\u00f6r situationer d\u00e4r sj\u00e4lva meddelandet eller dess bilagor inneh\u00e5ller sekretessbelagda uppgifter eller personuppgifter (t.ex. personbeteckning).\" \/>\n<meta name=\"robots\" content=\"index, follow, max-snippet:-1, max-image-preview:large, max-video-preview:-1\" \/>\n<link rel=\"canonical\" href=\"https:\/\/www.pelastusopisto.fi\/sv\/kontaktuppgifter\/raddningsinstitutets-krypterade-e-post\/\" \/>\n<meta property=\"og:locale\" content=\"sv_SE\" \/>\n<meta property=\"og:type\" content=\"article\" \/>\n<meta property=\"og:title\" content=\"R\u00e4ddningsinstitutets krypterade e-post - R\u00e4ddningsinstitutet\" \/>\n<meta property=\"og:description\" content=\"Med krypterad e-post kan du skicka ett meddelande konfidentiellt till R\u00e4ddningsinstitutet. Krypterad e-post \u00e4r avsedd f\u00f6r situationer d\u00e4r sj\u00e4lva meddelandet eller dess bilagor inneh\u00e5ller sekretessbelagda uppgifter eller personuppgifter (t.ex. personbeteckning).\" \/>\n<meta property=\"og:url\" content=\"https:\/\/www.pelastusopisto.fi\/sv\/kontaktuppgifter\/raddningsinstitutets-krypterade-e-post\/\" \/>\n<meta property=\"og:site_name\" content=\"Pelastusopisto\" \/>\n<meta property=\"article:publisher\" content=\"https:\/\/www.facebook.com\/Pelastusopisto\/\" \/>\n<meta property=\"article:modified_time\" content=\"2024-02-23T08:52:36+00:00\" \/>\n<meta property=\"og:image\" content=\"https:\/\/www.pelastusopisto.fi\/wp-content\/uploads\/placeholder.png\" \/>\n\t<meta property=\"og:image:width\" content=\"900\" \/>\n\t<meta property=\"og:image:height\" content=\"600\" \/>\n\t<meta property=\"og:image:type\" content=\"image\/png\" \/>\n<meta name=\"twitter:card\" content=\"summary_large_image\" \/>\n<meta name=\"twitter:site\" content=\"@Pelastusopisto\" \/>\n<meta name=\"twitter:label1\" content=\"Ber\u00e4knad l\u00e4stid\" \/>\n\t<meta name=\"twitter:data1\" content=\"4 minuter\" \/>\n<script type=\"application\/ld+json\" class=\"yoast-schema-graph\">{\"@context\":\"https:\\\/\\\/schema.org\",\"@graph\":[{\"@type\":\"WebPage\",\"@id\":\"https:\\\/\\\/www.pelastusopisto.fi\\\/sv\\\/kontaktuppgifter\\\/raddningsinstitutets-krypterade-e-post\\\/\",\"url\":\"https:\\\/\\\/www.pelastusopisto.fi\\\/sv\\\/kontaktuppgifter\\\/raddningsinstitutets-krypterade-e-post\\\/\",\"name\":\"R\u00e4ddningsinstitutets krypterade e-post - R\u00e4ddningsinstitutet\",\"isPartOf\":{\"@id\":\"https:\\\/\\\/www.pelastusopisto.fi\\\/sv\\\/#website\"},\"primaryImageOfPage\":{\"@id\":\"https:\\\/\\\/www.pelastusopisto.fi\\\/sv\\\/kontaktuppgifter\\\/raddningsinstitutets-krypterade-e-post\\\/#primaryimage\"},\"image\":{\"@id\":\"https:\\\/\\\/www.pelastusopisto.fi\\\/sv\\\/kontaktuppgifter\\\/raddningsinstitutets-krypterade-e-post\\\/#primaryimage\"},\"thumbnailUrl\":\"https:\\\/\\\/www.pelastusopisto.fi\\\/wp-content\\\/uploads\\\/placeholder.png\",\"datePublished\":\"2022-09-21T10:43:50+00:00\",\"dateModified\":\"2024-02-23T08:52:36+00:00\",\"description\":\"Med krypterad e-post kan du skicka ett meddelande konfidentiellt till R\u00e4ddningsinstitutet. Krypterad e-post \u00e4r avsedd f\u00f6r situationer d\u00e4r sj\u00e4lva meddelandet eller dess bilagor inneh\u00e5ller sekretessbelagda uppgifter eller personuppgifter (t.ex. personbeteckning).\",\"breadcrumb\":{\"@id\":\"https:\\\/\\\/www.pelastusopisto.fi\\\/sv\\\/kontaktuppgifter\\\/raddningsinstitutets-krypterade-e-post\\\/#breadcrumb\"},\"inLanguage\":\"sv-SE\",\"potentialAction\":[{\"@type\":\"ReadAction\",\"target\":[\"https:\\\/\\\/www.pelastusopisto.fi\\\/sv\\\/kontaktuppgifter\\\/raddningsinstitutets-krypterade-e-post\\\/\"]}]},{\"@type\":\"ImageObject\",\"inLanguage\":\"sv-SE\",\"@id\":\"https:\\\/\\\/www.pelastusopisto.fi\\\/sv\\\/kontaktuppgifter\\\/raddningsinstitutets-krypterade-e-post\\\/#primaryimage\",\"url\":\"https:\\\/\\\/www.pelastusopisto.fi\\\/wp-content\\\/uploads\\\/placeholder.png\",\"contentUrl\":\"https:\\\/\\\/www.pelastusopisto.fi\\\/wp-content\\\/uploads\\\/placeholder.png\",\"width\":900,\"height\":600},{\"@type\":\"BreadcrumbList\",\"@id\":\"https:\\\/\\\/www.pelastusopisto.fi\\\/sv\\\/kontaktuppgifter\\\/raddningsinstitutets-krypterade-e-post\\\/#breadcrumb\",\"itemListElement\":[{\"@type\":\"ListItem\",\"position\":1,\"name\":\"Home\",\"item\":\"https:\\\/\\\/www.pelastusopisto.fi\\\/sv\\\/\"},{\"@type\":\"ListItem\",\"position\":2,\"name\":\"Kontaktuppgifter\",\"item\":\"https:\\\/\\\/www.pelastusopisto.fi\\\/sv\\\/kontaktuppgifter\\\/\"},{\"@type\":\"ListItem\",\"position\":3,\"name\":\"R\u00e4ddningsinstitutets krypterade e-post\"}]},{\"@type\":\"WebSite\",\"@id\":\"https:\\\/\\\/www.pelastusopisto.fi\\\/sv\\\/#website\",\"url\":\"https:\\\/\\\/www.pelastusopisto.fi\\\/sv\\\/\",\"name\":\"Pelastusopisto\",\"description\":\"\",\"publisher\":{\"@id\":\"https:\\\/\\\/www.pelastusopisto.fi\\\/sv\\\/#organization\"},\"potentialAction\":[{\"@type\":\"SearchAction\",\"target\":{\"@type\":\"EntryPoint\",\"urlTemplate\":\"https:\\\/\\\/www.pelastusopisto.fi\\\/sv\\\/?s={search_term_string}\"},\"query-input\":{\"@type\":\"PropertyValueSpecification\",\"valueRequired\":true,\"valueName\":\"search_term_string\"}}],\"inLanguage\":\"sv-SE\"},{\"@type\":\"Organization\",\"@id\":\"https:\\\/\\\/www.pelastusopisto.fi\\\/sv\\\/#organization\",\"name\":\"Pelastusopisto\",\"url\":\"https:\\\/\\\/www.pelastusopisto.fi\\\/sv\\\/\",\"logo\":{\"@type\":\"ImageObject\",\"inLanguage\":\"sv-SE\",\"@id\":\"https:\\\/\\\/www.pelastusopisto.fi\\\/sv\\\/#\\\/schema\\\/logo\\\/image\\\/\",\"url\":\"https:\\\/\\\/www.pelastusopisto.fi\\\/wp-content\\\/uploads\\\/pelastusopisto-logo-net.png\",\"contentUrl\":\"https:\\\/\\\/www.pelastusopisto.fi\\\/wp-content\\\/uploads\\\/pelastusopisto-logo-net.png\",\"width\":387,\"height\":71,\"caption\":\"Pelastusopisto\"},\"image\":{\"@id\":\"https:\\\/\\\/www.pelastusopisto.fi\\\/sv\\\/#\\\/schema\\\/logo\\\/image\\\/\"},\"sameAs\":[\"https:\\\/\\\/www.facebook.com\\\/Pelastusopisto\\\/\",\"https:\\\/\\\/x.com\\\/Pelastusopisto\",\"https:\\\/\\\/www.instagram.com\\\/pelastusopisto\\\/\",\"https:\\\/\\\/fi.linkedin.com\\\/school\\\/pelastusopisto\\\/\",\"https:\\\/\\\/www.youtube.com\\\/channel\\\/UCQjXYneFsnDYnJtZBfr9Ajg\"]}]}<\/script>\n<!-- \/ Yoast SEO plugin. -->","yoast_head_json":{"title":"R\u00e4ddningsinstitutets krypterade e-post - R\u00e4ddningsinstitutet","description":"Med krypterad e-post kan du skicka ett meddelande konfidentiellt till R\u00e4ddningsinstitutet. Krypterad e-post \u00e4r avsedd f\u00f6r situationer d\u00e4r sj\u00e4lva meddelandet eller dess bilagor inneh\u00e5ller sekretessbelagda uppgifter eller personuppgifter (t.ex. personbeteckning).","robots":{"index":"index","follow":"follow","max-snippet":"max-snippet:-1","max-image-preview":"max-image-preview:large","max-video-preview":"max-video-preview:-1"},"canonical":"https:\/\/www.pelastusopisto.fi\/sv\/kontaktuppgifter\/raddningsinstitutets-krypterade-e-post\/","og_locale":"sv_SE","og_type":"article","og_title":"R\u00e4ddningsinstitutets krypterade e-post - R\u00e4ddningsinstitutet","og_description":"Med krypterad e-post kan du skicka ett meddelande konfidentiellt till R\u00e4ddningsinstitutet. Krypterad e-post \u00e4r avsedd f\u00f6r situationer d\u00e4r sj\u00e4lva meddelandet eller dess bilagor inneh\u00e5ller sekretessbelagda uppgifter eller personuppgifter (t.ex. personbeteckning).","og_url":"https:\/\/www.pelastusopisto.fi\/sv\/kontaktuppgifter\/raddningsinstitutets-krypterade-e-post\/","og_site_name":"Pelastusopisto","article_publisher":"https:\/\/www.facebook.com\/Pelastusopisto\/","article_modified_time":"2024-02-23T08:52:36+00:00","og_image":[{"width":900,"height":600,"url":"https:\/\/www.pelastusopisto.fi\/wp-content\/uploads\/placeholder.png","type":"image\/png"}],"twitter_card":"summary_large_image","twitter_site":"@Pelastusopisto","twitter_misc":{"Ber\u00e4knad l\u00e4stid":"4 minuter"},"schema":{"@context":"https:\/\/schema.org","@graph":[{"@type":"WebPage","@id":"https:\/\/www.pelastusopisto.fi\/sv\/kontaktuppgifter\/raddningsinstitutets-krypterade-e-post\/","url":"https:\/\/www.pelastusopisto.fi\/sv\/kontaktuppgifter\/raddningsinstitutets-krypterade-e-post\/","name":"R\u00e4ddningsinstitutets krypterade e-post - R\u00e4ddningsinstitutet","isPartOf":{"@id":"https:\/\/www.pelastusopisto.fi\/sv\/#website"},"primaryImageOfPage":{"@id":"https:\/\/www.pelastusopisto.fi\/sv\/kontaktuppgifter\/raddningsinstitutets-krypterade-e-post\/#primaryimage"},"image":{"@id":"https:\/\/www.pelastusopisto.fi\/sv\/kontaktuppgifter\/raddningsinstitutets-krypterade-e-post\/#primaryimage"},"thumbnailUrl":"https:\/\/www.pelastusopisto.fi\/wp-content\/uploads\/placeholder.png","datePublished":"2022-09-21T10:43:50+00:00","dateModified":"2024-02-23T08:52:36+00:00","description":"Med krypterad e-post kan du skicka ett meddelande konfidentiellt till R\u00e4ddningsinstitutet. Krypterad e-post \u00e4r avsedd f\u00f6r situationer d\u00e4r sj\u00e4lva meddelandet eller dess bilagor inneh\u00e5ller sekretessbelagda uppgifter eller personuppgifter (t.ex. personbeteckning).","breadcrumb":{"@id":"https:\/\/www.pelastusopisto.fi\/sv\/kontaktuppgifter\/raddningsinstitutets-krypterade-e-post\/#breadcrumb"},"inLanguage":"sv-SE","potentialAction":[{"@type":"ReadAction","target":["https:\/\/www.pelastusopisto.fi\/sv\/kontaktuppgifter\/raddningsinstitutets-krypterade-e-post\/"]}]},{"@type":"ImageObject","inLanguage":"sv-SE","@id":"https:\/\/www.pelastusopisto.fi\/sv\/kontaktuppgifter\/raddningsinstitutets-krypterade-e-post\/#primaryimage","url":"https:\/\/www.pelastusopisto.fi\/wp-content\/uploads\/placeholder.png","contentUrl":"https:\/\/www.pelastusopisto.fi\/wp-content\/uploads\/placeholder.png","width":900,"height":600},{"@type":"BreadcrumbList","@id":"https:\/\/www.pelastusopisto.fi\/sv\/kontaktuppgifter\/raddningsinstitutets-krypterade-e-post\/#breadcrumb","itemListElement":[{"@type":"ListItem","position":1,"name":"Home","item":"https:\/\/www.pelastusopisto.fi\/sv\/"},{"@type":"ListItem","position":2,"name":"Kontaktuppgifter","item":"https:\/\/www.pelastusopisto.fi\/sv\/kontaktuppgifter\/"},{"@type":"ListItem","position":3,"name":"R\u00e4ddningsinstitutets krypterade e-post"}]},{"@type":"WebSite","@id":"https:\/\/www.pelastusopisto.fi\/sv\/#website","url":"https:\/\/www.pelastusopisto.fi\/sv\/","name":"Pelastusopisto","description":"","publisher":{"@id":"https:\/\/www.pelastusopisto.fi\/sv\/#organization"},"potentialAction":[{"@type":"SearchAction","target":{"@type":"EntryPoint","urlTemplate":"https:\/\/www.pelastusopisto.fi\/sv\/?s={search_term_string}"},"query-input":{"@type":"PropertyValueSpecification","valueRequired":true,"valueName":"search_term_string"}}],"inLanguage":"sv-SE"},{"@type":"Organization","@id":"https:\/\/www.pelastusopisto.fi\/sv\/#organization","name":"Pelastusopisto","url":"https:\/\/www.pelastusopisto.fi\/sv\/","logo":{"@type":"ImageObject","inLanguage":"sv-SE","@id":"https:\/\/www.pelastusopisto.fi\/sv\/#\/schema\/logo\/image\/","url":"https:\/\/www.pelastusopisto.fi\/wp-content\/uploads\/pelastusopisto-logo-net.png","contentUrl":"https:\/\/www.pelastusopisto.fi\/wp-content\/uploads\/pelastusopisto-logo-net.png","width":387,"height":71,"caption":"Pelastusopisto"},"image":{"@id":"https:\/\/www.pelastusopisto.fi\/sv\/#\/schema\/logo\/image\/"},"sameAs":["https:\/\/www.facebook.com\/Pelastusopisto\/","https:\/\/x.com\/Pelastusopisto","https:\/\/www.instagram.com\/pelastusopisto\/","https:\/\/fi.linkedin.com\/school\/pelastusopisto\/","https:\/\/www.youtube.com\/channel\/UCQjXYneFsnDYnJtZBfr9Ajg"]}]}},"featured_image_src":"https:\/\/www.pelastusopisto.fi\/wp-content\/uploads\/placeholder-600x400.png","featured_image_src_square":"https:\/\/www.pelastusopisto.fi\/wp-content\/uploads\/placeholder-600x600.png","_links":{"self":[{"href":"https:\/\/www.pelastusopisto.fi\/sv\/wp-json\/wp\/v2\/pages\/66350","targetHints":{"allow":["GET"]}}],"collection":[{"href":"https:\/\/www.pelastusopisto.fi\/sv\/wp-json\/wp\/v2\/pages"}],"about":[{"href":"https:\/\/www.pelastusopisto.fi\/sv\/wp-json\/wp\/v2\/types\/page"}],"author":[{"embeddable":true,"href":"https:\/\/www.pelastusopisto.fi\/sv\/wp-json\/wp\/v2\/users\/1"}],"replies":[{"embeddable":true,"href":"https:\/\/www.pelastusopisto.fi\/sv\/wp-json\/wp\/v2\/comments?post=66350"}],"version-history":[{"count":3,"href":"https:\/\/www.pelastusopisto.fi\/sv\/wp-json\/wp\/v2\/pages\/66350\/revisions"}],"predecessor-version":[{"id":69498,"href":"https:\/\/www.pelastusopisto.fi\/sv\/wp-json\/wp\/v2\/pages\/66350\/revisions\/69498"}],"up":[{"embeddable":true,"href":"https:\/\/www.pelastusopisto.fi\/sv\/wp-json\/wp\/v2\/pages\/58948"}],"wp:featuredmedia":[{"embeddable":true,"href":"https:\/\/www.pelastusopisto.fi\/sv\/wp-json\/wp\/v2\/media\/43998"}],"wp:attachment":[{"href":"https:\/\/www.pelastusopisto.fi\/sv\/wp-json\/wp\/v2\/media?parent=66350"}],"curies":[{"name":"wp","href":"https:\/\/api.w.org\/{rel}","templated":true}]}}