{"id":66338,"date":"2022-09-21T13:43:33","date_gmt":"2022-09-21T10:43:33","guid":{"rendered":"https:\/\/www.pelastusopisto.fi\/kontaktuppgifter\/kartat-ja-ajo-ohjeet\/"},"modified":"2024-02-23T10:49:54","modified_gmt":"2024-02-23T08:49:54","slug":"kartor-och-koranvisningar","status":"publish","type":"page","link":"https:\/\/www.pelastusopisto.fi\/sv\/kontaktuppgifter\/kartor-och-koranvisningar\/","title":{"rendered":"Kartor och k\u00f6ranvisningar"},"content":{"rendered":"\n<section id=\"gm87a37dc\" class=\"wp-block-gutentor-m3 alignfull section-gm87a37dc gutentor-module gutentor-container-cover has-image-bg has-custom-bg g-valign-b-mobile g-valign-b-tablet g-valign-b-desktop inner-banner-section\"><div class=\"grid-container gutentor-rm-ct-space-d gutentor-rm-ct-space-t gutentor-rm-ct-space\">\n<section id=\"gmf36f7c5\" class=\"wp-block-gutentor-m4 alignfull section-gmf36f7c5 gutentor-module gutentor-advanced-columns has-color-bg has-custom-bg headercolumn\"><div class=\"grid-container\"><div class=\"grid-row\">\n<div id=\"col-gmdce9e2\" class=\"wp-block-gutentor-m4-col col-gmdce9e2 gutentor-single-column  grid-lg-12 grid-md-12 grid-12\"><div id=\"section-gmdce9e2\" class=\"section-gmdce9e2 gutentor-col-wrap\">\n<div id=\"section-gb3090a\" class=\"wp-block-gutentor-e1 section-gb3090a gutentor-element gutentor-element-advanced-text gutentor-adv-text-enabled-width header\"><div class=\"gutentor-text-wrap\"><h1 class=\"gutentor-text\">Kartor och k\u00f6ranvisningar<\/h1><\/div><\/div>\n<\/div><\/div>\n<\/div><\/div><\/section>\n<\/div><\/section>\n\n\n\n<section id=\"gma57a999\" class=\"wp-block-gutentor-m3 alignfull section-gma57a999 gutentor-module gutentor-container-cover murut-ja-teksti\"><div class=\"grid-container gutentor-rm-ct-space-d gutentor-rm-ct-space-t gutentor-rm-ct-space\">\n<section id=\"gme9eb94a\" class=\"wp-block-gutentor-m4 section-gme9eb94a gutentor-module gutentor-advanced-columns\"><div class=\"grid-container\"><div class=\"grid-row\">\n<div id=\"col-gmf4d484\" class=\"wp-block-gutentor-m4-col col-gmf4d484 gutentor-single-column  grid-lg-12 grid-md-12 grid-12\"><div id=\"section-gmf4d484\" class=\"section-gmf4d484 gutentor-col-wrap\">\n<section id=\"g9c7829\" class=\"wp-block-gutentor-m9 section-g9c7829 gutentor-module gutentor-module-form-wrapper\"><div class=\"grid-container gutentor-rm-ct-space-d gutentor-rm-ct-space-t gutentor-rm-ct-space\">\n<div class=\"breadcrumb_section\"><ul id=\"breadcrumbs\" class=\"breadcrumbs\"><li class=\"item-home\"><a class=\"bread-link bread-home\" href=\"https:\/\/www.pelastusopisto.fi\/sv\/\"\n                title=\"Framsida\">Framsida<\/a><\/li><li class=\"separator separator-home\">  <\/li><\/ul><\/div>\n<\/div><\/section>\n\n\n\n<h2 class=\"wp-block-heading\">Ankomst till R\u00e4ddningsinstitutet<\/h2>\n\n\n\n<div id=\"section-g632564\" class=\"wp-block-gutentor-e0 section-g632564 gutentor-element gutentor-element-advanced-text\"><div class=\"gutentor-text-wrap\"><p class=\"gutentor-text\">R\u00e4ddningsinstitutet finns p\u00e5 adressen Hulkontie 83, 70820 Kuopio. Om du anl\u00e4nder med bil ska du parkera bilen p\u00e5 g\u00e4stparkeringsomr\u00e5det och h\u00e4mta en parkeringstillst\u00e5ndslapp fr\u00e5n receptionen. Receptionen finns i A-byggnaden till h\u00f6ger om huvuding\u00e5ngen (se bilden punkt A2).<br><br>Parkeringstillst\u00e5ndslappen ska placeras s\u00e5 att den syns genom vindrutan. P\u00e5 s\u00e5 s\u00e4tt undviker du felparkeringsavgift. Om parkeringsomr\u00e5det \u00e4r fullt kan man ocks\u00e5 parkera bilen l\u00e4ngs v\u00e4gen Letkukaari mittemot R\u00e4ddningsinstitutet.<br><br>De studerandes parkeringsutrymmen finns bakom huvudbyggnaden.<\/p><\/div><\/div>\n<\/div><\/div>\n<\/div><\/div><\/section>\n<\/div><\/section>\n\n\n\n<section id=\"gmaab83c5\" class=\"wp-block-gutentor-m3 alignfull section-gmaab83c5 gutentor-module gutentor-container-cover fullwidth-image\"><div class=\"grid-container\">\n<div id=\"section-g9034c7\" class=\"wp-block-gutentor-e6 section-g9034c7 gutentor-element gutentor-element-image\"><div class=\"gutentor-element-image-box\"><div class=\"gutentor-image-thumb\"><img decoding=\"async\" class=\"normal-image\" src=\"https:\/\/www.pelastusopisto.fi\/wp-content\/uploads\/karttakuva-levea-ilman-infoja-1.jpg\" alt=\"Pelastusopiston kampusalueen kartta\" \/><\/div><\/div><\/div>\n<\/div><\/section>\n\n\n\n<section id=\"gmcbc7d5e\" class=\"wp-block-gutentor-m3 alignfull section-gmcbc7d5e gutentor-module gutentor-container-cover has-color-bg has-custom-bg 3-tekstipalstaa\"><div class=\"grid-container\">\n<section id=\"gm31df79a\" class=\"wp-block-gutentor-m3 alignfull section-gm31df79a gutentor-module gutentor-container-cover has-color-bg has-custom-bg teksti-harmaa\"><div class=\"grid-container\">\n<section id=\"gm425e7a4\" class=\"wp-block-gutentor-m4 section-gm425e7a4 gutentor-module gutentor-advanced-columns\"><div class=\"grid-container\"><div class=\"grid-row\">\n<div id=\"col-gm73e8c9\" class=\"wp-block-gutentor-m4-col col-gm73e8c9 gutentor-single-column  grid-lg-12 grid-md-12 grid-12\"><div id=\"section-gm73e8c9\" class=\"section-gm73e8c9 gutentor-col-wrap\">\n<h2 class=\"wp-block-heading\">Kartf\u00f6rklaringar<\/h2>\n<\/div><\/div>\n<\/div><\/div><\/section>\n<\/div><\/section>\n\n\n\n<section id=\"gm3fcfb06\" class=\"wp-block-gutentor-m4 section-gm3fcfb06 gutentor-module gutentor-advanced-columns\"><div class=\"grid-container\"><div class=\"grid-row\">\n<div id=\"col-gmddd1e8\" class=\"wp-block-gutentor-m4-col col-gmddd1e8 gutentor-single-column  grid-lg-4 grid-md-12 grid-12\"><div id=\"section-gmddd1e8\" class=\"section-gmddd1e8 gutentor-col-wrap\">\n<div id=\"section-gcc47b2\" class=\"wp-block-gutentor-e0 section-gcc47b2 gutentor-element gutentor-element-advanced-text\"><div class=\"gutentor-text-wrap\"><p class=\"gutentor-text\"><strong>A-byggnaden \u00e4r huvudbyggnaden.<\/strong> P\u00e5 byggnadens v\u00e4nstra sida finns matsalen Tulikukko och i nedre v\u00e5ningen finns en gymnastiksal. I byggnadens h\u00f6gra flygel finns en materielhall. I byggnaden finns ocks\u00e5 en studiebyr\u00e5, klass- och undervisningsutrymmen, ett bibliotek samt kontorsutrymmen f\u00f6r f\u00f6rvaltningen.<br><\/p><\/div><\/div>\n<\/div><\/div>\n\n\n\n<div id=\"col-gm010ec1\" class=\"wp-block-gutentor-m4-col col-gm010ec1 gutentor-single-column  grid-lg-4 grid-md-12 grid-12 3-teksti-mobi\"><div id=\"section-gm010ec1\" class=\"section-gm010ec1 gutentor-col-wrap\">\n<div id=\"section-gba3641\" class=\"wp-block-gutentor-e0 section-gba3641 gutentor-element gutentor-element-advanced-text\"><div class=\"gutentor-text-wrap\"><p class=\"gutentor-text\">A1: Huvuding\u00e5ng<br>A2: Infopunkten i entr\u00e9hallen<br>A3: Studiebyr\u00e5n<br>A4: Biblioteket<br>A5: Materielhall och central lager<br><br>B-byggnaden, d\u00e4r det finns klassrum och arbetsrum<\/p><\/div><\/div>\n<\/div><\/div>\n\n\n\n<div id=\"col-gm842242\" class=\"wp-block-gutentor-m4-col col-gm842242 gutentor-single-column  grid-lg-4 grid-md-12 grid-12\"><div id=\"section-gm842242\" class=\"section-gm842242 gutentor-col-wrap\">\n<div id=\"section-g30563f\" class=\"wp-block-gutentor-e1 section-g30563f gutentor-element gutentor-element-advanced-text\"><div class=\"gutentor-text-wrap\"><p class=\"gutentor-text\">C: Internat f\u00f6r studerande<br>D: Tv\u00e4ttplats f\u00f6r bilar<br>E: Parkeringshall f\u00f6r bilar p\u00e5 de tv\u00e5 nedersta v\u00e5ningarna och kurshotellet p\u00e5 f\u00f6rsta v\u00e5ningen<br>E1: Ing\u00e5ngen till kurshotellet<br><br>F-byggnaden, d\u00e4r det finns klassrum och arbetsrum<\/p><\/div><\/div>\n<\/div><\/div>\n<\/div><\/div><\/section>\n<\/div><\/section>\n\n\n\n<section id=\"gma4b39a9\" class=\"wp-block-gutentor-m3 alignfull section-gma4b39a9 gutentor-module gutentor-container-cover has-color-bg has-custom-bg section_content_image teksti-ja-kuva\"><div class=\"grid-container\">\n<section id=\"gmb4cc68d\" class=\"wp-block-gutentor-m4 alignfull section-gmb4cc68d gutentor-module gutentor-advanced-columns\"><div class=\"grid-container\"><div class=\"grid-row\">\n<div id=\"col-gm5c770e\" class=\"wp-block-gutentor-m4-col col-gm5c770e gutentor-single-column  grid-lg-6 grid-md-6 grid-12 content_left_side\"><div id=\"section-gm5c770e\" class=\"section-gm5c770e gutentor-col-wrap\">\n<div id=\"section-gc8e17f\" class=\"wp-block-gutentor-e1 section-gc8e17f gutentor-element gutentor-element-advanced-text\"><div class=\"gutentor-text-wrap\"><h2 class=\"gutentor-text\">K\u00f6ranvisning<\/h2><\/div><\/div>\n\n\n\n<div id=\"section-g723649\" class=\"wp-block-gutentor-e1 section-g723649 gutentor-element gutentor-element-advanced-text\"><div class=\"gutentor-text-wrap\"><p class=\"gutentor-text\"><strong>Ankomst s\u00f6derifr\u00e5n<\/strong><br>Sv\u00e4ng fr\u00e5n rampen \u201dPitk\u00e4lahti\u201d p\u00e5 riksv\u00e4g 5 (E65) till h\u00f6ger och sedan till h\u00f6ger till v\u00e4g 553. K\u00f6r cirka 400 meter till rondellen vid ABC och sv\u00e4ng in p\u00e5 v\u00e4gen Hulkontie. K\u00f6r cirka 3 km l\u00e4ngs Hulkontie och R\u00e4ddningsinstitutet \u00e4r till h\u00f6ger.<br><br><strong>Ankomst norrifr\u00e5n<\/strong><br>Sv\u00e4ng fr\u00e5n rampen \u201dPetonen\/Saaristokaupunki\u201d p\u00e5 riksv\u00e4g 5 (E65) till h\u00f6ger och k\u00f6r cirka 2,2 km l\u00e4ngs Petosentie. Sv\u00e4ng h\u00f6ger vid korsningen till Hulkontie och R\u00e4ddningsinstitutet \u00e4r till v\u00e4nster.<\/p><\/div><\/div>\n\n\n\n<div id=\"section-g6b6c1c\" class=\"wp-block-gutentor-e2 section-g6b6c1c gutentor-element gutentor-element-button\"><span class=\"gutentor-button-wrap\"><a class=\"gutentor-button gutentor-block-button gutentor-icon-before\" href=\"\/sv\/kontaktuppgifter\/\"><i class=\"gutentor-button-icon fas fa-chevron-right\"><\/i><span><strong>Kontaktuppgifter<\/strong><\/span><\/a><\/span><\/div>\n<\/div><\/div>\n\n\n\n<div id=\"col-gm02e066\" class=\"wp-block-gutentor-m4-col col-gm02e066 gutentor-single-column  grid-lg-6 grid-md-6 grid-12 section_image\"><div id=\"section-gm02e066\" class=\"section-gm02e066 gutentor-col-wrap\">\n<iframe src=\"https:\/\/www.google.com\/maps\/embed?pb=!1m18!1m12!1m3!1d1821.4959634989314!2d27.651193900948538!3d62.836188894756695!2m3!1f0!2f0!3f0!3m2!1i1024!2i768!4f13.1!3m3!1m2!1s0x4684b7253e444759%3A0x84544d1a63a028b5!2sPelastusopisto!5e0!3m2!1sfi!2sfi!4v1644912270522!5m2!1sfi!2sfi\" style=\"border:0\" allowfullscreen=\"\" loading=\"lazy\" width=\"100%\" height=\"510\"><\/iframe>\n<\/div><\/div>\n<\/div><\/div><\/section>\n<\/div><\/section>\n","protected":false},"excerpt":{"rendered":"","protected":false},"author":1,"featured_media":43998,"parent":58948,"menu_order":0,"comment_status":"closed","ping_status":"closed","template":"","meta":{"_acf_changed":false,"_genesis_hide_title":false,"_genesis_hide_breadcrumbs":false,"_genesis_hide_singular_image":false,"_genesis_hide_footer_widgets":false,"_genesis_custom_body_class":"","_genesis_custom_post_class":"","_genesis_layout":"","footnotes":""},"class_list":{"0":"post-66338","1":"page","2":"type-page","3":"status-publish","4":"has-post-thumbnail","6":"entry"},"acf":[],"yoast_head":"<!-- This site is optimized with the Yoast SEO plugin v27.4 - https:\/\/yoast.com\/product\/yoast-seo-wordpress\/ -->\n<title>Kartor och k\u00f6ranvisningar - R\u00e4ddningsinstitutet<\/title>\n<meta name=\"description\" content=\"R\u00e4ddningsinstitutet finns p\u00e5 adressen Hulkontie 83, 70820 Kuopio. Om du anl\u00e4nder med bil ska du parkera bilen p\u00e5 g\u00e4stparkeringsomr\u00e5det och h\u00e4mta en parkeringstillst\u00e5ndslapp fr\u00e5n receptionen.\" \/>\n<meta name=\"robots\" content=\"index, follow, max-snippet:-1, max-image-preview:large, max-video-preview:-1\" \/>\n<link rel=\"canonical\" href=\"https:\/\/www.pelastusopisto.fi\/sv\/kontaktuppgifter\/kartor-och-koranvisningar\/\" \/>\n<meta property=\"og:locale\" content=\"sv_SE\" \/>\n<meta property=\"og:type\" content=\"article\" \/>\n<meta property=\"og:title\" content=\"Kartor och k\u00f6ranvisningar - R\u00e4ddningsinstitutet\" \/>\n<meta property=\"og:description\" content=\"R\u00e4ddningsinstitutet finns p\u00e5 adressen Hulkontie 83, 70820 Kuopio. Om du anl\u00e4nder med bil ska du parkera bilen p\u00e5 g\u00e4stparkeringsomr\u00e5det och h\u00e4mta en parkeringstillst\u00e5ndslapp fr\u00e5n receptionen.\" \/>\n<meta property=\"og:url\" content=\"https:\/\/www.pelastusopisto.fi\/sv\/kontaktuppgifter\/kartor-och-koranvisningar\/\" \/>\n<meta property=\"og:site_name\" content=\"Pelastusopisto\" \/>\n<meta property=\"article:publisher\" content=\"https:\/\/www.facebook.com\/Pelastusopisto\/\" \/>\n<meta property=\"article:modified_time\" content=\"2024-02-23T08:49:54+00:00\" \/>\n<meta property=\"og:image\" content=\"https:\/\/www.pelastusopisto.fi\/wp-content\/uploads\/placeholder.png\" \/>\n\t<meta property=\"og:image:width\" content=\"900\" \/>\n\t<meta property=\"og:image:height\" content=\"600\" \/>\n\t<meta property=\"og:image:type\" content=\"image\/png\" \/>\n<meta name=\"twitter:card\" content=\"summary_large_image\" \/>\n<meta name=\"twitter:site\" content=\"@Pelastusopisto\" \/>\n<meta name=\"twitter:label1\" content=\"Ber\u00e4knad l\u00e4stid\" \/>\n\t<meta name=\"twitter:data1\" content=\"2 minuter\" \/>\n<script type=\"application\/ld+json\" class=\"yoast-schema-graph\">{\"@context\":\"https:\\\/\\\/schema.org\",\"@graph\":[{\"@type\":\"WebPage\",\"@id\":\"https:\\\/\\\/www.pelastusopisto.fi\\\/sv\\\/kontaktuppgifter\\\/kartor-och-koranvisningar\\\/\",\"url\":\"https:\\\/\\\/www.pelastusopisto.fi\\\/sv\\\/kontaktuppgifter\\\/kartor-och-koranvisningar\\\/\",\"name\":\"Kartor och k\u00f6ranvisningar - R\u00e4ddningsinstitutet\",\"isPartOf\":{\"@id\":\"https:\\\/\\\/www.pelastusopisto.fi\\\/sv\\\/#website\"},\"primaryImageOfPage\":{\"@id\":\"https:\\\/\\\/www.pelastusopisto.fi\\\/sv\\\/kontaktuppgifter\\\/kartor-och-koranvisningar\\\/#primaryimage\"},\"image\":{\"@id\":\"https:\\\/\\\/www.pelastusopisto.fi\\\/sv\\\/kontaktuppgifter\\\/kartor-och-koranvisningar\\\/#primaryimage\"},\"thumbnailUrl\":\"https:\\\/\\\/www.pelastusopisto.fi\\\/wp-content\\\/uploads\\\/placeholder.png\",\"datePublished\":\"2022-09-21T10:43:33+00:00\",\"dateModified\":\"2024-02-23T08:49:54+00:00\",\"description\":\"R\u00e4ddningsinstitutet finns p\u00e5 adressen Hulkontie 83, 70820 Kuopio. Om du anl\u00e4nder med bil ska du parkera bilen p\u00e5 g\u00e4stparkeringsomr\u00e5det och h\u00e4mta en parkeringstillst\u00e5ndslapp fr\u00e5n receptionen.\",\"breadcrumb\":{\"@id\":\"https:\\\/\\\/www.pelastusopisto.fi\\\/sv\\\/kontaktuppgifter\\\/kartor-och-koranvisningar\\\/#breadcrumb\"},\"inLanguage\":\"sv-SE\",\"potentialAction\":[{\"@type\":\"ReadAction\",\"target\":[\"https:\\\/\\\/www.pelastusopisto.fi\\\/sv\\\/kontaktuppgifter\\\/kartor-och-koranvisningar\\\/\"]}]},{\"@type\":\"ImageObject\",\"inLanguage\":\"sv-SE\",\"@id\":\"https:\\\/\\\/www.pelastusopisto.fi\\\/sv\\\/kontaktuppgifter\\\/kartor-och-koranvisningar\\\/#primaryimage\",\"url\":\"https:\\\/\\\/www.pelastusopisto.fi\\\/wp-content\\\/uploads\\\/placeholder.png\",\"contentUrl\":\"https:\\\/\\\/www.pelastusopisto.fi\\\/wp-content\\\/uploads\\\/placeholder.png\",\"width\":900,\"height\":600},{\"@type\":\"BreadcrumbList\",\"@id\":\"https:\\\/\\\/www.pelastusopisto.fi\\\/sv\\\/kontaktuppgifter\\\/kartor-och-koranvisningar\\\/#breadcrumb\",\"itemListElement\":[{\"@type\":\"ListItem\",\"position\":1,\"name\":\"Home\",\"item\":\"https:\\\/\\\/www.pelastusopisto.fi\\\/sv\\\/\"},{\"@type\":\"ListItem\",\"position\":2,\"name\":\"Kontaktuppgifter\",\"item\":\"https:\\\/\\\/www.pelastusopisto.fi\\\/sv\\\/kontaktuppgifter\\\/\"},{\"@type\":\"ListItem\",\"position\":3,\"name\":\"Kartor och k\u00f6ranvisningar\"}]},{\"@type\":\"WebSite\",\"@id\":\"https:\\\/\\\/www.pelastusopisto.fi\\\/sv\\\/#website\",\"url\":\"https:\\\/\\\/www.pelastusopisto.fi\\\/sv\\\/\",\"name\":\"Pelastusopisto\",\"description\":\"\",\"publisher\":{\"@id\":\"https:\\\/\\\/www.pelastusopisto.fi\\\/sv\\\/#organization\"},\"potentialAction\":[{\"@type\":\"SearchAction\",\"target\":{\"@type\":\"EntryPoint\",\"urlTemplate\":\"https:\\\/\\\/www.pelastusopisto.fi\\\/sv\\\/?s={search_term_string}\"},\"query-input\":{\"@type\":\"PropertyValueSpecification\",\"valueRequired\":true,\"valueName\":\"search_term_string\"}}],\"inLanguage\":\"sv-SE\"},{\"@type\":\"Organization\",\"@id\":\"https:\\\/\\\/www.pelastusopisto.fi\\\/sv\\\/#organization\",\"name\":\"Pelastusopisto\",\"url\":\"https:\\\/\\\/www.pelastusopisto.fi\\\/sv\\\/\",\"logo\":{\"@type\":\"ImageObject\",\"inLanguage\":\"sv-SE\",\"@id\":\"https:\\\/\\\/www.pelastusopisto.fi\\\/sv\\\/#\\\/schema\\\/logo\\\/image\\\/\",\"url\":\"https:\\\/\\\/www.pelastusopisto.fi\\\/wp-content\\\/uploads\\\/pelastusopisto-logo-net.png\",\"contentUrl\":\"https:\\\/\\\/www.pelastusopisto.fi\\\/wp-content\\\/uploads\\\/pelastusopisto-logo-net.png\",\"width\":387,\"height\":71,\"caption\":\"Pelastusopisto\"},\"image\":{\"@id\":\"https:\\\/\\\/www.pelastusopisto.fi\\\/sv\\\/#\\\/schema\\\/logo\\\/image\\\/\"},\"sameAs\":[\"https:\\\/\\\/www.facebook.com\\\/Pelastusopisto\\\/\",\"https:\\\/\\\/x.com\\\/Pelastusopisto\",\"https:\\\/\\\/www.instagram.com\\\/pelastusopisto\\\/\",\"https:\\\/\\\/fi.linkedin.com\\\/school\\\/pelastusopisto\\\/\",\"https:\\\/\\\/www.youtube.com\\\/channel\\\/UCQjXYneFsnDYnJtZBfr9Ajg\"]}]}<\/script>\n<!-- \/ Yoast SEO plugin. -->","yoast_head_json":{"title":"Kartor och k\u00f6ranvisningar - R\u00e4ddningsinstitutet","description":"R\u00e4ddningsinstitutet finns p\u00e5 adressen Hulkontie 83, 70820 Kuopio. Om du anl\u00e4nder med bil ska du parkera bilen p\u00e5 g\u00e4stparkeringsomr\u00e5det och h\u00e4mta en parkeringstillst\u00e5ndslapp fr\u00e5n receptionen.","robots":{"index":"index","follow":"follow","max-snippet":"max-snippet:-1","max-image-preview":"max-image-preview:large","max-video-preview":"max-video-preview:-1"},"canonical":"https:\/\/www.pelastusopisto.fi\/sv\/kontaktuppgifter\/kartor-och-koranvisningar\/","og_locale":"sv_SE","og_type":"article","og_title":"Kartor och k\u00f6ranvisningar - R\u00e4ddningsinstitutet","og_description":"R\u00e4ddningsinstitutet finns p\u00e5 adressen Hulkontie 83, 70820 Kuopio. Om du anl\u00e4nder med bil ska du parkera bilen p\u00e5 g\u00e4stparkeringsomr\u00e5det och h\u00e4mta en parkeringstillst\u00e5ndslapp fr\u00e5n receptionen.","og_url":"https:\/\/www.pelastusopisto.fi\/sv\/kontaktuppgifter\/kartor-och-koranvisningar\/","og_site_name":"Pelastusopisto","article_publisher":"https:\/\/www.facebook.com\/Pelastusopisto\/","article_modified_time":"2024-02-23T08:49:54+00:00","og_image":[{"width":900,"height":600,"url":"https:\/\/www.pelastusopisto.fi\/wp-content\/uploads\/placeholder.png","type":"image\/png"}],"twitter_card":"summary_large_image","twitter_site":"@Pelastusopisto","twitter_misc":{"Ber\u00e4knad l\u00e4stid":"2 minuter"},"schema":{"@context":"https:\/\/schema.org","@graph":[{"@type":"WebPage","@id":"https:\/\/www.pelastusopisto.fi\/sv\/kontaktuppgifter\/kartor-och-koranvisningar\/","url":"https:\/\/www.pelastusopisto.fi\/sv\/kontaktuppgifter\/kartor-och-koranvisningar\/","name":"Kartor och k\u00f6ranvisningar - R\u00e4ddningsinstitutet","isPartOf":{"@id":"https:\/\/www.pelastusopisto.fi\/sv\/#website"},"primaryImageOfPage":{"@id":"https:\/\/www.pelastusopisto.fi\/sv\/kontaktuppgifter\/kartor-och-koranvisningar\/#primaryimage"},"image":{"@id":"https:\/\/www.pelastusopisto.fi\/sv\/kontaktuppgifter\/kartor-och-koranvisningar\/#primaryimage"},"thumbnailUrl":"https:\/\/www.pelastusopisto.fi\/wp-content\/uploads\/placeholder.png","datePublished":"2022-09-21T10:43:33+00:00","dateModified":"2024-02-23T08:49:54+00:00","description":"R\u00e4ddningsinstitutet finns p\u00e5 adressen Hulkontie 83, 70820 Kuopio. Om du anl\u00e4nder med bil ska du parkera bilen p\u00e5 g\u00e4stparkeringsomr\u00e5det och h\u00e4mta en parkeringstillst\u00e5ndslapp fr\u00e5n receptionen.","breadcrumb":{"@id":"https:\/\/www.pelastusopisto.fi\/sv\/kontaktuppgifter\/kartor-och-koranvisningar\/#breadcrumb"},"inLanguage":"sv-SE","potentialAction":[{"@type":"ReadAction","target":["https:\/\/www.pelastusopisto.fi\/sv\/kontaktuppgifter\/kartor-och-koranvisningar\/"]}]},{"@type":"ImageObject","inLanguage":"sv-SE","@id":"https:\/\/www.pelastusopisto.fi\/sv\/kontaktuppgifter\/kartor-och-koranvisningar\/#primaryimage","url":"https:\/\/www.pelastusopisto.fi\/wp-content\/uploads\/placeholder.png","contentUrl":"https:\/\/www.pelastusopisto.fi\/wp-content\/uploads\/placeholder.png","width":900,"height":600},{"@type":"BreadcrumbList","@id":"https:\/\/www.pelastusopisto.fi\/sv\/kontaktuppgifter\/kartor-och-koranvisningar\/#breadcrumb","itemListElement":[{"@type":"ListItem","position":1,"name":"Home","item":"https:\/\/www.pelastusopisto.fi\/sv\/"},{"@type":"ListItem","position":2,"name":"Kontaktuppgifter","item":"https:\/\/www.pelastusopisto.fi\/sv\/kontaktuppgifter\/"},{"@type":"ListItem","position":3,"name":"Kartor och k\u00f6ranvisningar"}]},{"@type":"WebSite","@id":"https:\/\/www.pelastusopisto.fi\/sv\/#website","url":"https:\/\/www.pelastusopisto.fi\/sv\/","name":"Pelastusopisto","description":"","publisher":{"@id":"https:\/\/www.pelastusopisto.fi\/sv\/#organization"},"potentialAction":[{"@type":"SearchAction","target":{"@type":"EntryPoint","urlTemplate":"https:\/\/www.pelastusopisto.fi\/sv\/?s={search_term_string}"},"query-input":{"@type":"PropertyValueSpecification","valueRequired":true,"valueName":"search_term_string"}}],"inLanguage":"sv-SE"},{"@type":"Organization","@id":"https:\/\/www.pelastusopisto.fi\/sv\/#organization","name":"Pelastusopisto","url":"https:\/\/www.pelastusopisto.fi\/sv\/","logo":{"@type":"ImageObject","inLanguage":"sv-SE","@id":"https:\/\/www.pelastusopisto.fi\/sv\/#\/schema\/logo\/image\/","url":"https:\/\/www.pelastusopisto.fi\/wp-content\/uploads\/pelastusopisto-logo-net.png","contentUrl":"https:\/\/www.pelastusopisto.fi\/wp-content\/uploads\/pelastusopisto-logo-net.png","width":387,"height":71,"caption":"Pelastusopisto"},"image":{"@id":"https:\/\/www.pelastusopisto.fi\/sv\/#\/schema\/logo\/image\/"},"sameAs":["https:\/\/www.facebook.com\/Pelastusopisto\/","https:\/\/x.com\/Pelastusopisto","https:\/\/www.instagram.com\/pelastusopisto\/","https:\/\/fi.linkedin.com\/school\/pelastusopisto\/","https:\/\/www.youtube.com\/channel\/UCQjXYneFsnDYnJtZBfr9Ajg"]}]}},"featured_image_src":"https:\/\/www.pelastusopisto.fi\/wp-content\/uploads\/placeholder-600x400.png","featured_image_src_square":"https:\/\/www.pelastusopisto.fi\/wp-content\/uploads\/placeholder-600x600.png","_links":{"self":[{"href":"https:\/\/www.pelastusopisto.fi\/sv\/wp-json\/wp\/v2\/pages\/66338","targetHints":{"allow":["GET"]}}],"collection":[{"href":"https:\/\/www.pelastusopisto.fi\/sv\/wp-json\/wp\/v2\/pages"}],"about":[{"href":"https:\/\/www.pelastusopisto.fi\/sv\/wp-json\/wp\/v2\/types\/page"}],"author":[{"embeddable":true,"href":"https:\/\/www.pelastusopisto.fi\/sv\/wp-json\/wp\/v2\/users\/1"}],"replies":[{"embeddable":true,"href":"https:\/\/www.pelastusopisto.fi\/sv\/wp-json\/wp\/v2\/comments?post=66338"}],"version-history":[{"count":5,"href":"https:\/\/www.pelastusopisto.fi\/sv\/wp-json\/wp\/v2\/pages\/66338\/revisions"}],"predecessor-version":[{"id":69495,"href":"https:\/\/www.pelastusopisto.fi\/sv\/wp-json\/wp\/v2\/pages\/66338\/revisions\/69495"}],"up":[{"embeddable":true,"href":"https:\/\/www.pelastusopisto.fi\/sv\/wp-json\/wp\/v2\/pages\/58948"}],"wp:featuredmedia":[{"embeddable":true,"href":"https:\/\/www.pelastusopisto.fi\/sv\/wp-json\/wp\/v2\/media\/43998"}],"wp:attachment":[{"href":"https:\/\/www.pelastusopisto.fi\/sv\/wp-json\/wp\/v2\/media?parent=66338"}],"curies":[{"name":"wp","href":"https:\/\/api.w.org\/{rel}","templated":true}]}}