{"id":66335,"date":"2022-09-21T13:41:28","date_gmt":"2022-09-21T10:41:28","guid":{"rendered":"https:\/\/www.pelastusopisto.fi\/information-om-raddningsinstitutet\/ravintola-tulikukko\/"},"modified":"2025-05-09T16:14:39","modified_gmt":"2025-05-09T13:14:39","slug":"restaurang-tulikukko","status":"publish","type":"page","link":"https:\/\/www.pelastusopisto.fi\/sv\/information-om-raddningsinstitutet\/restaurang-tulikukko\/","title":{"rendered":"Restaurang Tulikukko"},"content":{"rendered":"\n<p><\/p>\n\n\n\n<section id=\"gme574233\" class=\"wp-block-gutentor-m3 alignfull section-gme574233 gutentor-module gutentor-container-cover has-image-bg has-custom-bg g-valign-b-mobile g-valign-b-tablet g-valign-b-desktop inner-banner-section paakuva\"><div class=\"grid-container gutentor-rm-ct-space-d gutentor-rm-ct-space-t gutentor-rm-ct-space\">\n<section id=\"gmceee148\" class=\"wp-block-gutentor-m4 alignfull section-gmceee148 gutentor-module gutentor-advanced-columns has-color-bg has-custom-bg headercolumn\"><div class=\"grid-container\"><div class=\"grid-row\">\n<div id=\"col-gm5919dc\" class=\"wp-block-gutentor-m4-col col-gm5919dc gutentor-single-column  grid-lg-12 grid-md-12 grid-12\"><div id=\"section-gm5919dc\" class=\"section-gm5919dc gutentor-col-wrap\">\n<div id=\"section-g8e270e\" class=\"wp-block-gutentor-e1 section-g8e270e gutentor-element gutentor-element-advanced-text gutentor-adv-text-enabled-width header\"><div class=\"gutentor-text-wrap\"><h1 class=\"gutentor-text\">Restaurang Tulikukko<\/h1><\/div><\/div>\n<\/div><\/div>\n<\/div><\/div><\/section>\n<\/div><\/section>\n\n\n\n<section id=\"gm08b6957\" class=\"wp-block-gutentor-m3 alignfull section-gm08b6957 gutentor-module gutentor-container-cover\"><div class=\"grid-container\">\n<div style=\"height:0px\" aria-hidden=\"true\" class=\"wp-block-spacer\"><\/div>\n\n\n\n<section id=\"gm5d4f6e3\" class=\"wp-block-gutentor-m4 section-gm5d4f6e3 gutentor-module gutentor-advanced-columns\"><div class=\"grid-container\"><div class=\"grid-row\">\n<div id=\"col-gm708c79\" class=\"wp-block-gutentor-m4-col col-gm708c79 gutentor-single-column  grid-lg-12 grid-md-12 grid-12\"><div id=\"section-gm708c79\" class=\"section-gm708c79 gutentor-col-wrap\">\n<div class=\"breadcrumb_section\"><ul id=\"breadcrumbs\" class=\"breadcrumbs\"><li class=\"item-home\"><a class=\"bread-link bread-home\" href=\"https:\/\/www.pelastusopisto.fi\/sv\/\"\n                title=\"Framsida\">Framsida<\/a><\/li><li class=\"separator separator-home\">  <\/li><\/ul><\/div>\n\n\n\n\n<div id=\"section-gb14627\" class=\"wp-block-gutentor-e0 section-gb14627 gutentor-element gutentor-element-advanced-text\"><div class=\"gutentor-text-wrap\"><p class=\"gutentor-text\">Restaurang Tulikukko ligger i Kuopio p\u00e5 R\u00e4ddningsinstitutets campus i A-byggnadens entr\u00e9hall. Vi betj\u00e4nar R\u00e4ddningsinstitutets studerande, deltagare i fortbildning, personal samt R\u00e4ddningsinstitutets g\u00e4ster.<\/p><\/div><\/div>\n<\/div><\/div>\n<\/div><\/div><\/section>\n<\/div><\/section>\n\n\n\n<section id=\"gm381a697\" class=\"wp-block-gutentor-m3 alignfull section-gm381a697 gutentor-module gutentor-container-cover has-color-bg has-custom-bg\"><div class=\"grid-container\">\n<section id=\"gm7deb783\" class=\"wp-block-gutentor-m4 section-gm7deb783 gutentor-module gutentor-advanced-columns\"><div class=\"grid-container\"><div class=\"grid-row\">\n<div id=\"col-gmbb3358\" class=\"wp-block-gutentor-m4-col col-gmbb3358 gutentor-single-column  grid-lg-12 grid-md-12 grid-12\"><div id=\"section-gmbb3358\" class=\"section-gmbb3358 gutentor-col-wrap\">\n<div id=\"section-g6f1362\" class=\"wp-block-gutentor-e1 section-g6f1362 gutentor-element gutentor-element-advanced-text\"><div class=\"gutentor-text-wrap\"><h3 class=\"gutentor-text\">Restaurangen \u00e4r \u00f6ppen:<\/h3><\/div><\/div>\n\n\n\n<div id=\"section-g38938a\" class=\"wp-block-gutentor-e7 section-g38938a gutentor-element gutentor-element-list\"><ul class=\"grid-row gutentor-grid-item-wrap list-style-circle\"><li class=\"gutentor-list-item grid-lg-12 grid-md-12 grid-12\"><span class=\"gutentor-single-item gutentor-single-item-0\"><span class=\"gutentor-list-item-wrap g-s-list-wrap\"><span class=\"gutentor-list-item\"><p class=\"gutentor-single-item-title\">m\u00e5ndagar kl. 7.45\u201317.30<\/p><\/span><\/span><\/span><\/li><li class=\"gutentor-list-item grid-lg-12 grid-md-12 grid-12\"><span class=\"gutentor-single-item gutentor-single-item-1\"><span class=\"gutentor-list-item-wrap g-s-list-wrap\"><span class=\"gutentor-list-item\"><p class=\"gutentor-single-item-title\">tisdag till torsdag kl. 7\u201317<\/p><\/span><\/span><\/span><\/li><li class=\"gutentor-list-item grid-lg-12 grid-md-12 grid-12\"><span class=\"gutentor-single-item gutentor-single-item-2\"><span class=\"gutentor-list-item-wrap g-s-list-wrap\"><span class=\"gutentor-list-item\"><p class=\"gutentor-single-item-title\">fredagar kl. 7\u201314.30<\/p><\/span><\/span><\/span><\/li><\/ul><\/div>\n<\/div><\/div>\n<\/div><\/div><\/section>\n<\/div><\/section>\n\n\n\n<section id=\"gmcce7119\" class=\"wp-block-gutentor-m3 alignfull section-gmcce7119 gutentor-module gutentor-container-cover has-color-bg has-custom-bg\"><div class=\"grid-container\">\n<section id=\"gm91a7d6e\" class=\"wp-block-gutentor-m4 section-gm91a7d6e gutentor-module gutentor-advanced-columns\"><div class=\"grid-container\"><div class=\"grid-row\">\n<div id=\"col-gm076635\" class=\"wp-block-gutentor-m4-col col-gm076635 gutentor-single-column  grid-lg-12 grid-md-12 grid-12\"><div id=\"section-gm076635\" class=\"section-gm076635 gutentor-col-wrap\">\n<div id=\"section-gccdadf\" class=\"wp-block-gutentor-e1 section-gccdadf gutentor-element gutentor-element-advanced-text\"><div class=\"gutentor-text-wrap\"><h2 class=\"gutentor-text\">Dukningar<\/h2><\/div><\/div>\n\n\n\n<div id=\"section-g4fc880\" class=\"wp-block-gutentor-e0 section-g4fc880 gutentor-element gutentor-element-advanced-text\"><div class=\"gutentor-text-wrap\"><h4 class=\"gutentor-text\"><strong>Frukost<\/strong><\/h4><\/div><\/div>\n\n\n\n<div id=\"section-g108a1a\" class=\"wp-block-gutentor-e1 section-g108a1a gutentor-element gutentor-element-advanced-text\"><div class=\"gutentor-text-wrap\"><p class=\"gutentor-text\">B\u00f6rja dagen med en h\u00e4lsosam och n\u00e4ringsrik frukost i Tulikukko.<\/p><\/div><\/div>\n\n\n\n<div id=\"section-g81ae91\" class=\"wp-block-gutentor-e1 section-g81ae91 gutentor-element gutentor-element-advanced-text\"><div class=\"gutentor-text-wrap\"><h4 class=\"gutentor-text\"><strong>Lunch<\/strong><\/h4><\/div><\/div>\n\n\n\n<div id=\"section-gd94edf\" class=\"wp-block-gutentor-e1 section-gd94edf gutentor-element gutentor-element-advanced-text\"><div class=\"gutentor-text-wrap\"><p class=\"gutentor-text\">Varje dag serverar vi fyra uts\u00f6kta lunchalternativ. M\u00e5ltiden kompletteras av ett fr\u00e4scht salladsbord och ett rikligt br\u00f6dbord. Du kan ocks\u00e5 \u00e4ta middag hos oss. Ta hand om dig sj\u00e4lv \u2013 kom och njut av en h\u00e4lsosam och god m\u00e5ltid.<\/p><\/div><\/div>\n\n\n\n<div id=\"section-g9e4ba7\" class=\"wp-block-gutentor-e1 section-g9e4ba7 gutentor-element gutentor-element-advanced-text\"><div class=\"gutentor-text-wrap\"><h4 class=\"gutentor-text\">Kom in p\u00e5 kaffe<\/h4><\/div><\/div>\n\n\n\n<div id=\"section-gf33499\" class=\"wp-block-gutentor-e1 section-gf33499 gutentor-element gutentor-element-advanced-text\"><div class=\"gutentor-text-wrap\"><p class=\"gutentor-text\">I v\u00e5r restaurang kan du ocks\u00e5 ta en uppfriskande kaffepaus med s\u00f6tt eller salt kaffebr\u00f6d. Det finns ocks\u00e5 mellanm\u00e5lsprodukter f\u00f6r att stilla mindre hunger, till exempel sm\u00f6rg\u00e5sar, semlor, yoghurt och frukt. Hos oss hittar du \u00e4ven l\u00e4sk, glass och godis.<\/p><\/div><\/div>\n\n\n\n<div id=\"section-g997dbc\" class=\"wp-block-gutentor-e1 section-g997dbc gutentor-element gutentor-element-advanced-text\"><div class=\"gutentor-text-wrap\"><h4 class=\"gutentor-text\"><strong>Take away<\/strong><\/h4><\/div><\/div>\n\n\n\n<div id=\"section-g49a022\" class=\"wp-block-gutentor-e1 section-g49a022 gutentor-element gutentor-element-advanced-text\"><div class=\"gutentor-text-wrap\"><p class=\"gutentor-text\">Hos oss kan du dagligen k\u00f6pa lunchmat och nygr\u00e4ddat br\u00f6d och ta det med dig. Under delikatesstorgs- och temadagarna bjuds det p\u00e5 m\u00e5nga slags s\u00f6ta och salta bakverk f\u00f6r att pigga upp och fira helgen.<br><br>P\u00e5 best\u00e4llning lagar vi mat samt salta och s\u00f6ta bakverk som du kan bjuda p\u00e5 din arbetsplats eller ta med dig hem. Hos oss kan du ocks\u00e5 best\u00e4lla godsaker till fester i hemmet.<\/p><\/div><\/div>\n<\/div><\/div>\n<\/div><\/div><\/section>\n<\/div><\/section>\n\n\n\n<section id=\"gm3ec3003\" class=\"wp-block-gutentor-m3 alignfull section-gm3ec3003 gutentor-module gutentor-container-cover has-color-bg has-custom-bg section_content_image teksti-ja-kuva\"><div class=\"grid-container\">\n<section id=\"gm7f0c92b\" class=\"wp-block-gutentor-m4 alignfull section-gm7f0c92b gutentor-module gutentor-advanced-columns\"><div class=\"grid-container\"><div class=\"grid-row\">\n<div id=\"col-gm3f32f5\" class=\"wp-block-gutentor-m4-col col-gm3f32f5 gutentor-single-column  grid-lg-6 grid-md-6 grid-12 content_left_side\"><div id=\"section-gm3f32f5\" class=\"section-gm3f32f5 gutentor-col-wrap\">\n<div id=\"section-gca17a3\" class=\"wp-block-gutentor-e1 section-gca17a3 gutentor-element gutentor-element-advanced-text\"><div class=\"gutentor-text-wrap\"><h2 class=\"gutentor-text\">Serveringstider<\/h2><\/div><\/div>\n\n\n\n<div id=\"section-gf52701\" class=\"wp-block-gutentor-e1 section-gf52701 gutentor-element gutentor-element-advanced-text\"><div class=\"gutentor-text-wrap\"><p class=\"gutentor-text\"><strong>Frukost<\/strong><br>M\u00e5 kl. 7.45\u20139<br>Ti\u2013fr kl. 7\u20138.30<br><br><strong>Lunch<\/strong><br>M\u00e5\u2013fr kl. 11\u201313<br><br><strong>Middag<\/strong><br>M\u00e5 kl. 15.30\u201317.30<br>Ti\u2013to kl. 15.30\u201317<br>Fr kl. 14.30\u201316.30 (vid behov)<\/p><\/div><\/div>\n<\/div><\/div>\n\n\n\n<div id=\"col-gm6cbd1a\" class=\"wp-block-gutentor-m4-col col-gm6cbd1a gutentor-single-column  grid-lg-6 grid-md-6 grid-12 section_image\"><div id=\"section-gm6cbd1a\" class=\"section-gm6cbd1a gutentor-col-wrap\">\n<div id=\"section-g709c49\" class=\"wp-block-gutentor-e6 section-g709c49 gutentor-element gutentor-element-image\"><div class=\"gutentor-element-image-box\"><div class=\"gutentor-bg-image\"><\/div><\/div><\/div>\n<\/div><\/div>\n<\/div><\/div><\/section>\n<\/div><\/section>\n\n\n\n<section id=\"gmb7558e8\" class=\"wp-block-gutentor-m3 alignfull section-gmb7558e8 gutentor-module gutentor-container-cover has-color-bg has-custom-bg\"><div class=\"grid-container\">\n<section id=\"gm09894b0\" class=\"wp-block-gutentor-m4 section-gm09894b0 gutentor-module gutentor-advanced-columns\"><div class=\"grid-container\"><div class=\"grid-row\">\n<div id=\"col-gm3f75ab\" class=\"wp-block-gutentor-m4-col col-gm3f75ab gutentor-single-column  grid-lg-12 grid-md-12 grid-12\"><div id=\"section-gm3f75ab\" class=\"section-gm3f75ab gutentor-col-wrap\">\n<div id=\"section-g47d6a1\" class=\"wp-block-gutentor-e1 section-g47d6a1 gutentor-element gutentor-element-advanced-text\"><div class=\"gutentor-text-wrap\"><h2 class=\"gutentor-text\">V\u00e4lkommen att bli betj\u00e4nad av oss!<\/h2><\/div><\/div>\n\n\n\n<div id=\"section-g123b04\" class=\"wp-block-gutentor-e1 section-g123b04 gutentor-element gutentor-element-advanced-text\"><div class=\"gutentor-text-wrap\"><p class=\"gutentor-text\"><strong>Restaurang<\/strong> <strong>Tulikukko<\/strong><br>R\u00e4ddningsinstitutet<br>Hulkontie 83<br>70820 Kuopio<br><br>tulikukko@foodandco.fi<br>tfn 040 6721 774<br><br><strong>Harri Rissanen<\/strong><br>Restaurangchefen<br>tfn 044&nbsp;711&nbsp;9690<br>harri.rissanen@compass-group.fi<br><br>Compass Group Finland Oy&nbsp;<\/p><\/div><\/div>\n<\/div><\/div>\n<\/div><\/div><\/section>\n<\/div><\/section>\n\n\n\n<p><\/p>\n","protected":false},"excerpt":{"rendered":"","protected":false},"author":1,"featured_media":32517,"parent":66309,"menu_order":0,"comment_status":"closed","ping_status":"closed","template":"","meta":{"_acf_changed":false,"_genesis_hide_title":false,"_genesis_hide_breadcrumbs":false,"_genesis_hide_singular_image":false,"_genesis_hide_footer_widgets":false,"_genesis_custom_body_class":"","_genesis_custom_post_class":"","_genesis_layout":"","footnotes":""},"class_list":{"0":"post-66335","1":"page","2":"type-page","3":"status-publish","4":"has-post-thumbnail","6":"entry"},"acf":[],"yoast_head":"<!-- This site is optimized with the Yoast SEO plugin v27.4 - https:\/\/yoast.com\/product\/yoast-seo-wordpress\/ -->\n<title>Restaurang Tulikukko - R\u00e4ddningsinstitutet<\/title>\n<meta name=\"description\" content=\"Restaurang Tulikukko ligger i Kuopio p\u00e5 R\u00e4ddningsinstitutets campus i A-byggnadens entr\u00e9hall. Vi betj\u00e4nar R\u00e4ddningsinstitutets studerande, deltagare i fortbildning, personal samt R\u00e4ddningsinstitutets g\u00e4ster.\" \/>\n<meta name=\"robots\" content=\"index, follow, max-snippet:-1, max-image-preview:large, max-video-preview:-1\" \/>\n<link rel=\"canonical\" href=\"https:\/\/www.pelastusopisto.fi\/sv\/information-om-raddningsinstitutet\/restaurang-tulikukko\/\" \/>\n<meta property=\"og:locale\" content=\"sv_SE\" \/>\n<meta property=\"og:type\" content=\"article\" \/>\n<meta property=\"og:title\" content=\"Restaurang Tulikukko - R\u00e4ddningsinstitutet\" \/>\n<meta property=\"og:description\" content=\"Restaurang Tulikukko ligger i Kuopio p\u00e5 R\u00e4ddningsinstitutets campus i A-byggnadens entr\u00e9hall. Vi betj\u00e4nar R\u00e4ddningsinstitutets studerande, deltagare i fortbildning, personal samt R\u00e4ddningsinstitutets g\u00e4ster.\" \/>\n<meta property=\"og:url\" content=\"https:\/\/www.pelastusopisto.fi\/sv\/information-om-raddningsinstitutet\/restaurang-tulikukko\/\" \/>\n<meta property=\"og:site_name\" content=\"Pelastusopisto\" \/>\n<meta property=\"article:publisher\" content=\"https:\/\/www.facebook.com\/Pelastusopisto\/\" \/>\n<meta property=\"article:modified_time\" content=\"2025-05-09T13:14:39+00:00\" \/>\n<meta property=\"og:image\" content=\"https:\/\/www.pelastusopisto.fi\/wp-content\/uploads\/MG_9068-scaled.jpg\" \/>\n\t<meta property=\"og:image:width\" content=\"2560\" \/>\n\t<meta property=\"og:image:height\" content=\"1662\" \/>\n\t<meta property=\"og:image:type\" content=\"image\/jpeg\" \/>\n<meta name=\"twitter:card\" content=\"summary_large_image\" \/>\n<meta name=\"twitter:site\" content=\"@Pelastusopisto\" \/>\n<meta name=\"twitter:label1\" content=\"Ber\u00e4knad l\u00e4stid\" \/>\n\t<meta name=\"twitter:data1\" content=\"2 minuter\" \/>\n<script type=\"application\/ld+json\" class=\"yoast-schema-graph\">{\"@context\":\"https:\\\/\\\/schema.org\",\"@graph\":[{\"@type\":\"WebPage\",\"@id\":\"https:\\\/\\\/www.pelastusopisto.fi\\\/sv\\\/information-om-raddningsinstitutet\\\/restaurang-tulikukko\\\/\",\"url\":\"https:\\\/\\\/www.pelastusopisto.fi\\\/sv\\\/information-om-raddningsinstitutet\\\/restaurang-tulikukko\\\/\",\"name\":\"Restaurang Tulikukko - R\u00e4ddningsinstitutet\",\"isPartOf\":{\"@id\":\"https:\\\/\\\/www.pelastusopisto.fi\\\/sv\\\/#website\"},\"primaryImageOfPage\":{\"@id\":\"https:\\\/\\\/www.pelastusopisto.fi\\\/sv\\\/information-om-raddningsinstitutet\\\/restaurang-tulikukko\\\/#primaryimage\"},\"image\":{\"@id\":\"https:\\\/\\\/www.pelastusopisto.fi\\\/sv\\\/information-om-raddningsinstitutet\\\/restaurang-tulikukko\\\/#primaryimage\"},\"thumbnailUrl\":\"https:\\\/\\\/www.pelastusopisto.fi\\\/wp-content\\\/uploads\\\/MG_9068-scaled.jpg\",\"datePublished\":\"2022-09-21T10:41:28+00:00\",\"dateModified\":\"2025-05-09T13:14:39+00:00\",\"description\":\"Restaurang Tulikukko ligger i Kuopio p\u00e5 R\u00e4ddningsinstitutets campus i A-byggnadens entr\u00e9hall. Vi betj\u00e4nar R\u00e4ddningsinstitutets studerande, deltagare i fortbildning, personal samt R\u00e4ddningsinstitutets g\u00e4ster.\",\"breadcrumb\":{\"@id\":\"https:\\\/\\\/www.pelastusopisto.fi\\\/sv\\\/information-om-raddningsinstitutet\\\/restaurang-tulikukko\\\/#breadcrumb\"},\"inLanguage\":\"sv-SE\",\"potentialAction\":[{\"@type\":\"ReadAction\",\"target\":[\"https:\\\/\\\/www.pelastusopisto.fi\\\/sv\\\/information-om-raddningsinstitutet\\\/restaurang-tulikukko\\\/\"]}]},{\"@type\":\"ImageObject\",\"inLanguage\":\"sv-SE\",\"@id\":\"https:\\\/\\\/www.pelastusopisto.fi\\\/sv\\\/information-om-raddningsinstitutet\\\/restaurang-tulikukko\\\/#primaryimage\",\"url\":\"https:\\\/\\\/www.pelastusopisto.fi\\\/wp-content\\\/uploads\\\/MG_9068-scaled.jpg\",\"contentUrl\":\"https:\\\/\\\/www.pelastusopisto.fi\\\/wp-content\\\/uploads\\\/MG_9068-scaled.jpg\",\"width\":2560,\"height\":1662,\"caption\":\"Leipi\u00e4 esill\u00e4 ruokailulinjastossa.\"},{\"@type\":\"BreadcrumbList\",\"@id\":\"https:\\\/\\\/www.pelastusopisto.fi\\\/sv\\\/information-om-raddningsinstitutet\\\/restaurang-tulikukko\\\/#breadcrumb\",\"itemListElement\":[{\"@type\":\"ListItem\",\"position\":1,\"name\":\"Home\",\"item\":\"https:\\\/\\\/www.pelastusopisto.fi\\\/sv\\\/\"},{\"@type\":\"ListItem\",\"position\":2,\"name\":\"Information om R\u00e4ddningsinstitutet\",\"item\":\"https:\\\/\\\/www.pelastusopisto.fi\\\/sv\\\/information-om-raddningsinstitutet\\\/\"},{\"@type\":\"ListItem\",\"position\":3,\"name\":\"Restaurang Tulikukko\"}]},{\"@type\":\"WebSite\",\"@id\":\"https:\\\/\\\/www.pelastusopisto.fi\\\/sv\\\/#website\",\"url\":\"https:\\\/\\\/www.pelastusopisto.fi\\\/sv\\\/\",\"name\":\"Pelastusopisto\",\"description\":\"\",\"publisher\":{\"@id\":\"https:\\\/\\\/www.pelastusopisto.fi\\\/sv\\\/#organization\"},\"potentialAction\":[{\"@type\":\"SearchAction\",\"target\":{\"@type\":\"EntryPoint\",\"urlTemplate\":\"https:\\\/\\\/www.pelastusopisto.fi\\\/sv\\\/?s={search_term_string}\"},\"query-input\":{\"@type\":\"PropertyValueSpecification\",\"valueRequired\":true,\"valueName\":\"search_term_string\"}}],\"inLanguage\":\"sv-SE\"},{\"@type\":\"Organization\",\"@id\":\"https:\\\/\\\/www.pelastusopisto.fi\\\/sv\\\/#organization\",\"name\":\"Pelastusopisto\",\"url\":\"https:\\\/\\\/www.pelastusopisto.fi\\\/sv\\\/\",\"logo\":{\"@type\":\"ImageObject\",\"inLanguage\":\"sv-SE\",\"@id\":\"https:\\\/\\\/www.pelastusopisto.fi\\\/sv\\\/#\\\/schema\\\/logo\\\/image\\\/\",\"url\":\"https:\\\/\\\/www.pelastusopisto.fi\\\/wp-content\\\/uploads\\\/pelastusopisto-logo-net.png\",\"contentUrl\":\"https:\\\/\\\/www.pelastusopisto.fi\\\/wp-content\\\/uploads\\\/pelastusopisto-logo-net.png\",\"width\":387,\"height\":71,\"caption\":\"Pelastusopisto\"},\"image\":{\"@id\":\"https:\\\/\\\/www.pelastusopisto.fi\\\/sv\\\/#\\\/schema\\\/logo\\\/image\\\/\"},\"sameAs\":[\"https:\\\/\\\/www.facebook.com\\\/Pelastusopisto\\\/\",\"https:\\\/\\\/x.com\\\/Pelastusopisto\",\"https:\\\/\\\/www.instagram.com\\\/pelastusopisto\\\/\",\"https:\\\/\\\/fi.linkedin.com\\\/school\\\/pelastusopisto\\\/\",\"https:\\\/\\\/www.youtube.com\\\/channel\\\/UCQjXYneFsnDYnJtZBfr9Ajg\"]}]}<\/script>\n<!-- \/ Yoast SEO plugin. -->","yoast_head_json":{"title":"Restaurang Tulikukko - R\u00e4ddningsinstitutet","description":"Restaurang Tulikukko ligger i Kuopio p\u00e5 R\u00e4ddningsinstitutets campus i A-byggnadens entr\u00e9hall. Vi betj\u00e4nar R\u00e4ddningsinstitutets studerande, deltagare i fortbildning, personal samt R\u00e4ddningsinstitutets g\u00e4ster.","robots":{"index":"index","follow":"follow","max-snippet":"max-snippet:-1","max-image-preview":"max-image-preview:large","max-video-preview":"max-video-preview:-1"},"canonical":"https:\/\/www.pelastusopisto.fi\/sv\/information-om-raddningsinstitutet\/restaurang-tulikukko\/","og_locale":"sv_SE","og_type":"article","og_title":"Restaurang Tulikukko - R\u00e4ddningsinstitutet","og_description":"Restaurang Tulikukko ligger i Kuopio p\u00e5 R\u00e4ddningsinstitutets campus i A-byggnadens entr\u00e9hall. Vi betj\u00e4nar R\u00e4ddningsinstitutets studerande, deltagare i fortbildning, personal samt R\u00e4ddningsinstitutets g\u00e4ster.","og_url":"https:\/\/www.pelastusopisto.fi\/sv\/information-om-raddningsinstitutet\/restaurang-tulikukko\/","og_site_name":"Pelastusopisto","article_publisher":"https:\/\/www.facebook.com\/Pelastusopisto\/","article_modified_time":"2025-05-09T13:14:39+00:00","og_image":[{"width":2560,"height":1662,"url":"https:\/\/www.pelastusopisto.fi\/wp-content\/uploads\/MG_9068-scaled.jpg","type":"image\/jpeg"}],"twitter_card":"summary_large_image","twitter_site":"@Pelastusopisto","twitter_misc":{"Ber\u00e4knad l\u00e4stid":"2 minuter"},"schema":{"@context":"https:\/\/schema.org","@graph":[{"@type":"WebPage","@id":"https:\/\/www.pelastusopisto.fi\/sv\/information-om-raddningsinstitutet\/restaurang-tulikukko\/","url":"https:\/\/www.pelastusopisto.fi\/sv\/information-om-raddningsinstitutet\/restaurang-tulikukko\/","name":"Restaurang Tulikukko - R\u00e4ddningsinstitutet","isPartOf":{"@id":"https:\/\/www.pelastusopisto.fi\/sv\/#website"},"primaryImageOfPage":{"@id":"https:\/\/www.pelastusopisto.fi\/sv\/information-om-raddningsinstitutet\/restaurang-tulikukko\/#primaryimage"},"image":{"@id":"https:\/\/www.pelastusopisto.fi\/sv\/information-om-raddningsinstitutet\/restaurang-tulikukko\/#primaryimage"},"thumbnailUrl":"https:\/\/www.pelastusopisto.fi\/wp-content\/uploads\/MG_9068-scaled.jpg","datePublished":"2022-09-21T10:41:28+00:00","dateModified":"2025-05-09T13:14:39+00:00","description":"Restaurang Tulikukko ligger i Kuopio p\u00e5 R\u00e4ddningsinstitutets campus i A-byggnadens entr\u00e9hall. Vi betj\u00e4nar R\u00e4ddningsinstitutets studerande, deltagare i fortbildning, personal samt R\u00e4ddningsinstitutets g\u00e4ster.","breadcrumb":{"@id":"https:\/\/www.pelastusopisto.fi\/sv\/information-om-raddningsinstitutet\/restaurang-tulikukko\/#breadcrumb"},"inLanguage":"sv-SE","potentialAction":[{"@type":"ReadAction","target":["https:\/\/www.pelastusopisto.fi\/sv\/information-om-raddningsinstitutet\/restaurang-tulikukko\/"]}]},{"@type":"ImageObject","inLanguage":"sv-SE","@id":"https:\/\/www.pelastusopisto.fi\/sv\/information-om-raddningsinstitutet\/restaurang-tulikukko\/#primaryimage","url":"https:\/\/www.pelastusopisto.fi\/wp-content\/uploads\/MG_9068-scaled.jpg","contentUrl":"https:\/\/www.pelastusopisto.fi\/wp-content\/uploads\/MG_9068-scaled.jpg","width":2560,"height":1662,"caption":"Leipi\u00e4 esill\u00e4 ruokailulinjastossa."},{"@type":"BreadcrumbList","@id":"https:\/\/www.pelastusopisto.fi\/sv\/information-om-raddningsinstitutet\/restaurang-tulikukko\/#breadcrumb","itemListElement":[{"@type":"ListItem","position":1,"name":"Home","item":"https:\/\/www.pelastusopisto.fi\/sv\/"},{"@type":"ListItem","position":2,"name":"Information om R\u00e4ddningsinstitutet","item":"https:\/\/www.pelastusopisto.fi\/sv\/information-om-raddningsinstitutet\/"},{"@type":"ListItem","position":3,"name":"Restaurang Tulikukko"}]},{"@type":"WebSite","@id":"https:\/\/www.pelastusopisto.fi\/sv\/#website","url":"https:\/\/www.pelastusopisto.fi\/sv\/","name":"Pelastusopisto","description":"","publisher":{"@id":"https:\/\/www.pelastusopisto.fi\/sv\/#organization"},"potentialAction":[{"@type":"SearchAction","target":{"@type":"EntryPoint","urlTemplate":"https:\/\/www.pelastusopisto.fi\/sv\/?s={search_term_string}"},"query-input":{"@type":"PropertyValueSpecification","valueRequired":true,"valueName":"search_term_string"}}],"inLanguage":"sv-SE"},{"@type":"Organization","@id":"https:\/\/www.pelastusopisto.fi\/sv\/#organization","name":"Pelastusopisto","url":"https:\/\/www.pelastusopisto.fi\/sv\/","logo":{"@type":"ImageObject","inLanguage":"sv-SE","@id":"https:\/\/www.pelastusopisto.fi\/sv\/#\/schema\/logo\/image\/","url":"https:\/\/www.pelastusopisto.fi\/wp-content\/uploads\/pelastusopisto-logo-net.png","contentUrl":"https:\/\/www.pelastusopisto.fi\/wp-content\/uploads\/pelastusopisto-logo-net.png","width":387,"height":71,"caption":"Pelastusopisto"},"image":{"@id":"https:\/\/www.pelastusopisto.fi\/sv\/#\/schema\/logo\/image\/"},"sameAs":["https:\/\/www.facebook.com\/Pelastusopisto\/","https:\/\/x.com\/Pelastusopisto","https:\/\/www.instagram.com\/pelastusopisto\/","https:\/\/fi.linkedin.com\/school\/pelastusopisto\/","https:\/\/www.youtube.com\/channel\/UCQjXYneFsnDYnJtZBfr9Ajg"]}]}},"featured_image_src":"https:\/\/www.pelastusopisto.fi\/wp-content\/uploads\/MG_9068-600x400.jpg","featured_image_src_square":"https:\/\/www.pelastusopisto.fi\/wp-content\/uploads\/MG_9068-600x600.jpg","_links":{"self":[{"href":"https:\/\/www.pelastusopisto.fi\/sv\/wp-json\/wp\/v2\/pages\/66335","targetHints":{"allow":["GET"]}}],"collection":[{"href":"https:\/\/www.pelastusopisto.fi\/sv\/wp-json\/wp\/v2\/pages"}],"about":[{"href":"https:\/\/www.pelastusopisto.fi\/sv\/wp-json\/wp\/v2\/types\/page"}],"author":[{"embeddable":true,"href":"https:\/\/www.pelastusopisto.fi\/sv\/wp-json\/wp\/v2\/users\/1"}],"replies":[{"embeddable":true,"href":"https:\/\/www.pelastusopisto.fi\/sv\/wp-json\/wp\/v2\/comments?post=66335"}],"version-history":[{"count":4,"href":"https:\/\/www.pelastusopisto.fi\/sv\/wp-json\/wp\/v2\/pages\/66335\/revisions"}],"predecessor-version":[{"id":77878,"href":"https:\/\/www.pelastusopisto.fi\/sv\/wp-json\/wp\/v2\/pages\/66335\/revisions\/77878"}],"up":[{"embeddable":true,"href":"https:\/\/www.pelastusopisto.fi\/sv\/wp-json\/wp\/v2\/pages\/66309"}],"wp:featuredmedia":[{"embeddable":true,"href":"https:\/\/www.pelastusopisto.fi\/sv\/wp-json\/wp\/v2\/media\/32517"}],"wp:attachment":[{"href":"https:\/\/www.pelastusopisto.fi\/sv\/wp-json\/wp\/v2\/media?parent=66335"}],"curies":[{"name":"wp","href":"https:\/\/api.w.org\/{rel}","templated":true}]}}