{"id":66297,"date":"2023-03-08T14:16:10","date_gmt":"2023-03-08T12:16:10","guid":{"rendered":"https:\/\/www.pelastusopisto.fi\/biblioteks-och-informationstjanster\/publikationer-och-material\/a-julkaisusarja-oppimateriaalit\/"},"modified":"2025-02-19T09:37:49","modified_gmt":"2025-02-19T07:37:49","slug":"publikationsserie-a-laromedel","status":"publish","type":"page","link":"https:\/\/www.pelastusopisto.fi\/sv\/biblioteks-och-informationstjanster\/publikationer-och-material\/publikationsserie-a-laromedel\/","title":{"rendered":"Publikationsserie A: L\u00e4romedel"},"content":{"rendered":"\n<p><\/p>\n\n\n\n<section id=\"gmd0f28f8\" class=\"wp-block-gutentor-m3 alignfull section-gmd0f28f8 gutentor-module gutentor-container-cover has-image-bg has-custom-bg g-valign-b-mobile g-valign-b-tablet g-valign-b-desktop inner-banner-section paakuva\"><div class=\"grid-container gutentor-rm-ct-space-d gutentor-rm-ct-space-t gutentor-rm-ct-space\">\n<section id=\"gmcab50fa\" class=\"wp-block-gutentor-m4 alignfull section-gmcab50fa gutentor-module gutentor-advanced-columns has-color-bg has-custom-bg headercolumn\"><div class=\"grid-container\"><div class=\"grid-row\">\n<div id=\"col-gmcf5e35\" class=\"wp-block-gutentor-m4-col col-gmcf5e35 gutentor-single-column  grid-lg-12 grid-md-12 grid-12\"><div id=\"section-gmcf5e35\" class=\"section-gmcf5e35 gutentor-col-wrap\">\n<div id=\"section-g5ee375\" class=\"wp-block-gutentor-e1 section-g5ee375 gutentor-element gutentor-element-advanced-text gutentor-adv-text-enabled-width header\"><div class=\"gutentor-text-wrap\"><h1 class=\"gutentor-text\">Publikationsserie A: L\u00e4romedel<\/h1><\/div><\/div>\n<\/div><\/div>\n<\/div><\/div><\/section>\n<\/div><\/section>\n\n\n\n<section id=\"gm128c667\" class=\"wp-block-gutentor-m3 alignfull section-gm128c667 gutentor-module gutentor-container-cover murut-ja-teksti\"><div class=\"grid-container gutentor-rm-ct-space-d gutentor-rm-ct-space-t gutentor-rm-ct-space\">\n<section id=\"gmd61d7d3\" class=\"wp-block-gutentor-m4 section-gmd61d7d3 gutentor-module gutentor-advanced-columns\"><div class=\"grid-container\"><div class=\"grid-row\">\n<div id=\"col-gmf82cb2\" class=\"wp-block-gutentor-m4-col col-gmf82cb2 gutentor-single-column  grid-lg-12 grid-md-12 grid-12\"><div id=\"section-gmf82cb2\" class=\"section-gmf82cb2 gutentor-col-wrap\">\n<section id=\"g1f37a1\" class=\"wp-block-gutentor-m9 section-g1f37a1 gutentor-module gutentor-module-form-wrapper\"><div class=\"grid-container gutentor-rm-ct-space-d gutentor-rm-ct-space-t gutentor-rm-ct-space\">\n<div class=\"breadcrumb_section\"><ul id=\"breadcrumbs\" class=\"breadcrumbs\"><li class=\"item-home\"><a class=\"bread-link bread-home\" href=\"https:\/\/www.pelastusopisto.fi\/sv\/\"\n                title=\"Framsida\">Framsida<\/a><\/li><li class=\"separator separator-home\">  <\/li><\/ul><\/div>\n<\/div><\/section>\n\n\n\n<div id=\"section-g0abb86\" class=\"wp-block-gutentor-e0 section-g0abb86 gutentor-element gutentor-element-advanced-text\"><div class=\"gutentor-text-wrap\"><p class=\"gutentor-text\">Vi producerar olika l\u00e4romedel f\u00f6r hela r\u00e4ddningsbranschen. L\u00e4romedlen kan utnyttjas i utbildningen inom r\u00e4ddningsbranschen.<br><br>L\u00e4romedlen finns ocks\u00e5 i v\u00e5rt n\u00e4tbibliotek. I n\u00e4tbiblioteket finns ocks\u00e5 \u00e4ldre l\u00e4romedel.<\/p><\/div><\/div>\n\n\n\n<div id=\"section-g385a07\" class=\"wp-block-gutentor-e2 section-g385a07 gutentor-element gutentor-element-button\"><span class=\"gutentor-button-wrap\"><a class=\"gutentor-button gutentor-block-button gutentor-icon-before\" href=\"https:\/\/peo.verkkokirjasto.fi\/oppimateriaalit\"><i class=\"gutentor-button-icon fas fa-chevron-right\"><\/i><span><strong>L\u00e4romedel i n\u00e4tbiblioteket<\/strong><\/span><\/a><\/span><\/div>\n<\/div><\/div>\n<\/div><\/div><\/section>\n<\/div><\/section>\n\n\n\n<section id=\"gmc98c112\" class=\"wp-block-gutentor-m3 alignfull section-gmc98c112 gutentor-module gutentor-container-cover has-color-bg has-custom-bg teksti-valkea\"><div class=\"grid-container\">\n<section id=\"gm197790a\" class=\"wp-block-gutentor-m4 section-gm197790a gutentor-module gutentor-advanced-columns\"><div class=\"grid-container\"><div class=\"grid-row\">\n<div id=\"col-gm54ae02\" class=\"wp-block-gutentor-m4-col col-gm54ae02 gutentor-single-column  grid-lg-12 grid-md-12 grid-12\"><div id=\"section-gm54ae02\" class=\"section-gm54ae02 gutentor-col-wrap\">\n<div id=\"section-g563504\" class=\"wp-block-gutentor-e1 section-g563504 gutentor-element gutentor-element-advanced-text\"><div class=\"gutentor-text-wrap\"><h2 class=\"gutentor-text\">K\u00f6p av tryckta publikationer<\/h2><\/div><\/div>\n\n\n\n<div id=\"section-g447e3a\" class=\"wp-block-gutentor-e0 section-g447e3a gutentor-element gutentor-element-advanced-text\"><div class=\"gutentor-text-wrap\"><p class=\"gutentor-text\">Du kan k\u00f6pa vissa publikationer som tryckta b\u00f6cker (priset anges i tabellen). F\u00f6retag och sammanslutningar kan betala publikationerna med faktura, privatpersoner med postf\u00f6rskott. Postavgifter l\u00e4ggs till f\u00f6rs\u00e4ndelser som ska postas. Till best\u00e4llningar under 50 euro l\u00e4ggs ett sm\u00e5faktureringstill\u00e4gg p\u00e5 6,10 \u20ac (inkl. moms 10 %).<br><br>Best\u00e4llningarna g\u00f6rs per e-post till adressen kirjasto@pelastusopisto.fi<br><\/p><\/div><\/div>\n<\/div><\/div>\n<\/div><\/div><\/section>\n<\/div><\/section>\n\n\n\n<section id=\"gm2edbdc5\" class=\"wp-block-gutentor-m3 alignfull section-gm2edbdc5 gutentor-module gutentor-container-cover has-color-bg has-custom-bg teksti-harmaa\"><div class=\"grid-container\">\n<section id=\"gmb73bc13\" class=\"wp-block-gutentor-m4 section-gmb73bc13 gutentor-module gutentor-advanced-columns\"><div class=\"grid-container\"><div class=\"grid-row\">\n<div id=\"col-gme18c7a\" class=\"wp-block-gutentor-m4-col col-gme18c7a gutentor-single-column  grid-lg-12 grid-md-12 grid-12\"><div id=\"section-gme18c7a\" class=\"section-gme18c7a gutentor-col-wrap\">\n<div id=\"section-g818702\" class=\"wp-block-gutentor-e1 section-g818702 gutentor-element gutentor-element-advanced-text\"><div class=\"gutentor-text-wrap\"><h2 class=\"gutentor-text\">L\u00e4romedel 2013\u20132023<\/h2><\/div><\/div>\n\n\n\n<p>Publikationerna som kan laddas ner via l\u00e4nken f\u00e5r laddas ner fritt. Det angivna priset g\u00e4ller publikationer p\u00e5 papper.<\/p>\n\n\n\n<figure class=\"wp-block-table is-style-stripes\"><table><tbody><tr><td><strong>Publikation, f\u00f6rfattare och \u00e5r<\/strong><\/td><td><strong>Nr<\/strong><\/td><td><strong>L\u00e4nken\/Pris<\/strong><\/td><\/tr><tr><td><strong>Guide f\u00f6r kemikaliedykning<\/strong><br>Jouni Salminen<br>2025<\/td><td>1\/2025<\/td><td><a href=\"http:\/\/info.smedu.fi\/kirjasto\/Sarja_A\/A1_2025.pdf\" target=\"_blank\" rel=\"noreferrer noopener\">PDF<\/a><\/td><\/tr><tr><td><strong>Pelastustoimen kemikaalisukellusopas<\/strong><br>Jouni Salminen<br>2024<\/td><td>1\/2024<\/td><td><a href=\"http:\/\/info.smedu.fi\/kirjasto\/Sarja_A\/A1_2024.pdf\" target=\"_blank\" rel=\"noreferrer noopener\">PDF<\/a><\/td><\/tr><tr><td><strong>Sl\u00e4ckning av byggnadsbrand<\/strong><br>Ismo Huttu, Ville Ala-Kokko, Pasi Paloluoma, Mika Smura, Juha Ronkainen,<br>Jani J\u00e4ms\u00e4, Ari Mustonen, Karoliina Meurman ja Marko Hassinen<br>2022<\/td><td>1\/2023<\/td><td><a href=\"http:\/\/info.smedu.fi\/kirjasto\/Sarja_A\/A1_2023.pdf\" target=\"_blank\" rel=\"noreferrer noopener\">PDF<\/a><\/td><\/tr><tr><td><strong>Rakennuspalon sammutus<\/strong><br>Ismo Huttu, Ville Ala-Kokko, Pasi Paloluoma, Mika Smura, Juha Ronkainen,<br>Jani J\u00e4ms\u00e4, Ari Mustonen, Karoliina Meurman ja Marko Hassinen<br>2022<\/td><td>3\/2022<\/td><td><a rel=\"noreferrer noopener\" href=\"http:\/\/info.smedu.fi\/kirjasto\/Sarja_A\/A3_2022.pdf\" target=\"_blank\">PDF<\/a><\/td><\/tr><tr><td><strong>Handboken f\u00f6r arbete i omr\u00e5den med fallrisk<\/strong><br>Sami Huovila<br>2022<\/td><td>2\/2022<\/td><td><a rel=\"noreferrer noopener\" href=\"http:\/\/info.smedu.fi\/kirjasto\/Sarja_A\/A2_2022.pdf\" target=\"_blank\">PDF<\/a><\/td><\/tr><tr><td><strong>Putoamisvaarallisella alueella ty\u00f6skentely pelastustoimessa<\/strong><br>Sami Huovila<br>2022<\/td><td>1\/2022<\/td><td><a rel=\"noreferrer noopener\" href=\"http:\/\/info.smedu.fi\/kirjasto\/Sarja_A\/A1_2022.pdf\" target=\"_blank\">PDF<\/a><\/td><\/tr><tr><td><strong>V\u00e4gtrafikr\u00e4ddning<br><\/strong>Juho M\u00e4ki<br>2021<\/td><td>4\/2021<\/td><td><a rel=\"noreferrer noopener\" href=\"http:\/\/info.smedu.fi\/kirjasto\/Sarja_A\/A4_2021.pdf\" target=\"_blank\">PDF<\/a><\/td><\/tr><tr><td><strong>Tieliikennepelastaminen<\/strong><br>Juho M\u00e4ki<br>2021<\/td><td>3\/2021<\/td><td><a rel=\"noreferrer noopener\" href=\"http:\/\/info.smedu.fi\/kirjasto\/Sarja_A\/A3_2021.pdf\" target=\"_blank\">PDF<\/a><\/td><\/tr><tr><td><strong>Guide f\u00f6r r\u00f6kdykning<\/strong><br>Ville Ala-Kokko<br>2021,&nbsp;<strong>2. uppdaterade upplagan<\/strong><\/td><td>2\/2021<\/td><td><a rel=\"noreferrer noopener\" href=\"http:\/\/info.smedu.fi\/kirjasto\/Sarja_A\/A2_2021.pdf\" target=\"_blank\">PDF<\/a><\/td><\/tr><tr><td><strong>Savusukellusopas<\/strong><br>Ville Ala-Kokko<br>2021,&nbsp;<strong>2. uudistettu painos<\/strong><\/td><td>1\/2021<\/td><td><a rel=\"noreferrer noopener\" href=\"http:\/\/info.smedu.fi\/kirjasto\/Sarja_A\/A1_2021.pdf\" target=\"_blank\">PDF<\/a><br>10 \u20ac<\/td><\/tr><tr><td><strong>H\u00e4lytysajoneuvon kuljettamisen riskienhallinta<\/strong><br>Ari Kivari<br>2020,&nbsp;<strong>2. uudistettu painos<\/strong><\/td><td>1\/2020<\/td><td><a rel=\"noreferrer noopener\" href=\"http:\/\/info.smedu.fi\/kirjasto\/Sarja_A\/A1_2020.pdf\" target=\"_blank\">PDF<\/a><\/td><\/tr><tr><td><strong>Riskhantering vid utryckningsk\u00f6rning<\/strong><br>Ari Kivari<br>2019<\/td><td>2\/2019<\/td><td><a rel=\"noreferrer noopener\" href=\"http:\/\/info.smedu.fi\/kirjasto\/Sarja_A\/A2_2019.pdf\" target=\"_blank\">PDF<\/a><br>23 \u20ac<\/td><\/tr><tr><td><strong>H\u00e4lytysajoneuvon kuljettamisen riskienhallinta<\/strong><br>Ari Kivari<br>2019<\/td><td>1\/2019<\/td><td>23 \u20ac<\/td><\/tr><tr><td><strong>Pelastusryhm\u00e4n ensitoimenpiteisiin kuuluvat selvitykset sammutusteht\u00e4viss\u00e4<\/strong><br>Ismo Huttu<br>2018<\/td><td>1\/2018<\/td><td><a rel=\"noreferrer noopener\" href=\"http:\/\/info.smedu.fi\/kirjasto\/Sarja_A\/A1_2018.pdf\" target=\"_blank\">PDF<\/a><\/td><\/tr><tr><td><strong>\u00c4r du en #someguru @r\u00e4ddningsbranschen? Grundkurs i anv\u00e4ndandet av sociala medier<\/strong><br>Laura Hokkanen<br>2017<\/td><td>2\/2017<\/td><td><a rel=\"noreferrer noopener\" href=\"http:\/\/info.smedu.fi\/kirjasto\/Sarja_A\/A2_2017.pdf\" target=\"_blank\">PDF<\/a><\/td><\/tr><tr><td><strong>Sinustako #someguru @pelastusala? Sosiaalisen median hy\u00f6dynt\u00e4misen peruskurssi<\/strong><br>Laura Hokkanen<br>2017<\/td><td>1\/2017<\/td><td><a rel=\"noreferrer noopener\" href=\"http:\/\/info.smedu.fi\/kirjasto\/Sarja_A\/A1_2017.pdf\" target=\"_blank\">PDF<\/a><\/td><\/tr><\/tbody><\/table><\/figure>\n<\/div><\/div>\n<\/div><\/div><\/section>\n<\/div><\/section>\n","protected":false},"excerpt":{"rendered":"","protected":false},"author":103,"featured_media":43998,"parent":66294,"menu_order":0,"comment_status":"closed","ping_status":"closed","template":"","meta":{"_acf_changed":false,"_genesis_hide_title":false,"_genesis_hide_breadcrumbs":false,"_genesis_hide_singular_image":false,"_genesis_hide_footer_widgets":false,"_genesis_custom_body_class":"","_genesis_custom_post_class":"","_genesis_layout":"","footnotes":""},"class_list":{"0":"post-66297","1":"page","2":"type-page","3":"status-publish","4":"has-post-thumbnail","6":"entry"},"acf":[],"yoast_head":"<!-- This site is optimized with the Yoast SEO plugin v27.4 - https:\/\/yoast.com\/product\/yoast-seo-wordpress\/ -->\n<title>Publikationsserie A: L\u00e4romedel - R\u00e4ddningsinstitutet<\/title>\n<meta name=\"description\" content=\"Vi producerar olika l\u00e4romedel f\u00f6r hela r\u00e4ddningsbranschen. L\u00e4romedlen kan utnyttjas i utbildningen inom r\u00e4ddningsbranschen. Bekanta dig med l\u00e4romedlen.\" \/>\n<meta name=\"robots\" content=\"index, follow, max-snippet:-1, max-image-preview:large, max-video-preview:-1\" \/>\n<link rel=\"canonical\" href=\"https:\/\/www.pelastusopisto.fi\/sv\/biblioteks-och-informationstjanster\/publikationer-och-material\/publikationsserie-a-laromedel\/\" \/>\n<meta property=\"og:locale\" content=\"sv_SE\" \/>\n<meta property=\"og:type\" content=\"article\" \/>\n<meta property=\"og:title\" content=\"Publikationsserie A: L\u00e4romedel - R\u00e4ddningsinstitutet\" \/>\n<meta property=\"og:description\" content=\"Vi producerar olika l\u00e4romedel f\u00f6r hela r\u00e4ddningsbranschen. L\u00e4romedlen kan utnyttjas i utbildningen inom r\u00e4ddningsbranschen. Bekanta dig med l\u00e4romedlen.\" \/>\n<meta property=\"og:url\" content=\"https:\/\/www.pelastusopisto.fi\/sv\/biblioteks-och-informationstjanster\/publikationer-och-material\/publikationsserie-a-laromedel\/\" \/>\n<meta property=\"og:site_name\" content=\"Pelastusopisto\" \/>\n<meta property=\"article:publisher\" content=\"https:\/\/www.facebook.com\/Pelastusopisto\/\" \/>\n<meta property=\"article:modified_time\" content=\"2025-02-19T07:37:49+00:00\" \/>\n<meta property=\"og:image\" content=\"https:\/\/www.pelastusopisto.fi\/wp-content\/uploads\/placeholder.png\" \/>\n\t<meta property=\"og:image:width\" content=\"900\" \/>\n\t<meta property=\"og:image:height\" content=\"600\" \/>\n\t<meta property=\"og:image:type\" content=\"image\/png\" \/>\n<meta name=\"twitter:card\" content=\"summary_large_image\" \/>\n<meta name=\"twitter:site\" content=\"@Pelastusopisto\" \/>\n<meta name=\"twitter:label1\" content=\"Ber\u00e4knad l\u00e4stid\" \/>\n\t<meta name=\"twitter:data1\" content=\"3 minuter\" \/>\n<script type=\"application\/ld+json\" class=\"yoast-schema-graph\">{\"@context\":\"https:\\\/\\\/schema.org\",\"@graph\":[{\"@type\":\"WebPage\",\"@id\":\"https:\\\/\\\/www.pelastusopisto.fi\\\/sv\\\/biblioteks-och-informationstjanster\\\/publikationer-och-material\\\/publikationsserie-a-laromedel\\\/\",\"url\":\"https:\\\/\\\/www.pelastusopisto.fi\\\/sv\\\/biblioteks-och-informationstjanster\\\/publikationer-och-material\\\/publikationsserie-a-laromedel\\\/\",\"name\":\"Publikationsserie A: L\u00e4romedel - R\u00e4ddningsinstitutet\",\"isPartOf\":{\"@id\":\"https:\\\/\\\/www.pelastusopisto.fi\\\/sv\\\/#website\"},\"primaryImageOfPage\":{\"@id\":\"https:\\\/\\\/www.pelastusopisto.fi\\\/sv\\\/biblioteks-och-informationstjanster\\\/publikationer-och-material\\\/publikationsserie-a-laromedel\\\/#primaryimage\"},\"image\":{\"@id\":\"https:\\\/\\\/www.pelastusopisto.fi\\\/sv\\\/biblioteks-och-informationstjanster\\\/publikationer-och-material\\\/publikationsserie-a-laromedel\\\/#primaryimage\"},\"thumbnailUrl\":\"https:\\\/\\\/www.pelastusopisto.fi\\\/wp-content\\\/uploads\\\/placeholder.png\",\"datePublished\":\"2023-03-08T12:16:10+00:00\",\"dateModified\":\"2025-02-19T07:37:49+00:00\",\"description\":\"Vi producerar olika l\u00e4romedel f\u00f6r hela r\u00e4ddningsbranschen. L\u00e4romedlen kan utnyttjas i utbildningen inom r\u00e4ddningsbranschen. Bekanta dig med l\u00e4romedlen.\",\"breadcrumb\":{\"@id\":\"https:\\\/\\\/www.pelastusopisto.fi\\\/sv\\\/biblioteks-och-informationstjanster\\\/publikationer-och-material\\\/publikationsserie-a-laromedel\\\/#breadcrumb\"},\"inLanguage\":\"sv-SE\",\"potentialAction\":[{\"@type\":\"ReadAction\",\"target\":[\"https:\\\/\\\/www.pelastusopisto.fi\\\/sv\\\/biblioteks-och-informationstjanster\\\/publikationer-och-material\\\/publikationsserie-a-laromedel\\\/\"]}]},{\"@type\":\"ImageObject\",\"inLanguage\":\"sv-SE\",\"@id\":\"https:\\\/\\\/www.pelastusopisto.fi\\\/sv\\\/biblioteks-och-informationstjanster\\\/publikationer-och-material\\\/publikationsserie-a-laromedel\\\/#primaryimage\",\"url\":\"https:\\\/\\\/www.pelastusopisto.fi\\\/wp-content\\\/uploads\\\/placeholder.png\",\"contentUrl\":\"https:\\\/\\\/www.pelastusopisto.fi\\\/wp-content\\\/uploads\\\/placeholder.png\",\"width\":900,\"height\":600},{\"@type\":\"BreadcrumbList\",\"@id\":\"https:\\\/\\\/www.pelastusopisto.fi\\\/sv\\\/biblioteks-och-informationstjanster\\\/publikationer-och-material\\\/publikationsserie-a-laromedel\\\/#breadcrumb\",\"itemListElement\":[{\"@type\":\"ListItem\",\"position\":1,\"name\":\"Home\",\"item\":\"https:\\\/\\\/www.pelastusopisto.fi\\\/sv\\\/\"},{\"@type\":\"ListItem\",\"position\":2,\"name\":\"Biblioteks- och informationstj\u00e4nster\",\"item\":\"https:\\\/\\\/www.pelastusopisto.fi\\\/sv\\\/biblioteks-och-informationstjanster\\\/\"},{\"@type\":\"ListItem\",\"position\":3,\"name\":\"Publikationer och material\",\"item\":\"https:\\\/\\\/www.pelastusopisto.fi\\\/sv\\\/biblioteks-och-informationstjanster\\\/publikationer-och-material\\\/\"},{\"@type\":\"ListItem\",\"position\":4,\"name\":\"Publikationsserie A: L\u00e4romedel\"}]},{\"@type\":\"WebSite\",\"@id\":\"https:\\\/\\\/www.pelastusopisto.fi\\\/sv\\\/#website\",\"url\":\"https:\\\/\\\/www.pelastusopisto.fi\\\/sv\\\/\",\"name\":\"Pelastusopisto\",\"description\":\"\",\"publisher\":{\"@id\":\"https:\\\/\\\/www.pelastusopisto.fi\\\/sv\\\/#organization\"},\"potentialAction\":[{\"@type\":\"SearchAction\",\"target\":{\"@type\":\"EntryPoint\",\"urlTemplate\":\"https:\\\/\\\/www.pelastusopisto.fi\\\/sv\\\/?s={search_term_string}\"},\"query-input\":{\"@type\":\"PropertyValueSpecification\",\"valueRequired\":true,\"valueName\":\"search_term_string\"}}],\"inLanguage\":\"sv-SE\"},{\"@type\":\"Organization\",\"@id\":\"https:\\\/\\\/www.pelastusopisto.fi\\\/sv\\\/#organization\",\"name\":\"Pelastusopisto\",\"url\":\"https:\\\/\\\/www.pelastusopisto.fi\\\/sv\\\/\",\"logo\":{\"@type\":\"ImageObject\",\"inLanguage\":\"sv-SE\",\"@id\":\"https:\\\/\\\/www.pelastusopisto.fi\\\/sv\\\/#\\\/schema\\\/logo\\\/image\\\/\",\"url\":\"https:\\\/\\\/www.pelastusopisto.fi\\\/wp-content\\\/uploads\\\/pelastusopisto-logo-net.png\",\"contentUrl\":\"https:\\\/\\\/www.pelastusopisto.fi\\\/wp-content\\\/uploads\\\/pelastusopisto-logo-net.png\",\"width\":387,\"height\":71,\"caption\":\"Pelastusopisto\"},\"image\":{\"@id\":\"https:\\\/\\\/www.pelastusopisto.fi\\\/sv\\\/#\\\/schema\\\/logo\\\/image\\\/\"},\"sameAs\":[\"https:\\\/\\\/www.facebook.com\\\/Pelastusopisto\\\/\",\"https:\\\/\\\/x.com\\\/Pelastusopisto\",\"https:\\\/\\\/www.instagram.com\\\/pelastusopisto\\\/\",\"https:\\\/\\\/fi.linkedin.com\\\/school\\\/pelastusopisto\\\/\",\"https:\\\/\\\/www.youtube.com\\\/channel\\\/UCQjXYneFsnDYnJtZBfr9Ajg\"]}]}<\/script>\n<!-- \/ Yoast SEO plugin. -->","yoast_head_json":{"title":"Publikationsserie A: L\u00e4romedel - R\u00e4ddningsinstitutet","description":"Vi producerar olika l\u00e4romedel f\u00f6r hela r\u00e4ddningsbranschen. L\u00e4romedlen kan utnyttjas i utbildningen inom r\u00e4ddningsbranschen. Bekanta dig med l\u00e4romedlen.","robots":{"index":"index","follow":"follow","max-snippet":"max-snippet:-1","max-image-preview":"max-image-preview:large","max-video-preview":"max-video-preview:-1"},"canonical":"https:\/\/www.pelastusopisto.fi\/sv\/biblioteks-och-informationstjanster\/publikationer-och-material\/publikationsserie-a-laromedel\/","og_locale":"sv_SE","og_type":"article","og_title":"Publikationsserie A: L\u00e4romedel - R\u00e4ddningsinstitutet","og_description":"Vi producerar olika l\u00e4romedel f\u00f6r hela r\u00e4ddningsbranschen. L\u00e4romedlen kan utnyttjas i utbildningen inom r\u00e4ddningsbranschen. Bekanta dig med l\u00e4romedlen.","og_url":"https:\/\/www.pelastusopisto.fi\/sv\/biblioteks-och-informationstjanster\/publikationer-och-material\/publikationsserie-a-laromedel\/","og_site_name":"Pelastusopisto","article_publisher":"https:\/\/www.facebook.com\/Pelastusopisto\/","article_modified_time":"2025-02-19T07:37:49+00:00","og_image":[{"width":900,"height":600,"url":"https:\/\/www.pelastusopisto.fi\/wp-content\/uploads\/placeholder.png","type":"image\/png"}],"twitter_card":"summary_large_image","twitter_site":"@Pelastusopisto","twitter_misc":{"Ber\u00e4knad l\u00e4stid":"3 minuter"},"schema":{"@context":"https:\/\/schema.org","@graph":[{"@type":"WebPage","@id":"https:\/\/www.pelastusopisto.fi\/sv\/biblioteks-och-informationstjanster\/publikationer-och-material\/publikationsserie-a-laromedel\/","url":"https:\/\/www.pelastusopisto.fi\/sv\/biblioteks-och-informationstjanster\/publikationer-och-material\/publikationsserie-a-laromedel\/","name":"Publikationsserie A: L\u00e4romedel - R\u00e4ddningsinstitutet","isPartOf":{"@id":"https:\/\/www.pelastusopisto.fi\/sv\/#website"},"primaryImageOfPage":{"@id":"https:\/\/www.pelastusopisto.fi\/sv\/biblioteks-och-informationstjanster\/publikationer-och-material\/publikationsserie-a-laromedel\/#primaryimage"},"image":{"@id":"https:\/\/www.pelastusopisto.fi\/sv\/biblioteks-och-informationstjanster\/publikationer-och-material\/publikationsserie-a-laromedel\/#primaryimage"},"thumbnailUrl":"https:\/\/www.pelastusopisto.fi\/wp-content\/uploads\/placeholder.png","datePublished":"2023-03-08T12:16:10+00:00","dateModified":"2025-02-19T07:37:49+00:00","description":"Vi producerar olika l\u00e4romedel f\u00f6r hela r\u00e4ddningsbranschen. L\u00e4romedlen kan utnyttjas i utbildningen inom r\u00e4ddningsbranschen. Bekanta dig med l\u00e4romedlen.","breadcrumb":{"@id":"https:\/\/www.pelastusopisto.fi\/sv\/biblioteks-och-informationstjanster\/publikationer-och-material\/publikationsserie-a-laromedel\/#breadcrumb"},"inLanguage":"sv-SE","potentialAction":[{"@type":"ReadAction","target":["https:\/\/www.pelastusopisto.fi\/sv\/biblioteks-och-informationstjanster\/publikationer-och-material\/publikationsserie-a-laromedel\/"]}]},{"@type":"ImageObject","inLanguage":"sv-SE","@id":"https:\/\/www.pelastusopisto.fi\/sv\/biblioteks-och-informationstjanster\/publikationer-och-material\/publikationsserie-a-laromedel\/#primaryimage","url":"https:\/\/www.pelastusopisto.fi\/wp-content\/uploads\/placeholder.png","contentUrl":"https:\/\/www.pelastusopisto.fi\/wp-content\/uploads\/placeholder.png","width":900,"height":600},{"@type":"BreadcrumbList","@id":"https:\/\/www.pelastusopisto.fi\/sv\/biblioteks-och-informationstjanster\/publikationer-och-material\/publikationsserie-a-laromedel\/#breadcrumb","itemListElement":[{"@type":"ListItem","position":1,"name":"Home","item":"https:\/\/www.pelastusopisto.fi\/sv\/"},{"@type":"ListItem","position":2,"name":"Biblioteks- och informationstj\u00e4nster","item":"https:\/\/www.pelastusopisto.fi\/sv\/biblioteks-och-informationstjanster\/"},{"@type":"ListItem","position":3,"name":"Publikationer och material","item":"https:\/\/www.pelastusopisto.fi\/sv\/biblioteks-och-informationstjanster\/publikationer-och-material\/"},{"@type":"ListItem","position":4,"name":"Publikationsserie A: L\u00e4romedel"}]},{"@type":"WebSite","@id":"https:\/\/www.pelastusopisto.fi\/sv\/#website","url":"https:\/\/www.pelastusopisto.fi\/sv\/","name":"Pelastusopisto","description":"","publisher":{"@id":"https:\/\/www.pelastusopisto.fi\/sv\/#organization"},"potentialAction":[{"@type":"SearchAction","target":{"@type":"EntryPoint","urlTemplate":"https:\/\/www.pelastusopisto.fi\/sv\/?s={search_term_string}"},"query-input":{"@type":"PropertyValueSpecification","valueRequired":true,"valueName":"search_term_string"}}],"inLanguage":"sv-SE"},{"@type":"Organization","@id":"https:\/\/www.pelastusopisto.fi\/sv\/#organization","name":"Pelastusopisto","url":"https:\/\/www.pelastusopisto.fi\/sv\/","logo":{"@type":"ImageObject","inLanguage":"sv-SE","@id":"https:\/\/www.pelastusopisto.fi\/sv\/#\/schema\/logo\/image\/","url":"https:\/\/www.pelastusopisto.fi\/wp-content\/uploads\/pelastusopisto-logo-net.png","contentUrl":"https:\/\/www.pelastusopisto.fi\/wp-content\/uploads\/pelastusopisto-logo-net.png","width":387,"height":71,"caption":"Pelastusopisto"},"image":{"@id":"https:\/\/www.pelastusopisto.fi\/sv\/#\/schema\/logo\/image\/"},"sameAs":["https:\/\/www.facebook.com\/Pelastusopisto\/","https:\/\/x.com\/Pelastusopisto","https:\/\/www.instagram.com\/pelastusopisto\/","https:\/\/fi.linkedin.com\/school\/pelastusopisto\/","https:\/\/www.youtube.com\/channel\/UCQjXYneFsnDYnJtZBfr9Ajg"]}]}},"featured_image_src":"https:\/\/www.pelastusopisto.fi\/wp-content\/uploads\/placeholder-600x400.png","featured_image_src_square":"https:\/\/www.pelastusopisto.fi\/wp-content\/uploads\/placeholder-600x600.png","_links":{"self":[{"href":"https:\/\/www.pelastusopisto.fi\/sv\/wp-json\/wp\/v2\/pages\/66297","targetHints":{"allow":["GET"]}}],"collection":[{"href":"https:\/\/www.pelastusopisto.fi\/sv\/wp-json\/wp\/v2\/pages"}],"about":[{"href":"https:\/\/www.pelastusopisto.fi\/sv\/wp-json\/wp\/v2\/types\/page"}],"author":[{"embeddable":true,"href":"https:\/\/www.pelastusopisto.fi\/sv\/wp-json\/wp\/v2\/users\/103"}],"replies":[{"embeddable":true,"href":"https:\/\/www.pelastusopisto.fi\/sv\/wp-json\/wp\/v2\/comments?post=66297"}],"version-history":[{"count":6,"href":"https:\/\/www.pelastusopisto.fi\/sv\/wp-json\/wp\/v2\/pages\/66297\/revisions"}],"predecessor-version":[{"id":76829,"href":"https:\/\/www.pelastusopisto.fi\/sv\/wp-json\/wp\/v2\/pages\/66297\/revisions\/76829"}],"up":[{"embeddable":true,"href":"https:\/\/www.pelastusopisto.fi\/sv\/wp-json\/wp\/v2\/pages\/66294"}],"wp:featuredmedia":[{"embeddable":true,"href":"https:\/\/www.pelastusopisto.fi\/sv\/wp-json\/wp\/v2\/media\/43998"}],"wp:attachment":[{"href":"https:\/\/www.pelastusopisto.fi\/sv\/wp-json\/wp\/v2\/media?parent=66297"}],"curies":[{"name":"wp","href":"https:\/\/api.w.org\/{rel}","templated":true}]}}