{"id":66294,"date":"2022-09-21T13:47:10","date_gmt":"2022-09-21T10:47:10","guid":{"rendered":"https:\/\/www.pelastusopisto.fi\/biblioteks-och-informationstjanster\/julkaisut-ja-aineistot\/"},"modified":"2024-02-23T10:39:54","modified_gmt":"2024-02-23T08:39:54","slug":"publikationer-och-material","status":"publish","type":"page","link":"https:\/\/www.pelastusopisto.fi\/sv\/biblioteks-och-informationstjanster\/publikationer-och-material\/","title":{"rendered":"Publikationer och material"},"content":{"rendered":"\n<p><\/p>\n\n\n\n<section id=\"gmd7a9e2f\" class=\"wp-block-gutentor-m3 alignfull section-gmd7a9e2f gutentor-module gutentor-container-cover has-image-bg has-custom-bg g-valign-b-mobile g-valign-b-tablet g-valign-b-desktop inner-banner-section paakuva\"><div class=\"grid-container gutentor-rm-ct-space-d gutentor-rm-ct-space-t gutentor-rm-ct-space\">\n<section id=\"gmad01467\" class=\"wp-block-gutentor-m4 alignfull section-gmad01467 gutentor-module gutentor-advanced-columns has-color-bg has-custom-bg headercolumn\"><div class=\"grid-container\"><div class=\"grid-row\">\n<div id=\"col-gmbefd2d\" class=\"wp-block-gutentor-m4-col col-gmbefd2d gutentor-single-column  grid-lg-12 grid-md-12 grid-12\"><div id=\"section-gmbefd2d\" class=\"section-gmbefd2d gutentor-col-wrap\">\n<div id=\"section-g61d2d4\" class=\"wp-block-gutentor-e1 section-g61d2d4 gutentor-element gutentor-element-advanced-text gutentor-adv-text-enabled-width header\"><div class=\"gutentor-text-wrap\"><h1 class=\"gutentor-text\">Publikationer och material<\/h1><\/div><\/div>\n<\/div><\/div>\n<\/div><\/div><\/section>\n<\/div><\/section>\n\n\n\n<section id=\"gmfd574c2\" class=\"wp-block-gutentor-m3 alignfull section-gmfd574c2 gutentor-module gutentor-container-cover\"><div class=\"grid-container\">\n<div style=\"height:0px\" aria-hidden=\"true\" class=\"wp-block-spacer\"><\/div>\n\n\n\n<section id=\"gmff6407f\" class=\"wp-block-gutentor-m4 section-gmff6407f gutentor-module gutentor-advanced-columns\"><div class=\"grid-container\"><div class=\"grid-row\">\n<div id=\"col-gm87a576\" class=\"wp-block-gutentor-m4-col col-gm87a576 gutentor-single-column  grid-lg-12 grid-md-12 grid-12\"><div id=\"section-gm87a576\" class=\"section-gm87a576 gutentor-col-wrap\">\n<div class=\"breadcrumb_section\"><ul id=\"breadcrumbs\" class=\"breadcrumbs\"><li class=\"item-home\"><a class=\"bread-link bread-home\" href=\"https:\/\/www.pelastusopisto.fi\/sv\/\"\n                title=\"Framsida\">Framsida<\/a><\/li><li class=\"separator separator-home\">  <\/li><\/ul><\/div>\n\n\n\n\n<div id=\"section-gbd6987\" class=\"wp-block-gutentor-e0 section-gbd6987 gutentor-element gutentor-element-advanced-text\"><div class=\"gutentor-text-wrap\"><p class=\"gutentor-text\">Syftet med de publikationer och det material vi producerar \u00e4r att f\u00f6rmedla information, perspektiv och inspiration f\u00f6r diskussion till utvecklingsarbetet i organisationerna inom r\u00e4ddningsbranschen samt till den offentliga debatten i anslutning till detta. Publikationer och material anv\u00e4nds ocks\u00e5 i stor utstr\u00e4ckning som l\u00e4romedel f\u00f6r den grundl\u00e4ggande yrkesutbildningen och fortbildningen inom v\u00e5r bransch. De flesta skribenterna \u00e4r l\u00e4rare eller forskare som arbetar vid R\u00e4ddningsinstitutet.<\/p><\/div><\/div>\n<\/div><\/div>\n<\/div><\/div><\/section>\n<\/div><\/section>\n\n\n\n<section id=\"gm90efd81\" class=\"wp-block-gutentor-m3 alignfull section-gm90efd81 gutentor-module gutentor-container-cover has-color-bg has-custom-bg\"><div class=\"grid-container\">\n<section id=\"gmf75f705\" class=\"wp-block-gutentor-m4 section-gmf75f705 gutentor-module gutentor-advanced-columns\"><div class=\"grid-container\"><div class=\"grid-row\">\n<div id=\"col-gma78fe4\" class=\"wp-block-gutentor-m4-col col-gma78fe4 gutentor-single-column  grid-lg-12 grid-md-12 grid-12\"><div id=\"section-gma78fe4\" class=\"section-gma78fe4 gutentor-col-wrap\">\n<div id=\"section-g636575\" class=\"wp-block-gutentor-e1 section-g636575 gutentor-element gutentor-element-advanced-text\"><div class=\"gutentor-text-wrap\"><h2 class=\"gutentor-text\">L\u00e4rdomsprov och utvecklingsprojekt<\/h2><\/div><\/div>\n\n\n\n<div id=\"section-g7a2d33\" class=\"wp-block-gutentor-e0 section-g7a2d33 gutentor-element gutentor-element-advanced-text\"><div class=\"gutentor-text-wrap\"><p class=\"gutentor-text\">Studerande som avl\u00e4gger yrkesh\u00f6gskoleexamen avslutar sina studier med l\u00e4rdomsprov. De som avl\u00e4gger underbef\u00e4lsexamen genomf\u00f6r ett utvecklingsprojekt som i allm\u00e4nhet har gjorts f\u00f6r arbetslivets behov vid r\u00e4ddningsverken. Alla v\u00e5ra l\u00e4rdomsprov finns i v\u00e5rt n\u00e4tbibliotek.<\/p><\/div><\/div>\n\n\n\n<div id=\"section-gec8152\" class=\"wp-block-gutentor-e2 section-gec8152 gutentor-element gutentor-element-button\"><span class=\"gutentor-button-wrap\"><a class=\"gutentor-button gutentor-block-button gutentor-icon-before\" href=\"https:\/\/peo.verkkokirjasto.fi\/opinn%C3%A4ytety%C3%B6t\" target=\"_blank\" rel=\"noopener noreferrer\"><i class=\"gutentor-button-icon fas fa-chevron-right\"><\/i><span><strong>Bekanta dig med l\u00e4rdomsproven<\/strong> (peo.verkkokirjasto.fi)<\/span><\/a><\/span><\/div>\n<\/div><\/div>\n<\/div><\/div><\/section>\n<\/div><\/section>\n\n\n\n<section id=\"gm29b49bd\" class=\"wp-block-gutentor-m3 alignfull section-gm29b49bd gutentor-module gutentor-container-cover has-color-bg has-custom-bg\"><div class=\"grid-container\">\n<section id=\"gmfd479e7\" class=\"wp-block-gutentor-m4 section-gmfd479e7 gutentor-module gutentor-advanced-columns\"><div class=\"grid-container\"><div class=\"grid-row\">\n<div id=\"col-gm881107\" class=\"wp-block-gutentor-m4-col col-gm881107 gutentor-single-column  grid-lg-12 grid-md-12 grid-12\"><div id=\"section-gm881107\" class=\"section-gm881107 gutentor-col-wrap\">\n<div id=\"section-ga09622\" class=\"wp-block-gutentor-e1 section-ga09622 gutentor-element gutentor-element-advanced-text\"><div class=\"gutentor-text-wrap\"><h2 class=\"gutentor-text\">L\u00e4romedel (publikationsserie A)<\/h2><\/div><\/div>\n\n\n\n<div id=\"section-g34684c\" class=\"wp-block-gutentor-e0 section-g34684c gutentor-element gutentor-element-advanced-text\"><div class=\"gutentor-text-wrap\"><p class=\"gutentor-text\">Vi producerar olika l\u00e4romedel f\u00f6r hela r\u00e4ddningsbranschen. L\u00e4romedlen kan utnyttjas i utbildningen inom r\u00e4ddningsbranschen. Du hittar de nyaste l\u00e4romedlen via l\u00e4nken nedan:<\/p><\/div><\/div>\n\n\n\n<div id=\"section-g7552ec\" class=\"wp-block-gutentor-e2 section-g7552ec gutentor-element gutentor-element-button\"><span class=\"gutentor-button-wrap\"><a class=\"gutentor-button gutentor-block-button gutentor-icon-before\" href=\"\/sv\/biblioteks-och-informationstjanster\/publikationer-och-material\/publikationsserie-a-laromedel\/\"><i class=\"gutentor-button-icon fas fa-chevron-right\"><\/i><span><strong><strong>Bekanta dig med l\u00e4romedlen<\/strong><\/strong><\/span><\/a><\/span><\/div>\n\n\n\n<p>Allt undervisningsmaterial som vi producerar finns ocks\u00e5 i v\u00e5rt n\u00e4tbibliotek.<\/p>\n\n\n\n<div id=\"section-g3c4db0\" class=\"wp-block-gutentor-e2 section-g3c4db0 gutentor-element gutentor-element-button\"><span class=\"gutentor-button-wrap\"><a class=\"gutentor-button gutentor-block-button gutentor-icon-before\" href=\"https:\/\/peo.verkkokirjasto.fi\/oppimateriaalit\"><i class=\"gutentor-button-icon fas fa-chevron-right\"><\/i><span><strong>L\u00e4romedlen i n\u00e4tbiblioteket<\/strong> (peo.verkkokirjasto.fi)<\/span><\/a><\/span><\/div>\n<\/div><\/div>\n<\/div><\/div><\/section>\n<\/div><\/section>\n\n\n\n<section id=\"gm285a12d\" class=\"wp-block-gutentor-m3 alignfull section-gm285a12d gutentor-module gutentor-container-cover has-color-bg has-custom-bg\"><div class=\"grid-container\">\n<section id=\"gme81f6a0\" class=\"wp-block-gutentor-m4 section-gme81f6a0 gutentor-module gutentor-advanced-columns\"><div class=\"grid-container\"><div class=\"grid-row\">\n<div id=\"col-gm4b743b\" class=\"wp-block-gutentor-m4-col col-gm4b743b gutentor-single-column  grid-lg-12 grid-md-12 grid-12\"><div id=\"section-gm4b743b\" class=\"section-gm4b743b gutentor-col-wrap\">\n<div id=\"section-g38d6c9\" class=\"wp-block-gutentor-e1 section-g38d6c9 gutentor-element gutentor-element-advanced-text\"><div class=\"gutentor-text-wrap\"><h2 class=\"gutentor-text\">Forskningsrapporter (publikationsserie B: Forskningsrapporter)<\/h2><\/div><\/div>\n\n\n\n<div id=\"section-g6e457e\" class=\"wp-block-gutentor-e0 section-g6e457e gutentor-element gutentor-element-advanced-text\"><div class=\"gutentor-text-wrap\"><p class=\"gutentor-text\">Vi utarbetar forskningsrapporter om v\u00e5ra unders\u00f6kningar s\u00e5 att forskningsresultaten kan utnyttjas i s\u00e5 h\u00f6g grad som m\u00f6jligt i utvecklingen av r\u00e4ddningsbranschen. Alla v\u00e5ra forskningsrapporter sparas p\u00e5 v\u00e5r webbplats.<\/p><\/div><\/div>\n\n\n\n<div id=\"section-geedb46\" class=\"wp-block-gutentor-e2 section-geedb46 gutentor-element gutentor-element-button\"><span class=\"gutentor-button-wrap\"><a class=\"gutentor-button gutentor-block-button gutentor-icon-before\" href=\"\/sv\/biblioteks-och-informationstjanster\/publikationer-och-material\/publikationsserie-b-forskningsrapporter\/\"><i class=\"gutentor-button-icon fas fa-chevron-right\"><\/i><span><strong><strong>Bekanta dig med forskningsrapporterna<\/strong><\/strong><\/span><\/a><\/span><\/div>\n\n\n\n<p>Alla v\u00e5ra forskningsrapporter finns ocks\u00e5 i v\u00e5rt n\u00e4tbibliotek.<\/p>\n\n\n\n<div id=\"section-ge2a451\" class=\"wp-block-gutentor-e2 section-ge2a451 gutentor-element gutentor-element-button\"><span class=\"gutentor-button-wrap\"><a class=\"gutentor-button gutentor-block-button gutentor-icon-before\" href=\"https:\/\/peo.verkkokirjasto.fi\/tutkimukset\"><i class=\"gutentor-button-icon fas fa-chevron-right\"><\/i><span><strong>Forskningsrapporterna i n\u00e4tbiblioteket<\/strong> (peo.verkkokirjasto.fi)<\/span><\/a><\/span><\/div>\n<\/div><\/div>\n<\/div><\/div><\/section>\n<\/div><\/section>\n\n\n\n<section id=\"gmb290dfd\" class=\"wp-block-gutentor-m3 alignfull section-gmb290dfd gutentor-module gutentor-container-cover has-color-bg has-custom-bg\"><div class=\"grid-container\">\n<section id=\"gmff45d56\" class=\"wp-block-gutentor-m4 section-gmff45d56 gutentor-module gutentor-advanced-columns\"><div class=\"grid-container\"><div class=\"grid-row\">\n<div id=\"col-gmfc6b7b\" class=\"wp-block-gutentor-m4-col col-gmfc6b7b gutentor-single-column  grid-lg-12 grid-md-12 grid-12\"><div id=\"section-gmfc6b7b\" class=\"section-gmfc6b7b gutentor-col-wrap\">\n<div id=\"section-g16f6f4\" class=\"wp-block-gutentor-e1 section-g16f6f4 gutentor-element gutentor-element-advanced-text\"><div class=\"gutentor-text-wrap\"><h2 class=\"gutentor-text\">\u00d6versikter, utredningar och andra publikationer (publikationsserie D: \u00d6vriga publikationer)<\/h2><\/div><\/div>\n\n\n\n<div id=\"section-g9fa43b\" class=\"wp-block-gutentor-e0 section-g9fa43b gutentor-element gutentor-element-advanced-text\"><div class=\"gutentor-text-wrap\"><p class=\"gutentor-text\">Vi producerar ocks\u00e5 \u00f6versikter, utredningar och andra publikationer som inte \u00e4r l\u00e4rdomsprov, l\u00e4romedel eller forskningsrapporter. Du hittar \u00f6versikter, utredningar och andra publikationer i v\u00e5rt n\u00e4tbibliotek.<\/p><\/div><\/div>\n\n\n\n<p>Alla \u00f6vriga publikationer i D-publikationsserien finns ocks\u00e5 i v\u00e5rt n\u00e4tbibliotek.<\/p>\n\n\n\n<div id=\"section-g799027\" class=\"wp-block-gutentor-e2 section-g799027 gutentor-element gutentor-element-button\"><span class=\"gutentor-button-wrap\"><a class=\"gutentor-button gutentor-block-button gutentor-icon-before\" href=\"https:\/\/peo.verkkokirjasto.fi\/katsaukset\" target=\"_blank\" rel=\"noopener noreferrer\"><i class=\"gutentor-button-icon fas fa-chevron-right\"><\/i><span><strong>Bekanta dig med \u00f6vriga publikationer i n\u00e4tbiblioteket<\/strong> (peo.verkkokirjasto.fi)<\/span><\/a><\/span><\/div>\n<\/div><\/div>\n<\/div><\/div><\/section>\n<\/div><\/section>\n","protected":false},"excerpt":{"rendered":"","protected":false},"author":1,"featured_media":43998,"parent":66284,"menu_order":0,"comment_status":"closed","ping_status":"closed","template":"","meta":{"_acf_changed":false,"_genesis_hide_title":false,"_genesis_hide_breadcrumbs":false,"_genesis_hide_singular_image":false,"_genesis_hide_footer_widgets":false,"_genesis_custom_body_class":"","_genesis_custom_post_class":"","_genesis_layout":"","footnotes":""},"class_list":{"0":"post-66294","1":"page","2":"type-page","3":"status-publish","4":"has-post-thumbnail","6":"entry"},"acf":[],"yoast_head":"<!-- This site is optimized with the Yoast SEO plugin v27.5 - https:\/\/yoast.com\/product\/yoast-seo-wordpress\/ -->\n<title>Publikationer och material - R\u00e4ddningsinstitutet<\/title>\n<meta name=\"description\" content=\"Syftet med de publikationer och det material vi producerar \u00e4r att f\u00f6rmedla information, perspektiv och inspiration f\u00f6r diskussion till utvecklingsarbetet i organisationerna inom r\u00e4ddningsbranschen. Publikationer och material anv\u00e4nds ocks\u00e5 i stor utstr\u00e4ckning som l\u00e4romedel f\u00f6r den grundl\u00e4ggande yrkesutbildningen och fortbildningen inom v\u00e5r bransch.\" \/>\n<meta name=\"robots\" content=\"index, follow, max-snippet:-1, max-image-preview:large, max-video-preview:-1\" \/>\n<link rel=\"canonical\" href=\"https:\/\/www.pelastusopisto.fi\/sv\/biblioteks-och-informationstjanster\/publikationer-och-material\/\" \/>\n<meta property=\"og:locale\" content=\"sv_SE\" \/>\n<meta property=\"og:type\" content=\"article\" \/>\n<meta property=\"og:title\" content=\"Publikationer och material - R\u00e4ddningsinstitutet\" \/>\n<meta property=\"og:description\" content=\"Syftet med de publikationer och det material vi producerar \u00e4r att f\u00f6rmedla information, perspektiv och inspiration f\u00f6r diskussion till utvecklingsarbetet i organisationerna inom r\u00e4ddningsbranschen. Publikationer och material anv\u00e4nds ocks\u00e5 i stor utstr\u00e4ckning som l\u00e4romedel f\u00f6r den grundl\u00e4ggande yrkesutbildningen och fortbildningen inom v\u00e5r bransch.\" \/>\n<meta property=\"og:url\" content=\"https:\/\/www.pelastusopisto.fi\/sv\/biblioteks-och-informationstjanster\/publikationer-och-material\/\" \/>\n<meta property=\"og:site_name\" content=\"Pelastusopisto\" \/>\n<meta property=\"article:publisher\" content=\"https:\/\/www.facebook.com\/Pelastusopisto\/\" \/>\n<meta property=\"article:modified_time\" content=\"2024-02-23T08:39:54+00:00\" \/>\n<meta property=\"og:image\" content=\"https:\/\/www.pelastusopisto.fi\/wp-content\/uploads\/placeholder.png\" \/>\n\t<meta property=\"og:image:width\" content=\"900\" \/>\n\t<meta property=\"og:image:height\" content=\"600\" \/>\n\t<meta property=\"og:image:type\" content=\"image\/png\" \/>\n<meta name=\"twitter:card\" content=\"summary_large_image\" \/>\n<meta name=\"twitter:site\" content=\"@Pelastusopisto\" \/>\n<meta name=\"twitter:label1\" content=\"Ber\u00e4knad l\u00e4stid\" \/>\n\t<meta name=\"twitter:data1\" content=\"2 minuter\" \/>\n<script type=\"application\/ld+json\" class=\"yoast-schema-graph\">{\"@context\":\"https:\\\/\\\/schema.org\",\"@graph\":[{\"@type\":\"WebPage\",\"@id\":\"https:\\\/\\\/www.pelastusopisto.fi\\\/sv\\\/biblioteks-och-informationstjanster\\\/publikationer-och-material\\\/\",\"url\":\"https:\\\/\\\/www.pelastusopisto.fi\\\/sv\\\/biblioteks-och-informationstjanster\\\/publikationer-och-material\\\/\",\"name\":\"Publikationer och material - R\u00e4ddningsinstitutet\",\"isPartOf\":{\"@id\":\"https:\\\/\\\/www.pelastusopisto.fi\\\/sv\\\/#website\"},\"primaryImageOfPage\":{\"@id\":\"https:\\\/\\\/www.pelastusopisto.fi\\\/sv\\\/biblioteks-och-informationstjanster\\\/publikationer-och-material\\\/#primaryimage\"},\"image\":{\"@id\":\"https:\\\/\\\/www.pelastusopisto.fi\\\/sv\\\/biblioteks-och-informationstjanster\\\/publikationer-och-material\\\/#primaryimage\"},\"thumbnailUrl\":\"https:\\\/\\\/www.pelastusopisto.fi\\\/wp-content\\\/uploads\\\/placeholder.png\",\"datePublished\":\"2022-09-21T10:47:10+00:00\",\"dateModified\":\"2024-02-23T08:39:54+00:00\",\"description\":\"Syftet med de publikationer och det material vi producerar \u00e4r att f\u00f6rmedla information, perspektiv och inspiration f\u00f6r diskussion till utvecklingsarbetet i organisationerna inom r\u00e4ddningsbranschen. Publikationer och material anv\u00e4nds ocks\u00e5 i stor utstr\u00e4ckning som l\u00e4romedel f\u00f6r den grundl\u00e4ggande yrkesutbildningen och fortbildningen inom v\u00e5r bransch.\",\"breadcrumb\":{\"@id\":\"https:\\\/\\\/www.pelastusopisto.fi\\\/sv\\\/biblioteks-och-informationstjanster\\\/publikationer-och-material\\\/#breadcrumb\"},\"inLanguage\":\"sv-SE\",\"potentialAction\":[{\"@type\":\"ReadAction\",\"target\":[\"https:\\\/\\\/www.pelastusopisto.fi\\\/sv\\\/biblioteks-och-informationstjanster\\\/publikationer-och-material\\\/\"]}]},{\"@type\":\"ImageObject\",\"inLanguage\":\"sv-SE\",\"@id\":\"https:\\\/\\\/www.pelastusopisto.fi\\\/sv\\\/biblioteks-och-informationstjanster\\\/publikationer-och-material\\\/#primaryimage\",\"url\":\"https:\\\/\\\/www.pelastusopisto.fi\\\/wp-content\\\/uploads\\\/placeholder.png\",\"contentUrl\":\"https:\\\/\\\/www.pelastusopisto.fi\\\/wp-content\\\/uploads\\\/placeholder.png\",\"width\":900,\"height\":600},{\"@type\":\"BreadcrumbList\",\"@id\":\"https:\\\/\\\/www.pelastusopisto.fi\\\/sv\\\/biblioteks-och-informationstjanster\\\/publikationer-och-material\\\/#breadcrumb\",\"itemListElement\":[{\"@type\":\"ListItem\",\"position\":1,\"name\":\"Home\",\"item\":\"https:\\\/\\\/www.pelastusopisto.fi\\\/sv\\\/\"},{\"@type\":\"ListItem\",\"position\":2,\"name\":\"Biblioteks- och informationstj\u00e4nster\",\"item\":\"https:\\\/\\\/www.pelastusopisto.fi\\\/sv\\\/biblioteks-och-informationstjanster\\\/\"},{\"@type\":\"ListItem\",\"position\":3,\"name\":\"Publikationer och material\"}]},{\"@type\":\"WebSite\",\"@id\":\"https:\\\/\\\/www.pelastusopisto.fi\\\/sv\\\/#website\",\"url\":\"https:\\\/\\\/www.pelastusopisto.fi\\\/sv\\\/\",\"name\":\"Pelastusopisto\",\"description\":\"\",\"publisher\":{\"@id\":\"https:\\\/\\\/www.pelastusopisto.fi\\\/sv\\\/#organization\"},\"potentialAction\":[{\"@type\":\"SearchAction\",\"target\":{\"@type\":\"EntryPoint\",\"urlTemplate\":\"https:\\\/\\\/www.pelastusopisto.fi\\\/sv\\\/?s={search_term_string}\"},\"query-input\":{\"@type\":\"PropertyValueSpecification\",\"valueRequired\":true,\"valueName\":\"search_term_string\"}}],\"inLanguage\":\"sv-SE\"},{\"@type\":\"Organization\",\"@id\":\"https:\\\/\\\/www.pelastusopisto.fi\\\/sv\\\/#organization\",\"name\":\"Pelastusopisto\",\"url\":\"https:\\\/\\\/www.pelastusopisto.fi\\\/sv\\\/\",\"logo\":{\"@type\":\"ImageObject\",\"inLanguage\":\"sv-SE\",\"@id\":\"https:\\\/\\\/www.pelastusopisto.fi\\\/sv\\\/#\\\/schema\\\/logo\\\/image\\\/\",\"url\":\"https:\\\/\\\/www.pelastusopisto.fi\\\/wp-content\\\/uploads\\\/pelastusopisto-logo-net.png\",\"contentUrl\":\"https:\\\/\\\/www.pelastusopisto.fi\\\/wp-content\\\/uploads\\\/pelastusopisto-logo-net.png\",\"width\":387,\"height\":71,\"caption\":\"Pelastusopisto\"},\"image\":{\"@id\":\"https:\\\/\\\/www.pelastusopisto.fi\\\/sv\\\/#\\\/schema\\\/logo\\\/image\\\/\"},\"sameAs\":[\"https:\\\/\\\/www.facebook.com\\\/Pelastusopisto\\\/\",\"https:\\\/\\\/x.com\\\/Pelastusopisto\",\"https:\\\/\\\/www.instagram.com\\\/pelastusopisto\\\/\",\"https:\\\/\\\/fi.linkedin.com\\\/school\\\/pelastusopisto\\\/\",\"https:\\\/\\\/www.youtube.com\\\/channel\\\/UCQjXYneFsnDYnJtZBfr9Ajg\"]}]}<\/script>\n<!-- \/ Yoast SEO plugin. -->","yoast_head_json":{"title":"Publikationer och material - R\u00e4ddningsinstitutet","description":"Syftet med de publikationer och det material vi producerar \u00e4r att f\u00f6rmedla information, perspektiv och inspiration f\u00f6r diskussion till utvecklingsarbetet i organisationerna inom r\u00e4ddningsbranschen. Publikationer och material anv\u00e4nds ocks\u00e5 i stor utstr\u00e4ckning som l\u00e4romedel f\u00f6r den grundl\u00e4ggande yrkesutbildningen och fortbildningen inom v\u00e5r bransch.","robots":{"index":"index","follow":"follow","max-snippet":"max-snippet:-1","max-image-preview":"max-image-preview:large","max-video-preview":"max-video-preview:-1"},"canonical":"https:\/\/www.pelastusopisto.fi\/sv\/biblioteks-och-informationstjanster\/publikationer-och-material\/","og_locale":"sv_SE","og_type":"article","og_title":"Publikationer och material - R\u00e4ddningsinstitutet","og_description":"Syftet med de publikationer och det material vi producerar \u00e4r att f\u00f6rmedla information, perspektiv och inspiration f\u00f6r diskussion till utvecklingsarbetet i organisationerna inom r\u00e4ddningsbranschen. Publikationer och material anv\u00e4nds ocks\u00e5 i stor utstr\u00e4ckning som l\u00e4romedel f\u00f6r den grundl\u00e4ggande yrkesutbildningen och fortbildningen inom v\u00e5r bransch.","og_url":"https:\/\/www.pelastusopisto.fi\/sv\/biblioteks-och-informationstjanster\/publikationer-och-material\/","og_site_name":"Pelastusopisto","article_publisher":"https:\/\/www.facebook.com\/Pelastusopisto\/","article_modified_time":"2024-02-23T08:39:54+00:00","og_image":[{"width":900,"height":600,"url":"https:\/\/www.pelastusopisto.fi\/wp-content\/uploads\/placeholder.png","type":"image\/png"}],"twitter_card":"summary_large_image","twitter_site":"@Pelastusopisto","twitter_misc":{"Ber\u00e4knad l\u00e4stid":"2 minuter"},"schema":{"@context":"https:\/\/schema.org","@graph":[{"@type":"WebPage","@id":"https:\/\/www.pelastusopisto.fi\/sv\/biblioteks-och-informationstjanster\/publikationer-och-material\/","url":"https:\/\/www.pelastusopisto.fi\/sv\/biblioteks-och-informationstjanster\/publikationer-och-material\/","name":"Publikationer och material - R\u00e4ddningsinstitutet","isPartOf":{"@id":"https:\/\/www.pelastusopisto.fi\/sv\/#website"},"primaryImageOfPage":{"@id":"https:\/\/www.pelastusopisto.fi\/sv\/biblioteks-och-informationstjanster\/publikationer-och-material\/#primaryimage"},"image":{"@id":"https:\/\/www.pelastusopisto.fi\/sv\/biblioteks-och-informationstjanster\/publikationer-och-material\/#primaryimage"},"thumbnailUrl":"https:\/\/www.pelastusopisto.fi\/wp-content\/uploads\/placeholder.png","datePublished":"2022-09-21T10:47:10+00:00","dateModified":"2024-02-23T08:39:54+00:00","description":"Syftet med de publikationer och det material vi producerar \u00e4r att f\u00f6rmedla information, perspektiv och inspiration f\u00f6r diskussion till utvecklingsarbetet i organisationerna inom r\u00e4ddningsbranschen. Publikationer och material anv\u00e4nds ocks\u00e5 i stor utstr\u00e4ckning som l\u00e4romedel f\u00f6r den grundl\u00e4ggande yrkesutbildningen och fortbildningen inom v\u00e5r bransch.","breadcrumb":{"@id":"https:\/\/www.pelastusopisto.fi\/sv\/biblioteks-och-informationstjanster\/publikationer-och-material\/#breadcrumb"},"inLanguage":"sv-SE","potentialAction":[{"@type":"ReadAction","target":["https:\/\/www.pelastusopisto.fi\/sv\/biblioteks-och-informationstjanster\/publikationer-och-material\/"]}]},{"@type":"ImageObject","inLanguage":"sv-SE","@id":"https:\/\/www.pelastusopisto.fi\/sv\/biblioteks-och-informationstjanster\/publikationer-och-material\/#primaryimage","url":"https:\/\/www.pelastusopisto.fi\/wp-content\/uploads\/placeholder.png","contentUrl":"https:\/\/www.pelastusopisto.fi\/wp-content\/uploads\/placeholder.png","width":900,"height":600},{"@type":"BreadcrumbList","@id":"https:\/\/www.pelastusopisto.fi\/sv\/biblioteks-och-informationstjanster\/publikationer-och-material\/#breadcrumb","itemListElement":[{"@type":"ListItem","position":1,"name":"Home","item":"https:\/\/www.pelastusopisto.fi\/sv\/"},{"@type":"ListItem","position":2,"name":"Biblioteks- och informationstj\u00e4nster","item":"https:\/\/www.pelastusopisto.fi\/sv\/biblioteks-och-informationstjanster\/"},{"@type":"ListItem","position":3,"name":"Publikationer och material"}]},{"@type":"WebSite","@id":"https:\/\/www.pelastusopisto.fi\/sv\/#website","url":"https:\/\/www.pelastusopisto.fi\/sv\/","name":"Pelastusopisto","description":"","publisher":{"@id":"https:\/\/www.pelastusopisto.fi\/sv\/#organization"},"potentialAction":[{"@type":"SearchAction","target":{"@type":"EntryPoint","urlTemplate":"https:\/\/www.pelastusopisto.fi\/sv\/?s={search_term_string}"},"query-input":{"@type":"PropertyValueSpecification","valueRequired":true,"valueName":"search_term_string"}}],"inLanguage":"sv-SE"},{"@type":"Organization","@id":"https:\/\/www.pelastusopisto.fi\/sv\/#organization","name":"Pelastusopisto","url":"https:\/\/www.pelastusopisto.fi\/sv\/","logo":{"@type":"ImageObject","inLanguage":"sv-SE","@id":"https:\/\/www.pelastusopisto.fi\/sv\/#\/schema\/logo\/image\/","url":"https:\/\/www.pelastusopisto.fi\/wp-content\/uploads\/pelastusopisto-logo-net.png","contentUrl":"https:\/\/www.pelastusopisto.fi\/wp-content\/uploads\/pelastusopisto-logo-net.png","width":387,"height":71,"caption":"Pelastusopisto"},"image":{"@id":"https:\/\/www.pelastusopisto.fi\/sv\/#\/schema\/logo\/image\/"},"sameAs":["https:\/\/www.facebook.com\/Pelastusopisto\/","https:\/\/x.com\/Pelastusopisto","https:\/\/www.instagram.com\/pelastusopisto\/","https:\/\/fi.linkedin.com\/school\/pelastusopisto\/","https:\/\/www.youtube.com\/channel\/UCQjXYneFsnDYnJtZBfr9Ajg"]}]}},"featured_image_src":"https:\/\/www.pelastusopisto.fi\/wp-content\/uploads\/placeholder-600x400.png","featured_image_src_square":"https:\/\/www.pelastusopisto.fi\/wp-content\/uploads\/placeholder-600x600.png","_links":{"self":[{"href":"https:\/\/www.pelastusopisto.fi\/sv\/wp-json\/wp\/v2\/pages\/66294","targetHints":{"allow":["GET"]}}],"collection":[{"href":"https:\/\/www.pelastusopisto.fi\/sv\/wp-json\/wp\/v2\/pages"}],"about":[{"href":"https:\/\/www.pelastusopisto.fi\/sv\/wp-json\/wp\/v2\/types\/page"}],"author":[{"embeddable":true,"href":"https:\/\/www.pelastusopisto.fi\/sv\/wp-json\/wp\/v2\/users\/1"}],"replies":[{"embeddable":true,"href":"https:\/\/www.pelastusopisto.fi\/sv\/wp-json\/wp\/v2\/comments?post=66294"}],"version-history":[{"count":6,"href":"https:\/\/www.pelastusopisto.fi\/sv\/wp-json\/wp\/v2\/pages\/66294\/revisions"}],"predecessor-version":[{"id":69485,"href":"https:\/\/www.pelastusopisto.fi\/sv\/wp-json\/wp\/v2\/pages\/66294\/revisions\/69485"}],"up":[{"embeddable":true,"href":"https:\/\/www.pelastusopisto.fi\/sv\/wp-json\/wp\/v2\/pages\/66284"}],"wp:featuredmedia":[{"embeddable":true,"href":"https:\/\/www.pelastusopisto.fi\/sv\/wp-json\/wp\/v2\/media\/43998"}],"wp:attachment":[{"href":"https:\/\/www.pelastusopisto.fi\/sv\/wp-json\/wp\/v2\/media?parent=66294"}],"curies":[{"name":"wp","href":"https:\/\/api.w.org\/{rel}","templated":true}]}}