{"id":63597,"date":"2022-09-21T13:36:09","date_gmt":"2022-09-21T10:36:09","guid":{"rendered":"https:\/\/www.pelastusopisto.fi\/ovrig-utbildning\/avtalspersonalens-utbildning\/sopimushenkiloston-paallystokurssit\/"},"modified":"2024-02-23T10:34:57","modified_gmt":"2024-02-23T08:34:57","slug":"avtalspersonalens-befalskurser","status":"publish","type":"page","link":"https:\/\/www.pelastusopisto.fi\/sv\/ovrig-utbildning\/avtalspersonalens-utbildning\/avtalspersonalens-befalskurser\/","title":{"rendered":"Avtalspersonalens bef\u00e4lskurser"},"content":{"rendered":"\n<section id=\"gm36478d3\" class=\"wp-block-gutentor-m3 alignfull section-gm36478d3 gutentor-module gutentor-container-cover has-image-bg has-custom-bg g-valign-b-mobile g-valign-b-tablet g-valign-b-desktop inner-banner-section\"><div class=\"grid-container gutentor-rm-ct-space-d gutentor-rm-ct-space-t gutentor-rm-ct-space\">\n<section id=\"gm18456fa\" class=\"wp-block-gutentor-m4 alignfull section-gm18456fa gutentor-module gutentor-advanced-columns has-color-bg has-custom-bg headercolumn\"><div class=\"grid-container\"><div class=\"grid-row\">\n<div id=\"col-gmaf176c\" class=\"wp-block-gutentor-m4-col col-gmaf176c gutentor-single-column  grid-lg-12 grid-md-12 grid-12\"><div id=\"section-gmaf176c\" class=\"section-gmaf176c gutentor-col-wrap\">\n<div id=\"section-gc121e6\" class=\"wp-block-gutentor-e1 section-gc121e6 gutentor-element gutentor-element-advanced-text gutentor-adv-text-enabled-width header\"><div class=\"gutentor-text-wrap\"><h1 class=\"gutentor-text\">Avtalspersonalens bef\u00e4lskurser<\/h1><\/div><\/div>\n<\/div><\/div>\n<\/div><\/div><\/section>\n<\/div><\/section>\n\n\n\n<section id=\"gmc9ea763\" class=\"wp-block-gutentor-m3 alignfull section-gmc9ea763 gutentor-module gutentor-container-cover has-color-bg has-custom-bg\"><div class=\"grid-container\">\n<section id=\"gm19d7c48\" class=\"wp-block-gutentor-m3 section-gm19d7c48 gutentor-module gutentor-container-cover\"><div class=\"grid-container\">\n<section id=\"g87a38a\" class=\"wp-block-gutentor-m9 section-g87a38a gutentor-module gutentor-module-form-wrapper\"><div class=\"grid-container gutentor-rm-ct-space-d gutentor-rm-ct-space-t gutentor-rm-ct-space\">\n<div class=\"breadcrumb_section\"><ul id=\"breadcrumbs\" class=\"breadcrumbs\"><li class=\"item-home\"><a class=\"bread-link bread-home\" href=\"https:\/\/www.pelastusopisto.fi\/sv\/\"\n                title=\"Framsida\">Framsida<\/a><\/li><li class=\"separator separator-home\">  <\/li><\/ul><\/div>\n<\/div><\/section>\n\n\n\n<h2 class=\"wp-block-heading\">Bef\u00e4lskurser<\/h2>\n\n\n\n<p>R\u00e4ddningsverksamhetens f\u00f6rvaltning leds av chefen f\u00f6r avtalsbrandk\u00e5ren. Chefen f\u00f6r avtalsbrandk\u00e5ren representerar sin f\u00f6rening som en del av det regionala r\u00e4ddningsv\u00e4sendet. Hen \u00e4r en f\u00f6rtroendevald som ansvarar f\u00f6r att brandk\u00e5rens r\u00e4ddningsverksamhet \u00e4r effektiv och h\u00f6gklassig i sin f\u00f6rening. I uppgiften som chef beh\u00f6vs administrativ kompetens och ledningskompetens samt m\u00e5ngsidiga planeringsf\u00e4rdigheter. Uppgiften f\u00f6ruts\u00e4tter goda kunskaper i sk\u00f6tseln av uppgifter i anslutning till r\u00e4ddningsverksamhet, f\u00f6rebyggande av olyckor och beredskap.<\/p>\n\n\n\n<div id=\"section-gf8ed24\" class=\"wp-block-gutentor-e2 section-gf8ed24 gutentor-element gutentor-element-button\"><span class=\"gutentor-button-wrap\"><a class=\"gutentor-button gutentor-block-button gutentor-icon-before\" href=\"\/wp-content\/uploads\/OPS_Sopimushenkilosto_2022-nettisivuille.pdf\" target=\"_blank\" rel=\"noopener noreferrer\"><i class=\"gutentor-button-icon fas fa-chevron-right\"><\/i><span><strong><strong>Bekanta dig med l\u00e4roplan (PDF, p\u00e5 finska)<\/strong><\/strong><\/span><\/a><\/span><\/div>\n<\/div><\/section>\n<\/div><\/section>\n\n\n\n<p><\/p>\n","protected":false},"excerpt":{"rendered":"","protected":false},"author":1,"featured_media":55234,"parent":63586,"menu_order":0,"comment_status":"closed","ping_status":"closed","template":"","meta":{"_acf_changed":false,"_genesis_hide_title":false,"_genesis_hide_breadcrumbs":false,"_genesis_hide_singular_image":false,"_genesis_hide_footer_widgets":false,"_genesis_custom_body_class":"","_genesis_custom_post_class":"","_genesis_layout":"","footnotes":""},"class_list":{"0":"post-63597","1":"page","2":"type-page","3":"status-publish","4":"has-post-thumbnail","6":"entry"},"acf":[],"yoast_head":"<!-- This site is optimized with the Yoast SEO plugin v27.5 - https:\/\/yoast.com\/product\/yoast-seo-wordpress\/ -->\n<title>Avtalspersonalens bef\u00e4lskurser - R\u00e4ddningsinstitutet<\/title>\n<meta name=\"description\" content=\"R\u00e4ddningsverksamhetens f\u00f6rvaltning leds av chefen f\u00f6r avtalsbrandk\u00e5ren. Chefen f\u00f6r avtalsbrandk\u00e5ren representerar sin f\u00f6rening som en del av det regionala r\u00e4ddningsv\u00e4sendet.\" \/>\n<meta name=\"robots\" content=\"index, follow, max-snippet:-1, max-image-preview:large, max-video-preview:-1\" \/>\n<link rel=\"canonical\" href=\"https:\/\/www.pelastusopisto.fi\/sv\/ovrig-utbildning\/avtalspersonalens-utbildning\/avtalspersonalens-befalskurser\/\" \/>\n<meta property=\"og:locale\" content=\"sv_SE\" \/>\n<meta property=\"og:type\" content=\"article\" \/>\n<meta property=\"og:title\" content=\"Avtalspersonalens bef\u00e4lskurser - R\u00e4ddningsinstitutet\" \/>\n<meta property=\"og:description\" content=\"R\u00e4ddningsverksamhetens f\u00f6rvaltning leds av chefen f\u00f6r avtalsbrandk\u00e5ren. Chefen f\u00f6r avtalsbrandk\u00e5ren representerar sin f\u00f6rening som en del av det regionala r\u00e4ddningsv\u00e4sendet.\" \/>\n<meta property=\"og:url\" content=\"https:\/\/www.pelastusopisto.fi\/sv\/ovrig-utbildning\/avtalspersonalens-utbildning\/avtalspersonalens-befalskurser\/\" \/>\n<meta property=\"og:site_name\" content=\"Pelastusopisto\" \/>\n<meta property=\"article:publisher\" content=\"https:\/\/www.facebook.com\/Pelastusopisto\/\" \/>\n<meta property=\"article:modified_time\" content=\"2024-02-23T08:34:57+00:00\" \/>\n<meta property=\"og:image\" content=\"https:\/\/www.pelastusopisto.fi\/wp-content\/uploads\/Paallysto-ylakuva.jpg\" \/>\n\t<meta property=\"og:image:width\" content=\"1800\" \/>\n\t<meta property=\"og:image:height\" content=\"450\" \/>\n\t<meta property=\"og:image:type\" content=\"image\/jpeg\" \/>\n<meta name=\"twitter:card\" content=\"summary_large_image\" \/>\n<meta name=\"twitter:site\" content=\"@Pelastusopisto\" \/>\n<meta name=\"twitter:label1\" content=\"Ber\u00e4knad l\u00e4stid\" \/>\n\t<meta name=\"twitter:data1\" content=\"1 minut\" \/>\n<script type=\"application\/ld+json\" class=\"yoast-schema-graph\">{\"@context\":\"https:\\\/\\\/schema.org\",\"@graph\":[{\"@type\":\"WebPage\",\"@id\":\"https:\\\/\\\/www.pelastusopisto.fi\\\/sv\\\/ovrig-utbildning\\\/avtalspersonalens-utbildning\\\/avtalspersonalens-befalskurser\\\/\",\"url\":\"https:\\\/\\\/www.pelastusopisto.fi\\\/sv\\\/ovrig-utbildning\\\/avtalspersonalens-utbildning\\\/avtalspersonalens-befalskurser\\\/\",\"name\":\"Avtalspersonalens bef\u00e4lskurser - R\u00e4ddningsinstitutet\",\"isPartOf\":{\"@id\":\"https:\\\/\\\/www.pelastusopisto.fi\\\/sv\\\/#website\"},\"primaryImageOfPage\":{\"@id\":\"https:\\\/\\\/www.pelastusopisto.fi\\\/sv\\\/ovrig-utbildning\\\/avtalspersonalens-utbildning\\\/avtalspersonalens-befalskurser\\\/#primaryimage\"},\"image\":{\"@id\":\"https:\\\/\\\/www.pelastusopisto.fi\\\/sv\\\/ovrig-utbildning\\\/avtalspersonalens-utbildning\\\/avtalspersonalens-befalskurser\\\/#primaryimage\"},\"thumbnailUrl\":\"https:\\\/\\\/www.pelastusopisto.fi\\\/wp-content\\\/uploads\\\/Paallysto-ylakuva.jpg\",\"datePublished\":\"2022-09-21T10:36:09+00:00\",\"dateModified\":\"2024-02-23T08:34:57+00:00\",\"description\":\"R\u00e4ddningsverksamhetens f\u00f6rvaltning leds av chefen f\u00f6r avtalsbrandk\u00e5ren. Chefen f\u00f6r avtalsbrandk\u00e5ren representerar sin f\u00f6rening som en del av det regionala r\u00e4ddningsv\u00e4sendet.\",\"breadcrumb\":{\"@id\":\"https:\\\/\\\/www.pelastusopisto.fi\\\/sv\\\/ovrig-utbildning\\\/avtalspersonalens-utbildning\\\/avtalspersonalens-befalskurser\\\/#breadcrumb\"},\"inLanguage\":\"sv-SE\",\"potentialAction\":[{\"@type\":\"ReadAction\",\"target\":[\"https:\\\/\\\/www.pelastusopisto.fi\\\/sv\\\/ovrig-utbildning\\\/avtalspersonalens-utbildning\\\/avtalspersonalens-befalskurser\\\/\"]}]},{\"@type\":\"ImageObject\",\"inLanguage\":\"sv-SE\",\"@id\":\"https:\\\/\\\/www.pelastusopisto.fi\\\/sv\\\/ovrig-utbildning\\\/avtalspersonalens-utbildning\\\/avtalspersonalens-befalskurser\\\/#primaryimage\",\"url\":\"https:\\\/\\\/www.pelastusopisto.fi\\\/wp-content\\\/uploads\\\/Paallysto-ylakuva.jpg\",\"contentUrl\":\"https:\\\/\\\/www.pelastusopisto.fi\\\/wp-content\\\/uploads\\\/Paallysto-ylakuva.jpg\",\"width\":1800,\"height\":450},{\"@type\":\"BreadcrumbList\",\"@id\":\"https:\\\/\\\/www.pelastusopisto.fi\\\/sv\\\/ovrig-utbildning\\\/avtalspersonalens-utbildning\\\/avtalspersonalens-befalskurser\\\/#breadcrumb\",\"itemListElement\":[{\"@type\":\"ListItem\",\"position\":1,\"name\":\"Home\",\"item\":\"https:\\\/\\\/www.pelastusopisto.fi\\\/sv\\\/\"},{\"@type\":\"ListItem\",\"position\":2,\"name\":\"\u00d6vrig utbildning\",\"item\":\"https:\\\/\\\/www.pelastusopisto.fi\\\/sv\\\/ovrig-utbildning\\\/\"},{\"@type\":\"ListItem\",\"position\":3,\"name\":\"Avtalspersonalens utbildning\",\"item\":\"https:\\\/\\\/www.pelastusopisto.fi\\\/sv\\\/ovrig-utbildning\\\/avtalspersonalens-utbildning\\\/\"},{\"@type\":\"ListItem\",\"position\":4,\"name\":\"Avtalspersonalens bef\u00e4lskurser\"}]},{\"@type\":\"WebSite\",\"@id\":\"https:\\\/\\\/www.pelastusopisto.fi\\\/sv\\\/#website\",\"url\":\"https:\\\/\\\/www.pelastusopisto.fi\\\/sv\\\/\",\"name\":\"Pelastusopisto\",\"description\":\"\",\"publisher\":{\"@id\":\"https:\\\/\\\/www.pelastusopisto.fi\\\/sv\\\/#organization\"},\"potentialAction\":[{\"@type\":\"SearchAction\",\"target\":{\"@type\":\"EntryPoint\",\"urlTemplate\":\"https:\\\/\\\/www.pelastusopisto.fi\\\/sv\\\/?s={search_term_string}\"},\"query-input\":{\"@type\":\"PropertyValueSpecification\",\"valueRequired\":true,\"valueName\":\"search_term_string\"}}],\"inLanguage\":\"sv-SE\"},{\"@type\":\"Organization\",\"@id\":\"https:\\\/\\\/www.pelastusopisto.fi\\\/sv\\\/#organization\",\"name\":\"Pelastusopisto\",\"url\":\"https:\\\/\\\/www.pelastusopisto.fi\\\/sv\\\/\",\"logo\":{\"@type\":\"ImageObject\",\"inLanguage\":\"sv-SE\",\"@id\":\"https:\\\/\\\/www.pelastusopisto.fi\\\/sv\\\/#\\\/schema\\\/logo\\\/image\\\/\",\"url\":\"https:\\\/\\\/www.pelastusopisto.fi\\\/wp-content\\\/uploads\\\/pelastusopisto-logo-net.png\",\"contentUrl\":\"https:\\\/\\\/www.pelastusopisto.fi\\\/wp-content\\\/uploads\\\/pelastusopisto-logo-net.png\",\"width\":387,\"height\":71,\"caption\":\"Pelastusopisto\"},\"image\":{\"@id\":\"https:\\\/\\\/www.pelastusopisto.fi\\\/sv\\\/#\\\/schema\\\/logo\\\/image\\\/\"},\"sameAs\":[\"https:\\\/\\\/www.facebook.com\\\/Pelastusopisto\\\/\",\"https:\\\/\\\/x.com\\\/Pelastusopisto\",\"https:\\\/\\\/www.instagram.com\\\/pelastusopisto\\\/\",\"https:\\\/\\\/fi.linkedin.com\\\/school\\\/pelastusopisto\\\/\",\"https:\\\/\\\/www.youtube.com\\\/channel\\\/UCQjXYneFsnDYnJtZBfr9Ajg\"]}]}<\/script>\n<!-- \/ Yoast SEO plugin. -->","yoast_head_json":{"title":"Avtalspersonalens bef\u00e4lskurser - R\u00e4ddningsinstitutet","description":"R\u00e4ddningsverksamhetens f\u00f6rvaltning leds av chefen f\u00f6r avtalsbrandk\u00e5ren. Chefen f\u00f6r avtalsbrandk\u00e5ren representerar sin f\u00f6rening som en del av det regionala r\u00e4ddningsv\u00e4sendet.","robots":{"index":"index","follow":"follow","max-snippet":"max-snippet:-1","max-image-preview":"max-image-preview:large","max-video-preview":"max-video-preview:-1"},"canonical":"https:\/\/www.pelastusopisto.fi\/sv\/ovrig-utbildning\/avtalspersonalens-utbildning\/avtalspersonalens-befalskurser\/","og_locale":"sv_SE","og_type":"article","og_title":"Avtalspersonalens bef\u00e4lskurser - R\u00e4ddningsinstitutet","og_description":"R\u00e4ddningsverksamhetens f\u00f6rvaltning leds av chefen f\u00f6r avtalsbrandk\u00e5ren. Chefen f\u00f6r avtalsbrandk\u00e5ren representerar sin f\u00f6rening som en del av det regionala r\u00e4ddningsv\u00e4sendet.","og_url":"https:\/\/www.pelastusopisto.fi\/sv\/ovrig-utbildning\/avtalspersonalens-utbildning\/avtalspersonalens-befalskurser\/","og_site_name":"Pelastusopisto","article_publisher":"https:\/\/www.facebook.com\/Pelastusopisto\/","article_modified_time":"2024-02-23T08:34:57+00:00","og_image":[{"width":1800,"height":450,"url":"https:\/\/www.pelastusopisto.fi\/wp-content\/uploads\/Paallysto-ylakuva.jpg","type":"image\/jpeg"}],"twitter_card":"summary_large_image","twitter_site":"@Pelastusopisto","twitter_misc":{"Ber\u00e4knad l\u00e4stid":"1 minut"},"schema":{"@context":"https:\/\/schema.org","@graph":[{"@type":"WebPage","@id":"https:\/\/www.pelastusopisto.fi\/sv\/ovrig-utbildning\/avtalspersonalens-utbildning\/avtalspersonalens-befalskurser\/","url":"https:\/\/www.pelastusopisto.fi\/sv\/ovrig-utbildning\/avtalspersonalens-utbildning\/avtalspersonalens-befalskurser\/","name":"Avtalspersonalens bef\u00e4lskurser - R\u00e4ddningsinstitutet","isPartOf":{"@id":"https:\/\/www.pelastusopisto.fi\/sv\/#website"},"primaryImageOfPage":{"@id":"https:\/\/www.pelastusopisto.fi\/sv\/ovrig-utbildning\/avtalspersonalens-utbildning\/avtalspersonalens-befalskurser\/#primaryimage"},"image":{"@id":"https:\/\/www.pelastusopisto.fi\/sv\/ovrig-utbildning\/avtalspersonalens-utbildning\/avtalspersonalens-befalskurser\/#primaryimage"},"thumbnailUrl":"https:\/\/www.pelastusopisto.fi\/wp-content\/uploads\/Paallysto-ylakuva.jpg","datePublished":"2022-09-21T10:36:09+00:00","dateModified":"2024-02-23T08:34:57+00:00","description":"R\u00e4ddningsverksamhetens f\u00f6rvaltning leds av chefen f\u00f6r avtalsbrandk\u00e5ren. Chefen f\u00f6r avtalsbrandk\u00e5ren representerar sin f\u00f6rening som en del av det regionala r\u00e4ddningsv\u00e4sendet.","breadcrumb":{"@id":"https:\/\/www.pelastusopisto.fi\/sv\/ovrig-utbildning\/avtalspersonalens-utbildning\/avtalspersonalens-befalskurser\/#breadcrumb"},"inLanguage":"sv-SE","potentialAction":[{"@type":"ReadAction","target":["https:\/\/www.pelastusopisto.fi\/sv\/ovrig-utbildning\/avtalspersonalens-utbildning\/avtalspersonalens-befalskurser\/"]}]},{"@type":"ImageObject","inLanguage":"sv-SE","@id":"https:\/\/www.pelastusopisto.fi\/sv\/ovrig-utbildning\/avtalspersonalens-utbildning\/avtalspersonalens-befalskurser\/#primaryimage","url":"https:\/\/www.pelastusopisto.fi\/wp-content\/uploads\/Paallysto-ylakuva.jpg","contentUrl":"https:\/\/www.pelastusopisto.fi\/wp-content\/uploads\/Paallysto-ylakuva.jpg","width":1800,"height":450},{"@type":"BreadcrumbList","@id":"https:\/\/www.pelastusopisto.fi\/sv\/ovrig-utbildning\/avtalspersonalens-utbildning\/avtalspersonalens-befalskurser\/#breadcrumb","itemListElement":[{"@type":"ListItem","position":1,"name":"Home","item":"https:\/\/www.pelastusopisto.fi\/sv\/"},{"@type":"ListItem","position":2,"name":"\u00d6vrig utbildning","item":"https:\/\/www.pelastusopisto.fi\/sv\/ovrig-utbildning\/"},{"@type":"ListItem","position":3,"name":"Avtalspersonalens utbildning","item":"https:\/\/www.pelastusopisto.fi\/sv\/ovrig-utbildning\/avtalspersonalens-utbildning\/"},{"@type":"ListItem","position":4,"name":"Avtalspersonalens bef\u00e4lskurser"}]},{"@type":"WebSite","@id":"https:\/\/www.pelastusopisto.fi\/sv\/#website","url":"https:\/\/www.pelastusopisto.fi\/sv\/","name":"Pelastusopisto","description":"","publisher":{"@id":"https:\/\/www.pelastusopisto.fi\/sv\/#organization"},"potentialAction":[{"@type":"SearchAction","target":{"@type":"EntryPoint","urlTemplate":"https:\/\/www.pelastusopisto.fi\/sv\/?s={search_term_string}"},"query-input":{"@type":"PropertyValueSpecification","valueRequired":true,"valueName":"search_term_string"}}],"inLanguage":"sv-SE"},{"@type":"Organization","@id":"https:\/\/www.pelastusopisto.fi\/sv\/#organization","name":"Pelastusopisto","url":"https:\/\/www.pelastusopisto.fi\/sv\/","logo":{"@type":"ImageObject","inLanguage":"sv-SE","@id":"https:\/\/www.pelastusopisto.fi\/sv\/#\/schema\/logo\/image\/","url":"https:\/\/www.pelastusopisto.fi\/wp-content\/uploads\/pelastusopisto-logo-net.png","contentUrl":"https:\/\/www.pelastusopisto.fi\/wp-content\/uploads\/pelastusopisto-logo-net.png","width":387,"height":71,"caption":"Pelastusopisto"},"image":{"@id":"https:\/\/www.pelastusopisto.fi\/sv\/#\/schema\/logo\/image\/"},"sameAs":["https:\/\/www.facebook.com\/Pelastusopisto\/","https:\/\/x.com\/Pelastusopisto","https:\/\/www.instagram.com\/pelastusopisto\/","https:\/\/fi.linkedin.com\/school\/pelastusopisto\/","https:\/\/www.youtube.com\/channel\/UCQjXYneFsnDYnJtZBfr9Ajg"]}]}},"featured_image_src":"https:\/\/www.pelastusopisto.fi\/wp-content\/uploads\/Paallysto-ylakuva-600x400.jpg","featured_image_src_square":"https:\/\/www.pelastusopisto.fi\/wp-content\/uploads\/Paallysto-ylakuva-600x450.jpg","_links":{"self":[{"href":"https:\/\/www.pelastusopisto.fi\/sv\/wp-json\/wp\/v2\/pages\/63597","targetHints":{"allow":["GET"]}}],"collection":[{"href":"https:\/\/www.pelastusopisto.fi\/sv\/wp-json\/wp\/v2\/pages"}],"about":[{"href":"https:\/\/www.pelastusopisto.fi\/sv\/wp-json\/wp\/v2\/types\/page"}],"author":[{"embeddable":true,"href":"https:\/\/www.pelastusopisto.fi\/sv\/wp-json\/wp\/v2\/users\/1"}],"replies":[{"embeddable":true,"href":"https:\/\/www.pelastusopisto.fi\/sv\/wp-json\/wp\/v2\/comments?post=63597"}],"version-history":[{"count":3,"href":"https:\/\/www.pelastusopisto.fi\/sv\/wp-json\/wp\/v2\/pages\/63597\/revisions"}],"predecessor-version":[{"id":69477,"href":"https:\/\/www.pelastusopisto.fi\/sv\/wp-json\/wp\/v2\/pages\/63597\/revisions\/69477"}],"up":[{"embeddable":true,"href":"https:\/\/www.pelastusopisto.fi\/sv\/wp-json\/wp\/v2\/pages\/63586"}],"wp:featuredmedia":[{"embeddable":true,"href":"https:\/\/www.pelastusopisto.fi\/sv\/wp-json\/wp\/v2\/media\/55234"}],"wp:attachment":[{"href":"https:\/\/www.pelastusopisto.fi\/sv\/wp-json\/wp\/v2\/media?parent=63597"}],"curies":[{"name":"wp","href":"https:\/\/api.w.org\/{rel}","templated":true}]}}