{"id":63589,"date":"2022-09-21T13:36:14","date_gmt":"2022-09-21T10:36:14","guid":{"rendered":"https:\/\/www.pelastusopisto.fi\/ovrig-utbildning\/avtalspersonalens-utbildning\/vastaavaksi-kouluttajaksi\/"},"modified":"2024-02-23T10:35:32","modified_gmt":"2024-02-23T08:35:32","slug":"att-bli-ansvarig-utbildare","status":"publish","type":"page","link":"https:\/\/www.pelastusopisto.fi\/sv\/ovrig-utbildning\/avtalspersonalens-utbildning\/att-bli-ansvarig-utbildare\/","title":{"rendered":"Att bli ansvarig utbildare"},"content":{"rendered":"\n<section id=\"gmd0484f8\" class=\"wp-block-gutentor-m3 alignfull section-gmd0484f8 gutentor-module gutentor-container-cover has-image-bg has-custom-bg g-valign-b-mobile g-valign-b-tablet g-valign-b-desktop inner-banner-section paakuva\"><div class=\"grid-container gutentor-rm-ct-space-d gutentor-rm-ct-space-t gutentor-rm-ct-space\">\n<section id=\"gm203eebd\" class=\"wp-block-gutentor-m4 alignfull section-gm203eebd gutentor-module gutentor-advanced-columns has-color-bg has-custom-bg headercolumn\"><div class=\"grid-container\"><div class=\"grid-row\">\n<div id=\"col-gme63e3a\" class=\"wp-block-gutentor-m4-col col-gme63e3a gutentor-single-column  grid-lg-12 grid-md-12 grid-12\"><div id=\"section-gme63e3a\" class=\"section-gme63e3a gutentor-col-wrap\">\n<div id=\"section-g09e563\" class=\"wp-block-gutentor-e1 section-g09e563 gutentor-element gutentor-element-advanced-text gutentor-adv-text-enabled-width header\"><div class=\"gutentor-text-wrap\"><h1 class=\"gutentor-text\">Att bli ansvarig utbildare<\/h1><\/div><\/div>\n<\/div><\/div>\n<\/div><\/div><\/section>\n<\/div><\/section>\n\n\n\n<section id=\"gm92aa5cb\" class=\"wp-block-gutentor-m3 alignfull section-gm92aa5cb gutentor-module gutentor-container-cover\"><div class=\"grid-container\">\n<section id=\"gm946f6f9\" class=\"wp-block-gutentor-m3 section-gm946f6f9 gutentor-module gutentor-container-cover\"><div class=\"grid-container\">\n<section id=\"gb1b7e3\" class=\"wp-block-gutentor-m9 section-gb1b7e3 gutentor-module gutentor-module-form-wrapper\"><div class=\"grid-container gutentor-rm-ct-space-d gutentor-rm-ct-space-t gutentor-rm-ct-space\">\n<div class=\"breadcrumb_section\"><ul id=\"breadcrumbs\" class=\"breadcrumbs\"><li class=\"item-home\"><a class=\"bread-link bread-home\" href=\"https:\/\/www.pelastusopisto.fi\/sv\/\"\n                title=\"Framsida\">Framsida<\/a><\/li><li class=\"separator separator-home\">  <\/li><\/ul><\/div>\n<\/div><\/section>\n\n\n\n<h2 class=\"wp-block-heading has-text-color\" style=\"color:#cc071e\">Utbildningen f\u00f6r ansvariga utbildare best\u00e5r av tv\u00e5 delar<\/h2>\n\n\n\n<p>R\u00e4ddningsinstitutets m\u00e5l \u00e4r ett h\u00f6gklassigt system f\u00f6r utbildarutbildning som s\u00e4kerst\u00e4ller en h\u00f6gklassig utbildning av avtalspersonal p\u00e5 olika h\u00e5ll i Finland. De ansvariga utbildarna utg\u00f6r h\u00f6rnstenarna i systemet f\u00f6r att uppn\u00e5 detta m\u00e5l.<\/p>\n\n\n\n<p>Utbildningen f\u00f6r ansvariga utbildare best\u00e5r av pedagogisk och \u00e4mnesspecifik utbildning. R\u00e4ddningsinstitutet ansvarar f\u00f6r och genomf\u00f6r utbildningen f\u00f6r ansvariga utbildare. Den pedagogiska utbildningen ger utbildarna pedagogiska f\u00e4rdigheter och den \u00e4mnesspecifika utbildningen den kompetens som beh\u00f6vs f\u00f6r inneh\u00e5llet i och organiseringen av respektive kurs.<\/p>\n<\/div><\/section>\n<\/div><\/section>\n\n\n\n<section id=\"gme42477e\" class=\"wp-block-gutentor-m3 alignfull section-gme42477e gutentor-module gutentor-container-cover has-color-bg has-custom-bg\"><div class=\"grid-container\">\n<section id=\"gm1022917\" class=\"wp-block-gutentor-m3 section-gm1022917 gutentor-module gutentor-container-cover\"><div class=\"grid-container\">\n<h2 class=\"wp-block-heading has-text-color\" style=\"color:#cc071e\">Den ansvariga utbildarens uppgifter och ansvar<\/h2>\n\n\n\n<p>Den ansvariga utbildaren ansvarar f\u00f6r det praktiska genomf\u00f6randet av kursen utifr\u00e5n l\u00e4roplanen och genomf\u00f6randeplanen. S\u00e4rskilt utbildningskompetensen och den kontinuerliga utvecklingen av en sj\u00e4lv betonas i den ansvariga utbildarens uppgift.<\/p>\n\n\n\n<p>Den ansvariga utbildaren ansvarar f\u00f6r sin del f\u00f6r:<\/p>\n\n\n\n<ul class=\"wp-block-list\">\n<li>att de kompetensm\u00e5l som fastst\u00e4llts i kursens l\u00e4roplan uppfylls.<\/li>\n\n\n\n<li>att hen sj\u00e4lv och de utbildare som verkar p\u00e5 kursen har uppdaterade kunskaper och f\u00e4rdigheter b\u00e5de vad g\u00e4ller substans och pedagogik.<\/li>\n\n\n\n<li>kursen som helhet, v\u00e4ljer och \u00f6vervakar utbildarnas verksamhet samt s\u00f6rjer f\u00f6r arbetarskyddet.<\/li>\n<\/ul>\n<\/div><\/section>\n<\/div><\/section>\n\n\n\n<section id=\"gmd607428\" class=\"wp-block-gutentor-m3 alignfull section-gmd607428 gutentor-module gutentor-container-cover\"><div class=\"grid-container\">\n<section id=\"gm0652ac4\" class=\"wp-block-gutentor-m3 section-gm0652ac4 gutentor-module gutentor-container-cover\"><div class=\"grid-container\">\n<h2 class=\"wp-block-heading has-text-color\" style=\"color:#cc071e\">Pedagogisk utbildning<\/h2>\n\n\n\n<p>Syftet med den ansvariga utbildarens pedagogiska utbildning \u00e4r att st\u00f6da utbildarnas pedagogiska kompetens s\u00e5 att de uppst\u00e4llda kompetensm\u00e5len uppn\u00e5s p\u00e5 kurserna. Syftet med den pedagogiska utbildningen f\u00f6r ansvariga utbildare \u00e4r ocks\u00e5 att s\u00e4kerst\u00e4lla att utbildningen h\u00e5ller en j\u00e4mn kvalitet oberoende av inom vilket r\u00e4ddningsomr\u00e5de utbildningen genomf\u00f6rs.<\/p>\n\n\n\n<p>Den som s\u00f6ker sig till pedagogisk utbildning f\u00f6r ansvariga utbildare ska ha antingen tillr\u00e4cklig formell utbildning f\u00f6r en tj\u00e4nst som underbef\u00e4l inom r\u00e4ddningsv\u00e4sendet eller annan tillr\u00e4cklig utbildning och erfarenhet som R\u00e4ddningsinstitutet bed\u00f6mer.&nbsp;<\/p>\n\n\n\n<p>Den ansvariga utbildarens kompetens verifieras i utbildarutbildningen, genom utbildningsprov eller genom verifiering av tidigare f\u00f6rv\u00e4rvad kompetens (AHOT). P\u00e5 AHOT-blanketten finns anvisningar f\u00f6r tillgodor\u00e4knande av tidigare utbildning.<\/p>\n\n\n\n<div id=\"section-g0b0709\" class=\"wp-block-gutentor-e2 section-g0b0709 gutentor-element gutentor-element-button\"><span class=\"gutentor-button-wrap\"><a class=\"gutentor-button gutentor-block-button gutentor-icon-before\" href=\"https:\/\/www.pelastusopisto.fi\/wp-content\/uploads\/HyvaksilukulomakePEO_sopko_2022.pdf\" target=\"_blank\" rel=\"noopener noreferrer\"><i class=\"gutentor-button-icon fas fa-chevron-right\"><\/i><span><strong>AHOT-blanketten (PDF, p\u00e5 finska)<\/strong><\/span><\/a><\/span><\/div>\n\n\n\n<div id=\"section-g1816ac\" class=\"wp-block-gutentor-e2 section-g1816ac gutentor-element gutentor-element-button\"><span class=\"gutentor-button-wrap\"><a class=\"gutentor-button gutentor-block-button gutentor-icon-before\" href=\"\/koulutuskalenteri\/\"><i class=\"gutentor-button-icon fas fa-chevron-right\"><\/i><span><strong><strong>Till utbildningsutbudet<\/strong> (p\u00e5 finska)<\/strong><\/span><\/a><\/span><\/div>\n<\/div><\/section>\n<\/div><\/section>\n\n\n\n<section id=\"gm62630ab\" class=\"wp-block-gutentor-m3 alignfull section-gm62630ab gutentor-module gutentor-container-cover has-color-bg has-custom-bg\"><div class=\"grid-container\">\n<section id=\"gm758d572\" class=\"wp-block-gutentor-m3 section-gm758d572 gutentor-module gutentor-container-cover\"><div class=\"grid-container\">\n<h2 class=\"wp-block-heading has-text-color\" style=\"color:#cc071e\">\u00c4mnesspecifik utbildning<\/h2>\n\n\n\n<p>Med \u00e4mnesspecifik utbildning avses den utbildning som beh\u00f6vs f\u00f6r att genomf\u00f6ra och organisera varje kurs.<\/p>\n\n\n\n<p>Utbildningar ordnas vid R\u00e4ddningsinstitutet, regionalt och p\u00e5 webben. Utbildningarnas l\u00e4ngd varierar och i dem kan ocks\u00e5 ing\u00e5 en praktisk del. F\u00f6r den ansvariga utbildaren f\u00f6r utbildningen kan s\u00e4rskilda beh\u00f6righets- och l\u00e4mplighetskrav ha fastst\u00e4llts. Dessa framg\u00e5r av utbildningsmeddelandet. Utbildningarna genomf\u00f6rs av R\u00e4ddningsinstitutet.<\/p>\n\n\n\n<div id=\"section-g14030d\" class=\"wp-block-gutentor-e2 section-g14030d gutentor-element gutentor-element-button\"><span class=\"gutentor-button-wrap\"><a class=\"gutentor-button gutentor-block-button gutentor-icon-before\" href=\"\/koulutuskalenteri\/\"><i class=\"gutentor-button-icon fas fa-chevron-right\"><\/i><span><strong><strong>Till utbildningsutbudet<\/strong> (p\u00e5 finska)<\/strong><\/span><\/a><\/span><\/div>\n<\/div><\/section>\n<\/div><\/section>\n\n\n\n<section id=\"gm2e3dd88\" class=\"wp-block-gutentor-m3 alignfull section-gm2e3dd88 gutentor-module gutentor-container-cover\"><div class=\"grid-container\">\n<section id=\"gm8fc26f6\" class=\"wp-block-gutentor-m3 section-gm8fc26f6 gutentor-module gutentor-container-cover\"><div class=\"grid-container\">\n<h2 class=\"wp-block-heading has-text-color\" style=\"color:#cc071e\">Licens f\u00f6r ansvarig utbildare<\/h2>\n\n\n\n<p>De som avlagt den pedagogiska utbildningen f\u00f6r ansvariga utbildare och den \u00e4mnesspecifika utbildningen f\u00e5r en licens f\u00f6r ansvariga utbildare f\u00f6r kursen i fr\u00e5ga. R\u00e4ddningsinstitutet f\u00f6r ett utbildarregister \u00f6ver dem. Licensen g\u00e4ller i h\u00f6gst tre \u00e5r och under den tiden kan du f\u00f6rnya licensen genom att delta i fortbildning.<\/p>\n\n\n\n<p>Om de \u00e4mneshelheter som utbildningen ber\u00f6r f\u00f6r\u00e4ndras v\u00e4sentligt under licensens giltighetstid, t.ex. p\u00e5 rekommendation av Olycksutredningsn\u00e4mnden, kan utbildarna kallas till fortbildning redan i ett tidigare skede.<\/p>\n<\/div><\/section>\n<\/div><\/section>\n\n\n\n<section id=\"gm9400692\" class=\"wp-block-gutentor-m3 alignfull section-gm9400692 gutentor-module gutentor-container-cover has-color-bg has-custom-bg\"><div class=\"grid-container\">\n<section id=\"gm669729e\" class=\"wp-block-gutentor-m3 section-gm669729e gutentor-module gutentor-container-cover\"><div class=\"grid-container\">\n<h2 class=\"wp-block-heading has-text-color\" style=\"color:#cc071e\">Utbildarregistret<\/h2>\n\n\n\n<p>\u00d6ver dem som med godk\u00e4nt resultat avlagt den pedagogiska utbildningen f\u00f6r avtalspersonalens ansvariga utbildare samt den \u00e4mnesspecifika utbildningen f\u00f6rs ett utbildarregister. R\u00e4ddningsinstitutet ansvarar f\u00f6r uppr\u00e4tth\u00e5llandet av utbildarregistret och uppgifterna uppr\u00e4tth\u00e5lls i R\u00e4ddningsinstitutets studerandetj\u00e4nster.<\/p>\n\n\n\n<p>Insamlingen, behandlingen och lagringen av uppgifterna sk\u00f6ts i enlighet med dataskyddslagen och EU:s dataskyddsf\u00f6rordning. Uppgifterna lagras i enlighet med R\u00e4ddningsinstitutets informationshanteringsplan och dataskyddsbeskrivning.<\/p>\n\n\n\n<div id=\"section-g821e7e\" class=\"wp-block-gutentor-e2 section-g821e7e gutentor-element gutentor-element-button\"><span class=\"gutentor-button-wrap\"><a class=\"gutentor-button gutentor-block-button gutentor-icon-before\" href=\"\/wp-content\/uploads\/Sopimushenkiloston-vastaavien-kouluttajien-rekisteri.pdf\" target=\"_blank\" rel=\"noopener noreferrer\"><i class=\"gutentor-button-icon fas fa-chevron-right\"><\/i><span><strong><strong>Bekanta dig med dataskyddsbeskrivningen (PDF, p\u00e5 finska)<\/strong><\/strong><\/span><\/a><\/span><\/div>\n<\/div><\/section>\n<\/div><\/section>\n\n\n\n<p><\/p>\n","protected":false},"excerpt":{"rendered":"","protected":false},"author":1,"featured_media":49346,"parent":63586,"menu_order":0,"comment_status":"closed","ping_status":"closed","template":"","meta":{"_acf_changed":false,"_genesis_hide_title":false,"_genesis_hide_breadcrumbs":false,"_genesis_hide_singular_image":false,"_genesis_hide_footer_widgets":false,"_genesis_custom_body_class":"","_genesis_custom_post_class":"","_genesis_layout":"","footnotes":""},"class_list":{"0":"post-63589","1":"page","2":"type-page","3":"status-publish","4":"has-post-thumbnail","6":"entry"},"acf":[],"yoast_head":"<!-- This site is optimized with the Yoast SEO plugin v27.4 - https:\/\/yoast.com\/product\/yoast-seo-wordpress\/ -->\n<title>Att bli ansvarig utbildare - R\u00e4ddningsinstitutet<\/title>\n<meta name=\"description\" content=\"Utbildningen f\u00f6r ansvariga utbildare best\u00e5r av pedagogisk och \u00e4mnesspecifik utbildning. R\u00e4ddningsinstitutet ansvarar f\u00f6r och genomf\u00f6r utbildningen f\u00f6r ansvariga utbildare.\" \/>\n<meta name=\"robots\" content=\"index, follow, max-snippet:-1, max-image-preview:large, max-video-preview:-1\" \/>\n<link rel=\"canonical\" href=\"https:\/\/www.pelastusopisto.fi\/sv\/ovrig-utbildning\/avtalspersonalens-utbildning\/att-bli-ansvarig-utbildare\/\" \/>\n<meta property=\"og:locale\" content=\"sv_SE\" \/>\n<meta property=\"og:type\" content=\"article\" \/>\n<meta property=\"og:title\" content=\"Att bli ansvarig utbildare - R\u00e4ddningsinstitutet\" \/>\n<meta property=\"og:description\" content=\"Utbildningen f\u00f6r ansvariga utbildare best\u00e5r av pedagogisk och \u00e4mnesspecifik utbildning. R\u00e4ddningsinstitutet ansvarar f\u00f6r och genomf\u00f6r utbildningen f\u00f6r ansvariga utbildare.\" \/>\n<meta property=\"og:url\" content=\"https:\/\/www.pelastusopisto.fi\/sv\/ovrig-utbildning\/avtalspersonalens-utbildning\/att-bli-ansvarig-utbildare\/\" \/>\n<meta property=\"og:site_name\" content=\"Pelastusopisto\" \/>\n<meta property=\"article:publisher\" content=\"https:\/\/www.facebook.com\/Pelastusopisto\/\" \/>\n<meta property=\"article:modified_time\" content=\"2024-02-23T08:35:32+00:00\" \/>\n<meta property=\"og:image\" content=\"https:\/\/www.pelastusopisto.fi\/wp-content\/uploads\/Vastaava_kouluttaja_web.jpg\" \/>\n\t<meta property=\"og:image:width\" content=\"900\" \/>\n\t<meta property=\"og:image:height\" content=\"600\" \/>\n\t<meta property=\"og:image:type\" content=\"image\/jpeg\" \/>\n<meta name=\"twitter:card\" content=\"summary_large_image\" \/>\n<meta name=\"twitter:site\" content=\"@Pelastusopisto\" \/>\n<meta name=\"twitter:label1\" content=\"Ber\u00e4knad l\u00e4stid\" \/>\n\t<meta name=\"twitter:data1\" content=\"4 minuter\" \/>\n<script type=\"application\/ld+json\" class=\"yoast-schema-graph\">{\"@context\":\"https:\\\/\\\/schema.org\",\"@graph\":[{\"@type\":\"WebPage\",\"@id\":\"https:\\\/\\\/www.pelastusopisto.fi\\\/sv\\\/ovrig-utbildning\\\/avtalspersonalens-utbildning\\\/att-bli-ansvarig-utbildare\\\/\",\"url\":\"https:\\\/\\\/www.pelastusopisto.fi\\\/sv\\\/ovrig-utbildning\\\/avtalspersonalens-utbildning\\\/att-bli-ansvarig-utbildare\\\/\",\"name\":\"Att bli ansvarig utbildare - R\u00e4ddningsinstitutet\",\"isPartOf\":{\"@id\":\"https:\\\/\\\/www.pelastusopisto.fi\\\/sv\\\/#website\"},\"primaryImageOfPage\":{\"@id\":\"https:\\\/\\\/www.pelastusopisto.fi\\\/sv\\\/ovrig-utbildning\\\/avtalspersonalens-utbildning\\\/att-bli-ansvarig-utbildare\\\/#primaryimage\"},\"image\":{\"@id\":\"https:\\\/\\\/www.pelastusopisto.fi\\\/sv\\\/ovrig-utbildning\\\/avtalspersonalens-utbildning\\\/att-bli-ansvarig-utbildare\\\/#primaryimage\"},\"thumbnailUrl\":\"https:\\\/\\\/www.pelastusopisto.fi\\\/wp-content\\\/uploads\\\/Vastaava_kouluttaja_web.jpg\",\"datePublished\":\"2022-09-21T10:36:14+00:00\",\"dateModified\":\"2024-02-23T08:35:32+00:00\",\"description\":\"Utbildningen f\u00f6r ansvariga utbildare best\u00e5r av pedagogisk och \u00e4mnesspecifik utbildning. R\u00e4ddningsinstitutet ansvarar f\u00f6r och genomf\u00f6r utbildningen f\u00f6r ansvariga utbildare.\",\"breadcrumb\":{\"@id\":\"https:\\\/\\\/www.pelastusopisto.fi\\\/sv\\\/ovrig-utbildning\\\/avtalspersonalens-utbildning\\\/att-bli-ansvarig-utbildare\\\/#breadcrumb\"},\"inLanguage\":\"sv-SE\",\"potentialAction\":[{\"@type\":\"ReadAction\",\"target\":[\"https:\\\/\\\/www.pelastusopisto.fi\\\/sv\\\/ovrig-utbildning\\\/avtalspersonalens-utbildning\\\/att-bli-ansvarig-utbildare\\\/\"]}]},{\"@type\":\"ImageObject\",\"inLanguage\":\"sv-SE\",\"@id\":\"https:\\\/\\\/www.pelastusopisto.fi\\\/sv\\\/ovrig-utbildning\\\/avtalspersonalens-utbildning\\\/att-bli-ansvarig-utbildare\\\/#primaryimage\",\"url\":\"https:\\\/\\\/www.pelastusopisto.fi\\\/wp-content\\\/uploads\\\/Vastaava_kouluttaja_web.jpg\",\"contentUrl\":\"https:\\\/\\\/www.pelastusopisto.fi\\\/wp-content\\\/uploads\\\/Vastaava_kouluttaja_web.jpg\",\"width\":900,\"height\":600,\"caption\":\"Keltakyp\u00e4r\u00e4iset ihmiset seisovat ringiss\u00e4 ja kuuntelevat kouluttajaa.\"},{\"@type\":\"BreadcrumbList\",\"@id\":\"https:\\\/\\\/www.pelastusopisto.fi\\\/sv\\\/ovrig-utbildning\\\/avtalspersonalens-utbildning\\\/att-bli-ansvarig-utbildare\\\/#breadcrumb\",\"itemListElement\":[{\"@type\":\"ListItem\",\"position\":1,\"name\":\"Home\",\"item\":\"https:\\\/\\\/www.pelastusopisto.fi\\\/sv\\\/\"},{\"@type\":\"ListItem\",\"position\":2,\"name\":\"\u00d6vrig utbildning\",\"item\":\"https:\\\/\\\/www.pelastusopisto.fi\\\/sv\\\/ovrig-utbildning\\\/\"},{\"@type\":\"ListItem\",\"position\":3,\"name\":\"Avtalspersonalens utbildning\",\"item\":\"https:\\\/\\\/www.pelastusopisto.fi\\\/sv\\\/ovrig-utbildning\\\/avtalspersonalens-utbildning\\\/\"},{\"@type\":\"ListItem\",\"position\":4,\"name\":\"Att bli ansvarig utbildare\"}]},{\"@type\":\"WebSite\",\"@id\":\"https:\\\/\\\/www.pelastusopisto.fi\\\/sv\\\/#website\",\"url\":\"https:\\\/\\\/www.pelastusopisto.fi\\\/sv\\\/\",\"name\":\"Pelastusopisto\",\"description\":\"\",\"publisher\":{\"@id\":\"https:\\\/\\\/www.pelastusopisto.fi\\\/sv\\\/#organization\"},\"potentialAction\":[{\"@type\":\"SearchAction\",\"target\":{\"@type\":\"EntryPoint\",\"urlTemplate\":\"https:\\\/\\\/www.pelastusopisto.fi\\\/sv\\\/?s={search_term_string}\"},\"query-input\":{\"@type\":\"PropertyValueSpecification\",\"valueRequired\":true,\"valueName\":\"search_term_string\"}}],\"inLanguage\":\"sv-SE\"},{\"@type\":\"Organization\",\"@id\":\"https:\\\/\\\/www.pelastusopisto.fi\\\/sv\\\/#organization\",\"name\":\"Pelastusopisto\",\"url\":\"https:\\\/\\\/www.pelastusopisto.fi\\\/sv\\\/\",\"logo\":{\"@type\":\"ImageObject\",\"inLanguage\":\"sv-SE\",\"@id\":\"https:\\\/\\\/www.pelastusopisto.fi\\\/sv\\\/#\\\/schema\\\/logo\\\/image\\\/\",\"url\":\"https:\\\/\\\/www.pelastusopisto.fi\\\/wp-content\\\/uploads\\\/pelastusopisto-logo-net.png\",\"contentUrl\":\"https:\\\/\\\/www.pelastusopisto.fi\\\/wp-content\\\/uploads\\\/pelastusopisto-logo-net.png\",\"width\":387,\"height\":71,\"caption\":\"Pelastusopisto\"},\"image\":{\"@id\":\"https:\\\/\\\/www.pelastusopisto.fi\\\/sv\\\/#\\\/schema\\\/logo\\\/image\\\/\"},\"sameAs\":[\"https:\\\/\\\/www.facebook.com\\\/Pelastusopisto\\\/\",\"https:\\\/\\\/x.com\\\/Pelastusopisto\",\"https:\\\/\\\/www.instagram.com\\\/pelastusopisto\\\/\",\"https:\\\/\\\/fi.linkedin.com\\\/school\\\/pelastusopisto\\\/\",\"https:\\\/\\\/www.youtube.com\\\/channel\\\/UCQjXYneFsnDYnJtZBfr9Ajg\"]}]}<\/script>\n<!-- \/ Yoast SEO plugin. -->","yoast_head_json":{"title":"Att bli ansvarig utbildare - R\u00e4ddningsinstitutet","description":"Utbildningen f\u00f6r ansvariga utbildare best\u00e5r av pedagogisk och \u00e4mnesspecifik utbildning. R\u00e4ddningsinstitutet ansvarar f\u00f6r och genomf\u00f6r utbildningen f\u00f6r ansvariga utbildare.","robots":{"index":"index","follow":"follow","max-snippet":"max-snippet:-1","max-image-preview":"max-image-preview:large","max-video-preview":"max-video-preview:-1"},"canonical":"https:\/\/www.pelastusopisto.fi\/sv\/ovrig-utbildning\/avtalspersonalens-utbildning\/att-bli-ansvarig-utbildare\/","og_locale":"sv_SE","og_type":"article","og_title":"Att bli ansvarig utbildare - R\u00e4ddningsinstitutet","og_description":"Utbildningen f\u00f6r ansvariga utbildare best\u00e5r av pedagogisk och \u00e4mnesspecifik utbildning. R\u00e4ddningsinstitutet ansvarar f\u00f6r och genomf\u00f6r utbildningen f\u00f6r ansvariga utbildare.","og_url":"https:\/\/www.pelastusopisto.fi\/sv\/ovrig-utbildning\/avtalspersonalens-utbildning\/att-bli-ansvarig-utbildare\/","og_site_name":"Pelastusopisto","article_publisher":"https:\/\/www.facebook.com\/Pelastusopisto\/","article_modified_time":"2024-02-23T08:35:32+00:00","og_image":[{"width":900,"height":600,"url":"https:\/\/www.pelastusopisto.fi\/wp-content\/uploads\/Vastaava_kouluttaja_web.jpg","type":"image\/jpeg"}],"twitter_card":"summary_large_image","twitter_site":"@Pelastusopisto","twitter_misc":{"Ber\u00e4knad l\u00e4stid":"4 minuter"},"schema":{"@context":"https:\/\/schema.org","@graph":[{"@type":"WebPage","@id":"https:\/\/www.pelastusopisto.fi\/sv\/ovrig-utbildning\/avtalspersonalens-utbildning\/att-bli-ansvarig-utbildare\/","url":"https:\/\/www.pelastusopisto.fi\/sv\/ovrig-utbildning\/avtalspersonalens-utbildning\/att-bli-ansvarig-utbildare\/","name":"Att bli ansvarig utbildare - R\u00e4ddningsinstitutet","isPartOf":{"@id":"https:\/\/www.pelastusopisto.fi\/sv\/#website"},"primaryImageOfPage":{"@id":"https:\/\/www.pelastusopisto.fi\/sv\/ovrig-utbildning\/avtalspersonalens-utbildning\/att-bli-ansvarig-utbildare\/#primaryimage"},"image":{"@id":"https:\/\/www.pelastusopisto.fi\/sv\/ovrig-utbildning\/avtalspersonalens-utbildning\/att-bli-ansvarig-utbildare\/#primaryimage"},"thumbnailUrl":"https:\/\/www.pelastusopisto.fi\/wp-content\/uploads\/Vastaava_kouluttaja_web.jpg","datePublished":"2022-09-21T10:36:14+00:00","dateModified":"2024-02-23T08:35:32+00:00","description":"Utbildningen f\u00f6r ansvariga utbildare best\u00e5r av pedagogisk och \u00e4mnesspecifik utbildning. R\u00e4ddningsinstitutet ansvarar f\u00f6r och genomf\u00f6r utbildningen f\u00f6r ansvariga utbildare.","breadcrumb":{"@id":"https:\/\/www.pelastusopisto.fi\/sv\/ovrig-utbildning\/avtalspersonalens-utbildning\/att-bli-ansvarig-utbildare\/#breadcrumb"},"inLanguage":"sv-SE","potentialAction":[{"@type":"ReadAction","target":["https:\/\/www.pelastusopisto.fi\/sv\/ovrig-utbildning\/avtalspersonalens-utbildning\/att-bli-ansvarig-utbildare\/"]}]},{"@type":"ImageObject","inLanguage":"sv-SE","@id":"https:\/\/www.pelastusopisto.fi\/sv\/ovrig-utbildning\/avtalspersonalens-utbildning\/att-bli-ansvarig-utbildare\/#primaryimage","url":"https:\/\/www.pelastusopisto.fi\/wp-content\/uploads\/Vastaava_kouluttaja_web.jpg","contentUrl":"https:\/\/www.pelastusopisto.fi\/wp-content\/uploads\/Vastaava_kouluttaja_web.jpg","width":900,"height":600,"caption":"Keltakyp\u00e4r\u00e4iset ihmiset seisovat ringiss\u00e4 ja kuuntelevat kouluttajaa."},{"@type":"BreadcrumbList","@id":"https:\/\/www.pelastusopisto.fi\/sv\/ovrig-utbildning\/avtalspersonalens-utbildning\/att-bli-ansvarig-utbildare\/#breadcrumb","itemListElement":[{"@type":"ListItem","position":1,"name":"Home","item":"https:\/\/www.pelastusopisto.fi\/sv\/"},{"@type":"ListItem","position":2,"name":"\u00d6vrig utbildning","item":"https:\/\/www.pelastusopisto.fi\/sv\/ovrig-utbildning\/"},{"@type":"ListItem","position":3,"name":"Avtalspersonalens utbildning","item":"https:\/\/www.pelastusopisto.fi\/sv\/ovrig-utbildning\/avtalspersonalens-utbildning\/"},{"@type":"ListItem","position":4,"name":"Att bli ansvarig utbildare"}]},{"@type":"WebSite","@id":"https:\/\/www.pelastusopisto.fi\/sv\/#website","url":"https:\/\/www.pelastusopisto.fi\/sv\/","name":"Pelastusopisto","description":"","publisher":{"@id":"https:\/\/www.pelastusopisto.fi\/sv\/#organization"},"potentialAction":[{"@type":"SearchAction","target":{"@type":"EntryPoint","urlTemplate":"https:\/\/www.pelastusopisto.fi\/sv\/?s={search_term_string}"},"query-input":{"@type":"PropertyValueSpecification","valueRequired":true,"valueName":"search_term_string"}}],"inLanguage":"sv-SE"},{"@type":"Organization","@id":"https:\/\/www.pelastusopisto.fi\/sv\/#organization","name":"Pelastusopisto","url":"https:\/\/www.pelastusopisto.fi\/sv\/","logo":{"@type":"ImageObject","inLanguage":"sv-SE","@id":"https:\/\/www.pelastusopisto.fi\/sv\/#\/schema\/logo\/image\/","url":"https:\/\/www.pelastusopisto.fi\/wp-content\/uploads\/pelastusopisto-logo-net.png","contentUrl":"https:\/\/www.pelastusopisto.fi\/wp-content\/uploads\/pelastusopisto-logo-net.png","width":387,"height":71,"caption":"Pelastusopisto"},"image":{"@id":"https:\/\/www.pelastusopisto.fi\/sv\/#\/schema\/logo\/image\/"},"sameAs":["https:\/\/www.facebook.com\/Pelastusopisto\/","https:\/\/x.com\/Pelastusopisto","https:\/\/www.instagram.com\/pelastusopisto\/","https:\/\/fi.linkedin.com\/school\/pelastusopisto\/","https:\/\/www.youtube.com\/channel\/UCQjXYneFsnDYnJtZBfr9Ajg"]}]}},"featured_image_src":"https:\/\/www.pelastusopisto.fi\/wp-content\/uploads\/Vastaava_kouluttaja_web-600x400.jpg","featured_image_src_square":"https:\/\/www.pelastusopisto.fi\/wp-content\/uploads\/Vastaava_kouluttaja_web-600x600.jpg","_links":{"self":[{"href":"https:\/\/www.pelastusopisto.fi\/sv\/wp-json\/wp\/v2\/pages\/63589","targetHints":{"allow":["GET"]}}],"collection":[{"href":"https:\/\/www.pelastusopisto.fi\/sv\/wp-json\/wp\/v2\/pages"}],"about":[{"href":"https:\/\/www.pelastusopisto.fi\/sv\/wp-json\/wp\/v2\/types\/page"}],"author":[{"embeddable":true,"href":"https:\/\/www.pelastusopisto.fi\/sv\/wp-json\/wp\/v2\/users\/1"}],"replies":[{"embeddable":true,"href":"https:\/\/www.pelastusopisto.fi\/sv\/wp-json\/wp\/v2\/comments?post=63589"}],"version-history":[{"count":4,"href":"https:\/\/www.pelastusopisto.fi\/sv\/wp-json\/wp\/v2\/pages\/63589\/revisions"}],"predecessor-version":[{"id":69478,"href":"https:\/\/www.pelastusopisto.fi\/sv\/wp-json\/wp\/v2\/pages\/63589\/revisions\/69478"}],"up":[{"embeddable":true,"href":"https:\/\/www.pelastusopisto.fi\/sv\/wp-json\/wp\/v2\/pages\/63586"}],"wp:featuredmedia":[{"embeddable":true,"href":"https:\/\/www.pelastusopisto.fi\/sv\/wp-json\/wp\/v2\/media\/49346"}],"wp:attachment":[{"href":"https:\/\/www.pelastusopisto.fi\/sv\/wp-json\/wp\/v2\/media?parent=63589"}],"curies":[{"name":"wp","href":"https:\/\/api.w.org\/{rel}","templated":true}]}}