{"id":63510,"date":"2022-09-21T13:30:38","date_gmt":"2022-09-21T10:30:38","guid":{"rendered":"https:\/\/www.pelastusopisto.fi\/examens\/att-studera-vid-raddningsinstitutet\/oppilasyhdistys\/"},"modified":"2024-02-23T10:31:19","modified_gmt":"2024-02-23T08:31:19","slug":"studerandeforening","status":"publish","type":"page","link":"https:\/\/www.pelastusopisto.fi\/sv\/examens\/att-studera-vid-raddningsinstitutet\/studerandeforening\/","title":{"rendered":"Studerandef\u00f6rening"},"content":{"rendered":"\n<section id=\"gme4c328c\" class=\"wp-block-gutentor-m3 alignfull section-gme4c328c gutentor-module gutentor-container-cover has-image-bg has-custom-bg g-valign-b-mobile g-valign-b-tablet g-valign-b-desktop inner-banner-section\"><div class=\"grid-container gutentor-rm-ct-space-d gutentor-rm-ct-space-t gutentor-rm-ct-space\">\n<section id=\"gm51a425e\" class=\"wp-block-gutentor-m4 alignfull section-gm51a425e gutentor-module gutentor-advanced-columns has-color-bg has-custom-bg headercolumn\"><div class=\"grid-container\"><div class=\"grid-row\">\n<div id=\"col-gm7f62f4\" class=\"wp-block-gutentor-m4-col col-gm7f62f4 gutentor-single-column  grid-lg-12 grid-md-12 grid-12\"><div id=\"section-gm7f62f4\" class=\"section-gm7f62f4 gutentor-col-wrap\">\n<div id=\"section-ge8f510\" class=\"wp-block-gutentor-e1 section-ge8f510 gutentor-element gutentor-element-advanced-text gutentor-adv-text-enabled-width header\"><div class=\"gutentor-text-wrap\"><h1 class=\"gutentor-text\">R\u00e4ddningsinstitutets studerandef\u00f6rening<\/h1><\/div><\/div>\n<\/div><\/div>\n<\/div><\/div><\/section>\n<\/div><\/section>\n\n\n\n<section id=\"gm162f3fd\" class=\"wp-block-gutentor-m3 alignfull section-gm162f3fd gutentor-module gutentor-container-cover\"><div class=\"grid-container gutentor-rm-ct-space-d gutentor-rm-ct-space-t gutentor-rm-ct-space\">\n<section id=\"gm07ce1a6\" class=\"wp-block-gutentor-m4 section-gm07ce1a6 gutentor-module gutentor-advanced-columns\"><div class=\"grid-container\"><div class=\"grid-row\">\n<div id=\"col-gm1ccda1\" class=\"wp-block-gutentor-m4-col col-gm1ccda1 gutentor-single-column  grid-lg-12 grid-md-12 grid-12\"><div id=\"section-gm1ccda1\" class=\"section-gm1ccda1 gutentor-col-wrap\">\n<section id=\"g526fd2\" class=\"wp-block-gutentor-m9 section-g526fd2 gutentor-module gutentor-module-form-wrapper\"><div class=\"grid-container gutentor-rm-ct-space-d gutentor-rm-ct-space-t gutentor-rm-ct-space\">\n<div class=\"breadcrumb_section\"><ul id=\"breadcrumbs\" class=\"breadcrumbs\"><li class=\"item-home\"><a class=\"bread-link bread-home\" href=\"https:\/\/www.pelastusopisto.fi\/sv\/\"\n                title=\"Framsida\">Framsida<\/a><\/li><li class=\"separator separator-home\">  <\/li><\/ul><\/div>\n<\/div><\/section>\n\n\n\n<div id=\"section-gd5a8a5\" class=\"wp-block-gutentor-e0 section-gd5a8a5 gutentor-element gutentor-element-advanced-text\"><div class=\"gutentor-text-wrap\"><p class=\"gutentor-text\">R\u00e4ddningsinstitutet har en aktiv studerandef\u00f6rening vars syfte \u00e4r att:<\/p><\/div><\/div>\n\n\n\n<ul class=\"wp-block-list\">\n<li>verka som intressebevakare f\u00f6r sina medlemmar i utbildnings- och socialpolitiska fr\u00e5gor samt i andra studierelaterade \u00e4renden<\/li>\n\n\n\n<li>fungera som serviceorganisation f\u00f6r sina medlemmar och utveckla f\u00f6rm\u00e5nerna i anslutning till medlemskapet<\/li>\n\n\n\n<li>fr\u00e4mja och uppr\u00e4tth\u00e5lla l\u00e4roanstaltens interna samarbete<\/li>\n\n\n\n<li>\u00f6ka uppskattningen f\u00f6r yrkesutbildningen och fr\u00e4mja studerandenas egen verksamhet<\/li>\n\n\n\n<li>fr\u00e4mja v\u00e4xelverkan mellan yrkesutbildningen och arbetslivet<\/li>\n\n\n\n<li>fr\u00e4mja kultur- och fritidsverksamhet<\/li>\n\n\n\n<li>representera de studerande inom och utanf\u00f6r l\u00e4roanstalten samt v\u00e4lja representanter till olika kommitt\u00e9er och arbetsgrupper<\/li>\n\n\n\n<li>\u00f6ka och utveckla studerandenas internationella f\u00e4rdigheter.<\/li>\n<\/ul>\n<\/div><\/div>\n<\/div><\/div><\/section>\n<\/div><\/section>\n\n\n\n<section id=\"gmb77d1e7\" class=\"wp-block-gutentor-m3 alignfull section-gmb77d1e7 gutentor-module gutentor-container-cover has-color-bg has-custom-bg\"><div class=\"grid-container\">\n<section id=\"gm884aedc\" class=\"wp-block-gutentor-m4 section-gm884aedc gutentor-module gutentor-advanced-columns\"><div class=\"grid-container\"><div class=\"grid-row\">\n<div id=\"col-gm4abb82\" class=\"wp-block-gutentor-m4-col col-gm4abb82 gutentor-single-column  grid-lg-12 grid-md-12 grid-12\"><div id=\"section-gm4abb82\" class=\"section-gm4abb82 gutentor-col-wrap\">\n<div id=\"section-g1a2e1d\" class=\"wp-block-gutentor-e1 section-g1a2e1d gutentor-element gutentor-element-advanced-text\"><div class=\"gutentor-text-wrap\"><h2 class=\"gutentor-text\">Studerandef\u00f6reningens verksamhet<\/h2><\/div><\/div>\n\n\n\n<div id=\"section-ge920a4\" class=\"wp-block-gutentor-e0 section-ge920a4 gutentor-element gutentor-element-advanced-text\"><div class=\"gutentor-text-wrap\"><p class=\"gutentor-text\">Studerandef\u00f6reningen best\u00e5r av studerande inom de utbildningsprogram som leder till examen vid R\u00e4ddningsinstitutet. Varje kurs som leder till examen har en representant i elevf\u00f6reningens styrelse och styrelsemedlemmarna sk\u00f6ter sina respektive ansvarsomr\u00e5den. Styrelsen ansvarar f\u00f6r f\u00f6reningens dagliga arbete och beslutsfattande i samarbete med R\u00e4ddningsinstitutet och R\u00e4ddningsinstitutets studerande.<br><br>Studerandef\u00f6reningen utf\u00f6r sin uppgift genom att delta i olika arbetsgrupper och kommitt\u00e9er d\u00e4r man med r\u00e4ddningsstuderandenas r\u00f6st f\u00f6rs\u00f6ker p\u00e5verka branschens utveckling. Dessutom ordnar studerandef\u00f6reningen olika evenemang f\u00f6r sina medlemmar vid sidan av studierna, till exempel de traditionella innebandy- och volleybollturneringarna mellan studerandena och personalen.<\/p><\/div><\/div>\n<\/div><\/div>\n<\/div><\/div><\/section>\n<\/div><\/section>\n\n\n\n<section id=\"gm2547dbd\" class=\"wp-block-gutentor-m3 alignfull section-gm2547dbd gutentor-module gutentor-container-cover\"><div class=\"grid-container gutentor-rm-ct-space-d gutentor-rm-ct-space-t gutentor-rm-ct-space\">\n<section id=\"gm7840779\" class=\"wp-block-gutentor-m4 section-gm7840779 gutentor-module gutentor-advanced-columns\"><div class=\"grid-container\"><div class=\"grid-row\">\n<div id=\"col-gm1f70f6\" class=\"wp-block-gutentor-m4-col col-gm1f70f6 gutentor-single-column  grid-lg-12 grid-md-12 grid-12\"><div id=\"section-gm1f70f6\" class=\"section-gm1f70f6 gutentor-col-wrap\">\n<h2 class=\"wp-block-heading\">Medlemskap<\/h2>\n\n\n\n<div id=\"section-g34abf5\" class=\"wp-block-gutentor-e1 section-g34abf5 gutentor-element gutentor-element-advanced-text\"><div class=\"gutentor-text-wrap\"><p class=\"gutentor-text\">I R\u00e4ddningsinstitutets Studerandef\u00f6rening kan man vara antingen verksam medlem eller underst\u00f6ds- eller hedersmedlem. Studerande som studerar vid R\u00e4ddningsinstitutets examensutbildningar kan bli verksamma medlemmar i f\u00f6reningen. Verksam medlem kan endast vara en studerande som studerar vid R\u00e4ddningsinstitutet eller en medlem av studerandef\u00f6reningens styrelse, till utg\u00e5ngen av styrelsens mandatperiod. Endast verksamma medlemmar har r\u00f6str\u00e4tt. Som underst\u00f6dande medlem i f\u00f6reningen kan f\u00f6reningens styrelse anta personer och sammanslutningar som betalar en av \u00e5rsm\u00f6tet fastst\u00e4lld medlemsavgift. Till hedersmedlem kan p\u00e5 framst\u00e4llning av f\u00f6reningens styrelse genom beslut av f\u00f6reningens \u00e5rsm\u00f6te kallas en person som avsev\u00e4rt har fr\u00e4mjat f\u00f6reningens verksamhet. Man \u00e4r hedersmedlem p\u00e5 livstid.<br><br>Du hittar ocks\u00e5 studerandef\u00f6reningen p\u00e5 Facebook, Instagram och SnapChat @PeOOppilasyhdistys<\/p><\/div><\/div>\n<\/div><\/div>\n<\/div><\/div><\/section>\n<\/div><\/section>\n\n\n\n<section id=\"gm0aa037e\" class=\"wp-block-gutentor-m3 alignfull section-gm0aa037e gutentor-module gutentor-container-cover has-color-bg has-custom-bg\"><div class=\"grid-container\">\n<section id=\"gm9a1d246\" class=\"wp-block-gutentor-m4 section-gm9a1d246 gutentor-module gutentor-advanced-columns\"><div class=\"grid-container\"><div class=\"grid-row\">\n<div id=\"col-gm112637\" class=\"wp-block-gutentor-m4-col col-gm112637 gutentor-single-column  grid-lg-12 grid-md-12 grid-12\"><div id=\"section-gm112637\" class=\"section-gm112637 gutentor-col-wrap\">\n<div id=\"section-g1028b7\" class=\"wp-block-gutentor-e1 section-g1028b7 gutentor-element gutentor-element-advanced-text\"><div class=\"gutentor-text-wrap\"><h2 class=\"gutentor-text\">Ta kontakt \/ Styrelsen<\/h2><\/div><\/div>\n\n\n\n<div id=\"section-ga417f6\" class=\"wp-block-gutentor-e0 section-ga417f6 gutentor-element gutentor-element-advanced-text\"><div class=\"gutentor-text-wrap\"><p class=\"gutentor-text\">E-post: fornamn.efternamn@edu.pelastusopisto.fi<br>Studerandef\u00f6reningens telefon: 044 2376250<br>oppilasyhdistys@edu.pelastusopisto.fi<\/p><\/div><\/div>\n<\/div><\/div>\n<\/div><\/div><\/section>\n<\/div><\/section>\n","protected":false},"excerpt":{"rendered":"","protected":false},"author":1,"featured_media":32423,"parent":62817,"menu_order":0,"comment_status":"closed","ping_status":"closed","template":"","meta":{"_acf_changed":false,"_genesis_hide_title":false,"_genesis_hide_breadcrumbs":false,"_genesis_hide_singular_image":false,"_genesis_hide_footer_widgets":false,"_genesis_custom_body_class":"","_genesis_custom_post_class":"","_genesis_layout":"","footnotes":""},"class_list":{"0":"post-63510","1":"page","2":"type-page","3":"status-publish","4":"has-post-thumbnail","6":"entry"},"acf":[],"yoast_head":"<!-- This site is optimized with the Yoast SEO plugin v27.5 - https:\/\/yoast.com\/product\/yoast-seo-wordpress\/ -->\n<title>Studerandef\u00f6rening - R\u00e4ddningsinstitutet<\/title>\n<meta name=\"description\" content=\"Studerandef\u00f6reningen best\u00e5r av studerande inom de utbildningsprogram som leder till examen vid R\u00e4ddningsinstitutet. Varje kurs som leder till examen har en representant i elevf\u00f6reningens styrelse och styrelsemedlemmarna sk\u00f6ter sina respektive ansvarsomr\u00e5den.\" \/>\n<meta name=\"robots\" content=\"index, follow, max-snippet:-1, max-image-preview:large, max-video-preview:-1\" \/>\n<link rel=\"canonical\" href=\"https:\/\/www.pelastusopisto.fi\/sv\/examens\/att-studera-vid-raddningsinstitutet\/studerandeforening\/\" \/>\n<meta property=\"og:locale\" content=\"sv_SE\" \/>\n<meta property=\"og:type\" content=\"article\" \/>\n<meta property=\"og:title\" content=\"Studerandef\u00f6rening - R\u00e4ddningsinstitutet\" \/>\n<meta property=\"og:description\" content=\"Studerandef\u00f6reningen best\u00e5r av studerande inom de utbildningsprogram som leder till examen vid R\u00e4ddningsinstitutet. Varje kurs som leder till examen har en representant i elevf\u00f6reningens styrelse och styrelsemedlemmarna sk\u00f6ter sina respektive ansvarsomr\u00e5den.\" \/>\n<meta property=\"og:url\" content=\"https:\/\/www.pelastusopisto.fi\/sv\/examens\/att-studera-vid-raddningsinstitutet\/studerandeforening\/\" \/>\n<meta property=\"og:site_name\" content=\"Pelastusopisto\" \/>\n<meta property=\"article:publisher\" content=\"https:\/\/www.facebook.com\/Pelastusopisto\/\" \/>\n<meta property=\"article:modified_time\" content=\"2024-02-23T08:31:19+00:00\" \/>\n<meta property=\"og:image\" content=\"https:\/\/www.pelastusopisto.fi\/wp-content\/uploads\/hei-uusi-opiskelija-scaled.jpg\" \/>\n\t<meta property=\"og:image:width\" content=\"2560\" \/>\n\t<meta property=\"og:image:height\" content=\"1703\" \/>\n\t<meta property=\"og:image:type\" content=\"image\/jpeg\" \/>\n<meta name=\"twitter:card\" content=\"summary_large_image\" \/>\n<meta name=\"twitter:site\" content=\"@Pelastusopisto\" \/>\n<meta name=\"twitter:label1\" content=\"Ber\u00e4knad l\u00e4stid\" \/>\n\t<meta name=\"twitter:data1\" content=\"3 minuter\" \/>\n<script type=\"application\/ld+json\" class=\"yoast-schema-graph\">{\"@context\":\"https:\\\/\\\/schema.org\",\"@graph\":[{\"@type\":\"WebPage\",\"@id\":\"https:\\\/\\\/www.pelastusopisto.fi\\\/sv\\\/examens\\\/att-studera-vid-raddningsinstitutet\\\/studerandeforening\\\/\",\"url\":\"https:\\\/\\\/www.pelastusopisto.fi\\\/sv\\\/examens\\\/att-studera-vid-raddningsinstitutet\\\/studerandeforening\\\/\",\"name\":\"Studerandef\u00f6rening - R\u00e4ddningsinstitutet\",\"isPartOf\":{\"@id\":\"https:\\\/\\\/www.pelastusopisto.fi\\\/sv\\\/#website\"},\"primaryImageOfPage\":{\"@id\":\"https:\\\/\\\/www.pelastusopisto.fi\\\/sv\\\/examens\\\/att-studera-vid-raddningsinstitutet\\\/studerandeforening\\\/#primaryimage\"},\"image\":{\"@id\":\"https:\\\/\\\/www.pelastusopisto.fi\\\/sv\\\/examens\\\/att-studera-vid-raddningsinstitutet\\\/studerandeforening\\\/#primaryimage\"},\"thumbnailUrl\":\"https:\\\/\\\/www.pelastusopisto.fi\\\/wp-content\\\/uploads\\\/hei-uusi-opiskelija-scaled.jpg\",\"datePublished\":\"2022-09-21T10:30:38+00:00\",\"dateModified\":\"2024-02-23T08:31:19+00:00\",\"description\":\"Studerandef\u00f6reningen best\u00e5r av studerande inom de utbildningsprogram som leder till examen vid R\u00e4ddningsinstitutet. Varje kurs som leder till examen har en representant i elevf\u00f6reningens styrelse och styrelsemedlemmarna sk\u00f6ter sina respektive ansvarsomr\u00e5den.\",\"breadcrumb\":{\"@id\":\"https:\\\/\\\/www.pelastusopisto.fi\\\/sv\\\/examens\\\/att-studera-vid-raddningsinstitutet\\\/studerandeforening\\\/#breadcrumb\"},\"inLanguage\":\"sv-SE\",\"potentialAction\":[{\"@type\":\"ReadAction\",\"target\":[\"https:\\\/\\\/www.pelastusopisto.fi\\\/sv\\\/examens\\\/att-studera-vid-raddningsinstitutet\\\/studerandeforening\\\/\"]}]},{\"@type\":\"ImageObject\",\"inLanguage\":\"sv-SE\",\"@id\":\"https:\\\/\\\/www.pelastusopisto.fi\\\/sv\\\/examens\\\/att-studera-vid-raddningsinstitutet\\\/studerandeforening\\\/#primaryimage\",\"url\":\"https:\\\/\\\/www.pelastusopisto.fi\\\/wp-content\\\/uploads\\\/hei-uusi-opiskelija-scaled.jpg\",\"contentUrl\":\"https:\\\/\\\/www.pelastusopisto.fi\\\/wp-content\\\/uploads\\\/hei-uusi-opiskelija-scaled.jpg\",\"width\":2560,\"height\":1703,\"caption\":\"Opiskelijat juttelemassa aulatilassa\"},{\"@type\":\"BreadcrumbList\",\"@id\":\"https:\\\/\\\/www.pelastusopisto.fi\\\/sv\\\/examens\\\/att-studera-vid-raddningsinstitutet\\\/studerandeforening\\\/#breadcrumb\",\"itemListElement\":[{\"@type\":\"ListItem\",\"position\":1,\"name\":\"Home\",\"item\":\"https:\\\/\\\/www.pelastusopisto.fi\\\/sv\\\/\"},{\"@type\":\"ListItem\",\"position\":2,\"name\":\"Examensutbildning\",\"item\":\"https:\\\/\\\/www.pelastusopisto.fi\\\/sv\\\/examens\\\/\"},{\"@type\":\"ListItem\",\"position\":3,\"name\":\"Att studera vid R\u00e4ddningsinstitutet\",\"item\":\"https:\\\/\\\/www.pelastusopisto.fi\\\/sv\\\/examens\\\/att-studera-vid-raddningsinstitutet\\\/\"},{\"@type\":\"ListItem\",\"position\":4,\"name\":\"Studerandef\u00f6rening\"}]},{\"@type\":\"WebSite\",\"@id\":\"https:\\\/\\\/www.pelastusopisto.fi\\\/sv\\\/#website\",\"url\":\"https:\\\/\\\/www.pelastusopisto.fi\\\/sv\\\/\",\"name\":\"Pelastusopisto\",\"description\":\"\",\"publisher\":{\"@id\":\"https:\\\/\\\/www.pelastusopisto.fi\\\/sv\\\/#organization\"},\"potentialAction\":[{\"@type\":\"SearchAction\",\"target\":{\"@type\":\"EntryPoint\",\"urlTemplate\":\"https:\\\/\\\/www.pelastusopisto.fi\\\/sv\\\/?s={search_term_string}\"},\"query-input\":{\"@type\":\"PropertyValueSpecification\",\"valueRequired\":true,\"valueName\":\"search_term_string\"}}],\"inLanguage\":\"sv-SE\"},{\"@type\":\"Organization\",\"@id\":\"https:\\\/\\\/www.pelastusopisto.fi\\\/sv\\\/#organization\",\"name\":\"Pelastusopisto\",\"url\":\"https:\\\/\\\/www.pelastusopisto.fi\\\/sv\\\/\",\"logo\":{\"@type\":\"ImageObject\",\"inLanguage\":\"sv-SE\",\"@id\":\"https:\\\/\\\/www.pelastusopisto.fi\\\/sv\\\/#\\\/schema\\\/logo\\\/image\\\/\",\"url\":\"https:\\\/\\\/www.pelastusopisto.fi\\\/wp-content\\\/uploads\\\/pelastusopisto-logo-net.png\",\"contentUrl\":\"https:\\\/\\\/www.pelastusopisto.fi\\\/wp-content\\\/uploads\\\/pelastusopisto-logo-net.png\",\"width\":387,\"height\":71,\"caption\":\"Pelastusopisto\"},\"image\":{\"@id\":\"https:\\\/\\\/www.pelastusopisto.fi\\\/sv\\\/#\\\/schema\\\/logo\\\/image\\\/\"},\"sameAs\":[\"https:\\\/\\\/www.facebook.com\\\/Pelastusopisto\\\/\",\"https:\\\/\\\/x.com\\\/Pelastusopisto\",\"https:\\\/\\\/www.instagram.com\\\/pelastusopisto\\\/\",\"https:\\\/\\\/fi.linkedin.com\\\/school\\\/pelastusopisto\\\/\",\"https:\\\/\\\/www.youtube.com\\\/channel\\\/UCQjXYneFsnDYnJtZBfr9Ajg\"]}]}<\/script>\n<!-- \/ Yoast SEO plugin. -->","yoast_head_json":{"title":"Studerandef\u00f6rening - R\u00e4ddningsinstitutet","description":"Studerandef\u00f6reningen best\u00e5r av studerande inom de utbildningsprogram som leder till examen vid R\u00e4ddningsinstitutet. Varje kurs som leder till examen har en representant i elevf\u00f6reningens styrelse och styrelsemedlemmarna sk\u00f6ter sina respektive ansvarsomr\u00e5den.","robots":{"index":"index","follow":"follow","max-snippet":"max-snippet:-1","max-image-preview":"max-image-preview:large","max-video-preview":"max-video-preview:-1"},"canonical":"https:\/\/www.pelastusopisto.fi\/sv\/examens\/att-studera-vid-raddningsinstitutet\/studerandeforening\/","og_locale":"sv_SE","og_type":"article","og_title":"Studerandef\u00f6rening - R\u00e4ddningsinstitutet","og_description":"Studerandef\u00f6reningen best\u00e5r av studerande inom de utbildningsprogram som leder till examen vid R\u00e4ddningsinstitutet. Varje kurs som leder till examen har en representant i elevf\u00f6reningens styrelse och styrelsemedlemmarna sk\u00f6ter sina respektive ansvarsomr\u00e5den.","og_url":"https:\/\/www.pelastusopisto.fi\/sv\/examens\/att-studera-vid-raddningsinstitutet\/studerandeforening\/","og_site_name":"Pelastusopisto","article_publisher":"https:\/\/www.facebook.com\/Pelastusopisto\/","article_modified_time":"2024-02-23T08:31:19+00:00","og_image":[{"width":2560,"height":1703,"url":"https:\/\/www.pelastusopisto.fi\/wp-content\/uploads\/hei-uusi-opiskelija-scaled.jpg","type":"image\/jpeg"}],"twitter_card":"summary_large_image","twitter_site":"@Pelastusopisto","twitter_misc":{"Ber\u00e4knad l\u00e4stid":"3 minuter"},"schema":{"@context":"https:\/\/schema.org","@graph":[{"@type":"WebPage","@id":"https:\/\/www.pelastusopisto.fi\/sv\/examens\/att-studera-vid-raddningsinstitutet\/studerandeforening\/","url":"https:\/\/www.pelastusopisto.fi\/sv\/examens\/att-studera-vid-raddningsinstitutet\/studerandeforening\/","name":"Studerandef\u00f6rening - R\u00e4ddningsinstitutet","isPartOf":{"@id":"https:\/\/www.pelastusopisto.fi\/sv\/#website"},"primaryImageOfPage":{"@id":"https:\/\/www.pelastusopisto.fi\/sv\/examens\/att-studera-vid-raddningsinstitutet\/studerandeforening\/#primaryimage"},"image":{"@id":"https:\/\/www.pelastusopisto.fi\/sv\/examens\/att-studera-vid-raddningsinstitutet\/studerandeforening\/#primaryimage"},"thumbnailUrl":"https:\/\/www.pelastusopisto.fi\/wp-content\/uploads\/hei-uusi-opiskelija-scaled.jpg","datePublished":"2022-09-21T10:30:38+00:00","dateModified":"2024-02-23T08:31:19+00:00","description":"Studerandef\u00f6reningen best\u00e5r av studerande inom de utbildningsprogram som leder till examen vid R\u00e4ddningsinstitutet. Varje kurs som leder till examen har en representant i elevf\u00f6reningens styrelse och styrelsemedlemmarna sk\u00f6ter sina respektive ansvarsomr\u00e5den.","breadcrumb":{"@id":"https:\/\/www.pelastusopisto.fi\/sv\/examens\/att-studera-vid-raddningsinstitutet\/studerandeforening\/#breadcrumb"},"inLanguage":"sv-SE","potentialAction":[{"@type":"ReadAction","target":["https:\/\/www.pelastusopisto.fi\/sv\/examens\/att-studera-vid-raddningsinstitutet\/studerandeforening\/"]}]},{"@type":"ImageObject","inLanguage":"sv-SE","@id":"https:\/\/www.pelastusopisto.fi\/sv\/examens\/att-studera-vid-raddningsinstitutet\/studerandeforening\/#primaryimage","url":"https:\/\/www.pelastusopisto.fi\/wp-content\/uploads\/hei-uusi-opiskelija-scaled.jpg","contentUrl":"https:\/\/www.pelastusopisto.fi\/wp-content\/uploads\/hei-uusi-opiskelija-scaled.jpg","width":2560,"height":1703,"caption":"Opiskelijat juttelemassa aulatilassa"},{"@type":"BreadcrumbList","@id":"https:\/\/www.pelastusopisto.fi\/sv\/examens\/att-studera-vid-raddningsinstitutet\/studerandeforening\/#breadcrumb","itemListElement":[{"@type":"ListItem","position":1,"name":"Home","item":"https:\/\/www.pelastusopisto.fi\/sv\/"},{"@type":"ListItem","position":2,"name":"Examensutbildning","item":"https:\/\/www.pelastusopisto.fi\/sv\/examens\/"},{"@type":"ListItem","position":3,"name":"Att studera vid R\u00e4ddningsinstitutet","item":"https:\/\/www.pelastusopisto.fi\/sv\/examens\/att-studera-vid-raddningsinstitutet\/"},{"@type":"ListItem","position":4,"name":"Studerandef\u00f6rening"}]},{"@type":"WebSite","@id":"https:\/\/www.pelastusopisto.fi\/sv\/#website","url":"https:\/\/www.pelastusopisto.fi\/sv\/","name":"Pelastusopisto","description":"","publisher":{"@id":"https:\/\/www.pelastusopisto.fi\/sv\/#organization"},"potentialAction":[{"@type":"SearchAction","target":{"@type":"EntryPoint","urlTemplate":"https:\/\/www.pelastusopisto.fi\/sv\/?s={search_term_string}"},"query-input":{"@type":"PropertyValueSpecification","valueRequired":true,"valueName":"search_term_string"}}],"inLanguage":"sv-SE"},{"@type":"Organization","@id":"https:\/\/www.pelastusopisto.fi\/sv\/#organization","name":"Pelastusopisto","url":"https:\/\/www.pelastusopisto.fi\/sv\/","logo":{"@type":"ImageObject","inLanguage":"sv-SE","@id":"https:\/\/www.pelastusopisto.fi\/sv\/#\/schema\/logo\/image\/","url":"https:\/\/www.pelastusopisto.fi\/wp-content\/uploads\/pelastusopisto-logo-net.png","contentUrl":"https:\/\/www.pelastusopisto.fi\/wp-content\/uploads\/pelastusopisto-logo-net.png","width":387,"height":71,"caption":"Pelastusopisto"},"image":{"@id":"https:\/\/www.pelastusopisto.fi\/sv\/#\/schema\/logo\/image\/"},"sameAs":["https:\/\/www.facebook.com\/Pelastusopisto\/","https:\/\/x.com\/Pelastusopisto","https:\/\/www.instagram.com\/pelastusopisto\/","https:\/\/fi.linkedin.com\/school\/pelastusopisto\/","https:\/\/www.youtube.com\/channel\/UCQjXYneFsnDYnJtZBfr9Ajg"]}]}},"featured_image_src":"https:\/\/www.pelastusopisto.fi\/wp-content\/uploads\/hei-uusi-opiskelija-600x400.jpg","featured_image_src_square":"https:\/\/www.pelastusopisto.fi\/wp-content\/uploads\/hei-uusi-opiskelija-600x600.jpg","_links":{"self":[{"href":"https:\/\/www.pelastusopisto.fi\/sv\/wp-json\/wp\/v2\/pages\/63510","targetHints":{"allow":["GET"]}}],"collection":[{"href":"https:\/\/www.pelastusopisto.fi\/sv\/wp-json\/wp\/v2\/pages"}],"about":[{"href":"https:\/\/www.pelastusopisto.fi\/sv\/wp-json\/wp\/v2\/types\/page"}],"author":[{"embeddable":true,"href":"https:\/\/www.pelastusopisto.fi\/sv\/wp-json\/wp\/v2\/users\/1"}],"replies":[{"embeddable":true,"href":"https:\/\/www.pelastusopisto.fi\/sv\/wp-json\/wp\/v2\/comments?post=63510"}],"version-history":[{"count":5,"href":"https:\/\/www.pelastusopisto.fi\/sv\/wp-json\/wp\/v2\/pages\/63510\/revisions"}],"predecessor-version":[{"id":69471,"href":"https:\/\/www.pelastusopisto.fi\/sv\/wp-json\/wp\/v2\/pages\/63510\/revisions\/69471"}],"up":[{"embeddable":true,"href":"https:\/\/www.pelastusopisto.fi\/sv\/wp-json\/wp\/v2\/pages\/62817"}],"wp:featuredmedia":[{"embeddable":true,"href":"https:\/\/www.pelastusopisto.fi\/sv\/wp-json\/wp\/v2\/media\/32423"}],"wp:attachment":[{"href":"https:\/\/www.pelastusopisto.fi\/sv\/wp-json\/wp\/v2\/media?parent=63510"}],"curies":[{"name":"wp","href":"https:\/\/api.w.org\/{rel}","templated":true}]}}