{"id":61696,"date":"2022-09-21T13:26:19","date_gmt":"2022-09-21T10:26:19","guid":{"rendered":"https:\/\/www.pelastusopisto.fi\/examens\/befalsexamen-for-raddningsbranschen-yh\/valintaperusteet-paallysto\/"},"modified":"2024-02-23T10:27:20","modified_gmt":"2024-02-23T08:27:20","slug":"urvalsgrunder","status":"publish","type":"page","link":"https:\/\/www.pelastusopisto.fi\/sv\/examens\/befalsexamen-for-raddningsbranschen-yh\/urvalsgrunder\/","title":{"rendered":"Urvalsgrunder"},"content":{"rendered":"\n<section id=\"gma009792\" class=\"wp-block-gutentor-m3 alignfull section-gma009792 gutentor-module gutentor-container-cover has-image-bg has-custom-bg g-valign-b-mobile g-valign-b-tablet g-valign-b-desktop inner-banner-section\"><div class=\"grid-container gutentor-rm-ct-space-d gutentor-rm-ct-space-t gutentor-rm-ct-space\">\n<section id=\"gm40d3865\" class=\"wp-block-gutentor-m4 alignfull section-gm40d3865 gutentor-module gutentor-advanced-columns has-color-bg has-custom-bg headercolumn\"><div class=\"grid-container\"><div class=\"grid-row\">\n<div id=\"col-gm82bb5a\" class=\"wp-block-gutentor-m4-col col-gm82bb5a gutentor-single-column  grid-lg-12 grid-md-12 grid-12\"><div id=\"section-gm82bb5a\" class=\"section-gm82bb5a gutentor-col-wrap\">\n<div id=\"section-ge2c3ee\" class=\"wp-block-gutentor-e1 section-ge2c3ee gutentor-element gutentor-element-advanced-text gutentor-adv-text-enabled-width header\"><div class=\"gutentor-text-wrap\"><h1 class=\"gutentor-text\">Urvalsgrunder, bef\u00e4lsexamen f\u00f6r r\u00e4ddningsbranschen (YH)<\/h1><\/div><\/div>\n<\/div><\/div>\n<\/div><\/div><\/section>\n<\/div><\/section>\n\n\n\n<section id=\"gmaf37609\" class=\"wp-block-gutentor-m3 alignfull section-gmaf37609 gutentor-module gutentor-container-cover\"><div class=\"grid-container\">\n<section id=\"gm339d4d3\" class=\"wp-block-gutentor-m4 section-gm339d4d3 gutentor-module gutentor-advanced-columns\"><div class=\"grid-container\"><div class=\"grid-row\">\n<div id=\"col-gm90a4f5\" class=\"wp-block-gutentor-m4-col col-gm90a4f5 gutentor-single-column  grid-lg-12 grid-md-12 grid-12\"><div id=\"section-gm90a4f5\" class=\"section-gm90a4f5 gutentor-col-wrap\">\n<section id=\"g6f6eeb\" class=\"wp-block-gutentor-m9 section-g6f6eeb gutentor-module gutentor-module-form-wrapper\"><div class=\"grid-container gutentor-rm-ct-space-d gutentor-rm-ct-space-t gutentor-rm-ct-space\">\n<div class=\"breadcrumb_section\"><ul id=\"breadcrumbs\" class=\"breadcrumbs\"><li class=\"item-home\"><a class=\"bread-link bread-home\" href=\"https:\/\/www.pelastusopisto.fi\/sv\/\"\n                title=\"Framsida\">Framsida<\/a><\/li><li class=\"separator separator-home\">  <\/li><\/ul><\/div>\n<\/div><\/section>\n\n\n\n<h2 class=\"wp-block-heading\">Urvalsgrunder<\/h2>\n\n\n\n<div id=\"section-gf952ee\" class=\"wp-block-gutentor-e0 section-gf952ee gutentor-element gutentor-element-advanced-text\"><div class=\"gutentor-text-wrap\"><p class=\"gutentor-text\"><strong>Den som utbildas f\u00f6r examen f\u00f6r brandbef\u00e4l inom r\u00e4ddningsbranschen (YH) och avl\u00e4gger dagsstudier<\/strong> m\u00e5ste enligt lagen om Polisyrkesh\u00f6gskolan (1164\/2013) och f\u00f6rordningen (1352\/2016) uppfylla f\u00f6ljande krav:<\/p><\/div><\/div>\n\n\n\n<ul class=\"wp-block-list\">\n<li class=\"basic-list\">har avlagt n\u00e5gon av f\u00f6ljande utbildningar\n<ul class=\"wp-block-list\">\n<li>gymnasiets l\u00e4rokurs eller studentexamen eller<\/li>\n\n\n\n<li>yrkesinriktad grundexamen eller<\/li>\n\n\n\n<li>yrkesinriktad grundexamen, yrkesexamen eller specialyrkesexamen i enlighet med lagen om yrkesinriktad vuxenutbildning eller<\/li>\n\n\n\n<li>tj\u00e4nsteexamen f\u00f6r polisbef\u00e4l, polisunderbef\u00e4lsexamen, tj\u00e4nsteexamen f\u00f6r polisunderbef\u00e4l, grundexamen f\u00f6r polis eller tj\u00e4nsteexamen f\u00f6r polismanskap enligt tidigare best\u00e4mmelser, eller<\/li>\n\n\n\n<li>utl\u00e4ndsk utbildning som ber\u00e4ttigar till h\u00f6gskolestudier.<\/li>\n<\/ul>\n<\/li>\n<\/ul>\n\n\n\n<div id=\"section-ga480a2\" class=\"wp-block-gutentor-e1 section-ga480a2 gutentor-element gutentor-element-advanced-text\"><div class=\"gutentor-text-wrap\"><p class=\"gutentor-text\">Man kan inte ans\u00f6ka till utbildningen med en h\u00f6gskoleexamen, utan s\u00f6kanden ska anv\u00e4nda en tidigare examen p\u00e5 andra stadiet.<\/p><\/div><\/div>\n\n\n\n<ul class=\"basic-list wp-block-list\">\n<li>Av dem som v\u00e4ljs till utbildning p\u00e5 R\u00e4ddningsinstitutet kr\u00e4vs \u00e4rlighet och p\u00e5litlighet.<\/li>\n\n\n\n<li>Dessutom ska hen vara of\u00f6rvitlig och inte ha s\u00e5dana bindningar som \u00e4ventyrar en beh\u00f6rig och oberoende sk\u00f6tsel av uppgifter inom r\u00e4ddningsbranschen.<\/li>\n\n\n\n<li>S\u00f6kanden ska i fr\u00e5ga om sitt h\u00e4lsotillst\u00e5nd och sin funktionsf\u00f6rm\u00e5ga vara l\u00e4mplig f\u00f6r uppgifter inom r\u00e4ddningsv\u00e4sendet.<\/li>\n\n\n\n<li>Den som ans\u00f6ker anv\u00e4nder inte eller har anv\u00e4nt s\u00e5dana narkotiska \u00e4mnen som avses i 3 \u00a7 1 mom. 5 punkten i narkotikalagen (373\/2008) f\u00f6r andra \u00e4n medicinska \u00e4ndam\u00e5l.<\/li>\n\n\n\n<li>S\u00f6kanden ska ha B-k\u00f6rkort d\u00e5 studierna b\u00f6rjar.<\/li>\n<\/ul>\n\n\n\n<div id=\"section-gaa4687\" class=\"wp-block-gutentor-e0 section-gaa4687 gutentor-element gutentor-element-advanced-text\"><div class=\"gutentor-text-wrap\"><p class=\"gutentor-text\">Ans\u00f6kan till bef\u00e4lsexamen f\u00f6r r\u00e4ddningsbranschen (YH) g\u00f6rs via webbans\u00f6kan.<\/p><\/div><\/div>\n\n\n\n<div id=\"section-g5922bc\" class=\"wp-block-gutentor-e2 section-g5922bc gutentor-element gutentor-element-button\"><span class=\"gutentor-button-wrap\"><a class=\"gutentor-button gutentor-block-button gutentor-icon-before\" href=\"https:\/\/haku.pelastusopisto.fi\/\" target=\"_blank\" rel=\"noopener noreferrer\"><i class=\"gutentor-button-icon fas fa-chevron-right\"><\/i><span><strong><strong><strong><strong><strong><strong>Till webbans\u00f6kan<\/strong><\/strong><\/strong><\/strong><\/strong><\/strong><\/span><\/a><\/span><\/div>\n\n\n\n<div id=\"section-gdf85ee\" class=\"wp-block-gutentor-e1 section-gdf85ee gutentor-element gutentor-element-advanced-text\"><div class=\"gutentor-text-wrap\"><p class=\"gutentor-text\"><strong>De som s\u00f6ker till bef\u00e4lsexamen inom r\u00e4ddningsbranschen (YH) som genomf\u00f6rs som flerformsstudier ska ha avlagt den gamla bef\u00e4lsexamen inom r\u00e4ddningsv\u00e4sendet<\/strong>, <strong>underbef\u00e4lsexamen eller motsvarande tidigare examen.<\/strong> Man kan inte s\u00f6ka till utbildningen genom s.k. antagning enligt pr\u00f6vning.<\/p><\/div><\/div>\n<\/div><\/div>\n<\/div><\/div><\/section>\n<\/div><\/section>\n\n\n\n<section id=\"gm023177b\" class=\"wp-block-gutentor-m3 alignfull section-gm023177b gutentor-module gutentor-container-cover\"><div class=\"grid-container\">\n<section id=\"gm8b90ce3\" class=\"wp-block-gutentor-m4 section-gm8b90ce3 gutentor-module gutentor-advanced-columns\"><div class=\"grid-container\"><div class=\"grid-row\">\n<div id=\"col-gmb6a95a\" class=\"wp-block-gutentor-m4-col col-gmb6a95a gutentor-single-column  grid-lg-12 grid-md-12 grid-12\"><div id=\"section-gmb6a95a\" class=\"section-gmb6a95a gutentor-col-wrap\">\n<h2 class=\"wp-block-heading\">Antagning av studerande<\/h2>\n\n\n\n<div id=\"section-g1b3d0f\" class=\"wp-block-gutentor-e0 section-g1b3d0f gutentor-element gutentor-element-advanced-text\"><div class=\"gutentor-text-wrap\"><p class=\"gutentor-text\">Urvalsprovet best\u00e5r av tv\u00e5 (2) delar, dvs. ett materialprov som ordnas vid R\u00e4ddningsinstitutet och ett l\u00e4mplighetsprov som ordnas p\u00e5 distans. Den s\u00f6kande ska delta i alla delar av urvalsprovet. <strong>Alla beh\u00f6riga s\u00f6kande kallas till urvalsprovet.<\/strong><br><br>Tidtabellen f\u00f6r urvalsprovet och materialet f\u00f6r urvalsprovet meddelas \u00e5rligen p\u00e5 R\u00e4ddningsinstitutets webbplats. Urvalsprovets spr\u00e5k \u00e4r finska. L\u00e4mplighetsprovets uppgiftsdel kan ocks\u00e5 avl\u00e4ggas p\u00e5 svenska.<\/p><\/div><\/div>\n\n\n\n<p><strong>Det maximala antalet po\u00e4ng \u00e4r f\u00f6ljande:<\/strong><\/p>\n\n\n\n<figure class=\"wp-block-table is-style-stripes table-section\"><table><tbody><tr><td>Materialprov<\/td><td>42 po\u00e4ng<\/td><\/tr><tr><td>L\u00e4mplighetstest<\/td><td>28 po\u00e4ng<\/td><\/tr><tr><td>Arbetserfarenhet inom r\u00e4ddningsv\u00e4sendet eller n\u00f6dcentralsbranschen<\/td><td>5 po\u00e4ng<\/td><\/tr><tr><td><strong>Sammanlagt<\/strong><\/td><td><strong>75 po\u00e4ng<\/strong><\/td><\/tr><\/tbody><\/table><\/figure>\n\n\n\n<p><strong>L\u00e4s mer om po\u00e4ngs\u00e4ttningarna och urvalsprovet p\u00e5 Urvalsprov-sidan.<\/strong><\/p>\n\n\n\n<div id=\"section-g1ca58e\" class=\"wp-block-gutentor-e2 section-g1ca58e gutentor-element gutentor-element-button\"><span class=\"gutentor-button-wrap\"><a class=\"gutentor-button gutentor-block-button gutentor-icon-before\" href=\"\/sv\/examens\/befalsexamen-for-raddningsbranschen-yh\/urvalsprov\/\"><i class=\"gutentor-button-icon fas fa-chevron-right\"><\/i><span><strong><strong>Urvalsprov<\/strong><\/strong><\/span><\/a><\/span><\/div>\n<\/div><\/div>\n<\/div><\/div><\/section>\n<\/div><\/section>\n\n\n\n<section id=\"gmecd43a5\" class=\"wp-block-gutentor-m3 alignfull section-gmecd43a5 gutentor-module gutentor-container-cover has-color-bg has-custom-bg\"><div class=\"grid-container\">\n<section id=\"gmdff646c\" class=\"wp-block-gutentor-m4 section-gmdff646c gutentor-module gutentor-advanced-columns\"><div class=\"grid-container\"><div class=\"grid-row\">\n<div id=\"col-gm1b820d\" class=\"wp-block-gutentor-m4-col col-gm1b820d gutentor-single-column  grid-lg-12 grid-md-12 grid-12\"><div id=\"section-gm1b820d\" class=\"section-gm1b820d gutentor-col-wrap\">\n<h3 class=\"wp-block-heading\">Konstaterande av h\u00e4lsotillst\u00e5nd<\/h3>\n\n\n\n<div id=\"section-g1fa8df\" class=\"wp-block-gutentor-e0 section-g1fa8df gutentor-element gutentor-element-advanced-text\"><div class=\"gutentor-text-wrap\"><p class=\"gutentor-text\">H\u00e4lsokravet \u00e4r h\u00e4lsokrav som g\u00e4ller k\u00f6rkortstillst\u00e5nd f\u00f6r fordon i kategori B. De s\u00f6kande som blir antagna och de som placeras p\u00e5 reservplatser deltar i en h\u00e4lsounders\u00f6kning och ett narkotikatest p\u00e5 Polisyrkesh\u00f6gskolans bekostnad innan den slutliga antagningen.<\/p><\/div><\/div>\n\n\n\n<h3 class=\"wp-block-heading\">Begr\u00e4nsad s\u00e4kerhetsutredning<\/h3>\n\n\n\n<div id=\"section-gadeed6\" class=\"wp-block-gutentor-e1 section-gadeed6 gutentor-element gutentor-element-advanced-text\"><div class=\"gutentor-text-wrap\"><p class=\"gutentor-text\">Av dem som v\u00e4ljs till utbildning p\u00e5 R\u00e4ddningsinstitutet kr\u00e4vs \u00e4rlighet och p\u00e5litlighet i enlighet med yrkesomr\u00e5dets krav. De som antas till utbildningen ombeds ge sitt skriftliga samtycke till att en begr\u00e4nsad s\u00e4kerhetsutredning g\u00f6rs av Skyddspolisen. Om anteckningar finns i s\u00e4kerhetsutredningen avg\u00f6rs antagning av studerande som en helhetsbed\u00f6mning, med beaktande av brottens typ, antal och tidpunkt samt deras p\u00e5f\u00f6ljder.<\/p><\/div><\/div>\n<\/div><\/div>\n<\/div><\/div><\/section>\n<\/div><\/section>\n\n\n\n<section id=\"gmdd4a981\" class=\"wp-block-gutentor-m3 alignfull section-gmdd4a981 gutentor-module gutentor-container-cover has-color-bg has-custom-bg teksti-valkea\"><div class=\"grid-container\">\n<section id=\"gm22ee65a\" class=\"wp-block-gutentor-m4 section-gm22ee65a gutentor-module gutentor-advanced-columns\"><div class=\"grid-container\"><div class=\"grid-row\">\n<div id=\"col-gm6e05d6\" class=\"wp-block-gutentor-m4-col col-gm6e05d6 gutentor-single-column  grid-lg-12 grid-md-12 grid-12\"><div id=\"section-gm6e05d6\" class=\"section-gm6e05d6 gutentor-col-wrap\">\n<p><strong>\u00d6vriga sidor om<\/strong> <strong>bef\u00e4lsexamen f\u00f6r r\u00e4ddningsbranschen (YH)<\/strong><\/p>\n\n\n\n<div id=\"section-ga4f885\" class=\"wp-block-gutentor-e2 section-ga4f885 gutentor-element gutentor-element-button\"><span class=\"gutentor-button-wrap\"><a class=\"gutentor-button gutentor-block-button gutentor-icon-before\" href=\"\/sv\/examens\/befalsexamen-for-raddningsbranschen-yh\/\"><i class=\"gutentor-button-icon fas fa-chevron-right\"><\/i><span><strong><strong>Bef\u00e4lsexamen f\u00f6r r\u00e4ddningsbranschen (YH)<\/strong><\/strong><\/span><\/a><\/span><\/div>\n\n\n\n<div id=\"section-g2e93d4\" class=\"wp-block-gutentor-e2 section-g2e93d4 gutentor-element gutentor-element-button\"><span class=\"gutentor-button-wrap\"><a class=\"gutentor-button gutentor-block-button gutentor-icon-before\" href=\"\/sv\/examens\/befalsexamen-for-raddningsbranschen-yh\/befal\/\"><i class=\"gutentor-button-icon fas fa-chevron-right\"><\/i><span><strong><strong>Yrkesbild, bef\u00e4l<\/strong><\/strong><\/span><\/a><\/span><\/div>\n\n\n\n<div id=\"section-g34e98d\" class=\"wp-block-gutentor-e2 section-g34e98d gutentor-element gutentor-element-button\"><span class=\"gutentor-button-wrap\"><a class=\"gutentor-button gutentor-block-button gutentor-icon-before\" href=\"\/sv\/examens\/befalsexamen-for-raddningsbranschen-yh\/urvalsprov\/\"><i class=\"gutentor-button-icon fas fa-chevron-right\"><\/i><span><strong><strong>Urvalsprov<\/strong><\/strong><\/span><\/a><\/span><\/div>\n<\/div><\/div>\n<\/div><\/div><\/section>\n<\/div><\/section>\n","protected":false},"excerpt":{"rendered":"","protected":false},"author":1,"featured_media":52243,"parent":61632,"menu_order":0,"comment_status":"closed","ping_status":"closed","template":"","meta":{"_acf_changed":false,"_genesis_hide_title":false,"_genesis_hide_breadcrumbs":false,"_genesis_hide_singular_image":false,"_genesis_hide_footer_widgets":false,"_genesis_custom_body_class":"","_genesis_custom_post_class":"","_genesis_layout":"","footnotes":""},"class_list":{"0":"post-61696","1":"page","2":"type-page","3":"status-publish","4":"has-post-thumbnail","6":"entry"},"acf":[],"yoast_head":"<!-- This site is optimized with the Yoast SEO plugin v27.5 - https:\/\/yoast.com\/product\/yoast-seo-wordpress\/ -->\n<title>Urvalsgrunder bef\u00e4lsexamen f\u00f6r r\u00e4ddningsbranschen (YH) - R\u00e4ddningsinstitutet<\/title>\n<meta name=\"description\" content=\"Man kan inte ans\u00f6ka till utbildningen med en h\u00f6gskoleexamen, utan s\u00f6kanden ska anv\u00e4nda en tidigare examen p\u00e5 andra stadiet.\" \/>\n<meta name=\"robots\" content=\"index, follow, max-snippet:-1, max-image-preview:large, max-video-preview:-1\" \/>\n<link rel=\"canonical\" href=\"https:\/\/www.pelastusopisto.fi\/sv\/examens\/befalsexamen-for-raddningsbranschen-yh\/urvalsgrunder\/\" \/>\n<meta property=\"og:locale\" content=\"sv_SE\" \/>\n<meta property=\"og:type\" content=\"article\" \/>\n<meta property=\"og:title\" content=\"Urvalsgrunder bef\u00e4lsexamen f\u00f6r r\u00e4ddningsbranschen (YH) - R\u00e4ddningsinstitutet\" \/>\n<meta property=\"og:description\" content=\"Man kan inte ans\u00f6ka till utbildningen med en h\u00f6gskoleexamen, utan s\u00f6kanden ska anv\u00e4nda en tidigare examen p\u00e5 andra stadiet.\" \/>\n<meta property=\"og:url\" content=\"https:\/\/www.pelastusopisto.fi\/sv\/examens\/befalsexamen-for-raddningsbranschen-yh\/urvalsgrunder\/\" \/>\n<meta property=\"og:site_name\" content=\"Pelastusopisto\" \/>\n<meta property=\"article:publisher\" content=\"https:\/\/www.facebook.com\/Pelastusopisto\/\" \/>\n<meta property=\"article:modified_time\" content=\"2024-02-23T08:27:20+00:00\" \/>\n<meta property=\"og:image\" content=\"https:\/\/www.pelastusopisto.fi\/wp-content\/uploads\/pelastusalan-paallystotutkinto-amk-ylakuva-3.jpg\" \/>\n\t<meta property=\"og:image:width\" content=\"1800\" \/>\n\t<meta property=\"og:image:height\" content=\"650\" \/>\n\t<meta property=\"og:image:type\" content=\"image\/jpeg\" \/>\n<meta name=\"twitter:card\" content=\"summary_large_image\" \/>\n<meta name=\"twitter:site\" content=\"@Pelastusopisto\" \/>\n<meta name=\"twitter:label1\" content=\"Ber\u00e4knad l\u00e4stid\" \/>\n\t<meta name=\"twitter:data1\" content=\"3 minuter\" \/>\n<script type=\"application\/ld+json\" class=\"yoast-schema-graph\">{\"@context\":\"https:\\\/\\\/schema.org\",\"@graph\":[{\"@type\":\"WebPage\",\"@id\":\"https:\\\/\\\/www.pelastusopisto.fi\\\/sv\\\/examens\\\/befalsexamen-for-raddningsbranschen-yh\\\/urvalsgrunder\\\/\",\"url\":\"https:\\\/\\\/www.pelastusopisto.fi\\\/sv\\\/examens\\\/befalsexamen-for-raddningsbranschen-yh\\\/urvalsgrunder\\\/\",\"name\":\"Urvalsgrunder bef\u00e4lsexamen f\u00f6r r\u00e4ddningsbranschen (YH) - R\u00e4ddningsinstitutet\",\"isPartOf\":{\"@id\":\"https:\\\/\\\/www.pelastusopisto.fi\\\/sv\\\/#website\"},\"primaryImageOfPage\":{\"@id\":\"https:\\\/\\\/www.pelastusopisto.fi\\\/sv\\\/examens\\\/befalsexamen-for-raddningsbranschen-yh\\\/urvalsgrunder\\\/#primaryimage\"},\"image\":{\"@id\":\"https:\\\/\\\/www.pelastusopisto.fi\\\/sv\\\/examens\\\/befalsexamen-for-raddningsbranschen-yh\\\/urvalsgrunder\\\/#primaryimage\"},\"thumbnailUrl\":\"https:\\\/\\\/www.pelastusopisto.fi\\\/wp-content\\\/uploads\\\/pelastusalan-paallystotutkinto-amk-ylakuva-3.jpg\",\"datePublished\":\"2022-09-21T10:26:19+00:00\",\"dateModified\":\"2024-02-23T08:27:20+00:00\",\"description\":\"Man kan inte ans\u00f6ka till utbildningen med en h\u00f6gskoleexamen, utan s\u00f6kanden ska anv\u00e4nda en tidigare examen p\u00e5 andra stadiet.\",\"breadcrumb\":{\"@id\":\"https:\\\/\\\/www.pelastusopisto.fi\\\/sv\\\/examens\\\/befalsexamen-for-raddningsbranschen-yh\\\/urvalsgrunder\\\/#breadcrumb\"},\"inLanguage\":\"sv-SE\",\"potentialAction\":[{\"@type\":\"ReadAction\",\"target\":[\"https:\\\/\\\/www.pelastusopisto.fi\\\/sv\\\/examens\\\/befalsexamen-for-raddningsbranschen-yh\\\/urvalsgrunder\\\/\"]}]},{\"@type\":\"ImageObject\",\"inLanguage\":\"sv-SE\",\"@id\":\"https:\\\/\\\/www.pelastusopisto.fi\\\/sv\\\/examens\\\/befalsexamen-for-raddningsbranschen-yh\\\/urvalsgrunder\\\/#primaryimage\",\"url\":\"https:\\\/\\\/www.pelastusopisto.fi\\\/wp-content\\\/uploads\\\/pelastusalan-paallystotutkinto-amk-ylakuva-3.jpg\",\"contentUrl\":\"https:\\\/\\\/www.pelastusopisto.fi\\\/wp-content\\\/uploads\\\/pelastusalan-paallystotutkinto-amk-ylakuva-3.jpg\",\"width\":1800,\"height\":650,\"caption\":\"P\u00e4\u00e4llyst\u00f6opiskelija liikenneonnettomuusharjoituksessa\"},{\"@type\":\"BreadcrumbList\",\"@id\":\"https:\\\/\\\/www.pelastusopisto.fi\\\/sv\\\/examens\\\/befalsexamen-for-raddningsbranschen-yh\\\/urvalsgrunder\\\/#breadcrumb\",\"itemListElement\":[{\"@type\":\"ListItem\",\"position\":1,\"name\":\"Home\",\"item\":\"https:\\\/\\\/www.pelastusopisto.fi\\\/sv\\\/\"},{\"@type\":\"ListItem\",\"position\":2,\"name\":\"Examensutbildning\",\"item\":\"https:\\\/\\\/www.pelastusopisto.fi\\\/sv\\\/examens\\\/\"},{\"@type\":\"ListItem\",\"position\":3,\"name\":\"Bef\u00e4lsexamen f\u00f6r r\u00e4ddningsbranschen (YH)\",\"item\":\"https:\\\/\\\/www.pelastusopisto.fi\\\/sv\\\/examens\\\/befalsexamen-for-raddningsbranschen-yh\\\/\"},{\"@type\":\"ListItem\",\"position\":4,\"name\":\"Urvalsgrunder\"}]},{\"@type\":\"WebSite\",\"@id\":\"https:\\\/\\\/www.pelastusopisto.fi\\\/sv\\\/#website\",\"url\":\"https:\\\/\\\/www.pelastusopisto.fi\\\/sv\\\/\",\"name\":\"Pelastusopisto\",\"description\":\"\",\"publisher\":{\"@id\":\"https:\\\/\\\/www.pelastusopisto.fi\\\/sv\\\/#organization\"},\"potentialAction\":[{\"@type\":\"SearchAction\",\"target\":{\"@type\":\"EntryPoint\",\"urlTemplate\":\"https:\\\/\\\/www.pelastusopisto.fi\\\/sv\\\/?s={search_term_string}\"},\"query-input\":{\"@type\":\"PropertyValueSpecification\",\"valueRequired\":true,\"valueName\":\"search_term_string\"}}],\"inLanguage\":\"sv-SE\"},{\"@type\":\"Organization\",\"@id\":\"https:\\\/\\\/www.pelastusopisto.fi\\\/sv\\\/#organization\",\"name\":\"Pelastusopisto\",\"url\":\"https:\\\/\\\/www.pelastusopisto.fi\\\/sv\\\/\",\"logo\":{\"@type\":\"ImageObject\",\"inLanguage\":\"sv-SE\",\"@id\":\"https:\\\/\\\/www.pelastusopisto.fi\\\/sv\\\/#\\\/schema\\\/logo\\\/image\\\/\",\"url\":\"https:\\\/\\\/www.pelastusopisto.fi\\\/wp-content\\\/uploads\\\/pelastusopisto-logo-net.png\",\"contentUrl\":\"https:\\\/\\\/www.pelastusopisto.fi\\\/wp-content\\\/uploads\\\/pelastusopisto-logo-net.png\",\"width\":387,\"height\":71,\"caption\":\"Pelastusopisto\"},\"image\":{\"@id\":\"https:\\\/\\\/www.pelastusopisto.fi\\\/sv\\\/#\\\/schema\\\/logo\\\/image\\\/\"},\"sameAs\":[\"https:\\\/\\\/www.facebook.com\\\/Pelastusopisto\\\/\",\"https:\\\/\\\/x.com\\\/Pelastusopisto\",\"https:\\\/\\\/www.instagram.com\\\/pelastusopisto\\\/\",\"https:\\\/\\\/fi.linkedin.com\\\/school\\\/pelastusopisto\\\/\",\"https:\\\/\\\/www.youtube.com\\\/channel\\\/UCQjXYneFsnDYnJtZBfr9Ajg\"]}]}<\/script>\n<!-- \/ Yoast SEO plugin. -->","yoast_head_json":{"title":"Urvalsgrunder bef\u00e4lsexamen f\u00f6r r\u00e4ddningsbranschen (YH) - R\u00e4ddningsinstitutet","description":"Man kan inte ans\u00f6ka till utbildningen med en h\u00f6gskoleexamen, utan s\u00f6kanden ska anv\u00e4nda en tidigare examen p\u00e5 andra stadiet.","robots":{"index":"index","follow":"follow","max-snippet":"max-snippet:-1","max-image-preview":"max-image-preview:large","max-video-preview":"max-video-preview:-1"},"canonical":"https:\/\/www.pelastusopisto.fi\/sv\/examens\/befalsexamen-for-raddningsbranschen-yh\/urvalsgrunder\/","og_locale":"sv_SE","og_type":"article","og_title":"Urvalsgrunder bef\u00e4lsexamen f\u00f6r r\u00e4ddningsbranschen (YH) - R\u00e4ddningsinstitutet","og_description":"Man kan inte ans\u00f6ka till utbildningen med en h\u00f6gskoleexamen, utan s\u00f6kanden ska anv\u00e4nda en tidigare examen p\u00e5 andra stadiet.","og_url":"https:\/\/www.pelastusopisto.fi\/sv\/examens\/befalsexamen-for-raddningsbranschen-yh\/urvalsgrunder\/","og_site_name":"Pelastusopisto","article_publisher":"https:\/\/www.facebook.com\/Pelastusopisto\/","article_modified_time":"2024-02-23T08:27:20+00:00","og_image":[{"width":1800,"height":650,"url":"https:\/\/www.pelastusopisto.fi\/wp-content\/uploads\/pelastusalan-paallystotutkinto-amk-ylakuva-3.jpg","type":"image\/jpeg"}],"twitter_card":"summary_large_image","twitter_site":"@Pelastusopisto","twitter_misc":{"Ber\u00e4knad l\u00e4stid":"3 minuter"},"schema":{"@context":"https:\/\/schema.org","@graph":[{"@type":"WebPage","@id":"https:\/\/www.pelastusopisto.fi\/sv\/examens\/befalsexamen-for-raddningsbranschen-yh\/urvalsgrunder\/","url":"https:\/\/www.pelastusopisto.fi\/sv\/examens\/befalsexamen-for-raddningsbranschen-yh\/urvalsgrunder\/","name":"Urvalsgrunder bef\u00e4lsexamen f\u00f6r r\u00e4ddningsbranschen (YH) - R\u00e4ddningsinstitutet","isPartOf":{"@id":"https:\/\/www.pelastusopisto.fi\/sv\/#website"},"primaryImageOfPage":{"@id":"https:\/\/www.pelastusopisto.fi\/sv\/examens\/befalsexamen-for-raddningsbranschen-yh\/urvalsgrunder\/#primaryimage"},"image":{"@id":"https:\/\/www.pelastusopisto.fi\/sv\/examens\/befalsexamen-for-raddningsbranschen-yh\/urvalsgrunder\/#primaryimage"},"thumbnailUrl":"https:\/\/www.pelastusopisto.fi\/wp-content\/uploads\/pelastusalan-paallystotutkinto-amk-ylakuva-3.jpg","datePublished":"2022-09-21T10:26:19+00:00","dateModified":"2024-02-23T08:27:20+00:00","description":"Man kan inte ans\u00f6ka till utbildningen med en h\u00f6gskoleexamen, utan s\u00f6kanden ska anv\u00e4nda en tidigare examen p\u00e5 andra stadiet.","breadcrumb":{"@id":"https:\/\/www.pelastusopisto.fi\/sv\/examens\/befalsexamen-for-raddningsbranschen-yh\/urvalsgrunder\/#breadcrumb"},"inLanguage":"sv-SE","potentialAction":[{"@type":"ReadAction","target":["https:\/\/www.pelastusopisto.fi\/sv\/examens\/befalsexamen-for-raddningsbranschen-yh\/urvalsgrunder\/"]}]},{"@type":"ImageObject","inLanguage":"sv-SE","@id":"https:\/\/www.pelastusopisto.fi\/sv\/examens\/befalsexamen-for-raddningsbranschen-yh\/urvalsgrunder\/#primaryimage","url":"https:\/\/www.pelastusopisto.fi\/wp-content\/uploads\/pelastusalan-paallystotutkinto-amk-ylakuva-3.jpg","contentUrl":"https:\/\/www.pelastusopisto.fi\/wp-content\/uploads\/pelastusalan-paallystotutkinto-amk-ylakuva-3.jpg","width":1800,"height":650,"caption":"P\u00e4\u00e4llyst\u00f6opiskelija liikenneonnettomuusharjoituksessa"},{"@type":"BreadcrumbList","@id":"https:\/\/www.pelastusopisto.fi\/sv\/examens\/befalsexamen-for-raddningsbranschen-yh\/urvalsgrunder\/#breadcrumb","itemListElement":[{"@type":"ListItem","position":1,"name":"Home","item":"https:\/\/www.pelastusopisto.fi\/sv\/"},{"@type":"ListItem","position":2,"name":"Examensutbildning","item":"https:\/\/www.pelastusopisto.fi\/sv\/examens\/"},{"@type":"ListItem","position":3,"name":"Bef\u00e4lsexamen f\u00f6r r\u00e4ddningsbranschen (YH)","item":"https:\/\/www.pelastusopisto.fi\/sv\/examens\/befalsexamen-for-raddningsbranschen-yh\/"},{"@type":"ListItem","position":4,"name":"Urvalsgrunder"}]},{"@type":"WebSite","@id":"https:\/\/www.pelastusopisto.fi\/sv\/#website","url":"https:\/\/www.pelastusopisto.fi\/sv\/","name":"Pelastusopisto","description":"","publisher":{"@id":"https:\/\/www.pelastusopisto.fi\/sv\/#organization"},"potentialAction":[{"@type":"SearchAction","target":{"@type":"EntryPoint","urlTemplate":"https:\/\/www.pelastusopisto.fi\/sv\/?s={search_term_string}"},"query-input":{"@type":"PropertyValueSpecification","valueRequired":true,"valueName":"search_term_string"}}],"inLanguage":"sv-SE"},{"@type":"Organization","@id":"https:\/\/www.pelastusopisto.fi\/sv\/#organization","name":"Pelastusopisto","url":"https:\/\/www.pelastusopisto.fi\/sv\/","logo":{"@type":"ImageObject","inLanguage":"sv-SE","@id":"https:\/\/www.pelastusopisto.fi\/sv\/#\/schema\/logo\/image\/","url":"https:\/\/www.pelastusopisto.fi\/wp-content\/uploads\/pelastusopisto-logo-net.png","contentUrl":"https:\/\/www.pelastusopisto.fi\/wp-content\/uploads\/pelastusopisto-logo-net.png","width":387,"height":71,"caption":"Pelastusopisto"},"image":{"@id":"https:\/\/www.pelastusopisto.fi\/sv\/#\/schema\/logo\/image\/"},"sameAs":["https:\/\/www.facebook.com\/Pelastusopisto\/","https:\/\/x.com\/Pelastusopisto","https:\/\/www.instagram.com\/pelastusopisto\/","https:\/\/fi.linkedin.com\/school\/pelastusopisto\/","https:\/\/www.youtube.com\/channel\/UCQjXYneFsnDYnJtZBfr9Ajg"]}]}},"featured_image_src":"https:\/\/www.pelastusopisto.fi\/wp-content\/uploads\/pelastusalan-paallystotutkinto-amk-ylakuva-3-600x400.jpg","featured_image_src_square":"https:\/\/www.pelastusopisto.fi\/wp-content\/uploads\/pelastusalan-paallystotutkinto-amk-ylakuva-3-600x600.jpg","_links":{"self":[{"href":"https:\/\/www.pelastusopisto.fi\/sv\/wp-json\/wp\/v2\/pages\/61696","targetHints":{"allow":["GET"]}}],"collection":[{"href":"https:\/\/www.pelastusopisto.fi\/sv\/wp-json\/wp\/v2\/pages"}],"about":[{"href":"https:\/\/www.pelastusopisto.fi\/sv\/wp-json\/wp\/v2\/types\/page"}],"author":[{"embeddable":true,"href":"https:\/\/www.pelastusopisto.fi\/sv\/wp-json\/wp\/v2\/users\/1"}],"replies":[{"embeddable":true,"href":"https:\/\/www.pelastusopisto.fi\/sv\/wp-json\/wp\/v2\/comments?post=61696"}],"version-history":[{"count":7,"href":"https:\/\/www.pelastusopisto.fi\/sv\/wp-json\/wp\/v2\/pages\/61696\/revisions"}],"predecessor-version":[{"id":69466,"href":"https:\/\/www.pelastusopisto.fi\/sv\/wp-json\/wp\/v2\/pages\/61696\/revisions\/69466"}],"up":[{"embeddable":true,"href":"https:\/\/www.pelastusopisto.fi\/sv\/wp-json\/wp\/v2\/pages\/61632"}],"wp:featuredmedia":[{"embeddable":true,"href":"https:\/\/www.pelastusopisto.fi\/sv\/wp-json\/wp\/v2\/media\/52243"}],"wp:attachment":[{"href":"https:\/\/www.pelastusopisto.fi\/sv\/wp-json\/wp\/v2\/media?parent=61696"}],"curies":[{"name":"wp","href":"https:\/\/api.w.org\/{rel}","templated":true}]}}