{"id":58924,"date":"2022-09-21T13:21:56","date_gmt":"2022-09-21T10:21:56","guid":{"rendered":"https:\/\/www.pelastusopisto.fi\/examens\/nodcentraloperatorsexamen\/hatakeskuspaivystaja\/"},"modified":"2024-02-26T15:49:39","modified_gmt":"2024-02-26T13:49:39","slug":"nodcentraloperator","status":"publish","type":"page","link":"https:\/\/www.pelastusopisto.fi\/sv\/examens\/nodcentraloperatorsexamen\/nodcentraloperator\/","title":{"rendered":"Yrkesbeskrivning, n\u00f6dcentraloperat\u00f6r"},"content":{"rendered":"\n<section id=\"gmfc532e9\" class=\"wp-block-gutentor-m3 alignfull section-gmfc532e9 gutentor-module gutentor-container-cover has-image-bg has-custom-bg g-valign-b-mobile g-valign-b-tablet g-valign-b-desktop inner-banner-section\"><div class=\"grid-container gutentor-rm-ct-space-d gutentor-rm-ct-space-t gutentor-rm-ct-space\">\n<section id=\"gm7e69cd3\" class=\"wp-block-gutentor-m4 alignfull section-gm7e69cd3 gutentor-module gutentor-advanced-columns has-color-bg has-custom-bg headercolumn\"><div class=\"grid-container\"><div class=\"grid-row\">\n<div id=\"col-gmbe8bf9\" class=\"wp-block-gutentor-m4-col col-gmbe8bf9 gutentor-single-column  grid-lg-12 grid-md-12 grid-12\"><div id=\"section-gmbe8bf9\" class=\"section-gmbe8bf9 gutentor-col-wrap\">\n<div id=\"section-g489d28\" class=\"wp-block-gutentor-e1 section-g489d28 gutentor-element gutentor-element-advanced-text gutentor-adv-text-enabled-width header\"><div class=\"gutentor-text-wrap\"><h1 class=\"gutentor-text\">N\u00f6dcentraloperat\u00f6rens yrke<\/h1><\/div><\/div>\n<\/div><\/div>\n<\/div><\/div><\/section>\n<\/div><\/section>\n\n\n\n<section id=\"gmf53a6b6\" class=\"wp-block-gutentor-m3 alignfull section-gmf53a6b6 gutentor-module gutentor-container-cover\"><div class=\"grid-container gutentor-rm-ct-space-d gutentor-rm-ct-space-t gutentor-rm-ct-space\">\n<section id=\"gmccbd0a3\" class=\"wp-block-gutentor-m4 section-gmccbd0a3 gutentor-module gutentor-advanced-columns\"><div class=\"grid-container\"><div class=\"grid-row\">\n<div id=\"col-gm61c948\" class=\"wp-block-gutentor-m4-col col-gm61c948 gutentor-single-column  grid-lg-12 grid-md-12 grid-12\"><div id=\"section-gm61c948\" class=\"section-gm61c948 gutentor-col-wrap\">\n<section id=\"g12c087\" class=\"wp-block-gutentor-m9 section-g12c087 gutentor-module gutentor-module-form-wrapper\"><div class=\"grid-container gutentor-rm-ct-space-d gutentor-rm-ct-space-t gutentor-rm-ct-space\">\n<div class=\"breadcrumb_section\"><ul id=\"breadcrumbs\" class=\"breadcrumbs\"><li class=\"item-home\"><a class=\"bread-link bread-home\" href=\"https:\/\/www.pelastusopisto.fi\/sv\/\"\n                title=\"Framsida\">Framsida<\/a><\/li><li class=\"separator separator-home\">  <\/li><\/ul><\/div>\n<\/div><\/section>\n\n\n\n<div id=\"section-gc95a46\" class=\"wp-block-gutentor-e0 section-gc95a46 gutentor-element gutentor-element-advanced-text\"><div class=\"gutentor-text-wrap\"><p class=\"gutentor-text\"><strong>N\u00f6dcentraloperat\u00f6ren som arbetar vid n\u00f6dcentralen svarar p\u00e5 beg\u00e4ran om hj\u00e4lp som kommer till n\u00f6dnumret 112<\/strong> och som kan g\u00e4lla personer som pl\u00f6tsligt insjuknat eller skadats, trafikolyckor, p\u00e5g\u00e5ende brott eller h\u00e4ndelser som \u00e4ventyrar allm\u00e4n ordning och s\u00e4kerhet, eldsv\u00e5dor eller t.ex. sociala n\u00f6dsituationer.<\/p><\/div><\/div>\n<\/div><\/div>\n<\/div><\/div><\/section>\n<\/div><\/section>\n\n\n\n<section id=\"gm9805235\" class=\"wp-block-gutentor-m3 alignfull section-gm9805235 gutentor-module gutentor-container-cover has-color-bg has-custom-bg section_content_image teksti-ja-kuva\"><div class=\"grid-container\">\n<section id=\"gm517107f\" class=\"wp-block-gutentor-m4 alignfull section-gm517107f gutentor-module gutentor-advanced-columns\"><div class=\"grid-container\"><div class=\"grid-row\">\n<div id=\"col-gmd93963\" class=\"wp-block-gutentor-m4-col col-gmd93963 gutentor-single-column  grid-lg-6 grid-md-6 grid-12 content_left_side\"><div id=\"section-gmd93963\" class=\"section-gmd93963 gutentor-col-wrap\">\n<div id=\"section-gd2b648\" class=\"wp-block-gutentor-e1 section-gd2b648 gutentor-element gutentor-element-advanced-text\"><div class=\"gutentor-text-wrap\"><h2 class=\"gutentor-text\">N\u00f6dcentraloperat\u00f6rens uppgift<\/h2><\/div><\/div>\n\n\n\n<div id=\"section-ge994d6\" class=\"wp-block-gutentor-e1 section-ge994d6 gutentor-element gutentor-element-advanced-text\"><div class=\"gutentor-text-wrap\"><p class=\"gutentor-text\">Operat\u00f6ren har till uppgift att utreda vad som har h\u00e4nt och var, vilken riskklass uppgiften har samt att larma l\u00e4mplig hj\u00e4lp till platsen. Operat\u00f6ren ska ocks\u00e5 bed\u00f6ma patientens h\u00e4lsorisk med hj\u00e4lp av uppgifter om h\u00e4ndelsen och situationen, identifiera sociala n\u00f6dsituationer samt behov av hj\u00e4lp som ges av r\u00e4ddnings- och polismyndigheterna.<\/p><\/div><\/div>\n<\/div><\/div>\n\n\n\n<div id=\"col-gm29075a\" class=\"wp-block-gutentor-m4-col col-gm29075a gutentor-single-column  grid-lg-6 grid-md-6 grid-12 section_image\"><div id=\"section-gm29075a\" class=\"section-gm29075a gutentor-col-wrap\">\n<div id=\"section-g43e90f\" class=\"wp-block-gutentor-e6 section-g43e90f gutentor-element gutentor-element-image\"><div class=\"gutentor-element-image-box\"><div class=\"gutentor-bg-image\"><\/div><\/div><\/div>\n<\/div><\/div>\n<\/div><\/div><\/section>\n<\/div><\/section>\n\n\n\n<section id=\"gme4aae10\" class=\"wp-block-gutentor-m3 alignfull section-gme4aae10 gutentor-module gutentor-container-cover has-color-bg has-custom-bg section_content_image kuva-ja-teksti\"><div class=\"grid-container\">\n<section id=\"gm3cf785f\" class=\"wp-block-gutentor-m4 alignfull section-gm3cf785f gutentor-module gutentor-advanced-columns\"><div class=\"grid-container\"><div class=\"grid-row\">\n<div id=\"col-gm268c25\" class=\"wp-block-gutentor-m4-col col-gm268c25 gutentor-single-column  grid-lg-6 grid-md-6 grid-12 section_image\"><div id=\"section-gm268c25\" class=\"section-gm268c25 gutentor-col-wrap\">\n<div id=\"section-g729364\" class=\"wp-block-gutentor-e6 section-g729364 gutentor-element gutentor-element-image text-align-center-desktop\"><div class=\"gutentor-element-image-box\"><div class=\"gutentor-bg-image\"><\/div><\/div><\/div>\n<\/div><\/div>\n\n\n\n<div id=\"col-gm511a50\" class=\"wp-block-gutentor-m4-col col-gm511a50 gutentor-single-column  grid-lg-6 grid-md-6 grid-12 content_right_side\"><div id=\"section-gm511a50\" class=\"section-gm511a50 gutentor-col-wrap\">\n<div id=\"section-gb36bec\" class=\"wp-block-gutentor-e1 section-gb36bec gutentor-element gutentor-element-advanced-text\"><div class=\"gutentor-text-wrap\"><h2 class=\"gutentor-text\">Agerande i en krissituation<\/h2><\/div><\/div>\n\n\n\n<div id=\"section-g0ea501\" class=\"wp-block-gutentor-e1 section-g0ea501 gutentor-element gutentor-element-advanced-text\"><div class=\"gutentor-text-wrap\"><p class=\"gutentor-text\">Arbetet f\u00f6ruts\u00e4tter psykisk stresst\u00e5lighet eftersom man m\u00f6ter m\u00e4nniskor i n\u00f6d i arbetet. Operat\u00f6ren ger vid behov anvisningar om f\u00f6rsta hj\u00e4lpen, prim\u00e4rsl\u00e4ckning eller andra \u00e5tg\u00e4rder samt st\u00f6der de larmade enheterna fr\u00e5n polisen eller r\u00e4ddningsverket i uppdraget. <\/p><\/div><\/div>\n<\/div><\/div>\n<\/div><\/div><\/section>\n<\/div><\/section>\n\n\n\n<section id=\"gmc379a7e\" class=\"wp-block-gutentor-m3 alignfull section-gmc379a7e gutentor-module gutentor-container-cover has-color-bg has-custom-bg section_content_image teksti-ja-kuva\"><div class=\"grid-container\">\n<section id=\"gme86ad44\" class=\"wp-block-gutentor-m4 alignfull section-gme86ad44 gutentor-module gutentor-advanced-columns\"><div class=\"grid-container\"><div class=\"grid-row\">\n<div id=\"col-gmc52e58\" class=\"wp-block-gutentor-m4-col col-gmc52e58 gutentor-single-column  grid-lg-6 grid-md-6 grid-12 content_left_side\"><div id=\"section-gmc52e58\" class=\"section-gmc52e58 gutentor-col-wrap\">\n<div id=\"section-g9a1bc4\" class=\"wp-block-gutentor-e1 section-g9a1bc4 gutentor-element gutentor-element-advanced-text\"><div class=\"gutentor-text-wrap\"><h2 class=\"gutentor-text\">Att arbeta vid n\u00f6dcentralen<\/h2><\/div><\/div>\n\n\n\n<div id=\"section-ged4fe4\" class=\"wp-block-gutentor-e1 section-ged4fe4 gutentor-element gutentor-element-advanced-text\"><div class=\"gutentor-text-wrap\"><p class=\"gutentor-text\">N\u00f6dcentraloperat\u00f6ren \u00e4r en yrkesperson inom n\u00f6dcentralsarbetet som kan arbeta sj\u00e4lvst\u00e4ndigt och fatta logiska beslut, bedriva etisk verksamhet samt bedriva multiprofessionellt samarbete. I arbetet framh\u00e4vs m\u00e5ngsidiga f\u00e4rdigheter i kundservice och samarbete samt f\u00e4rdigheter i datatekniskt kr\u00e4vande arbete.<br><br><strong>Observera att arbetet \u00e4r i tre skift.<\/strong> N\u00f6dcentraloperat\u00f6rerna arbetar alla dagar och tider p\u00e5 dygnet. Arbetsskiften varar i allm\u00e4nhet 12 timmar.<\/p><\/div><\/div>\n\n\n\n<div id=\"section-g19996f\" class=\"wp-block-gutentor-e2 section-g19996f gutentor-element gutentor-element-button\"><span class=\"gutentor-button-wrap\"><a class=\"gutentor-button gutentor-block-button gutentor-icon-before\" href=\"https:\/\/112.fi\/sv\/jobba-hos-oss\" target=\"_blank\" rel=\"noopener noreferrer\"><i class=\"gutentor-button-icon fas fa-chevron-right\"><\/i><span><strong><strong>Arbeta vid N\u00f6dcentralsverket (112.fi)<\/strong><\/strong><\/span><\/a><\/span><\/div>\n<\/div><\/div>\n\n\n\n<div id=\"col-gm810f59\" class=\"wp-block-gutentor-m4-col col-gm810f59 gutentor-single-column  grid-lg-6 grid-md-6 grid-12 section_image\"><div id=\"section-gm810f59\" class=\"section-gm810f59 gutentor-col-wrap\">\n<div id=\"section-g145ece\" class=\"wp-block-gutentor-e6 section-g145ece gutentor-element gutentor-element-image\"><div class=\"gutentor-element-image-box\"><div class=\"gutentor-bg-image\"><\/div><\/div><\/div>\n<\/div><\/div>\n<\/div><\/div><\/section>\n<\/div><\/section>\n\n\n\n<section id=\"gm7b065aa\" class=\"wp-block-gutentor-m3 alignfull section-gm7b065aa gutentor-module gutentor-container-cover has-color-bg has-custom-bg teksti-valkea\"><div class=\"grid-container\">\n<section id=\"gme51eb6a\" class=\"wp-block-gutentor-m4 section-gme51eb6a gutentor-module gutentor-advanced-columns\"><div class=\"grid-container\"><div class=\"grid-row\">\n<div id=\"col-gm4c6fe0\" class=\"wp-block-gutentor-m4-col col-gm4c6fe0 gutentor-single-column  grid-lg-12 grid-md-12 grid-12\"><div id=\"section-gm4c6fe0\" class=\"section-gm4c6fe0 gutentor-col-wrap\">\n<p><strong>Webbplatsen f\u00f6r n\u00f6dcentraloperat\u00f6rsexamen<\/strong><\/p>\n\n\n\n<div id=\"section-g95c4b6\" class=\"wp-block-gutentor-e2 section-g95c4b6 gutentor-element gutentor-element-button\"><span class=\"gutentor-button-wrap\"><a class=\"gutentor-button gutentor-block-button gutentor-icon-before\" href=\"\/sv\/examens\/nodcentraloperatorsexamen\/\"><i class=\"gutentor-button-icon fas fa-chevron-right\"><\/i><span><strong><strong>N\u00f6dcentraloperat\u00f6rsexamen<\/strong><\/strong><\/span><\/a><\/span><\/div>\n\n\n\n<div id=\"section-g8e2995\" class=\"wp-block-gutentor-e2 section-g8e2995 gutentor-element gutentor-element-button\"><span class=\"gutentor-button-wrap\"><a class=\"gutentor-button gutentor-block-button gutentor-icon-before\" href=\"\/sv\/examens\/nodcentraloperatorsexamen\/urvalsgrunder\/\"><i class=\"gutentor-button-icon fas fa-chevron-right\"><\/i><span><strong>Urvalsgrunder<\/strong><\/span><\/a><\/span><\/div>\n\n\n\n<div id=\"section-g091626\" class=\"wp-block-gutentor-e2 section-g091626 gutentor-element gutentor-element-button\"><span class=\"gutentor-button-wrap\"><a class=\"gutentor-button gutentor-block-button gutentor-icon-before\" href=\"\/sv\/examens\/nodcentraloperatorsexamen\/urvalsprov\/\"><i class=\"gutentor-button-icon fas fa-chevron-right\"><\/i><span><strong><strong>Urvalsprov<\/strong><\/strong><\/span><\/a><\/span><\/div>\n<\/div><\/div>\n<\/div><\/div><\/section>\n<\/div><\/section>\n","protected":false},"excerpt":{"rendered":"","protected":false},"author":1,"featured_media":46917,"parent":58906,"menu_order":0,"comment_status":"closed","ping_status":"closed","template":"","meta":{"_acf_changed":false,"_genesis_hide_title":false,"_genesis_hide_breadcrumbs":false,"_genesis_hide_singular_image":false,"_genesis_hide_footer_widgets":false,"_genesis_custom_body_class":"","_genesis_custom_post_class":"","_genesis_layout":"","footnotes":""},"class_list":{"0":"post-58924","1":"page","2":"type-page","3":"status-publish","4":"has-post-thumbnail","6":"entry"},"acf":[],"yoast_head":"<!-- This site is optimized with the Yoast SEO plugin v27.5 - https:\/\/yoast.com\/product\/yoast-seo-wordpress\/ -->\n<title>Yrkesbeskrivning, n\u00f6dcentraloperat\u00f6r - R\u00e4ddningsinstitutet<\/title>\n<meta name=\"description\" content=\"N\u00f6dcentraloperat\u00f6ren som arbetar vid n\u00f6dcentralen svarar p\u00e5 beg\u00e4ran om hj\u00e4lp som kommer till n\u00f6dnumret 112 och som kan g\u00e4lla personer som pl\u00f6tsligt insjuknat eller skadats, trafikolyckor, p\u00e5g\u00e5ende brott eller h\u00e4ndelser som \u00e4ventyrar allm\u00e4n ordning och s\u00e4kerhet, eldsv\u00e5dor eller t.ex. sociala n\u00f6dsituationer.\" \/>\n<meta name=\"robots\" content=\"index, follow, max-snippet:-1, max-image-preview:large, max-video-preview:-1\" \/>\n<link rel=\"canonical\" href=\"https:\/\/www.pelastusopisto.fi\/sv\/examens\/nodcentraloperatorsexamen\/nodcentraloperator\/\" \/>\n<meta property=\"og:locale\" content=\"sv_SE\" \/>\n<meta property=\"og:type\" content=\"article\" \/>\n<meta property=\"og:title\" content=\"Yrkesbeskrivning, n\u00f6dcentraloperat\u00f6r - R\u00e4ddningsinstitutet\" \/>\n<meta property=\"og:description\" content=\"N\u00f6dcentraloperat\u00f6ren som arbetar vid n\u00f6dcentralen svarar p\u00e5 beg\u00e4ran om hj\u00e4lp som kommer till n\u00f6dnumret 112 och som kan g\u00e4lla personer som pl\u00f6tsligt insjuknat eller skadats, trafikolyckor, p\u00e5g\u00e5ende brott eller h\u00e4ndelser som \u00e4ventyrar allm\u00e4n ordning och s\u00e4kerhet, eldsv\u00e5dor eller t.ex. sociala n\u00f6dsituationer.\" \/>\n<meta property=\"og:url\" content=\"https:\/\/www.pelastusopisto.fi\/sv\/examens\/nodcentraloperatorsexamen\/nodcentraloperator\/\" \/>\n<meta property=\"og:site_name\" content=\"Pelastusopisto\" \/>\n<meta property=\"article:publisher\" content=\"https:\/\/www.facebook.com\/Pelastusopisto\/\" \/>\n<meta property=\"article:modified_time\" content=\"2024-02-26T13:49:39+00:00\" \/>\n<meta property=\"og:image\" content=\"https:\/\/www.pelastusopisto.fi\/wp-content\/uploads\/hake-ylakuva-1-.jpg\" \/>\n\t<meta property=\"og:image:width\" content=\"1800\" \/>\n\t<meta property=\"og:image:height\" content=\"650\" \/>\n\t<meta property=\"og:image:type\" content=\"image\/jpeg\" \/>\n<meta name=\"twitter:card\" content=\"summary_large_image\" \/>\n<meta name=\"twitter:site\" content=\"@Pelastusopisto\" \/>\n<meta name=\"twitter:label1\" content=\"Ber\u00e4knad l\u00e4stid\" \/>\n\t<meta name=\"twitter:data1\" content=\"2 minuter\" \/>\n<script type=\"application\/ld+json\" class=\"yoast-schema-graph\">{\"@context\":\"https:\\\/\\\/schema.org\",\"@graph\":[{\"@type\":\"WebPage\",\"@id\":\"https:\\\/\\\/www.pelastusopisto.fi\\\/sv\\\/examens\\\/nodcentraloperatorsexamen\\\/nodcentraloperator\\\/\",\"url\":\"https:\\\/\\\/www.pelastusopisto.fi\\\/sv\\\/examens\\\/nodcentraloperatorsexamen\\\/nodcentraloperator\\\/\",\"name\":\"Yrkesbeskrivning, n\u00f6dcentraloperat\u00f6r - R\u00e4ddningsinstitutet\",\"isPartOf\":{\"@id\":\"https:\\\/\\\/www.pelastusopisto.fi\\\/sv\\\/#website\"},\"primaryImageOfPage\":{\"@id\":\"https:\\\/\\\/www.pelastusopisto.fi\\\/sv\\\/examens\\\/nodcentraloperatorsexamen\\\/nodcentraloperator\\\/#primaryimage\"},\"image\":{\"@id\":\"https:\\\/\\\/www.pelastusopisto.fi\\\/sv\\\/examens\\\/nodcentraloperatorsexamen\\\/nodcentraloperator\\\/#primaryimage\"},\"thumbnailUrl\":\"https:\\\/\\\/www.pelastusopisto.fi\\\/wp-content\\\/uploads\\\/hake-ylakuva-1-.jpg\",\"datePublished\":\"2022-09-21T10:21:56+00:00\",\"dateModified\":\"2024-02-26T13:49:39+00:00\",\"description\":\"N\u00f6dcentraloperat\u00f6ren som arbetar vid n\u00f6dcentralen svarar p\u00e5 beg\u00e4ran om hj\u00e4lp som kommer till n\u00f6dnumret 112 och som kan g\u00e4lla personer som pl\u00f6tsligt insjuknat eller skadats, trafikolyckor, p\u00e5g\u00e5ende brott eller h\u00e4ndelser som \u00e4ventyrar allm\u00e4n ordning och s\u00e4kerhet, eldsv\u00e5dor eller t.ex. sociala n\u00f6dsituationer.\",\"breadcrumb\":{\"@id\":\"https:\\\/\\\/www.pelastusopisto.fi\\\/sv\\\/examens\\\/nodcentraloperatorsexamen\\\/nodcentraloperator\\\/#breadcrumb\"},\"inLanguage\":\"sv-SE\",\"potentialAction\":[{\"@type\":\"ReadAction\",\"target\":[\"https:\\\/\\\/www.pelastusopisto.fi\\\/sv\\\/examens\\\/nodcentraloperatorsexamen\\\/nodcentraloperator\\\/\"]}]},{\"@type\":\"ImageObject\",\"inLanguage\":\"sv-SE\",\"@id\":\"https:\\\/\\\/www.pelastusopisto.fi\\\/sv\\\/examens\\\/nodcentraloperatorsexamen\\\/nodcentraloperator\\\/#primaryimage\",\"url\":\"https:\\\/\\\/www.pelastusopisto.fi\\\/wp-content\\\/uploads\\\/hake-ylakuva-1-.jpg\",\"contentUrl\":\"https:\\\/\\\/www.pelastusopisto.fi\\\/wp-content\\\/uploads\\\/hake-ylakuva-1-.jpg\",\"width\":1800,\"height\":650,\"caption\":\"H\u00e4t\u00e4keskusp\u00e4ivyst\u00e4j\u00e4opiskelijat ryhm\u00e4kuva\"},{\"@type\":\"BreadcrumbList\",\"@id\":\"https:\\\/\\\/www.pelastusopisto.fi\\\/sv\\\/examens\\\/nodcentraloperatorsexamen\\\/nodcentraloperator\\\/#breadcrumb\",\"itemListElement\":[{\"@type\":\"ListItem\",\"position\":1,\"name\":\"Home\",\"item\":\"https:\\\/\\\/www.pelastusopisto.fi\\\/sv\\\/\"},{\"@type\":\"ListItem\",\"position\":2,\"name\":\"Examensutbildning\",\"item\":\"https:\\\/\\\/www.pelastusopisto.fi\\\/sv\\\/examens\\\/\"},{\"@type\":\"ListItem\",\"position\":3,\"name\":\"N\u00f6dcentraloperat\u00f6rsexamen\",\"item\":\"https:\\\/\\\/www.pelastusopisto.fi\\\/sv\\\/examens\\\/nodcentraloperatorsexamen\\\/\"},{\"@type\":\"ListItem\",\"position\":4,\"name\":\"Yrkesbeskrivning, n\u00f6dcentraloperat\u00f6r\"}]},{\"@type\":\"WebSite\",\"@id\":\"https:\\\/\\\/www.pelastusopisto.fi\\\/sv\\\/#website\",\"url\":\"https:\\\/\\\/www.pelastusopisto.fi\\\/sv\\\/\",\"name\":\"Pelastusopisto\",\"description\":\"\",\"publisher\":{\"@id\":\"https:\\\/\\\/www.pelastusopisto.fi\\\/sv\\\/#organization\"},\"potentialAction\":[{\"@type\":\"SearchAction\",\"target\":{\"@type\":\"EntryPoint\",\"urlTemplate\":\"https:\\\/\\\/www.pelastusopisto.fi\\\/sv\\\/?s={search_term_string}\"},\"query-input\":{\"@type\":\"PropertyValueSpecification\",\"valueRequired\":true,\"valueName\":\"search_term_string\"}}],\"inLanguage\":\"sv-SE\"},{\"@type\":\"Organization\",\"@id\":\"https:\\\/\\\/www.pelastusopisto.fi\\\/sv\\\/#organization\",\"name\":\"Pelastusopisto\",\"url\":\"https:\\\/\\\/www.pelastusopisto.fi\\\/sv\\\/\",\"logo\":{\"@type\":\"ImageObject\",\"inLanguage\":\"sv-SE\",\"@id\":\"https:\\\/\\\/www.pelastusopisto.fi\\\/sv\\\/#\\\/schema\\\/logo\\\/image\\\/\",\"url\":\"https:\\\/\\\/www.pelastusopisto.fi\\\/wp-content\\\/uploads\\\/pelastusopisto-logo-net.png\",\"contentUrl\":\"https:\\\/\\\/www.pelastusopisto.fi\\\/wp-content\\\/uploads\\\/pelastusopisto-logo-net.png\",\"width\":387,\"height\":71,\"caption\":\"Pelastusopisto\"},\"image\":{\"@id\":\"https:\\\/\\\/www.pelastusopisto.fi\\\/sv\\\/#\\\/schema\\\/logo\\\/image\\\/\"},\"sameAs\":[\"https:\\\/\\\/www.facebook.com\\\/Pelastusopisto\\\/\",\"https:\\\/\\\/x.com\\\/Pelastusopisto\",\"https:\\\/\\\/www.instagram.com\\\/pelastusopisto\\\/\",\"https:\\\/\\\/fi.linkedin.com\\\/school\\\/pelastusopisto\\\/\",\"https:\\\/\\\/www.youtube.com\\\/channel\\\/UCQjXYneFsnDYnJtZBfr9Ajg\"]}]}<\/script>\n<!-- \/ Yoast SEO plugin. -->","yoast_head_json":{"title":"Yrkesbeskrivning, n\u00f6dcentraloperat\u00f6r - R\u00e4ddningsinstitutet","description":"N\u00f6dcentraloperat\u00f6ren som arbetar vid n\u00f6dcentralen svarar p\u00e5 beg\u00e4ran om hj\u00e4lp som kommer till n\u00f6dnumret 112 och som kan g\u00e4lla personer som pl\u00f6tsligt insjuknat eller skadats, trafikolyckor, p\u00e5g\u00e5ende brott eller h\u00e4ndelser som \u00e4ventyrar allm\u00e4n ordning och s\u00e4kerhet, eldsv\u00e5dor eller t.ex. sociala n\u00f6dsituationer.","robots":{"index":"index","follow":"follow","max-snippet":"max-snippet:-1","max-image-preview":"max-image-preview:large","max-video-preview":"max-video-preview:-1"},"canonical":"https:\/\/www.pelastusopisto.fi\/sv\/examens\/nodcentraloperatorsexamen\/nodcentraloperator\/","og_locale":"sv_SE","og_type":"article","og_title":"Yrkesbeskrivning, n\u00f6dcentraloperat\u00f6r - R\u00e4ddningsinstitutet","og_description":"N\u00f6dcentraloperat\u00f6ren som arbetar vid n\u00f6dcentralen svarar p\u00e5 beg\u00e4ran om hj\u00e4lp som kommer till n\u00f6dnumret 112 och som kan g\u00e4lla personer som pl\u00f6tsligt insjuknat eller skadats, trafikolyckor, p\u00e5g\u00e5ende brott eller h\u00e4ndelser som \u00e4ventyrar allm\u00e4n ordning och s\u00e4kerhet, eldsv\u00e5dor eller t.ex. sociala n\u00f6dsituationer.","og_url":"https:\/\/www.pelastusopisto.fi\/sv\/examens\/nodcentraloperatorsexamen\/nodcentraloperator\/","og_site_name":"Pelastusopisto","article_publisher":"https:\/\/www.facebook.com\/Pelastusopisto\/","article_modified_time":"2024-02-26T13:49:39+00:00","og_image":[{"width":1800,"height":650,"url":"https:\/\/www.pelastusopisto.fi\/wp-content\/uploads\/hake-ylakuva-1-.jpg","type":"image\/jpeg"}],"twitter_card":"summary_large_image","twitter_site":"@Pelastusopisto","twitter_misc":{"Ber\u00e4knad l\u00e4stid":"2 minuter"},"schema":{"@context":"https:\/\/schema.org","@graph":[{"@type":"WebPage","@id":"https:\/\/www.pelastusopisto.fi\/sv\/examens\/nodcentraloperatorsexamen\/nodcentraloperator\/","url":"https:\/\/www.pelastusopisto.fi\/sv\/examens\/nodcentraloperatorsexamen\/nodcentraloperator\/","name":"Yrkesbeskrivning, n\u00f6dcentraloperat\u00f6r - R\u00e4ddningsinstitutet","isPartOf":{"@id":"https:\/\/www.pelastusopisto.fi\/sv\/#website"},"primaryImageOfPage":{"@id":"https:\/\/www.pelastusopisto.fi\/sv\/examens\/nodcentraloperatorsexamen\/nodcentraloperator\/#primaryimage"},"image":{"@id":"https:\/\/www.pelastusopisto.fi\/sv\/examens\/nodcentraloperatorsexamen\/nodcentraloperator\/#primaryimage"},"thumbnailUrl":"https:\/\/www.pelastusopisto.fi\/wp-content\/uploads\/hake-ylakuva-1-.jpg","datePublished":"2022-09-21T10:21:56+00:00","dateModified":"2024-02-26T13:49:39+00:00","description":"N\u00f6dcentraloperat\u00f6ren som arbetar vid n\u00f6dcentralen svarar p\u00e5 beg\u00e4ran om hj\u00e4lp som kommer till n\u00f6dnumret 112 och som kan g\u00e4lla personer som pl\u00f6tsligt insjuknat eller skadats, trafikolyckor, p\u00e5g\u00e5ende brott eller h\u00e4ndelser som \u00e4ventyrar allm\u00e4n ordning och s\u00e4kerhet, eldsv\u00e5dor eller t.ex. sociala n\u00f6dsituationer.","breadcrumb":{"@id":"https:\/\/www.pelastusopisto.fi\/sv\/examens\/nodcentraloperatorsexamen\/nodcentraloperator\/#breadcrumb"},"inLanguage":"sv-SE","potentialAction":[{"@type":"ReadAction","target":["https:\/\/www.pelastusopisto.fi\/sv\/examens\/nodcentraloperatorsexamen\/nodcentraloperator\/"]}]},{"@type":"ImageObject","inLanguage":"sv-SE","@id":"https:\/\/www.pelastusopisto.fi\/sv\/examens\/nodcentraloperatorsexamen\/nodcentraloperator\/#primaryimage","url":"https:\/\/www.pelastusopisto.fi\/wp-content\/uploads\/hake-ylakuva-1-.jpg","contentUrl":"https:\/\/www.pelastusopisto.fi\/wp-content\/uploads\/hake-ylakuva-1-.jpg","width":1800,"height":650,"caption":"H\u00e4t\u00e4keskusp\u00e4ivyst\u00e4j\u00e4opiskelijat ryhm\u00e4kuva"},{"@type":"BreadcrumbList","@id":"https:\/\/www.pelastusopisto.fi\/sv\/examens\/nodcentraloperatorsexamen\/nodcentraloperator\/#breadcrumb","itemListElement":[{"@type":"ListItem","position":1,"name":"Home","item":"https:\/\/www.pelastusopisto.fi\/sv\/"},{"@type":"ListItem","position":2,"name":"Examensutbildning","item":"https:\/\/www.pelastusopisto.fi\/sv\/examens\/"},{"@type":"ListItem","position":3,"name":"N\u00f6dcentraloperat\u00f6rsexamen","item":"https:\/\/www.pelastusopisto.fi\/sv\/examens\/nodcentraloperatorsexamen\/"},{"@type":"ListItem","position":4,"name":"Yrkesbeskrivning, n\u00f6dcentraloperat\u00f6r"}]},{"@type":"WebSite","@id":"https:\/\/www.pelastusopisto.fi\/sv\/#website","url":"https:\/\/www.pelastusopisto.fi\/sv\/","name":"Pelastusopisto","description":"","publisher":{"@id":"https:\/\/www.pelastusopisto.fi\/sv\/#organization"},"potentialAction":[{"@type":"SearchAction","target":{"@type":"EntryPoint","urlTemplate":"https:\/\/www.pelastusopisto.fi\/sv\/?s={search_term_string}"},"query-input":{"@type":"PropertyValueSpecification","valueRequired":true,"valueName":"search_term_string"}}],"inLanguage":"sv-SE"},{"@type":"Organization","@id":"https:\/\/www.pelastusopisto.fi\/sv\/#organization","name":"Pelastusopisto","url":"https:\/\/www.pelastusopisto.fi\/sv\/","logo":{"@type":"ImageObject","inLanguage":"sv-SE","@id":"https:\/\/www.pelastusopisto.fi\/sv\/#\/schema\/logo\/image\/","url":"https:\/\/www.pelastusopisto.fi\/wp-content\/uploads\/pelastusopisto-logo-net.png","contentUrl":"https:\/\/www.pelastusopisto.fi\/wp-content\/uploads\/pelastusopisto-logo-net.png","width":387,"height":71,"caption":"Pelastusopisto"},"image":{"@id":"https:\/\/www.pelastusopisto.fi\/sv\/#\/schema\/logo\/image\/"},"sameAs":["https:\/\/www.facebook.com\/Pelastusopisto\/","https:\/\/x.com\/Pelastusopisto","https:\/\/www.instagram.com\/pelastusopisto\/","https:\/\/fi.linkedin.com\/school\/pelastusopisto\/","https:\/\/www.youtube.com\/channel\/UCQjXYneFsnDYnJtZBfr9Ajg"]}]}},"featured_image_src":"https:\/\/www.pelastusopisto.fi\/wp-content\/uploads\/hake-ylakuva-1--600x400.jpg","featured_image_src_square":"https:\/\/www.pelastusopisto.fi\/wp-content\/uploads\/hake-ylakuva-1--600x600.jpg","_links":{"self":[{"href":"https:\/\/www.pelastusopisto.fi\/sv\/wp-json\/wp\/v2\/pages\/58924","targetHints":{"allow":["GET"]}}],"collection":[{"href":"https:\/\/www.pelastusopisto.fi\/sv\/wp-json\/wp\/v2\/pages"}],"about":[{"href":"https:\/\/www.pelastusopisto.fi\/sv\/wp-json\/wp\/v2\/types\/page"}],"author":[{"embeddable":true,"href":"https:\/\/www.pelastusopisto.fi\/sv\/wp-json\/wp\/v2\/users\/1"}],"replies":[{"embeddable":true,"href":"https:\/\/www.pelastusopisto.fi\/sv\/wp-json\/wp\/v2\/comments?post=58924"}],"version-history":[{"count":7,"href":"https:\/\/www.pelastusopisto.fi\/sv\/wp-json\/wp\/v2\/pages\/58924\/revisions"}],"predecessor-version":[{"id":69613,"href":"https:\/\/www.pelastusopisto.fi\/sv\/wp-json\/wp\/v2\/pages\/58924\/revisions\/69613"}],"up":[{"embeddable":true,"href":"https:\/\/www.pelastusopisto.fi\/sv\/wp-json\/wp\/v2\/pages\/58906"}],"wp:featuredmedia":[{"embeddable":true,"href":"https:\/\/www.pelastusopisto.fi\/sv\/wp-json\/wp\/v2\/media\/46917"}],"wp:attachment":[{"href":"https:\/\/www.pelastusopisto.fi\/sv\/wp-json\/wp\/v2\/media?parent=58924"}],"curies":[{"name":"wp","href":"https:\/\/api.w.org\/{rel}","templated":true}]}}