{"id":61209,"date":"2022-09-21T13:41:52","date_gmt":"2022-09-21T10:41:52","guid":{"rendered":"https:\/\/www.pelastusopisto.fi\/about-emergency-services-academy-finland\/vastuullisuus\/"},"modified":"2024-02-23T09:48:15","modified_gmt":"2024-02-23T07:48:15","slug":"responsibility","status":"publish","type":"page","link":"https:\/\/www.pelastusopisto.fi\/en\/about-emergency-services-academy-finland\/responsibility\/","title":{"rendered":"Responsibility and sustainability"},"content":{"rendered":"\n<section id=\"gm2231422\" class=\"wp-block-gutentor-m3 alignfull section-gm2231422 gutentor-module gutentor-container-cover has-image-bg has-custom-bg g-valign-b-mobile g-valign-b-tablet g-valign-b-desktop inner-banner-section\"><div class=\"grid-container gutentor-rm-ct-space-d gutentor-rm-ct-space-t gutentor-rm-ct-space\">\n<section id=\"gm2a944e4\" class=\"wp-block-gutentor-m4 alignfull section-gm2a944e4 gutentor-module gutentor-advanced-columns has-color-bg has-custom-bg headercolumn\"><div class=\"grid-container\"><div class=\"grid-row\">\n<div id=\"col-gm935a6a\" class=\"wp-block-gutentor-m4-col col-gm935a6a gutentor-single-column  grid-lg-12 grid-md-12 grid-12\"><div id=\"section-gm935a6a\" class=\"section-gm935a6a gutentor-col-wrap\">\n<div id=\"section-gbc3b43\" class=\"wp-block-gutentor-e1 section-gbc3b43 gutentor-element gutentor-element-advanced-text gutentor-adv-text-enabled-width header\"><div class=\"gutentor-text-wrap\"><h1 class=\"gutentor-text\">Responsibility and sustainability<\/h1><\/div><\/div>\n<\/div><\/div>\n<\/div><\/div><\/section>\n<\/div><\/section>\n\n\n\n<section id=\"gme5f8d3c\" class=\"wp-block-gutentor-m3 alignfull section-gme5f8d3c gutentor-module gutentor-container-cover\"><div class=\"grid-container\">\n<section id=\"gm7b70a5d\" class=\"wp-block-gutentor-m4 section-gm7b70a5d gutentor-module gutentor-advanced-columns\"><div class=\"grid-container\"><div class=\"grid-row\">\n<div id=\"col-gme694b6\" class=\"wp-block-gutentor-m4-col col-gme694b6 gutentor-single-column  grid-lg-12 grid-md-12 grid-12\"><div id=\"section-gme694b6\" class=\"section-gme694b6 gutentor-col-wrap\">\n<section id=\"gf073be\" class=\"wp-block-gutentor-m9 section-gf073be gutentor-module gutentor-module-form-wrapper\"><div class=\"grid-container gutentor-rm-ct-space-d gutentor-rm-ct-space-t gutentor-rm-ct-space\">\n<div class=\"breadcrumb_section\"><ul id=\"breadcrumbs\" class=\"breadcrumbs\"><li class=\"item-home\"><a class=\"bread-link bread-home\" href=\"https:\/\/www.pelastusopisto.fi\/en\/\"\n                title=\"Home\">Home<\/a><\/li><li class=\"separator separator-home\">  <\/li><\/ul><\/div>\n<\/div><\/section>\n\n\n\n<div id=\"section-g54600a\" class=\"wp-block-gutentor-e1 section-g54600a gutentor-element gutentor-element-advanced-text\"><div class=\"gutentor-text-wrap\"><p class=\"gutentor-text\">We want to contribute to the building of a sustainable future. That is why it is important for us to act responsibly towards people, the environment, and society.<br><br>We are committed to complying with the principles of sustainable development in the UN 2030 Agenda and are currently working on our own sustainable development commitment.<\/p><\/div><\/div>\n<\/div><\/div>\n<\/div><\/div><\/section>\n<\/div><\/section>\n\n\n\n<section id=\"gmfa7654f\" class=\"wp-block-gutentor-m3 alignfull section-gmfa7654f gutentor-module gutentor-container-cover has-color-bg has-custom-bg section_content_image teksti-ja-kuva\"><div class=\"grid-container\">\n<section id=\"gm944c219\" class=\"wp-block-gutentor-m4 alignfull section-gm944c219 gutentor-module gutentor-advanced-columns\"><div class=\"grid-container\"><div class=\"grid-row\">\n<div id=\"col-gm5c1c8c\" class=\"wp-block-gutentor-m4-col col-gm5c1c8c gutentor-single-column  grid-lg-6 grid-md-6 grid-12 content_left_side\"><div id=\"section-gm5c1c8c\" class=\"section-gm5c1c8c gutentor-col-wrap\">\n<div id=\"section-gc1a4a3\" class=\"wp-block-gutentor-e1 section-gc1a4a3 gutentor-element gutentor-element-advanced-text\"><div class=\"gutentor-text-wrap\"><h2 class=\"gutentor-text\">Social responsibility<\/h2><\/div><\/div>\n\n\n\n<div id=\"section-g46ab0f\" class=\"wp-block-gutentor-e1 section-g46ab0f gutentor-element gutentor-element-advanced-text\"><div class=\"gutentor-text-wrap\"><p class=\"gutentor-text\">Social responsibility refers to ethical and sustainable activities, a healthy work and study environment and conditions, and equal and fair treatment for both personnel and students. We do not tolerate harassment, discrimination, inappropriate behaviour, or inappropriate conduct of any form.<br><br>We are committed to the values of the rescue sector in our operations and strive to ensure that the rescue service professionals we train also commit to working humanely, professionally and reliably \u2013 and collaboratively.<\/p><\/div><\/div>\n<\/div><\/div>\n\n\n\n<div id=\"col-gm71129b\" class=\"wp-block-gutentor-m4-col col-gm71129b gutentor-single-column  grid-lg-6 grid-md-6 grid-12 section_image\"><div id=\"section-gm71129b\" class=\"section-gm71129b gutentor-col-wrap\">\n<div id=\"section-g16a58b\" class=\"wp-block-gutentor-e6 section-g16a58b gutentor-element gutentor-element-image\"><div class=\"gutentor-element-image-box\"><div class=\"gutentor-bg-image\"><\/div><\/div><\/div>\n<\/div><\/div>\n<\/div><\/div><\/section>\n<\/div><\/section>\n\n\n\n<section id=\"gm285e26b\" class=\"wp-block-gutentor-m3 alignfull section-gm285e26b gutentor-module gutentor-container-cover has-color-bg has-custom-bg teksti-harmaa\"><div class=\"grid-container\">\n<section id=\"gm7269495\" class=\"wp-block-gutentor-m4 section-gm7269495 gutentor-module gutentor-advanced-columns\"><div class=\"grid-container\"><div class=\"grid-row\">\n<div id=\"col-gmd62ddc\" class=\"wp-block-gutentor-m4-col col-gmd62ddc gutentor-single-column  grid-lg-12 grid-md-12 grid-12\"><div id=\"section-gmd62ddc\" class=\"section-gmd62ddc gutentor-col-wrap\">\n<h3 class=\"wp-block-heading\">We work actively to promote social responsibility<\/h3>\n\n\n\n<div id=\"section-g5f49dc\" class=\"wp-block-gutentor-e0 section-g5f49dc gutentor-element gutentor-element-advanced-text\"><div class=\"gutentor-text-wrap\"><p class=\"gutentor-text\">All our employees complete training against harassment and inappropriate treatment. We regularly update our guidelines and equality and non-discrimination plans to promote equal treatment. Our events follow the principles for a safer space.<br><br>We systematically assess occupational safety risks affecting our operations and actively develop operating models that promote safety in the rescue service sector. We investigate all occupational injuries that occur.<br><br>We support the well-being of our personnel by offering opportunities for physical activity, thus helping our employees and students to maintain their ability to work and promote their well-being. We also support the professional development and training of our personnel.<\/p><\/div><\/div>\n<\/div><\/div>\n<\/div><\/div><\/section>\n<\/div><\/section>\n\n\n\n<section id=\"gm9287071\" class=\"wp-block-gutentor-m3 alignfull section-gm9287071 gutentor-module gutentor-container-cover has-color-bg has-custom-bg section_content_image kuva-ja-teksti\"><div class=\"grid-container\">\n<section id=\"gmbba4e2c\" class=\"wp-block-gutentor-m4 alignfull section-gmbba4e2c gutentor-module gutentor-advanced-columns\"><div class=\"grid-container\"><div class=\"grid-row\">\n<div id=\"col-gmde2121\" class=\"wp-block-gutentor-m4-col col-gmde2121 gutentor-single-column  grid-lg-6 grid-md-6 grid-12 section_image\"><div id=\"section-gmde2121\" class=\"section-gmde2121 gutentor-col-wrap\">\n<div id=\"section-g3ec359\" class=\"wp-block-gutentor-e6 section-g3ec359 gutentor-element gutentor-element-image text-align-center-desktop\"><div class=\"gutentor-element-image-box\"><div class=\"gutentor-bg-image\"><\/div><\/div><\/div>\n<\/div><\/div>\n\n\n\n<div id=\"col-gm97eba8\" class=\"wp-block-gutentor-m4-col col-gm97eba8 gutentor-single-column  grid-lg-6 grid-md-6 grid-12 content_right_side\"><div id=\"section-gm97eba8\" class=\"section-gm97eba8 gutentor-col-wrap\">\n<div id=\"section-gaeb6d9\" class=\"wp-block-gutentor-e1 section-gaeb6d9 gutentor-element gutentor-element-advanced-text\"><div class=\"gutentor-text-wrap\"><h2 class=\"gutentor-text\">Environmental sustainability<\/h2><\/div><\/div>\n\n\n\n<div id=\"section-gff3b3f\" class=\"wp-block-gutentor-e1 section-gff3b3f gutentor-element gutentor-element-advanced-text\"><div class=\"gutentor-text-wrap\"><p class=\"gutentor-text\">In order to provide high-quality rescue service training, it necessary for us to burn things and handle environmentally hazardous substances on our training ground. We do, however, strive to minimise the environmental damage of our operations and continuously develop our activities towards being more environmentally friendly.<\/p><\/div><\/div>\n<\/div><\/div>\n<\/div><\/div><\/section>\n<\/div><\/section>\n\n\n\n<section id=\"gma421987\" class=\"wp-block-gutentor-m3 alignfull section-gma421987 gutentor-module gutentor-container-cover has-color-bg has-custom-bg teksti-valkea\"><div class=\"grid-container\">\n<section id=\"gm999053f\" class=\"wp-block-gutentor-m4 section-gm999053f gutentor-module gutentor-advanced-columns\"><div class=\"grid-container\"><div class=\"grid-row\">\n<div id=\"col-gmf84804\" class=\"wp-block-gutentor-m4-col col-gmf84804 gutentor-single-column  grid-lg-12 grid-md-12 grid-12\"><div id=\"section-gmf84804\" class=\"section-gmf84804 gutentor-col-wrap\">\n<h3 class=\"wp-block-heading\">Training sites and properties<\/h3>\n\n\n\n<div id=\"section-ge96a2e\" class=\"wp-block-gutentor-e0 section-ge96a2e gutentor-element gutentor-element-advanced-text\"><div class=\"gutentor-text-wrap\"><p class=\"gutentor-text\">Environmental legislation, chemicals legislation, and occupational safety legislation set the framework for our operations on the training ground. We closely monitor our consumption and the impact of our activities on the surroundings of the training ground, such as air and water quality. We avoid the introduction of hazardous substances into the environment e.g. by mainly burning clean wood and extinguishing fires with pond water instead of chemicals.<br><br>We regularly conduct energy surveys to promote the energy efficiency of our properties. Since 2007, we have made the heating solutions in our properties more efficient by switching from oil heating to geothermal heating and installing air source heat pumps.<br><br>Our training ground is included in the Senate Properties&#8217; continuous maintenance programme, which monitors energy consumption, indoor air quality and indoor conditions. In addition to real-time monitoring, this enables the rapid intervention in abnormalities and optimisation of the sources of energy consumption in properties through automation systems.<\/p><\/div><\/div>\n\n\n\n<h3 class=\"wp-block-heading\">Heavy equipment and travel<\/h3>\n\n\n\n<p>We aim to reduce the emissions from travel as much as possible. Our employees can work remotely whenever permitted by their job duties, and we favour public transport and car-sharing in our commutes. As a rule, we do not use air travel for commuting less than 500&nbsp;km.<\/p>\n\n\n\n<p>We take environmental friendliness into account when purchasing heavy equipment. We have bought electric or hybrid cars for official use.<\/p>\n<\/div><\/div>\n<\/div><\/div><\/section>\n<\/div><\/section>\n\n\n\n<p><\/p>\n\n\n\n<section id=\"gm301ea1e\" class=\"wp-block-gutentor-m3 alignfull section-gm301ea1e gutentor-module gutentor-container-cover has-color-bg has-custom-bg teksti-harmaa\"><div class=\"grid-container\">\n<section id=\"gmb3b0224\" class=\"wp-block-gutentor-m4 section-gmb3b0224 gutentor-module gutentor-advanced-columns\"><div class=\"grid-container\"><div class=\"grid-row\">\n<div id=\"col-gm5adff9\" class=\"wp-block-gutentor-m4-col col-gm5adff9 gutentor-single-column  grid-lg-12 grid-md-12 grid-12\"><div id=\"section-gm5adff9\" class=\"section-gm5adff9 gutentor-col-wrap\">\n<div id=\"section-gfeb26e\" class=\"wp-block-gutentor-e1 section-gfeb26e gutentor-element gutentor-element-advanced-text\"><div class=\"gutentor-text-wrap\"><h2 class=\"gutentor-text\">Whistleblowing channel<\/h2><\/div><\/div>\n\n\n\n<div id=\"section-g701601\" class=\"wp-block-gutentor-e0 section-g701601 gutentor-element gutentor-element-advanced-text\"><div class=\"gutentor-text-wrap\"><p class=\"gutentor-text\">The Emergency Services Academy is committed to acting responsibly, and all identified risks are addressed as early as possible by taking appropriate measures. Despite our best efforts, some risks or shortcomings may go unnoticed. The Emergency Services Academy encourages you to report any issues you have encountered so that they can be addressed. Having reasonable grounds for suspecting wrongdoing is enough for submitting a report. There is no need to have tangible evidence.&nbsp;<br><br>Current and former employees of the Emergency Services Academy can use the whistleblowing channel to report suspected wrongdoings that they have noticed in their work or in connection with it. Trainees at the Emergency Services Academy can also report their suspicions.<\/p><\/div><\/div>\n<\/div><\/div>\n<\/div><\/div><\/section>\n<\/div><\/section>\n","protected":false},"excerpt":{"rendered":"","protected":false},"author":1,"featured_media":46528,"parent":61171,"menu_order":0,"comment_status":"closed","ping_status":"closed","template":"","meta":{"_acf_changed":false,"_genesis_hide_title":false,"_genesis_hide_breadcrumbs":false,"_genesis_hide_singular_image":false,"_genesis_hide_footer_widgets":false,"_genesis_custom_body_class":"","_genesis_custom_post_class":"","_genesis_layout":"","footnotes":""},"class_list":{"0":"post-61209","1":"page","2":"type-page","3":"status-publish","4":"has-post-thumbnail","6":"entry"},"acf":[],"yoast_head":"<!-- This site is optimized with the Yoast SEO plugin v27.4 - https:\/\/yoast.com\/product\/yoast-seo-wordpress\/ -->\n<title>Responsibility and sustainability - Emergency Services Academy Finland<\/title>\n<meta name=\"description\" content=\"We want to contribute to the building of a sustainable future. That is why it is important for us to act responsibly towards people, the environment, and society.\" \/>\n<meta name=\"robots\" content=\"index, follow, max-snippet:-1, max-image-preview:large, max-video-preview:-1\" \/>\n<link rel=\"canonical\" href=\"https:\/\/www.pelastusopisto.fi\/en\/about-emergency-services-academy-finland\/responsibility\/\" \/>\n<meta property=\"og:locale\" content=\"en_US\" \/>\n<meta property=\"og:type\" content=\"article\" \/>\n<meta property=\"og:title\" content=\"Responsibility and sustainability - Emergency Services Academy Finland\" \/>\n<meta property=\"og:description\" content=\"We want to contribute to the building of a sustainable future. That is why it is important for us to act responsibly towards people, the environment, and society.\" \/>\n<meta property=\"og:url\" content=\"https:\/\/www.pelastusopisto.fi\/en\/about-emergency-services-academy-finland\/responsibility\/\" \/>\n<meta property=\"og:site_name\" content=\"Pelastusopisto\" \/>\n<meta property=\"article:publisher\" content=\"https:\/\/www.facebook.com\/Pelastusopisto\/\" \/>\n<meta property=\"article:modified_time\" content=\"2024-02-23T07:48:15+00:00\" \/>\n<meta property=\"og:image\" content=\"https:\/\/www.pelastusopisto.fi\/wp-content\/uploads\/Hyvinvointi.jpg\" \/>\n\t<meta property=\"og:image:width\" content=\"1200\" \/>\n\t<meta property=\"og:image:height\" content=\"800\" \/>\n\t<meta property=\"og:image:type\" content=\"image\/jpeg\" \/>\n<meta name=\"twitter:card\" content=\"summary_large_image\" \/>\n<meta name=\"twitter:site\" content=\"@Pelastusopisto\" \/>\n<meta name=\"twitter:label1\" content=\"Est. reading time\" \/>\n\t<meta name=\"twitter:data1\" content=\"5 minutes\" \/>\n<script type=\"application\/ld+json\" class=\"yoast-schema-graph\">{\"@context\":\"https:\\\/\\\/schema.org\",\"@graph\":[{\"@type\":\"WebPage\",\"@id\":\"https:\\\/\\\/www.pelastusopisto.fi\\\/en\\\/about-emergency-services-academy-finland\\\/responsibility\\\/\",\"url\":\"https:\\\/\\\/www.pelastusopisto.fi\\\/en\\\/about-emergency-services-academy-finland\\\/responsibility\\\/\",\"name\":\"Responsibility and sustainability - Emergency Services Academy Finland\",\"isPartOf\":{\"@id\":\"https:\\\/\\\/www.pelastusopisto.fi\\\/en\\\/#website\"},\"primaryImageOfPage\":{\"@id\":\"https:\\\/\\\/www.pelastusopisto.fi\\\/en\\\/about-emergency-services-academy-finland\\\/responsibility\\\/#primaryimage\"},\"image\":{\"@id\":\"https:\\\/\\\/www.pelastusopisto.fi\\\/en\\\/about-emergency-services-academy-finland\\\/responsibility\\\/#primaryimage\"},\"thumbnailUrl\":\"https:\\\/\\\/www.pelastusopisto.fi\\\/wp-content\\\/uploads\\\/Hyvinvointi.jpg\",\"datePublished\":\"2022-09-21T10:41:52+00:00\",\"dateModified\":\"2024-02-23T07:48:15+00:00\",\"description\":\"We want to contribute to the building of a sustainable future. That is why it is important for us to act responsibly towards people, the environment, and society.\",\"breadcrumb\":{\"@id\":\"https:\\\/\\\/www.pelastusopisto.fi\\\/en\\\/about-emergency-services-academy-finland\\\/responsibility\\\/#breadcrumb\"},\"inLanguage\":\"en-US\",\"potentialAction\":[{\"@type\":\"ReadAction\",\"target\":[\"https:\\\/\\\/www.pelastusopisto.fi\\\/en\\\/about-emergency-services-academy-finland\\\/responsibility\\\/\"]}]},{\"@type\":\"ImageObject\",\"inLanguage\":\"en-US\",\"@id\":\"https:\\\/\\\/www.pelastusopisto.fi\\\/en\\\/about-emergency-services-academy-finland\\\/responsibility\\\/#primaryimage\",\"url\":\"https:\\\/\\\/www.pelastusopisto.fi\\\/wp-content\\\/uploads\\\/Hyvinvointi.jpg\",\"contentUrl\":\"https:\\\/\\\/www.pelastusopisto.fi\\\/wp-content\\\/uploads\\\/Hyvinvointi.jpg\",\"width\":1200,\"height\":800,\"caption\":\"Etualalla tarkennettuna kukka, taka-alalla ihmisi\u00e4 sy\u00f6m\u00e4ss\u00e4.\"},{\"@type\":\"BreadcrumbList\",\"@id\":\"https:\\\/\\\/www.pelastusopisto.fi\\\/en\\\/about-emergency-services-academy-finland\\\/responsibility\\\/#breadcrumb\",\"itemListElement\":[{\"@type\":\"ListItem\",\"position\":1,\"name\":\"Home\",\"item\":\"https:\\\/\\\/www.pelastusopisto.fi\\\/en\\\/\"},{\"@type\":\"ListItem\",\"position\":2,\"name\":\"About Emergency Services Academy Finland\",\"item\":\"https:\\\/\\\/www.pelastusopisto.fi\\\/en\\\/about-emergency-services-academy-finland\\\/\"},{\"@type\":\"ListItem\",\"position\":3,\"name\":\"Responsibility and sustainability\"}]},{\"@type\":\"WebSite\",\"@id\":\"https:\\\/\\\/www.pelastusopisto.fi\\\/en\\\/#website\",\"url\":\"https:\\\/\\\/www.pelastusopisto.fi\\\/en\\\/\",\"name\":\"Pelastusopisto\",\"description\":\"Pelastusopisto\",\"publisher\":{\"@id\":\"https:\\\/\\\/www.pelastusopisto.fi\\\/en\\\/#organization\"},\"potentialAction\":[{\"@type\":\"SearchAction\",\"target\":{\"@type\":\"EntryPoint\",\"urlTemplate\":\"https:\\\/\\\/www.pelastusopisto.fi\\\/en\\\/?s={search_term_string}\"},\"query-input\":{\"@type\":\"PropertyValueSpecification\",\"valueRequired\":true,\"valueName\":\"search_term_string\"}}],\"inLanguage\":\"en-US\"},{\"@type\":\"Organization\",\"@id\":\"https:\\\/\\\/www.pelastusopisto.fi\\\/en\\\/#organization\",\"name\":\"Pelastusopisto\",\"url\":\"https:\\\/\\\/www.pelastusopisto.fi\\\/en\\\/\",\"logo\":{\"@type\":\"ImageObject\",\"inLanguage\":\"en-US\",\"@id\":\"https:\\\/\\\/www.pelastusopisto.fi\\\/en\\\/#\\\/schema\\\/logo\\\/image\\\/\",\"url\":\"https:\\\/\\\/www.pelastusopisto.fi\\\/wp-content\\\/uploads\\\/pelastusopisto-logo-net.png\",\"contentUrl\":\"https:\\\/\\\/www.pelastusopisto.fi\\\/wp-content\\\/uploads\\\/pelastusopisto-logo-net.png\",\"width\":387,\"height\":71,\"caption\":\"Pelastusopisto\"},\"image\":{\"@id\":\"https:\\\/\\\/www.pelastusopisto.fi\\\/en\\\/#\\\/schema\\\/logo\\\/image\\\/\"},\"sameAs\":[\"https:\\\/\\\/www.facebook.com\\\/Pelastusopisto\\\/\",\"https:\\\/\\\/x.com\\\/Pelastusopisto\",\"https:\\\/\\\/www.instagram.com\\\/pelastusopisto\\\/\",\"https:\\\/\\\/fi.linkedin.com\\\/school\\\/pelastusopisto\\\/\",\"https:\\\/\\\/www.youtube.com\\\/channel\\\/UCQjXYneFsnDYnJtZBfr9Ajg\"]}]}<\/script>\n<!-- \/ Yoast SEO plugin. -->","yoast_head_json":{"title":"Responsibility and sustainability - Emergency Services Academy Finland","description":"We want to contribute to the building of a sustainable future. That is why it is important for us to act responsibly towards people, the environment, and society.","robots":{"index":"index","follow":"follow","max-snippet":"max-snippet:-1","max-image-preview":"max-image-preview:large","max-video-preview":"max-video-preview:-1"},"canonical":"https:\/\/www.pelastusopisto.fi\/en\/about-emergency-services-academy-finland\/responsibility\/","og_locale":"en_US","og_type":"article","og_title":"Responsibility and sustainability - Emergency Services Academy Finland","og_description":"We want to contribute to the building of a sustainable future. That is why it is important for us to act responsibly towards people, the environment, and society.","og_url":"https:\/\/www.pelastusopisto.fi\/en\/about-emergency-services-academy-finland\/responsibility\/","og_site_name":"Pelastusopisto","article_publisher":"https:\/\/www.facebook.com\/Pelastusopisto\/","article_modified_time":"2024-02-23T07:48:15+00:00","og_image":[{"width":1200,"height":800,"url":"https:\/\/www.pelastusopisto.fi\/wp-content\/uploads\/Hyvinvointi.jpg","type":"image\/jpeg"}],"twitter_card":"summary_large_image","twitter_site":"@Pelastusopisto","twitter_misc":{"Est. reading time":"5 minutes"},"schema":{"@context":"https:\/\/schema.org","@graph":[{"@type":"WebPage","@id":"https:\/\/www.pelastusopisto.fi\/en\/about-emergency-services-academy-finland\/responsibility\/","url":"https:\/\/www.pelastusopisto.fi\/en\/about-emergency-services-academy-finland\/responsibility\/","name":"Responsibility and sustainability - Emergency Services Academy Finland","isPartOf":{"@id":"https:\/\/www.pelastusopisto.fi\/en\/#website"},"primaryImageOfPage":{"@id":"https:\/\/www.pelastusopisto.fi\/en\/about-emergency-services-academy-finland\/responsibility\/#primaryimage"},"image":{"@id":"https:\/\/www.pelastusopisto.fi\/en\/about-emergency-services-academy-finland\/responsibility\/#primaryimage"},"thumbnailUrl":"https:\/\/www.pelastusopisto.fi\/wp-content\/uploads\/Hyvinvointi.jpg","datePublished":"2022-09-21T10:41:52+00:00","dateModified":"2024-02-23T07:48:15+00:00","description":"We want to contribute to the building of a sustainable future. That is why it is important for us to act responsibly towards people, the environment, and society.","breadcrumb":{"@id":"https:\/\/www.pelastusopisto.fi\/en\/about-emergency-services-academy-finland\/responsibility\/#breadcrumb"},"inLanguage":"en-US","potentialAction":[{"@type":"ReadAction","target":["https:\/\/www.pelastusopisto.fi\/en\/about-emergency-services-academy-finland\/responsibility\/"]}]},{"@type":"ImageObject","inLanguage":"en-US","@id":"https:\/\/www.pelastusopisto.fi\/en\/about-emergency-services-academy-finland\/responsibility\/#primaryimage","url":"https:\/\/www.pelastusopisto.fi\/wp-content\/uploads\/Hyvinvointi.jpg","contentUrl":"https:\/\/www.pelastusopisto.fi\/wp-content\/uploads\/Hyvinvointi.jpg","width":1200,"height":800,"caption":"Etualalla tarkennettuna kukka, taka-alalla ihmisi\u00e4 sy\u00f6m\u00e4ss\u00e4."},{"@type":"BreadcrumbList","@id":"https:\/\/www.pelastusopisto.fi\/en\/about-emergency-services-academy-finland\/responsibility\/#breadcrumb","itemListElement":[{"@type":"ListItem","position":1,"name":"Home","item":"https:\/\/www.pelastusopisto.fi\/en\/"},{"@type":"ListItem","position":2,"name":"About Emergency Services Academy Finland","item":"https:\/\/www.pelastusopisto.fi\/en\/about-emergency-services-academy-finland\/"},{"@type":"ListItem","position":3,"name":"Responsibility and sustainability"}]},{"@type":"WebSite","@id":"https:\/\/www.pelastusopisto.fi\/en\/#website","url":"https:\/\/www.pelastusopisto.fi\/en\/","name":"Pelastusopisto","description":"Pelastusopisto","publisher":{"@id":"https:\/\/www.pelastusopisto.fi\/en\/#organization"},"potentialAction":[{"@type":"SearchAction","target":{"@type":"EntryPoint","urlTemplate":"https:\/\/www.pelastusopisto.fi\/en\/?s={search_term_string}"},"query-input":{"@type":"PropertyValueSpecification","valueRequired":true,"valueName":"search_term_string"}}],"inLanguage":"en-US"},{"@type":"Organization","@id":"https:\/\/www.pelastusopisto.fi\/en\/#organization","name":"Pelastusopisto","url":"https:\/\/www.pelastusopisto.fi\/en\/","logo":{"@type":"ImageObject","inLanguage":"en-US","@id":"https:\/\/www.pelastusopisto.fi\/en\/#\/schema\/logo\/image\/","url":"https:\/\/www.pelastusopisto.fi\/wp-content\/uploads\/pelastusopisto-logo-net.png","contentUrl":"https:\/\/www.pelastusopisto.fi\/wp-content\/uploads\/pelastusopisto-logo-net.png","width":387,"height":71,"caption":"Pelastusopisto"},"image":{"@id":"https:\/\/www.pelastusopisto.fi\/en\/#\/schema\/logo\/image\/"},"sameAs":["https:\/\/www.facebook.com\/Pelastusopisto\/","https:\/\/x.com\/Pelastusopisto","https:\/\/www.instagram.com\/pelastusopisto\/","https:\/\/fi.linkedin.com\/school\/pelastusopisto\/","https:\/\/www.youtube.com\/channel\/UCQjXYneFsnDYnJtZBfr9Ajg"]}]}},"featured_image_src":"https:\/\/www.pelastusopisto.fi\/wp-content\/uploads\/Hyvinvointi-600x400.jpg","featured_image_src_square":"https:\/\/www.pelastusopisto.fi\/wp-content\/uploads\/Hyvinvointi-600x600.jpg","_links":{"self":[{"href":"https:\/\/www.pelastusopisto.fi\/en\/wp-json\/wp\/v2\/pages\/61209","targetHints":{"allow":["GET"]}}],"collection":[{"href":"https:\/\/www.pelastusopisto.fi\/en\/wp-json\/wp\/v2\/pages"}],"about":[{"href":"https:\/\/www.pelastusopisto.fi\/en\/wp-json\/wp\/v2\/types\/page"}],"author":[{"embeddable":true,"href":"https:\/\/www.pelastusopisto.fi\/en\/wp-json\/wp\/v2\/users\/1"}],"replies":[{"embeddable":true,"href":"https:\/\/www.pelastusopisto.fi\/en\/wp-json\/wp\/v2\/comments?post=61209"}],"version-history":[{"count":4,"href":"https:\/\/www.pelastusopisto.fi\/en\/wp-json\/wp\/v2\/pages\/61209\/revisions"}],"predecessor-version":[{"id":69421,"href":"https:\/\/www.pelastusopisto.fi\/en\/wp-json\/wp\/v2\/pages\/61209\/revisions\/69421"}],"up":[{"embeddable":true,"href":"https:\/\/www.pelastusopisto.fi\/en\/wp-json\/wp\/v2\/pages\/61171"}],"wp:featuredmedia":[{"embeddable":true,"href":"https:\/\/www.pelastusopisto.fi\/en\/wp-json\/wp\/v2\/media\/46528"}],"wp:attachment":[{"href":"https:\/\/www.pelastusopisto.fi\/en\/wp-json\/wp\/v2\/media?parent=61209"}],"curies":[{"name":"wp","href":"https:\/\/api.w.org\/{rel}","templated":true}]}}