{"id":61168,"date":"2022-09-21T13:47:20","date_gmt":"2022-09-21T10:47:20","guid":{"rendered":"https:\/\/www.pelastusopisto.fi\/library-and-information-services\/tilastot-pronto\/"},"modified":"2026-01-23T14:37:45","modified_gmt":"2026-01-23T12:37:45","slug":"statistics-pronto","status":"publish","type":"page","link":"https:\/\/www.pelastusopisto.fi\/en\/library-and-information-services\/statistics-pronto\/","title":{"rendered":"Statistics (Pronto)"},"content":{"rendered":"\n<p><\/p>\n\n\n\n<section id=\"gm712c20b\" class=\"wp-block-gutentor-m3 alignfull section-gm712c20b gutentor-module gutentor-container-cover has-image-bg has-custom-bg g-valign-b-mobile g-valign-b-tablet g-valign-b-desktop inner-banner-section paakuva\"><div class=\"grid-container gutentor-rm-ct-space-d gutentor-rm-ct-space-t gutentor-rm-ct-space\">\n<section id=\"gmb964d89\" class=\"wp-block-gutentor-m4 alignfull section-gmb964d89 gutentor-module gutentor-advanced-columns has-color-bg has-custom-bg headercolumn\"><div class=\"grid-container\"><div class=\"grid-row\">\n<div id=\"col-gm7371b0\" class=\"wp-block-gutentor-m4-col col-gm7371b0 gutentor-single-column  grid-lg-12 grid-md-12 grid-12\"><div id=\"section-gm7371b0\" class=\"section-gm7371b0 gutentor-col-wrap\">\n<div id=\"section-g8a50ea\" class=\"wp-block-gutentor-e1 section-g8a50ea gutentor-element gutentor-element-advanced-text gutentor-adv-text-enabled-width header\"><div class=\"gutentor-text-wrap\"><h1 class=\"gutentor-text\">Statistics (Pronto)<\/h1><\/div><\/div>\n<\/div><\/div>\n<\/div><\/div><\/section>\n<\/div><\/section>\n\n\n\n<section id=\"gm5ee3177\" class=\"wp-block-gutentor-m3 alignfull section-gm5ee3177 gutentor-module gutentor-container-cover\"><div class=\"grid-container\">\n<section id=\"gm07524fc\" class=\"wp-block-gutentor-m4 section-gm07524fc gutentor-module gutentor-advanced-columns\"><div class=\"grid-container\"><div class=\"grid-row\">\n<div id=\"col-gm7fe1f3\" class=\"wp-block-gutentor-m4-col col-gm7fe1f3 gutentor-single-column  grid-lg-12 grid-md-12 grid-12\"><div id=\"section-gm7fe1f3\" class=\"section-gm7fe1f3 gutentor-col-wrap\">\n<div class=\"breadcrumb_section\"><ul id=\"breadcrumbs\" class=\"breadcrumbs\"><li class=\"item-home\"><a class=\"bread-link bread-home\" href=\"https:\/\/www.pelastusopisto.fi\/en\/\"\n                title=\"Home\">Home<\/a><\/li><li class=\"separator separator-home\">  <\/li><\/ul><\/div>\n\n\n\n\n<div id=\"section-gbcc4bb\" class=\"wp-block-gutentor-e0 section-gbcc4bb gutentor-element gutentor-element-advanced-text\"><div class=\"gutentor-text-wrap\"><p class=\"gutentor-text\"><br>Statistics on rescue services are available in the Rescue Services\u2019 Pocket Statistics publication and the Pronto Online Statistics system. Rescue Services\u2019 Pocket Statistics is a compilation of key rescue service sector statistics provided to support management, guidance, and decision-making. Pocket Statistics contains the most frequently needed data on accidents, rescue and assistance tasks, the prevention of accidents at rescue departments, and the finances and personnel of rescue departments.<br><br>Pronto is the rescue services\u2019 resource and accident statistics system developed for monitoring and improving rescue services and investigating accidents. Statistics can be searched for in the system e.g. by date and time, location, service or measure.<\/p><\/div><\/div>\n\n\n\n<div id=\"section-g184375\" class=\"wp-block-gutentor-e2 section-g184375 gutentor-element gutentor-element-button\"><span class=\"gutentor-button-wrap\"><a class=\"gutentor-button gutentor-block-button gutentor-icon-before\" href=\"https:\/\/prontonet.fi\/\" target=\"_blank\" rel=\" noopener noreferrer\"><i class=\"gutentor-button-icon fas fa-chevron-right\"><\/i><span><strong><strong>Go to Pronto<\/strong><\/strong><\/span><\/a><\/span><\/div>\n<\/div><\/div>\n<\/div><\/div><\/section>\n<\/div><\/section>\n\n\n\n<section id=\"gmb352ece\" class=\"wp-block-gutentor-m3 alignfull section-gmb352ece gutentor-module gutentor-container-cover has-color-bg has-custom-bg\"><div class=\"grid-container\">\n<section id=\"gm38f2b44\" class=\"wp-block-gutentor-m4 section-gm38f2b44 gutentor-module gutentor-advanced-columns\"><div class=\"grid-container\"><div class=\"grid-row\">\n<div id=\"col-gmdc435f\" class=\"wp-block-gutentor-m4-col col-gmdc435f gutentor-single-column  grid-lg-12 grid-md-12 grid-12\"><div id=\"section-gmdc435f\" class=\"section-gmdc435f gutentor-col-wrap\">\n<div id=\"section-g80221c\" class=\"wp-block-gutentor-e1 section-g80221c gutentor-element gutentor-element-advanced-text\"><div class=\"gutentor-text-wrap\"><h2 class=\"gutentor-text\">Rescue service statistics<\/h2><\/div><\/div>\n\n\n\n<p>Pre-compiled statistics on rescue services are available in the Rescue Services\u2019 Pocket Statistics publication and the Pronto Online Statistics system. Rescue Services\u2019 Pocket Statistics is a compilation of key rescue service sector statistics provided to support management, guidance, and decision-making. Pocket Statistics contains the most frequently needed data on accidents, rescue and assistance tasks, the prevention of accidents at rescue departments, and the finances and personnel of rescue departments.<\/p>\n\n\n\n<h3 class=\"wp-block-heading\">Rescue Services\u2019 Pocket Statistics<\/h3>\n\n\n\n<div id=\"section-g54369c\" class=\"wp-block-gutentor-e2 section-g54369c gutentor-element gutentor-element-button\"><span class=\"gutentor-button-wrap\"><a class=\"gutentor-button gutentor-block-button gutentor-icon-before\" href=\"https:\/\/info.smedu.fi\/kirjasto\/Sarja_D\/D2_2025.pdf\" target=\"_blank\" rel=\" noopener noreferrer\"><i class=\"gutentor-button-icon fas fa-chevron-right\"><\/i><span><strong><strong>Pelastustoimen taskutilasto 2020-2024 <\/strong><\/strong>(PDF)<\/span><\/a><\/span><\/div>\n\n\n\n<div id=\"section-g568e08\" class=\"wp-block-gutentor-e2 section-g568e08 gutentor-element gutentor-element-button\"><span class=\"gutentor-button-wrap\"><a class=\"gutentor-button gutentor-block-button gutentor-icon-before\" href=\"https:\/\/info.smedu.fi\/kirjasto\/sarja_D\/D1_2026.pdf\" target=\"_blank\" rel=\" noopener noreferrer\"><i class=\"gutentor-button-icon fas fa-chevron-right\"><\/i><span><strong><strong>R\u00e4ddningsv\u00e4sendets fickstatistik <strong><strong><strong><strong>2020-2024<\/strong><\/strong><\/strong><\/strong> <\/strong><\/strong>(PDF)<\/span><\/a><\/span><\/div>\n\n\n\n<div id=\"section-g2a5c7f\" class=\"wp-block-gutentor-e2 section-g2a5c7f gutentor-element gutentor-element-button\"><span class=\"gutentor-button-wrap\"><a class=\"gutentor-button gutentor-block-button gutentor-icon-before\" href=\"http:\/\/info.smedu.fi\/kirjasto\/Sarja_D\/D5_2024.pdf\" target=\"_blank\" rel=\" noopener noreferrer\"><i class=\"gutentor-button-icon fas fa-chevron-right\"><\/i><span><strong><strong>Rescue Services&#8217; Pocket Statistics <strong><strong>2019-2023<\/strong><\/strong><\/strong><\/strong> (PDF)<\/span><\/a><\/span><\/div>\n\n\n\n<h3 class=\"wp-block-heading\">Pronto Online Statistics<\/h3>\n\n\n\n<p>Pronto Online Statistics is a publicly available, automatically updated set of statistics. It includes information on the number of rescue service assignments and response times, among other things.<\/p>\n\n\n\n<div id=\"section-g0d0408\" class=\"wp-block-gutentor-e2 section-g0d0408 gutentor-element gutentor-element-button\"><span class=\"gutentor-button-wrap\"><a class=\"gutentor-button gutentor-block-button gutentor-icon-before\" href=\"https:\/\/prontonet.fi\/Pronto3\/online1\/OnlineTilastot.htm\" target=\"_blank\" rel=\" noopener noreferrer\"><i class=\"gutentor-button-icon fas fa-chevron-right\"><\/i><span><strong>Pronto Online Statistics<\/strong><\/span><\/a><\/span><\/div>\n\n\n\n<h3 class=\"wp-block-heading\">Nordic fire statistics<\/h3>\n\n\n\n<p>There is Nordic cooperation in the compilation of statistics for rescue services. These statistics are available on the Nordic Fire Statistics website.<\/p>\n\n\n\n<div id=\"section-g4e48d3\" class=\"wp-block-gutentor-e2 section-g4e48d3 gutentor-element gutentor-element-button\"><span class=\"gutentor-button-wrap\"><a class=\"gutentor-button gutentor-block-button gutentor-icon-before\" href=\"http:\/\/www.nordicfirestatistics.org\" target=\"_blank\" rel=\" noopener noreferrer\"><i class=\"gutentor-button-icon fas fa-chevron-right\"><\/i><span><strong><strong>Nordic Fire Statistics website<\/strong><\/strong><\/span><\/a><\/span><\/div>\n<\/div><\/div>\n<\/div><\/div><\/section>\n<\/div><\/section>\n\n\n\n<section id=\"gm6c95779\" class=\"wp-block-gutentor-m3 alignfull section-gm6c95779 gutentor-module gutentor-container-cover has-color-bg has-custom-bg teksti-harmaa\"><div class=\"grid-container\">\n<section id=\"gm1b85075\" class=\"wp-block-gutentor-m4 section-gm1b85075 gutentor-module gutentor-advanced-columns\"><div class=\"grid-container\"><div class=\"grid-row\">\n<div id=\"col-gma47501\" class=\"wp-block-gutentor-m4-col col-gma47501 gutentor-single-column  grid-lg-12 grid-md-12 grid-12\"><div id=\"section-gma47501\" class=\"section-gma47501 gutentor-col-wrap\">\n<div id=\"section-g3277fb\" class=\"wp-block-gutentor-e1 section-g3277fb gutentor-element gutentor-element-advanced-text\"><div class=\"gutentor-text-wrap\"><h2 class=\"gutentor-text\">Contact information<\/h2><\/div><\/div>\n\n\n\n<div id=\"section-ge9a452\" class=\"wp-block-gutentor-e0 section-ge9a452 gutentor-element gutentor-element-advanced-text\"><div class=\"gutentor-text-wrap\"><p class=\"gutentor-text\">If you have any questions about rescue service statistics, you can contact the persons in charge<\/p><\/div><\/div>\n\n\n\n<ul class=\"wp-block-list\">\n<li>Heidi Liukkonen, Planner, firstname.lastname@pelastusopisto.fi<\/li>\n\n\n\n<li>Timo Loponen, Planner, firstname.lastname@pelastusopisto.fi<\/li>\n\n\n\n<li>pronto@pelastusopisto.fi<\/li>\n<\/ul>\n<\/div><\/div>\n<\/div><\/div><\/section>\n<\/div><\/section>\n","protected":false},"excerpt":{"rendered":"","protected":false},"author":1,"featured_media":49247,"parent":61164,"menu_order":0,"comment_status":"closed","ping_status":"closed","template":"","meta":{"_acf_changed":false,"_genesis_hide_title":false,"_genesis_hide_breadcrumbs":false,"_genesis_hide_singular_image":false,"_genesis_hide_footer_widgets":false,"_genesis_custom_body_class":"","_genesis_custom_post_class":"","_genesis_layout":"","footnotes":""},"class_list":{"0":"post-61168","1":"page","2":"type-page","3":"status-publish","4":"has-post-thumbnail","6":"entry"},"acf":[],"yoast_head":"<!-- This site is optimized with the Yoast SEO plugin v27.5 - https:\/\/yoast.com\/product\/yoast-seo-wordpress\/ -->\n<title>Statistics (Pronto) - Emergency Services Academy Finland<\/title>\n<meta name=\"description\" content=\"Statistics on rescue services are available in the Rescue Services\u2019 Pocket Statistics publication and the Pronto Online Statistics system. Rescue Services\u2019 Pocket Statistics is a compilation of key rescue service sector statistics provided to support management, guidance, and decision-making.\" \/>\n<meta name=\"robots\" content=\"index, follow, max-snippet:-1, max-image-preview:large, max-video-preview:-1\" \/>\n<link rel=\"canonical\" href=\"https:\/\/www.pelastusopisto.fi\/en\/library-and-information-services\/statistics-pronto\/\" \/>\n<meta property=\"og:locale\" content=\"en_US\" \/>\n<meta property=\"og:type\" content=\"article\" \/>\n<meta property=\"og:title\" content=\"Statistics (Pronto) - Emergency Services Academy Finland\" \/>\n<meta property=\"og:description\" content=\"Statistics on rescue services are available in the Rescue Services\u2019 Pocket Statistics publication and the Pronto Online Statistics system. Rescue Services\u2019 Pocket Statistics is a compilation of key rescue service sector statistics provided to support management, guidance, and decision-making.\" \/>\n<meta property=\"og:url\" content=\"https:\/\/www.pelastusopisto.fi\/en\/library-and-information-services\/statistics-pronto\/\" \/>\n<meta property=\"og:site_name\" content=\"Pelastusopisto\" \/>\n<meta property=\"article:publisher\" content=\"https:\/\/www.facebook.com\/Pelastusopisto\/\" \/>\n<meta property=\"article:modified_time\" content=\"2026-01-23T12:37:45+00:00\" \/>\n<meta property=\"og:image\" content=\"https:\/\/www.pelastusopisto.fi\/wp-content\/uploads\/Tilastot_ylakuva.jpg\" \/>\n\t<meta property=\"og:image:width\" content=\"1800\" \/>\n\t<meta property=\"og:image:height\" content=\"450\" \/>\n\t<meta property=\"og:image:type\" content=\"image\/jpeg\" \/>\n<meta name=\"twitter:card\" content=\"summary_large_image\" \/>\n<meta name=\"twitter:site\" content=\"@Pelastusopisto\" \/>\n<meta name=\"twitter:label1\" content=\"Est. reading time\" \/>\n\t<meta name=\"twitter:data1\" content=\"3 minutes\" \/>\n<script type=\"application\/ld+json\" class=\"yoast-schema-graph\">{\"@context\":\"https:\\\/\\\/schema.org\",\"@graph\":[{\"@type\":\"WebPage\",\"@id\":\"https:\\\/\\\/www.pelastusopisto.fi\\\/en\\\/library-and-information-services\\\/statistics-pronto\\\/\",\"url\":\"https:\\\/\\\/www.pelastusopisto.fi\\\/en\\\/library-and-information-services\\\/statistics-pronto\\\/\",\"name\":\"Statistics (Pronto) - Emergency Services Academy Finland\",\"isPartOf\":{\"@id\":\"https:\\\/\\\/www.pelastusopisto.fi\\\/en\\\/#website\"},\"primaryImageOfPage\":{\"@id\":\"https:\\\/\\\/www.pelastusopisto.fi\\\/en\\\/library-and-information-services\\\/statistics-pronto\\\/#primaryimage\"},\"image\":{\"@id\":\"https:\\\/\\\/www.pelastusopisto.fi\\\/en\\\/library-and-information-services\\\/statistics-pronto\\\/#primaryimage\"},\"thumbnailUrl\":\"https:\\\/\\\/www.pelastusopisto.fi\\\/wp-content\\\/uploads\\\/Tilastot_ylakuva.jpg\",\"datePublished\":\"2022-09-21T10:47:20+00:00\",\"dateModified\":\"2026-01-23T12:37:45+00:00\",\"description\":\"Statistics on rescue services are available in the Rescue Services\u2019 Pocket Statistics publication and the Pronto Online Statistics system. Rescue Services\u2019 Pocket Statistics is a compilation of key rescue service sector statistics provided to support management, guidance, and decision-making.\",\"breadcrumb\":{\"@id\":\"https:\\\/\\\/www.pelastusopisto.fi\\\/en\\\/library-and-information-services\\\/statistics-pronto\\\/#breadcrumb\"},\"inLanguage\":\"en-US\",\"potentialAction\":[{\"@type\":\"ReadAction\",\"target\":[\"https:\\\/\\\/www.pelastusopisto.fi\\\/en\\\/library-and-information-services\\\/statistics-pronto\\\/\"]}]},{\"@type\":\"ImageObject\",\"inLanguage\":\"en-US\",\"@id\":\"https:\\\/\\\/www.pelastusopisto.fi\\\/en\\\/library-and-information-services\\\/statistics-pronto\\\/#primaryimage\",\"url\":\"https:\\\/\\\/www.pelastusopisto.fi\\\/wp-content\\\/uploads\\\/Tilastot_ylakuva.jpg\",\"contentUrl\":\"https:\\\/\\\/www.pelastusopisto.fi\\\/wp-content\\\/uploads\\\/Tilastot_ylakuva.jpg\",\"width\":1800,\"height\":450,\"caption\":\"Kuva tietokoneen ruudusta, jossa v\u00e4rik\u00e4s pylv\u00e4sdiagrammi.\"},{\"@type\":\"BreadcrumbList\",\"@id\":\"https:\\\/\\\/www.pelastusopisto.fi\\\/en\\\/library-and-information-services\\\/statistics-pronto\\\/#breadcrumb\",\"itemListElement\":[{\"@type\":\"ListItem\",\"position\":1,\"name\":\"Home\",\"item\":\"https:\\\/\\\/www.pelastusopisto.fi\\\/en\\\/\"},{\"@type\":\"ListItem\",\"position\":2,\"name\":\"Library and information services\",\"item\":\"https:\\\/\\\/www.pelastusopisto.fi\\\/en\\\/library-and-information-services\\\/\"},{\"@type\":\"ListItem\",\"position\":3,\"name\":\"Statistics (Pronto)\"}]},{\"@type\":\"WebSite\",\"@id\":\"https:\\\/\\\/www.pelastusopisto.fi\\\/en\\\/#website\",\"url\":\"https:\\\/\\\/www.pelastusopisto.fi\\\/en\\\/\",\"name\":\"Pelastusopisto\",\"description\":\"Pelastusopisto\",\"publisher\":{\"@id\":\"https:\\\/\\\/www.pelastusopisto.fi\\\/en\\\/#organization\"},\"potentialAction\":[{\"@type\":\"SearchAction\",\"target\":{\"@type\":\"EntryPoint\",\"urlTemplate\":\"https:\\\/\\\/www.pelastusopisto.fi\\\/en\\\/?s={search_term_string}\"},\"query-input\":{\"@type\":\"PropertyValueSpecification\",\"valueRequired\":true,\"valueName\":\"search_term_string\"}}],\"inLanguage\":\"en-US\"},{\"@type\":\"Organization\",\"@id\":\"https:\\\/\\\/www.pelastusopisto.fi\\\/en\\\/#organization\",\"name\":\"Pelastusopisto\",\"url\":\"https:\\\/\\\/www.pelastusopisto.fi\\\/en\\\/\",\"logo\":{\"@type\":\"ImageObject\",\"inLanguage\":\"en-US\",\"@id\":\"https:\\\/\\\/www.pelastusopisto.fi\\\/en\\\/#\\\/schema\\\/logo\\\/image\\\/\",\"url\":\"https:\\\/\\\/www.pelastusopisto.fi\\\/wp-content\\\/uploads\\\/pelastusopisto-logo-net.png\",\"contentUrl\":\"https:\\\/\\\/www.pelastusopisto.fi\\\/wp-content\\\/uploads\\\/pelastusopisto-logo-net.png\",\"width\":387,\"height\":71,\"caption\":\"Pelastusopisto\"},\"image\":{\"@id\":\"https:\\\/\\\/www.pelastusopisto.fi\\\/en\\\/#\\\/schema\\\/logo\\\/image\\\/\"},\"sameAs\":[\"https:\\\/\\\/www.facebook.com\\\/Pelastusopisto\\\/\",\"https:\\\/\\\/x.com\\\/Pelastusopisto\",\"https:\\\/\\\/www.instagram.com\\\/pelastusopisto\\\/\",\"https:\\\/\\\/fi.linkedin.com\\\/school\\\/pelastusopisto\\\/\",\"https:\\\/\\\/www.youtube.com\\\/channel\\\/UCQjXYneFsnDYnJtZBfr9Ajg\"]}]}<\/script>\n<!-- \/ Yoast SEO plugin. -->","yoast_head_json":{"title":"Statistics (Pronto) - Emergency Services Academy Finland","description":"Statistics on rescue services are available in the Rescue Services\u2019 Pocket Statistics publication and the Pronto Online Statistics system. Rescue Services\u2019 Pocket Statistics is a compilation of key rescue service sector statistics provided to support management, guidance, and decision-making.","robots":{"index":"index","follow":"follow","max-snippet":"max-snippet:-1","max-image-preview":"max-image-preview:large","max-video-preview":"max-video-preview:-1"},"canonical":"https:\/\/www.pelastusopisto.fi\/en\/library-and-information-services\/statistics-pronto\/","og_locale":"en_US","og_type":"article","og_title":"Statistics (Pronto) - Emergency Services Academy Finland","og_description":"Statistics on rescue services are available in the Rescue Services\u2019 Pocket Statistics publication and the Pronto Online Statistics system. Rescue Services\u2019 Pocket Statistics is a compilation of key rescue service sector statistics provided to support management, guidance, and decision-making.","og_url":"https:\/\/www.pelastusopisto.fi\/en\/library-and-information-services\/statistics-pronto\/","og_site_name":"Pelastusopisto","article_publisher":"https:\/\/www.facebook.com\/Pelastusopisto\/","article_modified_time":"2026-01-23T12:37:45+00:00","og_image":[{"width":1800,"height":450,"url":"https:\/\/www.pelastusopisto.fi\/wp-content\/uploads\/Tilastot_ylakuva.jpg","type":"image\/jpeg"}],"twitter_card":"summary_large_image","twitter_site":"@Pelastusopisto","twitter_misc":{"Est. reading time":"3 minutes"},"schema":{"@context":"https:\/\/schema.org","@graph":[{"@type":"WebPage","@id":"https:\/\/www.pelastusopisto.fi\/en\/library-and-information-services\/statistics-pronto\/","url":"https:\/\/www.pelastusopisto.fi\/en\/library-and-information-services\/statistics-pronto\/","name":"Statistics (Pronto) - Emergency Services Academy Finland","isPartOf":{"@id":"https:\/\/www.pelastusopisto.fi\/en\/#website"},"primaryImageOfPage":{"@id":"https:\/\/www.pelastusopisto.fi\/en\/library-and-information-services\/statistics-pronto\/#primaryimage"},"image":{"@id":"https:\/\/www.pelastusopisto.fi\/en\/library-and-information-services\/statistics-pronto\/#primaryimage"},"thumbnailUrl":"https:\/\/www.pelastusopisto.fi\/wp-content\/uploads\/Tilastot_ylakuva.jpg","datePublished":"2022-09-21T10:47:20+00:00","dateModified":"2026-01-23T12:37:45+00:00","description":"Statistics on rescue services are available in the Rescue Services\u2019 Pocket Statistics publication and the Pronto Online Statistics system. Rescue Services\u2019 Pocket Statistics is a compilation of key rescue service sector statistics provided to support management, guidance, and decision-making.","breadcrumb":{"@id":"https:\/\/www.pelastusopisto.fi\/en\/library-and-information-services\/statistics-pronto\/#breadcrumb"},"inLanguage":"en-US","potentialAction":[{"@type":"ReadAction","target":["https:\/\/www.pelastusopisto.fi\/en\/library-and-information-services\/statistics-pronto\/"]}]},{"@type":"ImageObject","inLanguage":"en-US","@id":"https:\/\/www.pelastusopisto.fi\/en\/library-and-information-services\/statistics-pronto\/#primaryimage","url":"https:\/\/www.pelastusopisto.fi\/wp-content\/uploads\/Tilastot_ylakuva.jpg","contentUrl":"https:\/\/www.pelastusopisto.fi\/wp-content\/uploads\/Tilastot_ylakuva.jpg","width":1800,"height":450,"caption":"Kuva tietokoneen ruudusta, jossa v\u00e4rik\u00e4s pylv\u00e4sdiagrammi."},{"@type":"BreadcrumbList","@id":"https:\/\/www.pelastusopisto.fi\/en\/library-and-information-services\/statistics-pronto\/#breadcrumb","itemListElement":[{"@type":"ListItem","position":1,"name":"Home","item":"https:\/\/www.pelastusopisto.fi\/en\/"},{"@type":"ListItem","position":2,"name":"Library and information services","item":"https:\/\/www.pelastusopisto.fi\/en\/library-and-information-services\/"},{"@type":"ListItem","position":3,"name":"Statistics (Pronto)"}]},{"@type":"WebSite","@id":"https:\/\/www.pelastusopisto.fi\/en\/#website","url":"https:\/\/www.pelastusopisto.fi\/en\/","name":"Pelastusopisto","description":"Pelastusopisto","publisher":{"@id":"https:\/\/www.pelastusopisto.fi\/en\/#organization"},"potentialAction":[{"@type":"SearchAction","target":{"@type":"EntryPoint","urlTemplate":"https:\/\/www.pelastusopisto.fi\/en\/?s={search_term_string}"},"query-input":{"@type":"PropertyValueSpecification","valueRequired":true,"valueName":"search_term_string"}}],"inLanguage":"en-US"},{"@type":"Organization","@id":"https:\/\/www.pelastusopisto.fi\/en\/#organization","name":"Pelastusopisto","url":"https:\/\/www.pelastusopisto.fi\/en\/","logo":{"@type":"ImageObject","inLanguage":"en-US","@id":"https:\/\/www.pelastusopisto.fi\/en\/#\/schema\/logo\/image\/","url":"https:\/\/www.pelastusopisto.fi\/wp-content\/uploads\/pelastusopisto-logo-net.png","contentUrl":"https:\/\/www.pelastusopisto.fi\/wp-content\/uploads\/pelastusopisto-logo-net.png","width":387,"height":71,"caption":"Pelastusopisto"},"image":{"@id":"https:\/\/www.pelastusopisto.fi\/en\/#\/schema\/logo\/image\/"},"sameAs":["https:\/\/www.facebook.com\/Pelastusopisto\/","https:\/\/x.com\/Pelastusopisto","https:\/\/www.instagram.com\/pelastusopisto\/","https:\/\/fi.linkedin.com\/school\/pelastusopisto\/","https:\/\/www.youtube.com\/channel\/UCQjXYneFsnDYnJtZBfr9Ajg"]}]}},"featured_image_src":"https:\/\/www.pelastusopisto.fi\/wp-content\/uploads\/Tilastot_ylakuva-600x400.jpg","featured_image_src_square":"https:\/\/www.pelastusopisto.fi\/wp-content\/uploads\/Tilastot_ylakuva-600x450.jpg","_links":{"self":[{"href":"https:\/\/www.pelastusopisto.fi\/en\/wp-json\/wp\/v2\/pages\/61168","targetHints":{"allow":["GET"]}}],"collection":[{"href":"https:\/\/www.pelastusopisto.fi\/en\/wp-json\/wp\/v2\/pages"}],"about":[{"href":"https:\/\/www.pelastusopisto.fi\/en\/wp-json\/wp\/v2\/types\/page"}],"author":[{"embeddable":true,"href":"https:\/\/www.pelastusopisto.fi\/en\/wp-json\/wp\/v2\/users\/1"}],"replies":[{"embeddable":true,"href":"https:\/\/www.pelastusopisto.fi\/en\/wp-json\/wp\/v2\/comments?post=61168"}],"version-history":[{"count":6,"href":"https:\/\/www.pelastusopisto.fi\/en\/wp-json\/wp\/v2\/pages\/61168\/revisions"}],"predecessor-version":[{"id":82813,"href":"https:\/\/www.pelastusopisto.fi\/en\/wp-json\/wp\/v2\/pages\/61168\/revisions\/82813"}],"up":[{"embeddable":true,"href":"https:\/\/www.pelastusopisto.fi\/en\/wp-json\/wp\/v2\/pages\/61164"}],"wp:featuredmedia":[{"embeddable":true,"href":"https:\/\/www.pelastusopisto.fi\/en\/wp-json\/wp\/v2\/media\/49247"}],"wp:attachment":[{"href":"https:\/\/www.pelastusopisto.fi\/en\/wp-json\/wp\/v2\/media?parent=61168"}],"curies":[{"name":"wp","href":"https:\/\/api.w.org\/{rel}","templated":true}]}}