{"id":237,"date":"2022-09-21T13:41:28","date_gmt":"2022-09-21T10:41:28","guid":{"rendered":"http:\/\/pelastusopisto.iwn.co\/?page_id=237\/"},"modified":"2025-05-09T16:14:11","modified_gmt":"2025-05-09T13:14:11","slug":"ravintola-tulikukko","status":"publish","type":"page","link":"https:\/\/www.pelastusopisto.fi\/tietoa-pelastusopistosta\/ravintola-tulikukko\/","title":{"rendered":"Ravintola Tulikukko"},"content":{"rendered":"\n<p><\/p>\n\n\n\n<section id=\"gm5a3db13\" class=\"wp-block-gutentor-m3 alignfull section-gm5a3db13 gutentor-module gutentor-container-cover has-image-bg has-custom-bg g-valign-b-mobile g-valign-b-tablet g-valign-b-desktop inner-banner-section paakuva\"><div class=\"grid-container gutentor-rm-ct-space-d gutentor-rm-ct-space-t gutentor-rm-ct-space\">\n<section id=\"gm2fed2f8\" class=\"wp-block-gutentor-m4 alignfull section-gm2fed2f8 gutentor-module gutentor-advanced-columns has-color-bg has-custom-bg headercolumn\"><div class=\"grid-container\"><div class=\"grid-row\">\n<div id=\"col-gm0a1ca7\" class=\"wp-block-gutentor-m4-col col-gm0a1ca7 gutentor-single-column  grid-lg-12 grid-md-12 grid-12\"><div id=\"section-gm0a1ca7\" class=\"section-gm0a1ca7 gutentor-col-wrap\">\n<div id=\"section-g844bd8\" class=\"wp-block-gutentor-e1 section-g844bd8 gutentor-element gutentor-element-advanced-text gutentor-adv-text-enabled-width header\"><div class=\"gutentor-text-wrap\"><h1 class=\"gutentor-text\">Ravintola Tulikukko<\/h1><\/div><\/div>\n<\/div><\/div>\n<\/div><\/div><\/section>\n<\/div><\/section>\n\n\n\n<section id=\"gm65c8b2d\" class=\"wp-block-gutentor-m3 alignfull section-gm65c8b2d gutentor-module gutentor-container-cover\"><div class=\"grid-container\">\n<div style=\"height:0px\" aria-hidden=\"true\" class=\"wp-block-spacer\"><\/div>\n\n\n\n<section id=\"gm8c46dbc\" class=\"wp-block-gutentor-m4 section-gm8c46dbc gutentor-module gutentor-advanced-columns\"><div class=\"grid-container\"><div class=\"grid-row\">\n<div id=\"col-gm1f22a4\" class=\"wp-block-gutentor-m4-col col-gm1f22a4 gutentor-single-column  grid-lg-12 grid-md-12 grid-12\"><div id=\"section-gm1f22a4\" class=\"section-gm1f22a4 gutentor-col-wrap\">\n<div class=\"breadcrumb_section\"><ul id=\"breadcrumbs\" class=\"breadcrumbs\"><li class=\"item-home\"><a class=\"bread-link bread-home\" href=\"https:\/\/www.pelastusopisto.fi\/en\/\"\n                title=\"Home\">Home<\/a><\/li><li class=\"separator separator-home\">  <\/li><\/ul><\/div>\n\n\n\n\n<div id=\"section-g7c8f1c\" class=\"wp-block-gutentor-e0 section-g7c8f1c gutentor-element gutentor-element-advanced-text\"><div class=\"gutentor-text-wrap\"><p class=\"gutentor-text\">Ravintola Tulikukko sijaitsee Kuopiossa Pelastusopiston kampuksella, A-rakennuksen aulassa. Palvelemme Pelastusopiston opiskelijoita, t\u00e4ydennyskoulutukseen osallistujia, henkil\u00f6kuntaa sek\u00e4 Pelastusopiston vieraita.<\/p><\/div><\/div>\n<\/div><\/div>\n<\/div><\/div><\/section>\n<\/div><\/section>\n\n\n\n<section id=\"gm7ac2e5d\" class=\"wp-block-gutentor-m3 alignfull section-gm7ac2e5d gutentor-module gutentor-container-cover has-color-bg has-custom-bg\"><div class=\"grid-container\">\n<section id=\"gm7c12f8e\" class=\"wp-block-gutentor-m4 section-gm7c12f8e gutentor-module gutentor-advanced-columns\"><div class=\"grid-container\"><div class=\"grid-row\">\n<div id=\"col-gm3edca2\" class=\"wp-block-gutentor-m4-col col-gm3edca2 gutentor-single-column  grid-lg-12 grid-md-12 grid-12\"><div id=\"section-gm3edca2\" class=\"section-gm3edca2 gutentor-col-wrap\">\n<div id=\"section-g354ded\" class=\"wp-block-gutentor-e1 section-g354ded gutentor-element gutentor-element-advanced-text\"><div class=\"gutentor-text-wrap\"><h3 class=\"gutentor-text\">Ravintola on avoinna:<\/h3><\/div><\/div>\n\n\n\n<div id=\"section-g4df09c\" class=\"wp-block-gutentor-e7 section-g4df09c gutentor-element gutentor-element-list\"><ul class=\"grid-row gutentor-grid-item-wrap list-style-circle\"><li class=\"gutentor-list-item grid-lg-12 grid-md-12 grid-12\"><span class=\"gutentor-single-item gutentor-single-item-0\"><span class=\"gutentor-list-item-wrap g-s-list-wrap\"><span class=\"gutentor-list-item\"><p class=\"gutentor-single-item-title\">maanantaisin klo 7\u201317.30<\/p><\/span><\/span><\/span><\/li><li class=\"gutentor-list-item grid-lg-12 grid-md-12 grid-12\"><span class=\"gutentor-single-item gutentor-single-item-1\"><span class=\"gutentor-list-item-wrap g-s-list-wrap\"><span class=\"gutentor-list-item\"><p class=\"gutentor-single-item-title\">tiistaista torstaihin klo 7\u201317<\/p><\/span><\/span><\/span><\/li><li class=\"gutentor-list-item grid-lg-12 grid-md-12 grid-12\"><span class=\"gutentor-single-item gutentor-single-item-2\"><span class=\"gutentor-list-item-wrap g-s-list-wrap\"><span class=\"gutentor-list-item\"><p class=\"gutentor-single-item-title\">perjantaisin klo 7\u201314.30<\/p><\/span><\/span><\/span><\/li><\/ul><\/div>\n\n\n\n<div id=\"section-g1771cf\" class=\"wp-block-gutentor-e2 section-g1771cf gutentor-element gutentor-element-button\"><span class=\"gutentor-button-wrap\"><a class=\"gutentor-button gutentor-block-button gutentor-icon-before\" href=\"https:\/\/www.compass-group.fi\/ravintolat-ja-ruokalistat\/foodco\/kaupungit\/kuopio\/tulikukko\/\" target=\"_blank\" rel=\" noopener noreferrer\"><i class=\"gutentor-button-icon fas fa-chevron-right\"><\/i><span><strong><strong>Katso Tulikukon ruokalista (compass-group.fi)<\/strong><\/strong><\/span><\/a><\/span><\/div>\n<\/div><\/div>\n<\/div><\/div><\/section>\n<\/div><\/section>\n\n\n\n<section id=\"gma1e213b\" class=\"wp-block-gutentor-m3 alignfull section-gma1e213b gutentor-module gutentor-container-cover has-color-bg has-custom-bg\"><div class=\"grid-container\">\n<section id=\"gmce22835\" class=\"wp-block-gutentor-m4 section-gmce22835 gutentor-module gutentor-advanced-columns\"><div class=\"grid-container\"><div class=\"grid-row\">\n<div id=\"col-gm477b67\" class=\"wp-block-gutentor-m4-col col-gm477b67 gutentor-single-column  grid-lg-12 grid-md-12 grid-12\"><div id=\"section-gm477b67\" class=\"section-gm477b67 gutentor-col-wrap\">\n<div id=\"section-gb41a82\" class=\"wp-block-gutentor-e1 section-gb41a82 gutentor-element gutentor-element-advanced-text\"><div class=\"gutentor-text-wrap\"><h2 class=\"gutentor-text\">Kattaukset<\/h2><\/div><\/div>\n\n\n\n<div id=\"section-g32a851\" class=\"wp-block-gutentor-e0 section-g32a851 gutentor-element gutentor-element-advanced-text\"><div class=\"gutentor-text-wrap\"><h4 class=\"gutentor-text\"><strong>Aamiainen<\/strong><\/h4><\/div><\/div>\n\n\n\n<div id=\"section-g076a67\" class=\"wp-block-gutentor-e1 section-g076a67 gutentor-element gutentor-element-advanced-text\"><div class=\"gutentor-text-wrap\"><p class=\"gutentor-text\">Aloita p\u00e4iv\u00e4si terveellisell\u00e4 ja ravitsevalla aamiaisella Tulikukossa.<\/p><\/div><\/div>\n\n\n\n<div id=\"section-g0250db\" class=\"wp-block-gutentor-e1 section-g0250db gutentor-element gutentor-element-advanced-text\"><div class=\"gutentor-text-wrap\"><h4 class=\"gutentor-text\"><strong>Lounas<\/strong><\/h4><\/div><\/div>\n\n\n\n<div id=\"section-gb28c1a\" class=\"wp-block-gutentor-e1 section-gb28c1a gutentor-element gutentor-element-advanced-text\"><div class=\"gutentor-text-wrap\"><p class=\"gutentor-text\">Tarjoamme p\u00e4ivitt\u00e4in nelj\u00e4 herkullista lounasruokavaihtoehtoa. Aterian t\u00e4ydent\u00e4v\u00e4t raikas salaattip\u00f6yt\u00e4 ja runsas leip\u00e4p\u00f6yt\u00e4. Voit nauttia meill\u00e4 my\u00f6s p\u00e4iv\u00e4llist\u00e4. Pid\u00e4 huolta itsest\u00e4si \u2013 tule meille nauttimaan terveellinen ja maittava ateria.<\/p><\/div><\/div>\n\n\n\n<div id=\"section-gda17ff\" class=\"wp-block-gutentor-e1 section-gda17ff gutentor-element gutentor-element-advanced-text\"><div class=\"gutentor-text-wrap\"><h4 class=\"gutentor-text\"><strong><strong>Poikkea kahville<\/strong><\/strong><\/h4><\/div><\/div>\n\n\n\n<div id=\"section-g5e62dc\" class=\"wp-block-gutentor-e1 section-g5e62dc gutentor-element gutentor-element-advanced-text\"><div class=\"gutentor-text-wrap\"><p class=\"gutentor-text\">Voit viett\u00e4\u00e4 ravintolassamme my\u00f6s virkist\u00e4v\u00e4n kahvitauon makean tai suolaisen kahvileiv\u00e4n kera. Tarjolla on my\u00f6s v\u00e4lipalatuotteita pikkun\u00e4lk\u00e4\u00e4n, esimerkiksi voileipi\u00e4, s\u00e4mpyl\u00f6it\u00e4, jogurttia ja hedelmi\u00e4. Meilt\u00e4 l\u00f6yd\u00e4t my\u00f6s virvoitusjuomia, j\u00e4\u00e4tel\u00f6\u00e4 ja makeisia.<\/p><\/div><\/div>\n\n\n\n<div id=\"section-g7ab636\" class=\"wp-block-gutentor-e1 section-g7ab636 gutentor-element gutentor-element-advanced-text\"><div class=\"gutentor-text-wrap\"><h4 class=\"gutentor-text\"><strong>Take away<\/strong><\/h4><\/div><\/div>\n\n\n\n<div id=\"section-g10b7bc\" class=\"wp-block-gutentor-e1 section-g10b7bc gutentor-element gutentor-element-advanced-text\"><div class=\"gutentor-text-wrap\"><p class=\"gutentor-text\">Meilt\u00e4 voit ostaa p\u00e4ivitt\u00e4in lounasruokaa ja vastapaistettua leip\u00e4\u00e4 my\u00f6s mukaan. Herkkutori- ja teemap\u00e4ivin\u00e4 on tarjolla monenlaisia makeita ja suolaisia leivonnaisia viikonlopun virkistykseksi ja juhlistamiseksi.<br><br>Tilauksesta teemme ruokia sek\u00e4 suolaisia ja makeita leivonnaisia tarjottavaksi ty\u00f6paikallasi tai kotiin viet\u00e4v\u00e4ksi. Meilt\u00e4 voit tilata herkut my\u00f6s kodin juhliin.<\/p><\/div><\/div>\n<\/div><\/div>\n<\/div><\/div><\/section>\n<\/div><\/section>\n\n\n\n<section id=\"gm8f96a13\" class=\"wp-block-gutentor-m3 alignfull section-gm8f96a13 gutentor-module gutentor-container-cover has-color-bg has-custom-bg section_content_image teksti-ja-kuva\"><div class=\"grid-container\">\n<section id=\"gm6f8459d\" class=\"wp-block-gutentor-m4 alignfull section-gm6f8459d gutentor-module gutentor-advanced-columns\"><div class=\"grid-container\"><div class=\"grid-row\">\n<div id=\"col-gmb38bf8\" class=\"wp-block-gutentor-m4-col col-gmb38bf8 gutentor-single-column  grid-lg-6 grid-md-6 grid-12 content_left_side\"><div id=\"section-gmb38bf8\" class=\"section-gmb38bf8 gutentor-col-wrap\">\n<div id=\"section-g1481ae\" class=\"wp-block-gutentor-e1 section-g1481ae gutentor-element gutentor-element-advanced-text\"><div class=\"gutentor-text-wrap\"><h2 class=\"gutentor-text\">Tarjoiluajat<\/h2><\/div><\/div>\n\n\n\n<div id=\"section-g5e865d\" class=\"wp-block-gutentor-e1 section-g5e865d gutentor-element gutentor-element-advanced-text\"><div class=\"gutentor-text-wrap\"><p class=\"gutentor-text\"><strong>Aamupala<\/strong><br>Ma klo 7\u20139<br>Ti\u2013pe klo 7\u20138.30<br><br><strong>Lounas<\/strong><br>Ma\u2013pe klo 11\u201313<br><br><strong>P\u00e4iv\u00e4llinen<\/strong><br>Ma klo 15.30\u201317.30<br>Ti\u2013to klo 15.30\u201317<br>Pe klo 14.30\u201316.30 (tarvittaessa)<\/p><\/div><\/div>\n<\/div><\/div>\n\n\n\n<div id=\"col-gmfd9b44\" class=\"wp-block-gutentor-m4-col col-gmfd9b44 gutentor-single-column  grid-lg-6 grid-md-6 grid-12 section_image\"><div id=\"section-gmfd9b44\" class=\"section-gmfd9b44 gutentor-col-wrap\">\n<div id=\"section-g3dc76b\" class=\"wp-block-gutentor-e6 section-g3dc76b gutentor-element gutentor-element-image\"><div class=\"gutentor-element-image-box\"><div class=\"gutentor-bg-image\"><\/div><\/div><\/div>\n<\/div><\/div>\n<\/div><\/div><\/section>\n<\/div><\/section>\n\n\n\n<section id=\"gm4b48602\" class=\"wp-block-gutentor-m3 alignfull section-gm4b48602 gutentor-module gutentor-container-cover has-color-bg has-custom-bg\"><div class=\"grid-container\">\n<section id=\"gm779711f\" class=\"wp-block-gutentor-m4 section-gm779711f gutentor-module gutentor-advanced-columns\"><div class=\"grid-container\"><div class=\"grid-row\">\n<div id=\"col-gm0772cc\" class=\"wp-block-gutentor-m4-col col-gm0772cc gutentor-single-column  grid-lg-12 grid-md-12 grid-12\"><div id=\"section-gm0772cc\" class=\"section-gm0772cc gutentor-col-wrap\">\n<div id=\"section-ga1708e\" class=\"wp-block-gutentor-e1 section-ga1708e gutentor-element gutentor-element-advanced-text\"><div class=\"gutentor-text-wrap\"><h2 class=\"gutentor-text\">Tervetuloa palveltavaksemme!<\/h2><\/div><\/div>\n\n\n\n<div id=\"section-g5231d9\" class=\"wp-block-gutentor-e1 section-g5231d9 gutentor-element gutentor-element-advanced-text\"><div class=\"gutentor-text-wrap\"><p class=\"gutentor-text\"><strong>Ravintola Tulikukko<\/strong><br>Pelastusopisto<br>Hulkontie 83<br>70820 Kuopio<br><br>tulikukko@compass-group.fi<br>puh. 040 6721 774<br><br>Compass Group Finland Oy&nbsp;<\/p><\/div><\/div>\n<\/div><\/div>\n<\/div><\/div><\/section>\n<\/div><\/section>\n\n\n\n<p><\/p>\n","protected":false},"excerpt":{"rendered":"","protected":false},"author":1,"featured_media":32515,"parent":29064,"menu_order":0,"comment_status":"closed","ping_status":"closed","template":"","meta":{"_acf_changed":false,"_genesis_hide_title":false,"_genesis_hide_breadcrumbs":false,"_genesis_hide_singular_image":false,"_genesis_hide_footer_widgets":false,"_genesis_custom_body_class":"","_genesis_custom_post_class":"","_genesis_layout":"","footnotes":""},"class_list":{"0":"post-237","1":"page","2":"type-page","3":"status-publish","4":"has-post-thumbnail","6":"entry"},"acf":[],"yoast_head":"<!-- This site is optimized with the Yoast SEO plugin v27.4 - https:\/\/yoast.com\/product\/yoast-seo-wordpress\/ -->\n<title>Ravintola Tulikukko - Pelastusopisto<\/title>\n<meta name=\"description\" content=\"Ravintola Tulikukko sijaitsee Kuopiossa Pelastusopiston kampuksella, A-rakennuksen aulassa. Palvelemme Pelastusopiston opiskelijoita, t\u00e4ydennyskoulutukseen osallistujia, henkil\u00f6kuntaa sek\u00e4 Pelastusopiston vieraita.\" \/>\n<meta name=\"robots\" content=\"index, follow, max-snippet:-1, max-image-preview:large, max-video-preview:-1\" \/>\n<link rel=\"canonical\" href=\"https:\/\/www.pelastusopisto.fi\/en\/tietoa-pelastusopistosta\/ravintola-tulikukko\/\" \/>\n<meta property=\"og:locale\" content=\"en_US\" \/>\n<meta property=\"og:type\" content=\"article\" \/>\n<meta property=\"og:title\" content=\"Ravintola Tulikukko - Pelastusopisto\" \/>\n<meta property=\"og:description\" content=\"Ravintola Tulikukko sijaitsee Kuopiossa Pelastusopiston kampuksella, A-rakennuksen aulassa. Palvelemme Pelastusopiston opiskelijoita, t\u00e4ydennyskoulutukseen osallistujia, henkil\u00f6kuntaa sek\u00e4 Pelastusopiston vieraita.\" \/>\n<meta property=\"og:url\" content=\"https:\/\/www.pelastusopisto.fi\/tietoa-pelastusopistosta\/ravintola-tulikukko\/\" \/>\n<meta property=\"og:site_name\" content=\"Pelastusopisto\" \/>\n<meta property=\"article:publisher\" content=\"https:\/\/www.facebook.com\/Pelastusopisto\/\" \/>\n<meta property=\"article:modified_time\" content=\"2025-05-09T13:14:11+00:00\" \/>\n<meta property=\"og:image\" content=\"https:\/\/www.pelastusopisto.fi\/wp-content\/uploads\/MG_9068-scaled.jpg\" \/>\n\t<meta property=\"og:image:width\" content=\"2560\" \/>\n\t<meta property=\"og:image:height\" content=\"1662\" \/>\n\t<meta property=\"og:image:type\" content=\"image\/jpeg\" \/>\n<meta name=\"twitter:card\" content=\"summary_large_image\" \/>\n<meta name=\"twitter:site\" content=\"@Pelastusopisto\" \/>\n<meta name=\"twitter:label1\" content=\"Est. reading time\" \/>\n\t<meta name=\"twitter:data1\" content=\"2 minutes\" \/>\n<script type=\"application\/ld+json\" class=\"yoast-schema-graph\">{\"@context\":\"https:\\\/\\\/schema.org\",\"@graph\":[{\"@type\":\"WebPage\",\"@id\":\"https:\\\/\\\/www.pelastusopisto.fi\\\/tietoa-pelastusopistosta\\\/ravintola-tulikukko\\\/\",\"url\":\"https:\\\/\\\/www.pelastusopisto.fi\\\/tietoa-pelastusopistosta\\\/ravintola-tulikukko\\\/\",\"name\":\"Ravintola Tulikukko - Pelastusopisto\",\"isPartOf\":{\"@id\":\"https:\\\/\\\/www.pelastusopisto.fi\\\/en\\\/#website\"},\"primaryImageOfPage\":{\"@id\":\"https:\\\/\\\/www.pelastusopisto.fi\\\/tietoa-pelastusopistosta\\\/ravintola-tulikukko\\\/#primaryimage\"},\"image\":{\"@id\":\"https:\\\/\\\/www.pelastusopisto.fi\\\/tietoa-pelastusopistosta\\\/ravintola-tulikukko\\\/#primaryimage\"},\"thumbnailUrl\":\"https:\\\/\\\/www.pelastusopisto.fi\\\/wp-content\\\/uploads\\\/MG_9068-scaled.jpg\",\"datePublished\":\"2022-09-21T10:41:28+00:00\",\"dateModified\":\"2025-05-09T13:14:11+00:00\",\"description\":\"Ravintola Tulikukko sijaitsee Kuopiossa Pelastusopiston kampuksella, A-rakennuksen aulassa. Palvelemme Pelastusopiston opiskelijoita, t\u00e4ydennyskoulutukseen osallistujia, henkil\u00f6kuntaa sek\u00e4 Pelastusopiston vieraita.\",\"breadcrumb\":{\"@id\":\"https:\\\/\\\/www.pelastusopisto.fi\\\/tietoa-pelastusopistosta\\\/ravintola-tulikukko\\\/#breadcrumb\"},\"inLanguage\":\"en-US\",\"potentialAction\":[{\"@type\":\"ReadAction\",\"target\":[\"https:\\\/\\\/www.pelastusopisto.fi\\\/tietoa-pelastusopistosta\\\/ravintola-tulikukko\\\/\"]}]},{\"@type\":\"ImageObject\",\"inLanguage\":\"en-US\",\"@id\":\"https:\\\/\\\/www.pelastusopisto.fi\\\/tietoa-pelastusopistosta\\\/ravintola-tulikukko\\\/#primaryimage\",\"url\":\"https:\\\/\\\/www.pelastusopisto.fi\\\/wp-content\\\/uploads\\\/MG_9068-scaled.jpg\",\"contentUrl\":\"https:\\\/\\\/www.pelastusopisto.fi\\\/wp-content\\\/uploads\\\/MG_9068-scaled.jpg\",\"width\":2560,\"height\":1662,\"caption\":\"Leipi\u00e4 esill\u00e4 ruokailulinjastossa.\"},{\"@type\":\"BreadcrumbList\",\"@id\":\"https:\\\/\\\/www.pelastusopisto.fi\\\/tietoa-pelastusopistosta\\\/ravintola-tulikukko\\\/#breadcrumb\",\"itemListElement\":[{\"@type\":\"ListItem\",\"position\":1,\"name\":\"Home\",\"item\":\"https:\\\/\\\/www.pelastusopisto.fi\\\/en\\\/\"},{\"@type\":\"ListItem\",\"position\":2,\"name\":\"Tietoa Pelastusopistosta\",\"item\":\"https:\\\/\\\/www.pelastusopisto.fi\\\/en\\\/tietoa-pelastusopistosta\\\/\"},{\"@type\":\"ListItem\",\"position\":3,\"name\":\"Ravintola Tulikukko\"}]},{\"@type\":\"WebSite\",\"@id\":\"https:\\\/\\\/www.pelastusopisto.fi\\\/en\\\/#website\",\"url\":\"https:\\\/\\\/www.pelastusopisto.fi\\\/en\\\/\",\"name\":\"Pelastusopisto\",\"description\":\"Pelastusopisto\",\"publisher\":{\"@id\":\"https:\\\/\\\/www.pelastusopisto.fi\\\/en\\\/#organization\"},\"potentialAction\":[{\"@type\":\"SearchAction\",\"target\":{\"@type\":\"EntryPoint\",\"urlTemplate\":\"https:\\\/\\\/www.pelastusopisto.fi\\\/en\\\/?s={search_term_string}\"},\"query-input\":{\"@type\":\"PropertyValueSpecification\",\"valueRequired\":true,\"valueName\":\"search_term_string\"}}],\"inLanguage\":\"en-US\"},{\"@type\":\"Organization\",\"@id\":\"https:\\\/\\\/www.pelastusopisto.fi\\\/en\\\/#organization\",\"name\":\"Pelastusopisto\",\"url\":\"https:\\\/\\\/www.pelastusopisto.fi\\\/en\\\/\",\"logo\":{\"@type\":\"ImageObject\",\"inLanguage\":\"en-US\",\"@id\":\"https:\\\/\\\/www.pelastusopisto.fi\\\/en\\\/#\\\/schema\\\/logo\\\/image\\\/\",\"url\":\"https:\\\/\\\/www.pelastusopisto.fi\\\/wp-content\\\/uploads\\\/pelastusopisto-logo-net.png\",\"contentUrl\":\"https:\\\/\\\/www.pelastusopisto.fi\\\/wp-content\\\/uploads\\\/pelastusopisto-logo-net.png\",\"width\":387,\"height\":71,\"caption\":\"Pelastusopisto\"},\"image\":{\"@id\":\"https:\\\/\\\/www.pelastusopisto.fi\\\/en\\\/#\\\/schema\\\/logo\\\/image\\\/\"},\"sameAs\":[\"https:\\\/\\\/www.facebook.com\\\/Pelastusopisto\\\/\",\"https:\\\/\\\/x.com\\\/Pelastusopisto\",\"https:\\\/\\\/www.instagram.com\\\/pelastusopisto\\\/\",\"https:\\\/\\\/fi.linkedin.com\\\/school\\\/pelastusopisto\\\/\",\"https:\\\/\\\/www.youtube.com\\\/channel\\\/UCQjXYneFsnDYnJtZBfr9Ajg\"]}]}<\/script>\n<!-- \/ Yoast SEO plugin. -->","yoast_head_json":{"title":"Ravintola Tulikukko - Pelastusopisto","description":"Ravintola Tulikukko sijaitsee Kuopiossa Pelastusopiston kampuksella, A-rakennuksen aulassa. Palvelemme Pelastusopiston opiskelijoita, t\u00e4ydennyskoulutukseen osallistujia, henkil\u00f6kuntaa sek\u00e4 Pelastusopiston vieraita.","robots":{"index":"index","follow":"follow","max-snippet":"max-snippet:-1","max-image-preview":"max-image-preview:large","max-video-preview":"max-video-preview:-1"},"canonical":"https:\/\/www.pelastusopisto.fi\/en\/tietoa-pelastusopistosta\/ravintola-tulikukko\/","og_locale":"en_US","og_type":"article","og_title":"Ravintola Tulikukko - Pelastusopisto","og_description":"Ravintola Tulikukko sijaitsee Kuopiossa Pelastusopiston kampuksella, A-rakennuksen aulassa. Palvelemme Pelastusopiston opiskelijoita, t\u00e4ydennyskoulutukseen osallistujia, henkil\u00f6kuntaa sek\u00e4 Pelastusopiston vieraita.","og_url":"https:\/\/www.pelastusopisto.fi\/tietoa-pelastusopistosta\/ravintola-tulikukko\/","og_site_name":"Pelastusopisto","article_publisher":"https:\/\/www.facebook.com\/Pelastusopisto\/","article_modified_time":"2025-05-09T13:14:11+00:00","og_image":[{"width":2560,"height":1662,"url":"https:\/\/www.pelastusopisto.fi\/wp-content\/uploads\/MG_9068-scaled.jpg","type":"image\/jpeg"}],"twitter_card":"summary_large_image","twitter_site":"@Pelastusopisto","twitter_misc":{"Est. reading time":"2 minutes"},"schema":{"@context":"https:\/\/schema.org","@graph":[{"@type":"WebPage","@id":"https:\/\/www.pelastusopisto.fi\/tietoa-pelastusopistosta\/ravintola-tulikukko\/","url":"https:\/\/www.pelastusopisto.fi\/tietoa-pelastusopistosta\/ravintola-tulikukko\/","name":"Ravintola Tulikukko - Pelastusopisto","isPartOf":{"@id":"https:\/\/www.pelastusopisto.fi\/en\/#website"},"primaryImageOfPage":{"@id":"https:\/\/www.pelastusopisto.fi\/tietoa-pelastusopistosta\/ravintola-tulikukko\/#primaryimage"},"image":{"@id":"https:\/\/www.pelastusopisto.fi\/tietoa-pelastusopistosta\/ravintola-tulikukko\/#primaryimage"},"thumbnailUrl":"https:\/\/www.pelastusopisto.fi\/wp-content\/uploads\/MG_9068-scaled.jpg","datePublished":"2022-09-21T10:41:28+00:00","dateModified":"2025-05-09T13:14:11+00:00","description":"Ravintola Tulikukko sijaitsee Kuopiossa Pelastusopiston kampuksella, A-rakennuksen aulassa. Palvelemme Pelastusopiston opiskelijoita, t\u00e4ydennyskoulutukseen osallistujia, henkil\u00f6kuntaa sek\u00e4 Pelastusopiston vieraita.","breadcrumb":{"@id":"https:\/\/www.pelastusopisto.fi\/tietoa-pelastusopistosta\/ravintola-tulikukko\/#breadcrumb"},"inLanguage":"en-US","potentialAction":[{"@type":"ReadAction","target":["https:\/\/www.pelastusopisto.fi\/tietoa-pelastusopistosta\/ravintola-tulikukko\/"]}]},{"@type":"ImageObject","inLanguage":"en-US","@id":"https:\/\/www.pelastusopisto.fi\/tietoa-pelastusopistosta\/ravintola-tulikukko\/#primaryimage","url":"https:\/\/www.pelastusopisto.fi\/wp-content\/uploads\/MG_9068-scaled.jpg","contentUrl":"https:\/\/www.pelastusopisto.fi\/wp-content\/uploads\/MG_9068-scaled.jpg","width":2560,"height":1662,"caption":"Leipi\u00e4 esill\u00e4 ruokailulinjastossa."},{"@type":"BreadcrumbList","@id":"https:\/\/www.pelastusopisto.fi\/tietoa-pelastusopistosta\/ravintola-tulikukko\/#breadcrumb","itemListElement":[{"@type":"ListItem","position":1,"name":"Home","item":"https:\/\/www.pelastusopisto.fi\/en\/"},{"@type":"ListItem","position":2,"name":"Tietoa Pelastusopistosta","item":"https:\/\/www.pelastusopisto.fi\/en\/tietoa-pelastusopistosta\/"},{"@type":"ListItem","position":3,"name":"Ravintola Tulikukko"}]},{"@type":"WebSite","@id":"https:\/\/www.pelastusopisto.fi\/en\/#website","url":"https:\/\/www.pelastusopisto.fi\/en\/","name":"Pelastusopisto","description":"Pelastusopisto","publisher":{"@id":"https:\/\/www.pelastusopisto.fi\/en\/#organization"},"potentialAction":[{"@type":"SearchAction","target":{"@type":"EntryPoint","urlTemplate":"https:\/\/www.pelastusopisto.fi\/en\/?s={search_term_string}"},"query-input":{"@type":"PropertyValueSpecification","valueRequired":true,"valueName":"search_term_string"}}],"inLanguage":"en-US"},{"@type":"Organization","@id":"https:\/\/www.pelastusopisto.fi\/en\/#organization","name":"Pelastusopisto","url":"https:\/\/www.pelastusopisto.fi\/en\/","logo":{"@type":"ImageObject","inLanguage":"en-US","@id":"https:\/\/www.pelastusopisto.fi\/en\/#\/schema\/logo\/image\/","url":"https:\/\/www.pelastusopisto.fi\/wp-content\/uploads\/pelastusopisto-logo-net.png","contentUrl":"https:\/\/www.pelastusopisto.fi\/wp-content\/uploads\/pelastusopisto-logo-net.png","width":387,"height":71,"caption":"Pelastusopisto"},"image":{"@id":"https:\/\/www.pelastusopisto.fi\/en\/#\/schema\/logo\/image\/"},"sameAs":["https:\/\/www.facebook.com\/Pelastusopisto\/","https:\/\/x.com\/Pelastusopisto","https:\/\/www.instagram.com\/pelastusopisto\/","https:\/\/fi.linkedin.com\/school\/pelastusopisto\/","https:\/\/www.youtube.com\/channel\/UCQjXYneFsnDYnJtZBfr9Ajg"]}]}},"featured_image_src":"https:\/\/www.pelastusopisto.fi\/wp-content\/uploads\/MG_9068-600x400.jpg","featured_image_src_square":"https:\/\/www.pelastusopisto.fi\/wp-content\/uploads\/MG_9068-600x600.jpg","_links":{"self":[{"href":"https:\/\/www.pelastusopisto.fi\/en\/wp-json\/wp\/v2\/pages\/237","targetHints":{"allow":["GET"]}}],"collection":[{"href":"https:\/\/www.pelastusopisto.fi\/en\/wp-json\/wp\/v2\/pages"}],"about":[{"href":"https:\/\/www.pelastusopisto.fi\/en\/wp-json\/wp\/v2\/types\/page"}],"author":[{"embeddable":true,"href":"https:\/\/www.pelastusopisto.fi\/en\/wp-json\/wp\/v2\/users\/1"}],"replies":[{"embeddable":true,"href":"https:\/\/www.pelastusopisto.fi\/en\/wp-json\/wp\/v2\/comments?post=237"}],"version-history":[{"count":27,"href":"https:\/\/www.pelastusopisto.fi\/en\/wp-json\/wp\/v2\/pages\/237\/revisions"}],"predecessor-version":[{"id":77877,"href":"https:\/\/www.pelastusopisto.fi\/en\/wp-json\/wp\/v2\/pages\/237\/revisions\/77877"}],"up":[{"embeddable":true,"href":"https:\/\/www.pelastusopisto.fi\/en\/wp-json\/wp\/v2\/pages\/29064"}],"wp:featuredmedia":[{"embeddable":true,"href":"https:\/\/www.pelastusopisto.fi\/en\/wp-json\/wp\/v2\/media\/32515"}],"wp:attachment":[{"href":"https:\/\/www.pelastusopisto.fi\/en\/wp-json\/wp\/v2\/media?parent=237"}],"curies":[{"name":"wp","href":"https:\/\/api.w.org\/{rel}","templated":true}]}}